{"id":6583,"date":"2021-01-23T17:41:06","date_gmt":"2021-01-23T16:41:06","guid":{"rendered":"http:\/\/agora.xtec.cat\/ceip-lespalmeres\/?page_id=6583"},"modified":"2023-10-30T19:06:00","modified_gmt":"2023-10-30T18:06:00","slug":"hora-del-conte","status":"publish","type":"page","link":"https:\/\/agora.xtec.cat\/ceip-lespalmeres\/hora-del-conte\/","title":{"rendered":"Treball de les lleng\u00fces"},"content":{"rendered":"<p>&nbsp;<\/p>\n<div class=\"row\">\n<div class=\"columns small-12 large-2\"><img decoding=\"async\" src=\"https:\/\/img.icons8.com\/color\/120\/000000\/expired.png\" \/><\/div>\n<div class=\"columns small-12 large-10\">\n<h2>L&#8217;hora del conte<\/h2>\n<p>L\u2019explicaci\u00f3 d\u2019un conte ens permet gaudir plegats mentre compartim una bona hist\u00f2ria i ens ajuda a despertar l\u2019inter\u00e8s per la lectura i el foment de l\u2019h\u00e0bit.<\/p>\n<p>Per\u00f2 tamb\u00e9 valorem el conte com un recurs que ens permet afavorir altres aprenentatges i l\u2019adquisici\u00f3 d\u2019habilitats b\u00e0siques per a un bon desenvolupament.<\/p>\n<p>Considerem el conte com una font indiscutible d\u2019aprenentatge de la llengua, que afavoreix el desenvolupament de la comunicaci\u00f3 oral, l\u2019adquisici\u00f3 de vocabulari nou i que es converteix en un bon recurs d\u2019acc\u00e9s al codi escrit.<\/p>\n<p>Per\u00f2 a m\u00e9s a m\u00e9s, el conte alimenta la imaginaci\u00f3 i la fantasia dels infants i afavoreix la gesti\u00f3 de les seves emocions.<br \/>\nEls permet descobrir i comprendre el m\u00f3n que els envolta i la possibilitat d\u2019identificar-se amb una gran varietat de personatges.<\/p>\n<div style=\"text-align: right;\"><\/div>\n<\/div>\n<\/div>\n<p><span style=\"font-weight: 400;\">L\u2019explicaci\u00f3 d\u2019un conte ens permet gaudir plegats mentre compartim una bona hist\u00f2ria i ens ajuda a despertar l\u2019inter\u00e8s per la lectura i el foment de l\u2019h\u00e0bit.\u00a0<\/span><\/p>\n<p><span style=\"font-weight: 400;\">Per\u00f2 tamb\u00e9 valorem el conte com un recurs que ens permet afavorir altres aprenentatges i l\u2019adquisici\u00f3 d\u2019habilitats b\u00e0siques per a un bon desenvolupament.\u00a0<\/span><\/p>\n<p><span style=\"font-weight: 400;\">Considerem el conte com una font indiscutible d\u2019aprenentatge de la llengua, que afavoreix el desenvolupament de la comunicaci\u00f3 oral, l\u2019adquisici\u00f3 de vocabulari nou i que es converteix en un bon recurs d\u2019acc\u00e9s al codi escrit.<\/span><\/p>\n<p><span style=\"font-weight: 400;\">Per\u00f2 a m\u00e9s a m\u00e9s, el conte alimenta la imaginaci\u00f3 i la fantasia dels infants i afavoreix la gesti\u00f3 de les seves emocions. Els permet descobrir i comprendre el m\u00f3n que els envolta i la possibilitat d\u2019identificar-se amb una gran varietat de personatges.<\/span><\/p>\n","protected":false},"excerpt":{"rendered":"<p>&nbsp; L&#8217;hora del conte L\u2019explicaci\u00f3 d\u2019un conte ens permet gaudir plegats mentre compartim una bona hist\u00f2ria i ens ajuda a despertar l\u2019inter\u00e8s per la lectura i el foment de l\u2019h\u00e0bit. Per\u00f2 tamb\u00e9 valorem el conte com un recurs que ens permet afavorir altres aprenentatges i l\u2019adquisici\u00f3 d\u2019habilitats b\u00e0siques per a un bon desenvolupament. Considerem el [&hellip;]<\/p>\n","protected":false},"author":1,"featured_media":0,"parent":0,"menu_order":0,"comment_status":"closed","ping_status":"closed","template":"","meta":{"_bbp_topic_count":0,"_bbp_reply_count":0,"_bbp_total_topic_count":0,"_bbp_total_reply_count":0,"_bbp_voice_count":0,"_bbp_anonymous_reply_count":0,"_bbp_topic_count_hidden":0,"_bbp_reply_count_hidden":0,"_bbp_forum_subforum_count":0,"site-sidebar-layout":"default","site-content-layout":"","ast-site-content-layout":"","site-content-style":"default","site-sidebar-style":"default","ast-global-header-display":"","ast-banner-title-visibility":"","ast-main-header-display":"","ast-hfb-above-header-display":"","ast-hfb-below-header-display":"","ast-hfb-mobile-header-display":"","site-post-title":"","ast-breadcrumbs-content":"","ast-featured-img":"","footer-sml-layout":"","theme-transparent-header-meta":"","adv-header-id-meta":"","stick-header-meta":"","header-above-stick-meta":"","header-main-stick-meta":"","header-below-stick-meta":"","astra-migrate-meta-layouts":"default","ast-page-background-enabled":"default","ast-page-background-meta":{"desktop":{"background-color":"var(--ast-global-color-4)","background-image":"","background-repeat":"repeat","background-position":"center center","background-size":"auto","background-attachment":"scroll","background-type":"","background-media":"","overlay-type":"","overlay-color":"","overlay-opacity":"","overlay-gradient":""},"tablet":{"background-color":"","background-image":"","background-repeat":"repeat","background-position":"center center","background-size":"auto","background-attachment":"scroll","background-type":"","background-media":"","overlay-type":"","overlay-color":"","overlay-opacity":"","overlay-gradient":""},"mobile":{"background-color":"","background-image":"","background-repeat":"repeat","background-position":"center center","background-size":"auto","background-attachment":"scroll","background-type":"","background-media":"","overlay-type":"","overlay-color":"","overlay-opacity":"","overlay-gradient":""}},"ast-content-background-meta":{"desktop":{"background-color":"var(--ast-global-color-5)","background-image":"","background-repeat":"repeat","background-position":"center center","background-size":"auto","background-attachment":"scroll","background-type":"","background-media":"","overlay-type":"","overlay-color":"","overlay-opacity":"","overlay-gradient":""},"tablet":{"background-color":"var(--ast-global-color-5)","background-image":"","background-repeat":"repeat","background-position":"center center","background-size":"auto","background-attachment":"scroll","background-type":"","background-media":"","overlay-type":"","overlay-color":"","overlay-opacity":"","overlay-gradient":""},"mobile":{"background-color":"var(--ast-global-color-5)","background-image":"","background-repeat":"repeat","background-position":"center center","background-size":"auto","background-attachment":"scroll","background-type":"","background-media":"","overlay-type":"","overlay-color":"","overlay-opacity":"","overlay-gradient":""}},"footnotes":""},"class_list":["post-6583","page","type-page","status-publish","hentry"],"post_mailing_queue_ids":[],"_links":{"self":[{"href":"https:\/\/agora.xtec.cat\/ceip-lespalmeres\/wp-json\/wp\/v2\/pages\/6583","targetHints":{"allow":["GET"]}}],"collection":[{"href":"https:\/\/agora.xtec.cat\/ceip-lespalmeres\/wp-json\/wp\/v2\/pages"}],"about":[{"href":"https:\/\/agora.xtec.cat\/ceip-lespalmeres\/wp-json\/wp\/v2\/types\/page"}],"author":[{"embeddable":true,"href":"https:\/\/agora.xtec.cat\/ceip-lespalmeres\/wp-json\/wp\/v2\/users\/1"}],"replies":[{"embeddable":true,"href":"https:\/\/agora.xtec.cat\/ceip-lespalmeres\/wp-json\/wp\/v2\/comments?post=6583"}],"version-history":[{"count":3,"href":"https:\/\/agora.xtec.cat\/ceip-lespalmeres\/wp-json\/wp\/v2\/pages\/6583\/revisions"}],"predecessor-version":[{"id":7910,"href":"https:\/\/agora.xtec.cat\/ceip-lespalmeres\/wp-json\/wp\/v2\/pages\/6583\/revisions\/7910"}],"wp:attachment":[{"href":"https:\/\/agora.xtec.cat\/ceip-lespalmeres\/wp-json\/wp\/v2\/media?parent=6583"}],"curies":[{"name":"wp","href":"https:\/\/api.w.org\/{rel}","templated":true}]}}