{"id":6554,"date":"2021-01-23T16:46:28","date_gmt":"2021-01-23T15:46:28","guid":{"rendered":"http:\/\/agora.xtec.cat\/ceip-lespalmeres\/?page_id=6554"},"modified":"2022-02-01T17:25:45","modified_gmt":"2022-02-01T16:25:45","slug":"vida-daula","status":"publish","type":"page","link":"https:\/\/agora.xtec.cat\/ceip-lespalmeres\/vida-daula\/","title":{"rendered":"Vida d&#8217;aula"},"content":{"rendered":"<h5><span style=\"font-weight: 400;\">\u00c9s l\u2019eix vertebrador del nostre dia a dia\u00a0<\/span><\/h5>\n<div class=\"row\" style=\"margin-bottom: 1em !important;\">\n<div class=\"small-12 large-4 text-center columns\"><img loading=\"lazy\" decoding=\"async\" class=\"aligncenter size-full wp-image-7301\" src=\"https:\/\/agora.xtec.cat\/ceip-lespalmeres\/wp-content\/uploads\/usu1432\/2022\/02\/20210222_115703-min.jpg\" alt=\"\" width=\"1616\" height=\"2161\" srcset=\"https:\/\/agora.xtec.cat\/ceip-lespalmeres\/wp-content\/uploads\/usu1432\/2022\/02\/20210222_115703-min.jpg 1616w, https:\/\/agora.xtec.cat\/ceip-lespalmeres\/wp-content\/uploads\/usu1432\/2022\/02\/20210222_115703-min-224x300.jpg 224w, https:\/\/agora.xtec.cat\/ceip-lespalmeres\/wp-content\/uploads\/usu1432\/2022\/02\/20210222_115703-min-766x1024.jpg 766w, https:\/\/agora.xtec.cat\/ceip-lespalmeres\/wp-content\/uploads\/usu1432\/2022\/02\/20210222_115703-min-768x1027.jpg 768w, https:\/\/agora.xtec.cat\/ceip-lespalmeres\/wp-content\/uploads\/usu1432\/2022\/02\/20210222_115703-min-1149x1536.jpg 1149w, https:\/\/agora.xtec.cat\/ceip-lespalmeres\/wp-content\/uploads\/usu1432\/2022\/02\/20210222_115703-min-1531x2048.jpg 1531w\" sizes=\"auto, (max-width: 1616px) 100vw, 1616px\" \/><\/p>\n<h3><span style=\"font-weight: 400;\">Tot all\u00f2 que passa i es viu al grup classe<\/span><\/h3>\n<p style=\"margin-bottom: 0.2em; text-align: left;\"><span style=\"font-weight: 400;\">Des de les converses di\u00e0ries en els moments de trobada, les descobertes que sorgeixen de les curiositats dels infants, les activitats que ens ajuden a trobar resposta a alguna inquietud<\/span><\/p>\n<\/div>\n<div class=\"small-12 large-4 text-center columns\"><img loading=\"lazy\" decoding=\"async\" class=\"aligncenter size-full wp-image-7302\" src=\"https:\/\/agora.xtec.cat\/ceip-lespalmeres\/wp-content\/uploads\/usu1432\/2022\/02\/20210225_105356-min.jpg\" alt=\"\" width=\"1424\" height=\"1919\" srcset=\"https:\/\/agora.xtec.cat\/ceip-lespalmeres\/wp-content\/uploads\/usu1432\/2022\/02\/20210225_105356-min.jpg 1424w, https:\/\/agora.xtec.cat\/ceip-lespalmeres\/wp-content\/uploads\/usu1432\/2022\/02\/20210225_105356-min-223x300.jpg 223w, https:\/\/agora.xtec.cat\/ceip-lespalmeres\/wp-content\/uploads\/usu1432\/2022\/02\/20210225_105356-min-760x1024.jpg 760w, https:\/\/agora.xtec.cat\/ceip-lespalmeres\/wp-content\/uploads\/usu1432\/2022\/02\/20210225_105356-min-768x1035.jpg 768w, https:\/\/agora.xtec.cat\/ceip-lespalmeres\/wp-content\/uploads\/usu1432\/2022\/02\/20210225_105356-min-1140x1536.jpg 1140w\" sizes=\"auto, (max-width: 1424px) 100vw, 1424px\" \/><\/p>\n<h3><\/h3>\n<p>&nbsp;<\/p>\n<p style=\"margin-bottom: 0.2em; text-align: left;\"><span style=\"font-weight: 400;\">per\u00f2 tamb\u00e9 de les experi\u00e8ncies que arriben des de l\u2019exterior a l\u2019aula: una not\u00edcia, un fet important viscut a casa per un nen, un objecte valu\u00f3s per ell que porta a l\u2019aula,&#8230;<\/span><\/p>\n<\/div>\n<div class=\"small-12 large-4 text-center columns\"><img loading=\"lazy\" decoding=\"async\" class=\"aligncenter size-full wp-image-7303\" src=\"https:\/\/agora.xtec.cat\/ceip-lespalmeres\/wp-content\/uploads\/usu1432\/2022\/02\/20210224_120215-min.jpg\" alt=\"\" width=\"1536\" height=\"2057\" srcset=\"https:\/\/agora.xtec.cat\/ceip-lespalmeres\/wp-content\/uploads\/usu1432\/2022\/02\/20210224_120215-min.jpg 1536w, https:\/\/agora.xtec.cat\/ceip-lespalmeres\/wp-content\/uploads\/usu1432\/2022\/02\/20210224_120215-min-224x300.jpg 224w, https:\/\/agora.xtec.cat\/ceip-lespalmeres\/wp-content\/uploads\/usu1432\/2022\/02\/20210224_120215-min-765x1024.jpg 765w, https:\/\/agora.xtec.cat\/ceip-lespalmeres\/wp-content\/uploads\/usu1432\/2022\/02\/20210224_120215-min-768x1029.jpg 768w, https:\/\/agora.xtec.cat\/ceip-lespalmeres\/wp-content\/uploads\/usu1432\/2022\/02\/20210224_120215-min-1147x1536.jpg 1147w, https:\/\/agora.xtec.cat\/ceip-lespalmeres\/wp-content\/uploads\/usu1432\/2022\/02\/20210224_120215-min-1529x2048.jpg 1529w\" sizes=\"auto, (max-width: 1536px) 100vw, 1536px\" \/><\/p>\n<h3><\/h3>\n<p>&nbsp;<\/p>\n<p style=\"margin-bottom: 0.2em;\"><span style=\"font-weight: 400;\">en definitiva, tot all\u00f2 que <\/span><b>conformar\u00e0 la nostra hist\u00f2ria i identitat com a grup<\/b><span style=\"font-weight: 400;\">.<\/span><\/p>\n<\/div>\n<\/div>\n<div class=\"row\" style=\"margin-bottom: 1em !important;\">\n<div class=\"small-12 large-4 text-center columns\"><img loading=\"lazy\" decoding=\"async\" class=\"aligncenter size-full wp-image-7304\" src=\"https:\/\/agora.xtec.cat\/ceip-lespalmeres\/wp-content\/uploads\/usu1432\/2022\/02\/20210120_152019-1-min-scaled.jpg\" alt=\"\" width=\"1920\" height=\"2560\" srcset=\"https:\/\/agora.xtec.cat\/ceip-lespalmeres\/wp-content\/uploads\/usu1432\/2022\/02\/20210120_152019-1-min-scaled.jpg 1920w, https:\/\/agora.xtec.cat\/ceip-lespalmeres\/wp-content\/uploads\/usu1432\/2022\/02\/20210120_152019-1-min-225x300.jpg 225w, https:\/\/agora.xtec.cat\/ceip-lespalmeres\/wp-content\/uploads\/usu1432\/2022\/02\/20210120_152019-1-min-768x1024.jpg 768w, https:\/\/agora.xtec.cat\/ceip-lespalmeres\/wp-content\/uploads\/usu1432\/2022\/02\/20210120_152019-1-min-1152x1536.jpg 1152w, https:\/\/agora.xtec.cat\/ceip-lespalmeres\/wp-content\/uploads\/usu1432\/2022\/02\/20210120_152019-1-min-1536x2048.jpg 1536w\" sizes=\"auto, (max-width: 1920px) 100vw, 1920px\" \/>&nbsp;<\/p>\n<\/div>\n<div class=\"small-12 large-4 text-center columns\"><img loading=\"lazy\" decoding=\"async\" class=\"aligncenter size-full wp-image-7306\" src=\"https:\/\/agora.xtec.cat\/ceip-lespalmeres\/wp-content\/uploads\/usu1432\/2022\/02\/20210217_155214-1-min.jpg\" alt=\"\" width=\"1632\" height=\"2196\" srcset=\"https:\/\/agora.xtec.cat\/ceip-lespalmeres\/wp-content\/uploads\/usu1432\/2022\/02\/20210217_155214-1-min.jpg 1632w, https:\/\/agora.xtec.cat\/ceip-lespalmeres\/wp-content\/uploads\/usu1432\/2022\/02\/20210217_155214-1-min-223x300.jpg 223w, https:\/\/agora.xtec.cat\/ceip-lespalmeres\/wp-content\/uploads\/usu1432\/2022\/02\/20210217_155214-1-min-761x1024.jpg 761w, https:\/\/agora.xtec.cat\/ceip-lespalmeres\/wp-content\/uploads\/usu1432\/2022\/02\/20210217_155214-1-min-768x1033.jpg 768w, https:\/\/agora.xtec.cat\/ceip-lespalmeres\/wp-content\/uploads\/usu1432\/2022\/02\/20210217_155214-1-min-1142x1536.jpg 1142w, https:\/\/agora.xtec.cat\/ceip-lespalmeres\/wp-content\/uploads\/usu1432\/2022\/02\/20210217_155214-1-min-1522x2048.jpg 1522w\" sizes=\"auto, (max-width: 1632px) 100vw, 1632px\" \/>&nbsp;<\/p>\n<\/div>\n<div class=\"small-12 large-4 text-center columns\"><img loading=\"lazy\" decoding=\"async\" class=\"aligncenter size-full wp-image-7307\" src=\"https:\/\/agora.xtec.cat\/ceip-lespalmeres\/wp-content\/uploads\/usu1432\/2022\/02\/20210121_151202-1-min-scaled.jpg\" alt=\"\" width=\"1920\" height=\"2560\" srcset=\"https:\/\/agora.xtec.cat\/ceip-lespalmeres\/wp-content\/uploads\/usu1432\/2022\/02\/20210121_151202-1-min-scaled.jpg 1920w, https:\/\/agora.xtec.cat\/ceip-lespalmeres\/wp-content\/uploads\/usu1432\/2022\/02\/20210121_151202-1-min-225x300.jpg 225w, https:\/\/agora.xtec.cat\/ceip-lespalmeres\/wp-content\/uploads\/usu1432\/2022\/02\/20210121_151202-1-min-768x1024.jpg 768w, https:\/\/agora.xtec.cat\/ceip-lespalmeres\/wp-content\/uploads\/usu1432\/2022\/02\/20210121_151202-1-min-1152x1536.jpg 1152w, https:\/\/agora.xtec.cat\/ceip-lespalmeres\/wp-content\/uploads\/usu1432\/2022\/02\/20210121_151202-1-min-1536x2048.jpg 1536w\" sizes=\"auto, (max-width: 1920px) 100vw, 1920px\" \/>&nbsp;<\/p>\n<\/div>\n<\/div>\n<p>&nbsp;<\/p>\n","protected":false},"excerpt":{"rendered":"<p>\u00c9s l\u2019eix vertebrador del nostre dia a dia\u00a0 Tot all\u00f2 que passa i es viu al grup classe Des de les converses di\u00e0ries en els moments de trobada, les descobertes que sorgeixen de les curiositats dels infants, les activitats que ens ajuden a trobar resposta a alguna inquietud &nbsp; per\u00f2 tamb\u00e9 de les experi\u00e8ncies que [&hellip;]<\/p>\n","protected":false},"author":1,"featured_media":0,"parent":0,"menu_order":0,"comment_status":"closed","ping_status":"closed","template":"","meta":{"_bbp_topic_count":0,"_bbp_reply_count":0,"_bbp_total_topic_count":0,"_bbp_total_reply_count":0,"_bbp_voice_count":0,"_bbp_anonymous_reply_count":0,"_bbp_topic_count_hidden":0,"_bbp_reply_count_hidden":0,"_bbp_forum_subforum_count":0,"site-sidebar-layout":"default","site-content-layout":"","ast-site-content-layout":"","site-content-style":"default","site-sidebar-style":"default","ast-global-header-display":"","ast-banner-title-visibility":"","ast-main-header-display":"","ast-hfb-above-header-display":"","ast-hfb-below-header-display":"","ast-hfb-mobile-header-display":"","site-post-title":"","ast-breadcrumbs-content":"","ast-featured-img":"","footer-sml-layout":"","theme-transparent-header-meta":"","adv-header-id-meta":"","stick-header-meta":"","header-above-stick-meta":"","header-main-stick-meta":"","header-below-stick-meta":"","astra-migrate-meta-layouts":"default","ast-page-background-enabled":"default","ast-page-background-meta":{"desktop":{"background-color":"var(--ast-global-color-4)","background-image":"","background-repeat":"repeat","background-position":"center center","background-size":"auto","background-attachment":"scroll","background-type":"","background-media":"","overlay-type":"","overlay-color":"","overlay-opacity":"","overlay-gradient":""},"tablet":{"background-color":"","background-image":"","background-repeat":"repeat","background-position":"center center","background-size":"auto","background-attachment":"scroll","background-type":"","background-media":"","overlay-type":"","overlay-color":"","overlay-opacity":"","overlay-gradient":""},"mobile":{"background-color":"","background-image":"","background-repeat":"repeat","background-position":"center center","background-size":"auto","background-attachment":"scroll","background-type":"","background-media":"","overlay-type":"","overlay-color":"","overlay-opacity":"","overlay-gradient":""}},"ast-content-background-meta":{"desktop":{"background-color":"var(--ast-global-color-5)","background-image":"","background-repeat":"repeat","background-position":"center center","background-size":"auto","background-attachment":"scroll","background-type":"","background-media":"","overlay-type":"","overlay-color":"","overlay-opacity":"","overlay-gradient":""},"tablet":{"background-color":"var(--ast-global-color-5)","background-image":"","background-repeat":"repeat","background-position":"center center","background-size":"auto","background-attachment":"scroll","background-type":"","background-media":"","overlay-type":"","overlay-color":"","overlay-opacity":"","overlay-gradient":""},"mobile":{"background-color":"var(--ast-global-color-5)","background-image":"","background-repeat":"repeat","background-position":"center center","background-size":"auto","background-attachment":"scroll","background-type":"","background-media":"","overlay-type":"","overlay-color":"","overlay-opacity":"","overlay-gradient":""}},"footnotes":""},"class_list":["post-6554","page","type-page","status-publish","hentry"],"post_mailing_queue_ids":[],"_links":{"self":[{"href":"https:\/\/agora.xtec.cat\/ceip-lespalmeres\/wp-json\/wp\/v2\/pages\/6554","targetHints":{"allow":["GET"]}}],"collection":[{"href":"https:\/\/agora.xtec.cat\/ceip-lespalmeres\/wp-json\/wp\/v2\/pages"}],"about":[{"href":"https:\/\/agora.xtec.cat\/ceip-lespalmeres\/wp-json\/wp\/v2\/types\/page"}],"author":[{"embeddable":true,"href":"https:\/\/agora.xtec.cat\/ceip-lespalmeres\/wp-json\/wp\/v2\/users\/1"}],"replies":[{"embeddable":true,"href":"https:\/\/agora.xtec.cat\/ceip-lespalmeres\/wp-json\/wp\/v2\/comments?post=6554"}],"version-history":[{"count":3,"href":"https:\/\/agora.xtec.cat\/ceip-lespalmeres\/wp-json\/wp\/v2\/pages\/6554\/revisions"}],"predecessor-version":[{"id":8646,"href":"https:\/\/agora.xtec.cat\/ceip-lespalmeres\/wp-json\/wp\/v2\/pages\/6554\/revisions\/8646"}],"wp:attachment":[{"href":"https:\/\/agora.xtec.cat\/ceip-lespalmeres\/wp-json\/wp\/v2\/media?parent=6554"}],"curies":[{"name":"wp","href":"https:\/\/api.w.org\/{rel}","templated":true}]}}