{"id":6503,"date":"2021-01-22T11:19:22","date_gmt":"2021-01-22T10:19:22","guid":{"rendered":"http:\/\/agora.xtec.cat\/ceip-lespalmeres\/?page_id=6503"},"modified":"2022-02-02T14:41:29","modified_gmt":"2022-02-02T13:41:29","slug":"projectes-daprenentatge-a-primaria","status":"publish","type":"page","link":"https:\/\/agora.xtec.cat\/ceip-lespalmeres\/projectes-daprenentatge-a-primaria\/","title":{"rendered":"Treball per Projectes"},"content":{"rendered":"<header class=\"entry-header\">\n<div><\/div>\n<div><\/div>\n<div><\/div>\n<div><\/div>\n<div><span style=\"font-weight: 400;\">Entenem que un projecte s\u2019ha de basar en un aprenentatge significatiu, on el fer, el pensar i el comunicar son un cercle continuo sempre lligat, cal que generi pensament cr\u00edtic, partint d\u2019un bon clima d\u2019aula, ajudant a la cohesi\u00f3 de grup i centrant-se en els valors.<\/span><\/div>\n<\/header>\n<div><\/div>\n<div><\/div>\n<header class=\"entry-header\">\n<div><\/div>\n<div><\/div>\n<div class=\"row\" style=\"margin-bottom: 1em !important;\">\n<div class=\"small-12 large-4 text-center columns\">\n<p><img loading=\"lazy\" decoding=\"async\" class=\"aligncenter size-full wp-image-7334\" src=\"https:\/\/agora.xtec.cat\/ceip-lespalmeres\/wp-content\/uploads\/usu1432\/2022\/02\/projecte3-min-scaled.jpg\" alt=\"\" width=\"2560\" height=\"1920\" srcset=\"https:\/\/agora.xtec.cat\/ceip-lespalmeres\/wp-content\/uploads\/usu1432\/2022\/02\/projecte3-min-scaled.jpg 2560w, https:\/\/agora.xtec.cat\/ceip-lespalmeres\/wp-content\/uploads\/usu1432\/2022\/02\/projecte3-min-300x225.jpg 300w, https:\/\/agora.xtec.cat\/ceip-lespalmeres\/wp-content\/uploads\/usu1432\/2022\/02\/projecte3-min-1024x768.jpg 1024w, https:\/\/agora.xtec.cat\/ceip-lespalmeres\/wp-content\/uploads\/usu1432\/2022\/02\/projecte3-min-768x576.jpg 768w, https:\/\/agora.xtec.cat\/ceip-lespalmeres\/wp-content\/uploads\/usu1432\/2022\/02\/projecte3-min-1536x1152.jpg 1536w, https:\/\/agora.xtec.cat\/ceip-lespalmeres\/wp-content\/uploads\/usu1432\/2022\/02\/projecte3-min-2048x1536.jpg 2048w, https:\/\/agora.xtec.cat\/ceip-lespalmeres\/wp-content\/uploads\/usu1432\/2022\/02\/projecte3-min-200x150.jpg 200w\" sizes=\"auto, (max-width: 2560px) 100vw, 2560px\" \/><\/p>\n<p><span style=\"font-weight: 400;\">En la mesura del possible ha de poder ser interdisciplinari per\u00f2 sense for\u00e7ar, sempre partint del curr\u00edculum, per tant de les compet\u00e8ncies b\u00e0siques i transversals<\/span><\/p>\n<p><span style=\"font-weight: 400;\">\u00c9s clau el paper de l\u2019adult com a acompanyant del proc\u00e9s i com a vetllador que els objectius compartits amb l\u2019alumnat garanteixin els aprenentatges.<\/span><\/p>\n<\/div>\n<div class=\"small-12 large-4 text-center columns\">\n<p><img loading=\"lazy\" decoding=\"async\" class=\"aligncenter size-full wp-image-7335\" src=\"https:\/\/agora.xtec.cat\/ceip-lespalmeres\/wp-content\/uploads\/usu1432\/2022\/02\/projecte4-min-scaled.jpg\" alt=\"\" width=\"2560\" height=\"1920\" srcset=\"https:\/\/agora.xtec.cat\/ceip-lespalmeres\/wp-content\/uploads\/usu1432\/2022\/02\/projecte4-min-scaled.jpg 2560w, https:\/\/agora.xtec.cat\/ceip-lespalmeres\/wp-content\/uploads\/usu1432\/2022\/02\/projecte4-min-300x225.jpg 300w, https:\/\/agora.xtec.cat\/ceip-lespalmeres\/wp-content\/uploads\/usu1432\/2022\/02\/projecte4-min-1024x768.jpg 1024w, https:\/\/agora.xtec.cat\/ceip-lespalmeres\/wp-content\/uploads\/usu1432\/2022\/02\/projecte4-min-768x576.jpg 768w, https:\/\/agora.xtec.cat\/ceip-lespalmeres\/wp-content\/uploads\/usu1432\/2022\/02\/projecte4-min-1536x1152.jpg 1536w, https:\/\/agora.xtec.cat\/ceip-lespalmeres\/wp-content\/uploads\/usu1432\/2022\/02\/projecte4-min-2048x1536.jpg 2048w, https:\/\/agora.xtec.cat\/ceip-lespalmeres\/wp-content\/uploads\/usu1432\/2022\/02\/projecte4-min-200x150.jpg 200w\" sizes=\"auto, (max-width: 2560px) 100vw, 2560px\" \/><\/p>\n<p style=\"margin-bottom: 0.2em;\"><span style=\"font-weight: 400;\">El treball cooperatiu i col\u00b7laboratiu \u00e9s essencial per poder donar resposta als diferents ritmes d\u2019aprenentatge i a les intel\u00b7lig\u00e8ncies m\u00faltiples, i aconseguir que tots tinguin \u00e8xit. Els tipus d\u2019agrupament han de ser diversos i no sempre tancat dins el grup classe.<\/span><\/p>\n<\/div>\n<div class=\"small-12 large-4 text-center columns\">\n<p><img loading=\"lazy\" decoding=\"async\" class=\"aligncenter size-full wp-image-7337\" src=\"https:\/\/agora.xtec.cat\/ceip-lespalmeres\/wp-content\/uploads\/usu1432\/2022\/02\/projecte2-min-scaled.jpg\" alt=\"\" width=\"2560\" height=\"1920\" srcset=\"https:\/\/agora.xtec.cat\/ceip-lespalmeres\/wp-content\/uploads\/usu1432\/2022\/02\/projecte2-min-scaled.jpg 2560w, https:\/\/agora.xtec.cat\/ceip-lespalmeres\/wp-content\/uploads\/usu1432\/2022\/02\/projecte2-min-300x225.jpg 300w, https:\/\/agora.xtec.cat\/ceip-lespalmeres\/wp-content\/uploads\/usu1432\/2022\/02\/projecte2-min-1024x768.jpg 1024w, https:\/\/agora.xtec.cat\/ceip-lespalmeres\/wp-content\/uploads\/usu1432\/2022\/02\/projecte2-min-768x576.jpg 768w, https:\/\/agora.xtec.cat\/ceip-lespalmeres\/wp-content\/uploads\/usu1432\/2022\/02\/projecte2-min-1536x1152.jpg 1536w, https:\/\/agora.xtec.cat\/ceip-lespalmeres\/wp-content\/uploads\/usu1432\/2022\/02\/projecte2-min-2048x1536.jpg 2048w, https:\/\/agora.xtec.cat\/ceip-lespalmeres\/wp-content\/uploads\/usu1432\/2022\/02\/projecte2-min-200x150.jpg 200w\" sizes=\"auto, (max-width: 2560px) 100vw, 2560px\" \/><\/p>\n<p style=\"margin-bottom: 0.2em;\"><span style=\"font-weight: 400;\">Creiem que un projecte pot n\u00e9ixer de les inquietuds d&#8217;un alumne, de la vida d\u2019aula, d\u2019un altre projecte, de successos, de diferents contextos,&#8230; per tant ho veiem de forma molt oberta.<\/span><\/p>\n<\/div>\n<\/div>\n<div class=\"row\" style=\"margin-bottom: 1em !important;\">\n<div class=\"small-12 large-4 text-center columns\">\n<p><img loading=\"lazy\" decoding=\"async\" class=\"aligncenter size-full wp-image-7336\" src=\"https:\/\/agora.xtec.cat\/ceip-lespalmeres\/wp-content\/uploads\/usu1432\/2022\/02\/projecte-5-min-scaled.jpg\" alt=\"\" width=\"2560\" height=\"1920\" srcset=\"https:\/\/agora.xtec.cat\/ceip-lespalmeres\/wp-content\/uploads\/usu1432\/2022\/02\/projecte-5-min-scaled.jpg 2560w, https:\/\/agora.xtec.cat\/ceip-lespalmeres\/wp-content\/uploads\/usu1432\/2022\/02\/projecte-5-min-300x225.jpg 300w, https:\/\/agora.xtec.cat\/ceip-lespalmeres\/wp-content\/uploads\/usu1432\/2022\/02\/projecte-5-min-1024x768.jpg 1024w, https:\/\/agora.xtec.cat\/ceip-lespalmeres\/wp-content\/uploads\/usu1432\/2022\/02\/projecte-5-min-768x576.jpg 768w, https:\/\/agora.xtec.cat\/ceip-lespalmeres\/wp-content\/uploads\/usu1432\/2022\/02\/projecte-5-min-1536x1152.jpg 1536w, https:\/\/agora.xtec.cat\/ceip-lespalmeres\/wp-content\/uploads\/usu1432\/2022\/02\/projecte-5-min-2048x1536.jpg 2048w, https:\/\/agora.xtec.cat\/ceip-lespalmeres\/wp-content\/uploads\/usu1432\/2022\/02\/projecte-5-min-200x150.jpg 200w\" sizes=\"auto, (max-width: 2560px) 100vw, 2560px\" \/><\/p>\n<p style=\"margin-bottom: 0.2em;\"><span style=\"font-weight: 400;\">La proposta del projecte ha de ser rica, el guia ha de proporcionar recursos i eines necess\u00e0ries per poder tirar-lo endavant.<\/span><\/p>\n<\/div>\n<div class=\"small-12 large-4 text-center columns\">\n<p><img loading=\"lazy\" decoding=\"async\" class=\"aligncenter size-medium wp-image-6081\" src=\"https:\/\/agora.xtec.cat\/ceip-lespalmeres\/wp-content\/uploads\/usu1432\/2020\/07\/7-300x225.jpg\" alt=\"\" width=\"300\" height=\"225\" srcset=\"https:\/\/agora.xtec.cat\/ceip-lespalmeres\/wp-content\/uploads\/usu1432\/2020\/07\/7-300x225.jpg 300w, https:\/\/agora.xtec.cat\/ceip-lespalmeres\/wp-content\/uploads\/usu1432\/2020\/07\/7-768x576.jpg 768w, https:\/\/agora.xtec.cat\/ceip-lespalmeres\/wp-content\/uploads\/usu1432\/2020\/07\/7-200x150.jpg 200w, https:\/\/agora.xtec.cat\/ceip-lespalmeres\/wp-content\/uploads\/usu1432\/2020\/07\/7.jpg 843w\" sizes=\"auto, (max-width: 300px) 100vw, 300px\" \/><\/p>\n<p style=\"margin-bottom: 0.2em;\"><span style=\"font-weight: 400;\">La pregunta investigable pot sortir de qualsevol membre del grup, tenint en compte que la mestra tamb\u00e9 \u00e9s un membre d\u2019aquest grup&#8230;\u00a0 \u00a0<\/span><\/p>\n<\/div>\n<div class=\"small-12 large-4 text-center columns\">\n<p><img decoding=\"async\" src=\"https:\/\/img.icons8.com\/color\/120\/000000\/documents.png\" \/><\/p>\n<p style=\"margin-bottom: 0.2em;\"><span style=\"font-weight: 400;\">Els projectes han de ser de l\u2019inter\u00e8s dels nens, atenent els objectius del curr\u00edculum i prioritzant els que permeten treballar els valors.<\/span><\/p>\n<\/div>\n<\/div>\n<div class=\"row\" style=\"margin-bottom: 1em !important;\">\n<div class=\"small-12 large-4 text-center columns\">\n<p><img decoding=\"async\" src=\"https:\/\/img.icons8.com\/color\/120\/000000\/planner.png\" \/><\/p>\n<p style=\"margin-bottom: 0.2em;\"><span style=\"font-weight: 400;\">A mesura que sigui possible s\u2019ha de partir de situacions reals. Els projectes han de ser funcionals i contextualitzats amb l\u2019entorn.<\/span><\/p>\n<\/div>\n<div class=\"small-12 large-4 text-center columns\">\n<p><img decoding=\"async\" src=\"https:\/\/img.icons8.com\/color\/120\/000000\/collaboration-female-male.png\" \/><\/p>\n<p style=\"margin-bottom: 0.2em;\"><span style=\"font-weight: 400;\"> Destaquem la import\u00e0ncia de l\u2019escolta del mestre cap al grup d\u2019alumnes.<\/span><\/p>\n<p>&nbsp;<\/p>\n<\/div>\n<div class=\"small-12 large-4 text-center columns\">\n<p><img decoding=\"async\" src=\"https:\/\/img.icons8.com\/color\/120\/000000\/high-priority.png\" \/><\/p>\n<p style=\"margin-bottom: 0.2em;\"><span style=\"font-weight: 400;\">Cal tenir en compte que no cal allarga-ho en els temps per poder aix\u00ed mantenir l\u2019inter\u00e8s del grup i donar resposta a la pregunta inicial.<\/span><\/p>\n<\/div>\n<\/div>\n<p><span style=\"font-weight: 400;\">Hem establert a\u00a0 l\u2019horari de tots els nivells de prim\u00e0ria 4 franges hor\u00e0ries d&#8217;una hora setmanal cadascuna d\u2019elles, coincidents entre les dues tutories del nivell. Per a poder facilitar la realitzaci\u00f3 de doc\u00e8ncia compartida (3 mestres x dues aules) en totes elles. Segons les necessitats de cada nivell es distribueixen els recursos humans per tal de fomentar l&#8217;experimentaci\u00f3, manipulaci\u00f3, treball cooperatiu\u2026 Per que aix\u00f2 fos possible es van dedicar hores de les \u00e0rees de coneixement del medi i de llengua catalana ja que vam considerar que les compet\u00e8ncies d\u2019aquestes dues \u00e0rees es treballen a dins dels projectes.\u00a0<\/span><\/p>\n<div class=\"row\" style=\"margin-bottom: 1em !important;\">\n<div class=\"small-12 large-4 text-center columns\">\n<p><img decoding=\"async\" src=\"https:\/\/img.icons8.com\/color\/120\/000000\/expired.png\" \/><\/p>\n<p style=\"margin-bottom: 0.2em;\"><span style=\"font-weight: 400;\">L\u2019objectiu del producte final \u00e9s que els infants puguin aplicar el que han apr\u00e8s: els processos que han seguit durant el projecte, els coneixements que han anat adquirint, els valors que han anat treballant\u2026<\/span><\/p>\n<\/div>\n<div class=\"small-12 large-4 text-center columns\">\n<p><img decoding=\"async\" src=\"https:\/\/img.icons8.com\/color\/120\/000000\/leave.png\" \/><\/p>\n<p style=\"margin-bottom: 0.2em;\"><span style=\"font-weight: 400;\">Intentem que el projecte tingui una repercussi\u00f3 personal o social en els alumnes de manera que puguin millorar la qualitat de la seva pr\u00f2pia vida i el seu entorn. Per aconseguir-ho, els alumnes han de con\u00e8ixer i entendre el que estan treballant per poder sensibilitzar-se i actuar en conseq\u00fc\u00e8ncia.<\/span><\/p>\n<\/div>\n<div class=\"small-12 large-4 text-center columns\">\n<p style=\"margin-bottom: 0.2em;\"><span style=\"font-weight: 400;\"><img decoding=\"async\" src=\"https:\/\/img.icons8.com\/color\/120\/000000\/leave.png\" \/><\/span><\/p>\n<p style=\"margin-bottom: 0.2em;\"><span style=\"font-weight: 400;\">Aquest producte ha de ser el tancament del projecte i pot ser material o no. Per exemple, un mural, una maqueta, una xerrada, una exposici\u00f3, un v\u00eddeo, una campanya informativa\u2026 Per\u00f2 considerem que \u00e9s important que els projectes es tanquin. En ocasions aquest tancament, pot provocar l\u2019inici d\u2019altres projectes.<\/span><\/p>\n<\/div>\n<\/div>\n<\/header>\n","protected":false},"excerpt":{"rendered":"<p>Entenem que un projecte s\u2019ha de basar en un aprenentatge significatiu, on el fer, el pensar i el comunicar son un cercle continuo sempre lligat, cal que generi pensament cr\u00edtic, partint d\u2019un bon clima d\u2019aula, ajudant a la cohesi\u00f3 de grup i centrant-se en els valors. En la mesura del possible ha de poder ser [&hellip;]<\/p>\n","protected":false},"author":1,"featured_media":0,"parent":0,"menu_order":0,"comment_status":"closed","ping_status":"closed","template":"","meta":{"_bbp_topic_count":0,"_bbp_reply_count":0,"_bbp_total_topic_count":0,"_bbp_total_reply_count":0,"_bbp_voice_count":0,"_bbp_anonymous_reply_count":0,"_bbp_topic_count_hidden":0,"_bbp_reply_count_hidden":0,"_bbp_forum_subforum_count":0,"site-sidebar-layout":"default","site-content-layout":"","ast-site-content-layout":"","site-content-style":"default","site-sidebar-style":"default","ast-global-header-display":"","ast-banner-title-visibility":"","ast-main-header-display":"","ast-hfb-above-header-display":"","ast-hfb-below-header-display":"","ast-hfb-mobile-header-display":"","site-post-title":"","ast-breadcrumbs-content":"","ast-featured-img":"","footer-sml-layout":"","theme-transparent-header-meta":"","adv-header-id-meta":"","stick-header-meta":"","header-above-stick-meta":"","header-main-stick-meta":"","header-below-stick-meta":"","astra-migrate-meta-layouts":"default","ast-page-background-enabled":"default","ast-page-background-meta":{"desktop":{"background-color":"var(--ast-global-color-4)","background-image":"","background-repeat":"repeat","background-position":"center center","background-size":"auto","background-attachment":"scroll","background-type":"","background-media":"","overlay-type":"","overlay-color":"","overlay-opacity":"","overlay-gradient":""},"tablet":{"background-color":"","background-image":"","background-repeat":"repeat","background-position":"center center","background-size":"auto","background-attachment":"scroll","background-type":"","background-media":"","overlay-type":"","overlay-color":"","overlay-opacity":"","overlay-gradient":""},"mobile":{"background-color":"","background-image":"","background-repeat":"repeat","background-position":"center center","background-size":"auto","background-attachment":"scroll","background-type":"","background-media":"","overlay-type":"","overlay-color":"","overlay-opacity":"","overlay-gradient":""}},"ast-content-background-meta":{"desktop":{"background-color":"var(--ast-global-color-5)","background-image":"","background-repeat":"repeat","background-position":"center center","background-size":"auto","background-attachment":"scroll","background-type":"","background-media":"","overlay-type":"","overlay-color":"","overlay-opacity":"","overlay-gradient":""},"tablet":{"background-color":"var(--ast-global-color-5)","background-image":"","background-repeat":"repeat","background-position":"center center","background-size":"auto","background-attachment":"scroll","background-type":"","background-media":"","overlay-type":"","overlay-color":"","overlay-opacity":"","overlay-gradient":""},"mobile":{"background-color":"var(--ast-global-color-5)","background-image":"","background-repeat":"repeat","background-position":"center center","background-size":"auto","background-attachment":"scroll","background-type":"","background-media":"","overlay-type":"","overlay-color":"","overlay-opacity":"","overlay-gradient":""}},"footnotes":""},"class_list":["post-6503","page","type-page","status-publish","hentry"],"post_mailing_queue_ids":[],"_links":{"self":[{"href":"https:\/\/agora.xtec.cat\/ceip-lespalmeres\/wp-json\/wp\/v2\/pages\/6503","targetHints":{"allow":["GET"]}}],"collection":[{"href":"https:\/\/agora.xtec.cat\/ceip-lespalmeres\/wp-json\/wp\/v2\/pages"}],"about":[{"href":"https:\/\/agora.xtec.cat\/ceip-lespalmeres\/wp-json\/wp\/v2\/types\/page"}],"author":[{"embeddable":true,"href":"https:\/\/agora.xtec.cat\/ceip-lespalmeres\/wp-json\/wp\/v2\/users\/1"}],"replies":[{"embeddable":true,"href":"https:\/\/agora.xtec.cat\/ceip-lespalmeres\/wp-json\/wp\/v2\/comments?post=6503"}],"version-history":[{"count":4,"href":"https:\/\/agora.xtec.cat\/ceip-lespalmeres\/wp-json\/wp\/v2\/pages\/6503\/revisions"}],"predecessor-version":[{"id":7338,"href":"https:\/\/agora.xtec.cat\/ceip-lespalmeres\/wp-json\/wp\/v2\/pages\/6503\/revisions\/7338"}],"wp:attachment":[{"href":"https:\/\/agora.xtec.cat\/ceip-lespalmeres\/wp-json\/wp\/v2\/media?parent=6503"}],"curies":[{"name":"wp","href":"https:\/\/api.w.org\/{rel}","templated":true}]}}