{"id":64,"date":"2014-09-18T12:39:08","date_gmt":"2014-09-18T11:39:08","guid":{"rendered":"http:\/\/agora.xtec.cat\/ceip-lespalmeres\/?page_id=64"},"modified":"2026-02-12T21:41:13","modified_gmt":"2026-02-12T20:41:13","slug":"projecte-educatiu","status":"publish","type":"page","link":"https:\/\/agora.xtec.cat\/ceip-lespalmeres\/projecte-educatiu\/","title":{"rendered":"Oferta educativa"},"content":{"rendered":"\n<h4 class=\"wp-block-heading\">Entenem l\u2019educaci\u00f3 com un fet integral. Treballem per desenvolupar la capacitat de l\u2019esfor\u00e7 adquirint h\u00e0bits i valors que ens ajudin a resoldre problemes i situacions en el dia a dia. Fomentem el gust per aprendre potenciant la iniciativa, la creativitat i l\u2019esperit cr\u00edtic.<\/h4>\n\n\n\n<p>DIVERSITAT D&#8217;ESTRAT\u00c8GIES METODOL\u00d2GIQUES PER DONAR RESPOSTA ALS DIFERENTS ESTILS D&#8217;APRENENTATGE<\/p>\n\n\n\n<div class=\"wp-block-columns is-layout-flex wp-container-core-columns-is-layout-1 wp-block-columns-is-layout-flex\">\n<div class=\"wp-block-column is-layout-flow wp-block-column-is-layout-flow\">\n<div class=\"wp-block-cover aligncenter\"><span aria-hidden=\"true\" class=\"wp-block-cover__background has-background-dim\"><\/span><img loading=\"lazy\" decoding=\"async\" width=\"843\" height=\"632\" class=\"wp-block-cover__image-background wp-image-6089\" alt=\"\" src=\"https:\/\/agora.xtec.cat\/ceip-lespalmeres\/wp-content\/uploads\/usu1432\/2020\/07\/16.jpg\" data-object-fit=\"cover\" srcset=\"https:\/\/agora.xtec.cat\/ceip-lespalmeres\/wp-content\/uploads\/usu1432\/2020\/07\/16.jpg 843w, https:\/\/agora.xtec.cat\/ceip-lespalmeres\/wp-content\/uploads\/usu1432\/2020\/07\/16-300x225.jpg 300w, https:\/\/agora.xtec.cat\/ceip-lespalmeres\/wp-content\/uploads\/usu1432\/2020\/07\/16-768x576.jpg 768w, https:\/\/agora.xtec.cat\/ceip-lespalmeres\/wp-content\/uploads\/usu1432\/2020\/07\/16-200x150.jpg 200w\" sizes=\"auto, (max-width: 843px) 100vw, 843px\" \/><div class=\"wp-block-cover__inner-container is-layout-flow wp-block-cover-is-layout-flow\">\n<p class=\"has-text-align-center has-large-font-size\"><a href=\"https:\/\/agora.xtec.cat\/ceip-lespalmeres\/educacio-infantil-2\/\" data-type=\"link\" data-id=\"https:\/\/agora.xtec.cat\/ceip-lespalmeres\/educacio-infantil-2\/\">INFANTIL<\/a> <\/p>\n<\/div><\/div>\n<\/div>\n\n\n\n<div class=\"wp-block-column is-layout-flow wp-block-column-is-layout-flow\">\n<div class=\"wp-block-cover\"><span aria-hidden=\"true\" class=\"wp-block-cover__background has-background-dim\"><\/span><img loading=\"lazy\" decoding=\"async\" width=\"768\" height=\"412\" class=\"wp-block-cover__image-background wp-image-6716\" alt=\"\" src=\"https:\/\/agora.xtec.cat\/ceip-lespalmeres\/wp-content\/uploads\/usu1432\/2021\/02\/projectes-768x412.jpg\" data-object-fit=\"cover\" srcset=\"https:\/\/agora.xtec.cat\/ceip-lespalmeres\/wp-content\/uploads\/usu1432\/2021\/02\/projectes-768x412.jpg 768w, https:\/\/agora.xtec.cat\/ceip-lespalmeres\/wp-content\/uploads\/usu1432\/2021\/02\/projectes-768x412-300x161.jpg 300w\" sizes=\"auto, (max-width: 768px) 100vw, 768px\" \/><div class=\"wp-block-cover__inner-container is-layout-flow wp-block-cover-is-layout-flow\">\n<p class=\"has-text-align-center has-large-font-size\"><a href=\"https:\/\/agora.xtec.cat\/ceip-lespalmeres\/educacio-primaria\/\" data-type=\"link\" data-id=\"https:\/\/agora.xtec.cat\/ceip-lespalmeres\/educacio-primaria\/\">PRIM\u00c0RIA<\/a><\/p>\n<\/div><\/div>\n<\/div>\n<\/div>\n\n\n\n<p>Despleguem el nostre projecte educatiu mitjan\u00e7ant propostes d\u2019aprenentatge diverses i contextualitzades que permeten desenvolupar els continguts propis de cada cicle. <br>Entenem que els <strong>sabers<\/strong> no constitueixen una finalitat en si mateixos, sin\u00f3 que esdevenen els instruments necessaris per assolir els objectius educatius i les compet\u00e8ncies clau establertes en el marc curricular vigent. <br>En coher\u00e8ncia amb aquest enfocament competencial, els sabers es treballen de manera integrada, interrelacionada i vinculada a situacions d\u2019aprenentatge significatives. <br>Aquesta mirada prioritza la comprensi\u00f3 profunda, la transfer\u00e8ncia i l\u2019aplicaci\u00f3 funcional del coneixement per damunt de la mera acumulaci\u00f3 d\u2019informaci\u00f3.<br>Aix\u00ed mateix, els sabers s\u2019organitzen amb una l\u00f2gica c\u00edclica i evolutiva: es reprenen al llarg de les diferents etapes i nivells, ampliant-ne progressivament la complexitat i el grau d\u2019aprofundiment, d\u2019acord amb el desenvolupament maduratiu i competencial de l\u2019alumnat.<\/p>\n\n\n\n<p><\/p>\n\n\n\n<p><\/p>\n\n\n\n<p><\/p>\n\n\n\n<p><\/p>\n","protected":false},"excerpt":{"rendered":"<p>Entenem l\u2019educaci\u00f3 com un fet integral. Treballem per desenvolupar la capacitat de l\u2019esfor\u00e7 adquirint h\u00e0bits i valors que ens ajudin a resoldre problemes i situacions en el dia a dia. Fomentem el gust per aprendre potenciant la iniciativa, la creativitat i l\u2019esperit cr\u00edtic. DIVERSITAT D&#8217;ESTRAT\u00c8GIES METODOL\u00d2GIQUES PER DONAR RESPOSTA ALS DIFERENTS ESTILS D&#8217;APRENENTATGE Despleguem el [&hellip;]<\/p>\n","protected":false},"author":1,"featured_media":0,"parent":0,"menu_order":0,"comment_status":"closed","ping_status":"closed","template":"","meta":{"_bbp_topic_count":0,"_bbp_reply_count":0,"_bbp_total_topic_count":0,"_bbp_total_reply_count":0,"_bbp_voice_count":0,"_bbp_anonymous_reply_count":0,"_bbp_topic_count_hidden":0,"_bbp_reply_count_hidden":0,"_bbp_forum_subforum_count":0,"site-sidebar-layout":"default","site-content-layout":"","ast-site-content-layout":"default","site-content-style":"default","site-sidebar-style":"default","ast-global-header-display":"","ast-banner-title-visibility":"","ast-main-header-display":"","ast-hfb-above-header-display":"","ast-hfb-below-header-display":"","ast-hfb-mobile-header-display":"","site-post-title":"","ast-breadcrumbs-content":"","ast-featured-img":"","footer-sml-layout":"","theme-transparent-header-meta":"","adv-header-id-meta":"","stick-header-meta":"","header-above-stick-meta":"","header-main-stick-meta":"","header-below-stick-meta":"","astra-migrate-meta-layouts":"set","ast-page-background-enabled":"default","ast-page-background-meta":{"desktop":{"background-color":"var(--ast-global-color-4)","background-image":"","background-repeat":"repeat","background-position":"center center","background-size":"auto","background-attachment":"scroll","background-type":"","background-media":"","overlay-type":"","overlay-color":"","overlay-opacity":"","overlay-gradient":""},"tablet":{"background-color":"","background-image":"","background-repeat":"repeat","background-position":"center center","background-size":"auto","background-attachment":"scroll","background-type":"","background-media":"","overlay-type":"","overlay-color":"","overlay-opacity":"","overlay-gradient":""},"mobile":{"background-color":"","background-image":"","background-repeat":"repeat","background-position":"center center","background-size":"auto","background-attachment":"scroll","background-type":"","background-media":"","overlay-type":"","overlay-color":"","overlay-opacity":"","overlay-gradient":""}},"ast-content-background-meta":{"desktop":{"background-color":"var(--ast-global-color-5)","background-image":"","background-repeat":"repeat","background-position":"center center","background-size":"auto","background-attachment":"scroll","background-type":"","background-media":"","overlay-type":"","overlay-color":"","overlay-opacity":"","overlay-gradient":""},"tablet":{"background-color":"var(--ast-global-color-5)","background-image":"","background-repeat":"repeat","background-position":"center center","background-size":"auto","background-attachment":"scroll","background-type":"","background-media":"","overlay-type":"","overlay-color":"","overlay-opacity":"","overlay-gradient":""},"mobile":{"background-color":"var(--ast-global-color-5)","background-image":"","background-repeat":"repeat","background-position":"center center","background-size":"auto","background-attachment":"scroll","background-type":"","background-media":"","overlay-type":"","overlay-color":"","overlay-opacity":"","overlay-gradient":""}},"footnotes":""},"class_list":["post-64","page","type-page","status-publish","hentry"],"post_mailing_queue_ids":[],"_links":{"self":[{"href":"https:\/\/agora.xtec.cat\/ceip-lespalmeres\/wp-json\/wp\/v2\/pages\/64","targetHints":{"allow":["GET"]}}],"collection":[{"href":"https:\/\/agora.xtec.cat\/ceip-lespalmeres\/wp-json\/wp\/v2\/pages"}],"about":[{"href":"https:\/\/agora.xtec.cat\/ceip-lespalmeres\/wp-json\/wp\/v2\/types\/page"}],"author":[{"embeddable":true,"href":"https:\/\/agora.xtec.cat\/ceip-lespalmeres\/wp-json\/wp\/v2\/users\/1"}],"replies":[{"embeddable":true,"href":"https:\/\/agora.xtec.cat\/ceip-lespalmeres\/wp-json\/wp\/v2\/comments?post=64"}],"version-history":[{"count":6,"href":"https:\/\/agora.xtec.cat\/ceip-lespalmeres\/wp-json\/wp\/v2\/pages\/64\/revisions"}],"predecessor-version":[{"id":8652,"href":"https:\/\/agora.xtec.cat\/ceip-lespalmeres\/wp-json\/wp\/v2\/pages\/64\/revisions\/8652"}],"wp:attachment":[{"href":"https:\/\/agora.xtec.cat\/ceip-lespalmeres\/wp-json\/wp\/v2\/media?parent=64"}],"curies":[{"name":"wp","href":"https:\/\/api.w.org\/{rel}","templated":true}]}}