{"id":6387,"date":"2021-01-19T17:14:59","date_gmt":"2021-01-19T16:14:59","guid":{"rendered":"http:\/\/agora.xtec.cat\/ceip-lespalmeres\/?page_id=6387"},"modified":"2026-02-13T16:32:15","modified_gmt":"2026-02-13T15:32:15","slug":"educacio-primaria","status":"publish","type":"page","link":"https:\/\/agora.xtec.cat\/ceip-lespalmeres\/educacio-primaria\/","title":{"rendered":"Educaci\u00f3 prim\u00e0ria"},"content":{"rendered":"\n<p>L\u2019educaci\u00f3 infantil acaba als cinc anys i els alumnes continuen la seva descoberta a la prim\u00e0ria. Les mestres de les dues etapes treballen conjuntament i s&#8217;organitzen per continuar amb la mateixa l\u00ednia de treball adaptada al canvi d&#8217;etapa.<\/p>\n\n\n\n<div class=\"wp-block-columns is-layout-flex wp-container-core-columns-is-layout-1 wp-block-columns-is-layout-flex\">\n<div class=\"wp-block-column is-layout-flow wp-block-column-is-layout-flow\">\n<figure class=\"wp-block-image size-large\"><a href=\"https:\/\/agora.xtec.cat\/ceip-lespalmeres\/wp-content\/uploads\/usu1432\/2021\/02\/DSCF0351.jpg\"><img loading=\"lazy\" decoding=\"async\" width=\"1024\" height=\"576\" src=\"https:\/\/agora.xtec.cat\/ceip-lespalmeres\/wp-content\/uploads\/usu1432\/2021\/02\/DSCF0351-1024x576.jpg\" alt=\"\" class=\"wp-image-6851\" srcset=\"https:\/\/agora.xtec.cat\/ceip-lespalmeres\/wp-content\/uploads\/usu1432\/2021\/02\/DSCF0351-1024x576.jpg 1024w, https:\/\/agora.xtec.cat\/ceip-lespalmeres\/wp-content\/uploads\/usu1432\/2021\/02\/DSCF0351-300x169.jpg 300w, https:\/\/agora.xtec.cat\/ceip-lespalmeres\/wp-content\/uploads\/usu1432\/2021\/02\/DSCF0351-768x432.jpg 768w, https:\/\/agora.xtec.cat\/ceip-lespalmeres\/wp-content\/uploads\/usu1432\/2021\/02\/DSCF0351.jpg 1920w\" sizes=\"auto, (max-width: 1024px) 100vw, 1024px\" \/><\/a><\/figure>\n<\/div>\n\n\n\n<div class=\"wp-block-column is-layout-flow wp-block-column-is-layout-flow\">\n<h6 class=\"wp-block-heading\">ESTRUCTURA DE LA PRIM\u00c0RIA<\/h6>\n\n\n\n<p>Es consoliden h\u00e0bits, sabers i destreses fonamentals.<br>Mitjan\u00e7ant les metodologies que potencien el treball cooperatiu i la reflexi\u00f3, tant individual com grupal, l\u2019alumnat se sent motivat per unes propostes educatives i docents que satisfan els seus interessos i les seves necessitats.<\/p>\n\n\n\n<p>HORARI ESCOLAR <br>De 9.00 h a 12.30h i de 15.00 h a 16.30 h<br> <a href=\"https:\/\/agora.xtec.cat\/ceip-lespalmeres\/serveis\/servei-dacollida\/\" target=\"_blank\" rel=\"noreferrer noopener\">Hi ha servei de perman\u00e8ncies de mat\u00ed i tarda<\/a><\/p>\n<\/div>\n<\/div>\n\n\n\n<p>Aquesta etapa es distribueix:<\/p>\n\n\n\n<div class=\"wp-block-columns is-layout-flex wp-container-core-columns-is-layout-2 wp-block-columns-is-layout-flex\">\n<div class=\"wp-block-column is-layout-flow wp-block-column-is-layout-flow\">\n<h4 class=\"wp-block-heading\">Cicle inicial<\/h4>\n\n\n\n<p>Compr\u00e8n primer i segon, dels 6 als 8 anys<\/p>\n<\/div>\n\n\n\n<div class=\"wp-block-column is-layout-flow wp-block-column-is-layout-flow\">\n<h4 class=\"wp-block-heading\">Cicle mitj\u00e0<\/h4>\n\n\n\n<p>Compr\u00e8n tercer i quart, dels 8 als 10 anys<\/p>\n<\/div>\n\n\n\n<div class=\"wp-block-column is-layout-flow wp-block-column-is-layout-flow\">\n<h4 class=\"wp-block-heading\">Cicle superior<\/h4>\n\n\n\n<p>Compr\u00e8n cinqu\u00e8 i sis\u00e8, dels 10 als 12 anys.<\/p>\n<\/div>\n<\/div>\n\n\n\n<div class=\"wp-block-columns is-layout-flex wp-container-core-columns-is-layout-3 wp-block-columns-is-layout-flex\">\n<div class=\"wp-block-column is-layout-flow wp-block-column-is-layout-flow\">\n<h3 class=\"wp-block-heading\"><a href=\"https:\/\/agora.xtec.cat\/ceip-lespalmeres\/projecte-educatiu\/ambients\/\" data-type=\"link\" data-id=\"https:\/\/agora.xtec.cat\/ceip-lespalmeres\/projecte-educatiu\/ambients\/\">Ambients<\/a><\/h3>\n\n\n\n<p><a href=\"https:\/\/agora.xtec.cat\/ceip-lespalmeres\/projecte-educatiu\/ambients\/\" data-type=\"link\" data-id=\"https:\/\/agora.xtec.cat\/ceip-lespalmeres\/projecte-educatiu\/ambients\/\">M\u00e9s informaci\u00f3<\/a><\/p>\n\n\n\n<figure class=\"wp-block-image size-large\"><a href=\"https:\/\/agora.xtec.cat\/ceip-lespalmeres\/wp-content\/uploads\/usu1432\/2021\/02\/DSCF0381.jpg\"><img loading=\"lazy\" decoding=\"async\" width=\"1024\" height=\"576\" src=\"https:\/\/agora.xtec.cat\/ceip-lespalmeres\/wp-content\/uploads\/usu1432\/2021\/02\/DSCF0381-1024x576.jpg\" alt=\"\" class=\"wp-image-6643\" srcset=\"https:\/\/agora.xtec.cat\/ceip-lespalmeres\/wp-content\/uploads\/usu1432\/2021\/02\/DSCF0381-1024x576.jpg 1024w, https:\/\/agora.xtec.cat\/ceip-lespalmeres\/wp-content\/uploads\/usu1432\/2021\/02\/DSCF0381-300x169.jpg 300w, https:\/\/agora.xtec.cat\/ceip-lespalmeres\/wp-content\/uploads\/usu1432\/2021\/02\/DSCF0381-768x432.jpg 768w, https:\/\/agora.xtec.cat\/ceip-lespalmeres\/wp-content\/uploads\/usu1432\/2021\/02\/DSCF0381.jpg 1920w\" sizes=\"auto, (max-width: 1024px) 100vw, 1024px\" \/><\/a><\/figure>\n<\/div>\n\n\n\n<div class=\"wp-block-column is-layout-flow wp-block-column-is-layout-flow\">\n<h3 class=\"wp-block-heading\"><a href=\"https:\/\/agora.xtec.cat\/ceip-lespalmeres\/projecte-educatiu\/projectes\/\" data-type=\"link\" data-id=\"https:\/\/agora.xtec.cat\/ceip-lespalmeres\/projecte-educatiu\/projectes\/\">Treball per projectes\u00a0<\/a><\/h3>\n\n\n\n<p><a href=\"https:\/\/agora.xtec.cat\/ceip-lespalmeres\/projecte-educatiu\/projectes\/\" data-type=\"link\" data-id=\"https:\/\/agora.xtec.cat\/ceip-lespalmeres\/projecte-educatiu\/projectes\/\">M\u00e9s informaci\u00f3<\/a><\/p>\n\n\n\n<figure class=\"wp-block-image aligncenter size-full\"><a href=\"https:\/\/agora.xtec.cat\/ceip-lespalmeres\/wp-content\/uploads\/usu1432\/2021\/02\/projectes-768x412.jpg\"><img loading=\"lazy\" decoding=\"async\" width=\"768\" height=\"412\" src=\"https:\/\/agora.xtec.cat\/ceip-lespalmeres\/wp-content\/uploads\/usu1432\/2021\/02\/projectes-768x412.jpg\" alt=\"\" class=\"wp-image-6716\" srcset=\"https:\/\/agora.xtec.cat\/ceip-lespalmeres\/wp-content\/uploads\/usu1432\/2021\/02\/projectes-768x412.jpg 768w, https:\/\/agora.xtec.cat\/ceip-lespalmeres\/wp-content\/uploads\/usu1432\/2021\/02\/projectes-768x412-300x161.jpg 300w\" sizes=\"auto, (max-width: 768px) 100vw, 768px\" \/><\/a><\/figure>\n<\/div>\n\n\n\n<div class=\"wp-block-column is-layout-flow wp-block-column-is-layout-flow\">\n<h3 class=\"wp-block-heading\"><a href=\"https:\/\/agora.xtec.cat\/ceip-lespalmeres\/capses-daprenentatge\/\" data-type=\"link\" data-id=\"https:\/\/agora.xtec.cat\/ceip-lespalmeres\/capses-daprenentatge\/\">Capses d&#8217;aprenentatge <\/a><\/h3>\n\n\n\n<p><a href=\"https:\/\/agora.xtec.cat\/ceip-lespalmeres\/capses-daprenentatge\/\" data-type=\"link\" data-id=\"https:\/\/agora.xtec.cat\/ceip-lespalmeres\/capses-daprenentatge\/\">M\u00e9s informaci\u00f3<\/a><\/p>\n\n\n\n<figure class=\"wp-block-image size-large\"><a href=\"https:\/\/agora.xtec.cat\/ceip-lespalmeres\/wp-content\/uploads\/usu1432\/2021\/03\/DSCF0467.jpg\"><img loading=\"lazy\" decoding=\"async\" width=\"1024\" height=\"576\" src=\"https:\/\/agora.xtec.cat\/ceip-lespalmeres\/wp-content\/uploads\/usu1432\/2021\/03\/DSCF0467-1024x576.jpg\" alt=\"\" class=\"wp-image-6926\" srcset=\"https:\/\/agora.xtec.cat\/ceip-lespalmeres\/wp-content\/uploads\/usu1432\/2021\/03\/DSCF0467-1024x576.jpg 1024w, https:\/\/agora.xtec.cat\/ceip-lespalmeres\/wp-content\/uploads\/usu1432\/2021\/03\/DSCF0467-300x169.jpg 300w, https:\/\/agora.xtec.cat\/ceip-lespalmeres\/wp-content\/uploads\/usu1432\/2021\/03\/DSCF0467-768x432.jpg 768w, https:\/\/agora.xtec.cat\/ceip-lespalmeres\/wp-content\/uploads\/usu1432\/2021\/03\/DSCF0467.jpg 1920w\" sizes=\"auto, (max-width: 1024px) 100vw, 1024px\" \/><\/a><\/figure>\n<\/div>\n<\/div>\n\n\n\n<div class=\"wp-block-columns is-layout-flex wp-container-core-columns-is-layout-4 wp-block-columns-is-layout-flex\">\n<div class=\"wp-block-column is-layout-flow wp-block-column-is-layout-flow\">\n<h3 class=\"wp-block-heading\"><a href=\"https:\/\/agora.xtec.cat\/ceip-lespalmeres\/innovamat\/\" data-type=\"link\" data-id=\"https:\/\/agora.xtec.cat\/ceip-lespalmeres\/innovamat\/\">Innovamat <\/a><\/h3>\n\n\n\n<p><a href=\"https:\/\/agora.xtec.cat\/ceip-lespalmeres\/innovamat\/\" data-type=\"link\" data-id=\"https:\/\/agora.xtec.cat\/ceip-lespalmeres\/innovamat\/\">M\u00e9s informaci\u00f3<\/a><\/p>\n\n\n\n<figure class=\"wp-block-image size-full\"><a href=\"https:\/\/agora.xtec.cat\/ceip-lespalmeres\/wp-content\/uploads\/usu1432\/2021\/02\/DSCF0383.jpg\"><img loading=\"lazy\" decoding=\"async\" width=\"1920\" height=\"1080\" src=\"https:\/\/agora.xtec.cat\/ceip-lespalmeres\/wp-content\/uploads\/usu1432\/2021\/02\/DSCF0383.jpg\" alt=\"\" class=\"wp-image-6636\" srcset=\"https:\/\/agora.xtec.cat\/ceip-lespalmeres\/wp-content\/uploads\/usu1432\/2021\/02\/DSCF0383.jpg 1920w, https:\/\/agora.xtec.cat\/ceip-lespalmeres\/wp-content\/uploads\/usu1432\/2021\/02\/DSCF0383-300x169.jpg 300w, https:\/\/agora.xtec.cat\/ceip-lespalmeres\/wp-content\/uploads\/usu1432\/2021\/02\/DSCF0383-768x432.jpg 768w, https:\/\/agora.xtec.cat\/ceip-lespalmeres\/wp-content\/uploads\/usu1432\/2021\/02\/DSCF0383-1024x576.jpg 1024w\" sizes=\"auto, (max-width: 1920px) 100vw, 1920px\" \/><\/a><\/figure>\n<\/div>\n\n\n\n<div class=\"wp-block-column is-layout-flow wp-block-column-is-layout-flow\">\n<h3 class=\"wp-block-heading\">Tallers d&#8217;art<\/h3>\n\n\n\n<p>M\u00e9s informaci\u00f3<\/p>\n\n\n\n<figure class=\"wp-block-image size-large\"><a href=\"https:\/\/agora.xtec.cat\/ceip-lespalmeres\/wp-content\/uploads\/usu1432\/2021\/02\/DSCF0169.jpg\"><img loading=\"lazy\" decoding=\"async\" width=\"1024\" height=\"576\" src=\"https:\/\/agora.xtec.cat\/ceip-lespalmeres\/wp-content\/uploads\/usu1432\/2021\/02\/DSCF0169-1024x576.jpg\" alt=\"\" class=\"wp-image-6667\" srcset=\"https:\/\/agora.xtec.cat\/ceip-lespalmeres\/wp-content\/uploads\/usu1432\/2021\/02\/DSCF0169-1024x576.jpg 1024w, https:\/\/agora.xtec.cat\/ceip-lespalmeres\/wp-content\/uploads\/usu1432\/2021\/02\/DSCF0169-300x169.jpg 300w, https:\/\/agora.xtec.cat\/ceip-lespalmeres\/wp-content\/uploads\/usu1432\/2021\/02\/DSCF0169-768x432.jpg 768w, https:\/\/agora.xtec.cat\/ceip-lespalmeres\/wp-content\/uploads\/usu1432\/2021\/02\/DSCF0169.jpg 1920w\" sizes=\"auto, (max-width: 1024px) 100vw, 1024px\" \/><\/a><\/figure>\n<\/div>\n\n\n\n<div class=\"wp-block-column is-layout-flow wp-block-column-is-layout-flow\">\n<h3 class=\"wp-block-heading\"><a href=\"https:\/\/agora.xtec.cat\/ceip-lespalmeres\/sortides-i-colonies\/\" data-type=\"link\" data-id=\"https:\/\/agora.xtec.cat\/ceip-lespalmeres\/sortides-i-colonies\/\">Sortides <\/a><\/h3>\n\n\n\n<p><a href=\"https:\/\/agora.xtec.cat\/ceip-lespalmeres\/sortides-i-colonies\/\" data-type=\"link\" data-id=\"https:\/\/agora.xtec.cat\/ceip-lespalmeres\/sortides-i-colonies\/\">M\u00e9s informaci\u00f3<\/a><\/p>\n\n\n\n<figure class=\"wp-block-image size-full\"><a href=\"https:\/\/agora.xtec.cat\/ceip-lespalmeres\/wp-content\/uploads\/usu1432\/2021\/01\/Captura-2021-01-12-a-las-22.12.00-e1612378389275.png\"><img loading=\"lazy\" decoding=\"async\" width=\"828\" height=\"500\" src=\"https:\/\/agora.xtec.cat\/ceip-lespalmeres\/wp-content\/uploads\/usu1432\/2021\/01\/Captura-2021-01-12-a-las-22.12.00-e1612378389275.png\" alt=\"\" class=\"wp-image-6335\" srcset=\"https:\/\/agora.xtec.cat\/ceip-lespalmeres\/wp-content\/uploads\/usu1432\/2021\/01\/Captura-2021-01-12-a-las-22.12.00-e1612378389275.png 828w, https:\/\/agora.xtec.cat\/ceip-lespalmeres\/wp-content\/uploads\/usu1432\/2021\/01\/Captura-2021-01-12-a-las-22.12.00-e1612378389275-300x181.png 300w, https:\/\/agora.xtec.cat\/ceip-lespalmeres\/wp-content\/uploads\/usu1432\/2021\/01\/Captura-2021-01-12-a-las-22.12.00-e1612378389275-768x464.png 768w\" sizes=\"auto, (max-width: 828px) 100vw, 828px\" \/><\/a><\/figure>\n<\/div>\n<\/div>\n\n\n\n<div class=\"wp-block-columns is-layout-flex wp-container-core-columns-is-layout-5 wp-block-columns-is-layout-flex\">\n<div class=\"wp-block-column is-layout-flow wp-block-column-is-layout-flow\">\n<h3 class=\"wp-block-heading\"><a href=\"http:\/\/agora.xtec.cat\/ceip-lespalmeres\/hora-del-conte\/\">Educaci\u00f3 F\u00edsica <\/a><\/h3>\n\n\n\n<p>M\u00e9s informaci\u00f3<\/p>\n\n\n\n<figure class=\"wp-block-image size-large\"><a href=\"https:\/\/agora.xtec.cat\/ceip-lespalmeres\/wp-content\/uploads\/usu1432\/2021\/02\/DSCF0261.jpg\"><img loading=\"lazy\" decoding=\"async\" width=\"1024\" height=\"576\" src=\"https:\/\/agora.xtec.cat\/ceip-lespalmeres\/wp-content\/uploads\/usu1432\/2021\/02\/DSCF0261-1024x576.jpg\" alt=\"\" class=\"wp-image-6666\" srcset=\"https:\/\/agora.xtec.cat\/ceip-lespalmeres\/wp-content\/uploads\/usu1432\/2021\/02\/DSCF0261-1024x576.jpg 1024w, https:\/\/agora.xtec.cat\/ceip-lespalmeres\/wp-content\/uploads\/usu1432\/2021\/02\/DSCF0261-300x169.jpg 300w, https:\/\/agora.xtec.cat\/ceip-lespalmeres\/wp-content\/uploads\/usu1432\/2021\/02\/DSCF0261-768x432.jpg 768w, https:\/\/agora.xtec.cat\/ceip-lespalmeres\/wp-content\/uploads\/usu1432\/2021\/02\/DSCF0261.jpg 1920w\" sizes=\"auto, (max-width: 1024px) 100vw, 1024px\" \/><\/a><\/figure>\n<\/div>\n\n\n\n<div class=\"wp-block-column is-layout-flow wp-block-column-is-layout-flow\">\n<h3 class=\"wp-block-heading\"><a href=\"https:\/\/agora.xtec.cat\/ceip-lespalmeres\/musica\/\" data-type=\"link\" data-id=\"https:\/\/agora.xtec.cat\/ceip-lespalmeres\/musica\/\">M\u00fasica<\/a><\/h3>\n\n\n\n<p><a href=\"https:\/\/agora.xtec.cat\/ceip-lespalmeres\/musica\/\" data-type=\"link\" data-id=\"https:\/\/agora.xtec.cat\/ceip-lespalmeres\/musica\/\">M\u00e9s informaci\u00f3<\/a><\/p>\n\n\n\n<figure class=\"wp-block-image size-large\"><a href=\"https:\/\/agora.xtec.cat\/ceip-lespalmeres\/wp-content\/uploads\/usu1432\/2021\/02\/DSCF0224.jpg\"><img loading=\"lazy\" decoding=\"async\" width=\"1024\" height=\"576\" src=\"https:\/\/agora.xtec.cat\/ceip-lespalmeres\/wp-content\/uploads\/usu1432\/2021\/02\/DSCF0224-1024x576.jpg\" alt=\"\" class=\"wp-image-6857\" srcset=\"https:\/\/agora.xtec.cat\/ceip-lespalmeres\/wp-content\/uploads\/usu1432\/2021\/02\/DSCF0224-1024x576.jpg 1024w, https:\/\/agora.xtec.cat\/ceip-lespalmeres\/wp-content\/uploads\/usu1432\/2021\/02\/DSCF0224-300x169.jpg 300w, https:\/\/agora.xtec.cat\/ceip-lespalmeres\/wp-content\/uploads\/usu1432\/2021\/02\/DSCF0224-768x432.jpg 768w, https:\/\/agora.xtec.cat\/ceip-lespalmeres\/wp-content\/uploads\/usu1432\/2021\/02\/DSCF0224.jpg 1920w\" sizes=\"auto, (max-width: 1024px) 100vw, 1024px\" \/><\/a><\/figure>\n<\/div>\n\n\n\n<div class=\"wp-block-column is-layout-flow wp-block-column-is-layout-flow\">\n<h3 class=\"wp-block-heading\"><a href=\"http:\/\/agora.xtec.cat\/ceip-lespalmeres\/hora-del-conte\/\">Angl\u00e8s<\/a><\/h3>\n\n\n\n<p><a href=\"http:\/\/agora.xtec.cat\/ceip-lespalmeres\/hora-del-conte\/\">M\u00e9s informaci\u00f3<\/a><\/p>\n<\/div>\n<\/div>\n\n\n\n<div class=\"wp-block-columns is-layout-flex wp-container-core-columns-is-layout-6 wp-block-columns-is-layout-flex\">\n<div class=\"wp-block-column is-layout-flow wp-block-column-is-layout-flow\">\n<h3 class=\"wp-block-heading\">DLEC <\/h3>\n\n\n\n<p>M\u00e9s informaci\u00f3<\/p>\n\n\n\n<figure class=\"wp-block-image size-full is-resized\"><a href=\"https:\/\/agora.xtec.cat\/ceip-lespalmeres\/wp-content\/uploads\/usu1432\/2026\/02\/Captura-de-pantalla-2026-02-12-183221.png\"><img loading=\"lazy\" decoding=\"async\" width=\"947\" height=\"628\" src=\"https:\/\/agora.xtec.cat\/ceip-lespalmeres\/wp-content\/uploads\/usu1432\/2026\/02\/Captura-de-pantalla-2026-02-12-183221.png\" alt=\"\" class=\"wp-image-8641\" style=\"width:379px;height:auto\" srcset=\"https:\/\/agora.xtec.cat\/ceip-lespalmeres\/wp-content\/uploads\/usu1432\/2026\/02\/Captura-de-pantalla-2026-02-12-183221.png 947w, https:\/\/agora.xtec.cat\/ceip-lespalmeres\/wp-content\/uploads\/usu1432\/2026\/02\/Captura-de-pantalla-2026-02-12-183221-300x199.png 300w, https:\/\/agora.xtec.cat\/ceip-lespalmeres\/wp-content\/uploads\/usu1432\/2026\/02\/Captura-de-pantalla-2026-02-12-183221-768x509.png 768w\" sizes=\"auto, (max-width: 947px) 100vw, 947px\" \/><\/a><\/figure>\n<\/div>\n\n\n\n<div class=\"wp-block-column is-layout-flow wp-block-column-is-layout-flow\"><\/div>\n<\/div>\n","protected":false},"excerpt":{"rendered":"<p>L\u2019educaci\u00f3 infantil acaba als cinc anys i els alumnes continuen la seva descoberta a la prim\u00e0ria. Les mestres de les dues etapes treballen conjuntament i s&#8217;organitzen per continuar amb la mateixa l\u00ednia de treball adaptada al canvi d&#8217;etapa. ESTRUCTURA DE LA PRIM\u00c0RIA Es consoliden h\u00e0bits, sabers i destreses fonamentals.Mitjan\u00e7ant les metodologies que potencien el treball [&hellip;]<\/p>\n","protected":false},"author":1,"featured_media":0,"parent":0,"menu_order":0,"comment_status":"closed","ping_status":"closed","template":"","meta":{"_bbp_topic_count":0,"_bbp_reply_count":0,"_bbp_total_topic_count":0,"_bbp_total_reply_count":0,"_bbp_voice_count":0,"_bbp_anonymous_reply_count":0,"_bbp_topic_count_hidden":0,"_bbp_reply_count_hidden":0,"_bbp_forum_subforum_count":0,"site-sidebar-layout":"default","site-content-layout":"","ast-site-content-layout":"default","site-content-style":"default","site-sidebar-style":"default","ast-global-header-display":"","ast-banner-title-visibility":"","ast-main-header-display":"","ast-hfb-above-header-display":"","ast-hfb-below-header-display":"","ast-hfb-mobile-header-display":"","site-post-title":"","ast-breadcrumbs-content":"","ast-featured-img":"","footer-sml-layout":"","theme-transparent-header-meta":"","adv-header-id-meta":"","stick-header-meta":"","header-above-stick-meta":"","header-main-stick-meta":"","header-below-stick-meta":"","astra-migrate-meta-layouts":"set","ast-page-background-enabled":"default","ast-page-background-meta":{"desktop":{"background-color":"var(--ast-global-color-4)","background-image":"","background-repeat":"repeat","background-position":"center center","background-size":"auto","background-attachment":"scroll","background-type":"","background-media":"","overlay-type":"","overlay-color":"","overlay-opacity":"","overlay-gradient":""},"tablet":{"background-color":"","background-image":"","background-repeat":"repeat","background-position":"center center","background-size":"auto","background-attachment":"scroll","background-type":"","background-media":"","overlay-type":"","overlay-color":"","overlay-opacity":"","overlay-gradient":""},"mobile":{"background-color":"","background-image":"","background-repeat":"repeat","background-position":"center center","background-size":"auto","background-attachment":"scroll","background-type":"","background-media":"","overlay-type":"","overlay-color":"","overlay-opacity":"","overlay-gradient":""}},"ast-content-background-meta":{"desktop":{"background-color":"var(--ast-global-color-5)","background-image":"","background-repeat":"repeat","background-position":"center center","background-size":"auto","background-attachment":"scroll","background-type":"","background-media":"","overlay-type":"","overlay-color":"","overlay-opacity":"","overlay-gradient":""},"tablet":{"background-color":"var(--ast-global-color-5)","background-image":"","background-repeat":"repeat","background-position":"center center","background-size":"auto","background-attachment":"scroll","background-type":"","background-media":"","overlay-type":"","overlay-color":"","overlay-opacity":"","overlay-gradient":""},"mobile":{"background-color":"var(--ast-global-color-5)","background-image":"","background-repeat":"repeat","background-position":"center center","background-size":"auto","background-attachment":"scroll","background-type":"","background-media":"","overlay-type":"","overlay-color":"","overlay-opacity":"","overlay-gradient":""}},"footnotes":""},"class_list":["post-6387","page","type-page","status-publish","hentry"],"post_mailing_queue_ids":[],"_links":{"self":[{"href":"https:\/\/agora.xtec.cat\/ceip-lespalmeres\/wp-json\/wp\/v2\/pages\/6387","targetHints":{"allow":["GET"]}}],"collection":[{"href":"https:\/\/agora.xtec.cat\/ceip-lespalmeres\/wp-json\/wp\/v2\/pages"}],"about":[{"href":"https:\/\/agora.xtec.cat\/ceip-lespalmeres\/wp-json\/wp\/v2\/types\/page"}],"author":[{"embeddable":true,"href":"https:\/\/agora.xtec.cat\/ceip-lespalmeres\/wp-json\/wp\/v2\/users\/1"}],"replies":[{"embeddable":true,"href":"https:\/\/agora.xtec.cat\/ceip-lespalmeres\/wp-json\/wp\/v2\/comments?post=6387"}],"version-history":[{"count":6,"href":"https:\/\/agora.xtec.cat\/ceip-lespalmeres\/wp-json\/wp\/v2\/pages\/6387\/revisions"}],"predecessor-version":[{"id":8673,"href":"https:\/\/agora.xtec.cat\/ceip-lespalmeres\/wp-json\/wp\/v2\/pages\/6387\/revisions\/8673"}],"wp:attachment":[{"href":"https:\/\/agora.xtec.cat\/ceip-lespalmeres\/wp-json\/wp\/v2\/media?parent=6387"}],"curies":[{"name":"wp","href":"https:\/\/api.w.org\/{rel}","templated":true}]}}