{"id":6383,"date":"2021-01-19T17:13:22","date_gmt":"2021-01-19T16:13:22","guid":{"rendered":"http:\/\/agora.xtec.cat\/ceip-lespalmeres\/?page_id=6383"},"modified":"2026-02-12T18:48:09","modified_gmt":"2026-02-12T17:48:09","slug":"educacio-infantil-2","status":"publish","type":"page","link":"https:\/\/agora.xtec.cat\/ceip-lespalmeres\/educacio-infantil-2\/","title":{"rendered":"Educaci\u00f3 infantil"},"content":{"rendered":"\n<p>L\u2019educaci\u00f3 infantil \u00e9s una etapa que contribueix al desenvolupament emocional i afectiu, f\u00edsic i motor, social i cognitiu dels infants. <br>Ens ocupa una etapa per acollir, cr\u00e9ixer i aprendre en un clima de proximitat.<br><br>El nou curr\u00edculum&nbsp;posa en el centre de totes les decisions a l\u2019infant&nbsp;i al desenvolupament de les seves capacitats. <br>Reconeix a l&#8217;alumne com el protagonista del seu propi aprenentatge i del grup al qual pertany i que respecta i s\u2019adapta a la forma globalitzada de desenvolupar-se i aprendre dels infants. <br>Cal generar contextos educatius basats en&nbsp;situacions amb sentit, funcionals, significatives i contextualitzades, des del respecte als diferents ritmes i a la sensibilitat de l\u2019etapa.<\/p>\n\n\n\n<div class=\"wp-block-columns is-layout-flex wp-container-core-columns-is-layout-1 wp-block-columns-is-layout-flex\" style=\"padding-top:0;padding-right:var(--wp--preset--spacing--20);padding-bottom:0;padding-left:var(--wp--preset--spacing--20)\">\n<div class=\"wp-block-column is-layout-flow wp-block-column-is-layout-flow\">\n<figure class=\"wp-block-image size-large\"><a href=\"https:\/\/agora.xtec.cat\/ceip-lespalmeres\/wp-content\/uploads\/usu1432\/2021\/03\/DSCF0732.jpg\"><img loading=\"lazy\" decoding=\"async\" width=\"1024\" height=\"576\" src=\"https:\/\/agora.xtec.cat\/ceip-lespalmeres\/wp-content\/uploads\/usu1432\/2021\/03\/DSCF0732-1024x576.jpg\" alt=\"\" class=\"wp-image-6934\" srcset=\"https:\/\/agora.xtec.cat\/ceip-lespalmeres\/wp-content\/uploads\/usu1432\/2021\/03\/DSCF0732-1024x576.jpg 1024w, https:\/\/agora.xtec.cat\/ceip-lespalmeres\/wp-content\/uploads\/usu1432\/2021\/03\/DSCF0732-300x169.jpg 300w, https:\/\/agora.xtec.cat\/ceip-lespalmeres\/wp-content\/uploads\/usu1432\/2021\/03\/DSCF0732-768x432.jpg 768w, https:\/\/agora.xtec.cat\/ceip-lespalmeres\/wp-content\/uploads\/usu1432\/2021\/03\/DSCF0732.jpg 1920w\" sizes=\"auto, (max-width: 1024px) 100vw, 1024px\" \/><\/a><\/figure>\n<\/div>\n\n\n\n<div class=\"wp-block-column is-layout-flow wp-block-column-is-layout-flow\">\n<p>Som una escola de dues l\u00ednies i treballem amb dues tutores de refer\u00e8ncia, l&#8217;A i el B . <br>A m\u00e9s tenim a les mestres per alumnes NEE,  les especialista d&#8217;angl\u00e8s de prim\u00e0ria baixen a treballar amb els alumnes d&#8217;I5 i les mestres de suport per cobrir d&#8217;ambients i desdoblaments.<br>&nbsp;<\/p>\n\n\n\n<p> El 2n cicle d\u2019Infantil, d\u2019acord amb el calendari escolar obligatori, el curs comen\u00e7a al setembre finalitza al juny.<\/p>\n\n\n\n<p> HORARI ESCOLAR<\/p>\n\n\n\n<p>De 9.00 h a 12.30h i de 15.00 h a 16.30 h<\/p>\n\n\n\n<p> <a href=\"https:\/\/agora.xtec.cat\/ceip-lespalmeres\/serveis\/servei-dacollida\/\" target=\"_blank\" rel=\"noreferrer noopener\">Hi ha servei de perman\u00e8ncies de mat\u00ed i tarda<\/a><\/p>\n<\/div>\n<\/div>\n\n\n\n<div class=\"wp-block-columns is-layout-flex wp-container-core-columns-is-layout-2 wp-block-columns-is-layout-flex\">\n<div class=\"wp-block-column is-layout-flow wp-block-column-is-layout-flow\">\n<h3 class=\"wp-block-heading\"><a href=\"http:\/\/agora.xtec.cat\/ceip-lespalmeres\/projecte-educatiu\/ambients\/\">Ambients<\/a><\/h3>\n\n\n\n<p><a href=\"http:\/\/agora.xtec.cat\/ceip-lespalmeres\/projecte-educatiu\/ambients\/\">M\u00e9s informaci\u00f3<\/a><\/p>\n\n\n\n<figure class=\"wp-block-image size-large\"><a href=\"https:\/\/agora.xtec.cat\/ceip-lespalmeres\/wp-content\/uploads\/usu1432\/2022\/02\/20210113_112235-min-scaled.jpg\"><img loading=\"lazy\" decoding=\"async\" width=\"2560\" height=\"1440\" src=\"https:\/\/agora.xtec.cat\/ceip-lespalmeres\/wp-content\/uploads\/usu1432\/2026\/01\/20210113_112235-min-edited-1-scaled.jpg\" alt=\"\" class=\"wp-image-8625\" srcset=\"https:\/\/agora.xtec.cat\/ceip-lespalmeres\/wp-content\/uploads\/usu1432\/2026\/01\/20210113_112235-min-edited-1-scaled.jpg 2560w, https:\/\/agora.xtec.cat\/ceip-lespalmeres\/wp-content\/uploads\/usu1432\/2026\/01\/20210113_112235-min-edited-1-300x169.jpg 300w, https:\/\/agora.xtec.cat\/ceip-lespalmeres\/wp-content\/uploads\/usu1432\/2026\/01\/20210113_112235-min-edited-1-1024x576.jpg 1024w, https:\/\/agora.xtec.cat\/ceip-lespalmeres\/wp-content\/uploads\/usu1432\/2026\/01\/20210113_112235-min-edited-1-768x432.jpg 768w, https:\/\/agora.xtec.cat\/ceip-lespalmeres\/wp-content\/uploads\/usu1432\/2026\/01\/20210113_112235-min-edited-1-1536x864.jpg 1536w, https:\/\/agora.xtec.cat\/ceip-lespalmeres\/wp-content\/uploads\/usu1432\/2026\/01\/20210113_112235-min-edited-1-2048x1152.jpg 2048w\" sizes=\"auto, (max-width: 2560px) 100vw, 2560px\" \/><\/a><\/figure>\n<\/div>\n\n\n\n<div class=\"wp-block-column is-layout-flow wp-block-column-is-layout-flow\">\n<h3 class=\"wp-block-heading\"><a href=\"https:\/\/agora.xtec.cat\/ceip-lespalmeres\/projectes-daprenentatge-a-primaria\/\">Treball per projectes&nbsp;<\/a><\/h3>\n\n\n\n<p><a href=\"http:\/\/agora.xtec.cat\/ceip-lespalmeres\/projecte-educatiu\/projectes\/\">M\u00e9s informaci\u00f3<\/a><\/p>\n\n\n\n<figure class=\"wp-block-image aligncenter size-large\"><a href=\"https:\/\/agora.xtec.cat\/ceip-lespalmeres\/wp-content\/uploads\/usu1432\/2022\/02\/Copia-de-20200116_094126-min-scaled.jpg\"><img loading=\"lazy\" decoding=\"async\" width=\"2560\" height=\"1440\" src=\"https:\/\/agora.xtec.cat\/ceip-lespalmeres\/wp-content\/uploads\/usu1432\/2026\/01\/Copia-de-20200116_094126-min-edited-1-scaled.jpg\" alt=\"\" class=\"wp-image-8624\" srcset=\"https:\/\/agora.xtec.cat\/ceip-lespalmeres\/wp-content\/uploads\/usu1432\/2026\/01\/Copia-de-20200116_094126-min-edited-1-scaled.jpg 2560w, https:\/\/agora.xtec.cat\/ceip-lespalmeres\/wp-content\/uploads\/usu1432\/2026\/01\/Copia-de-20200116_094126-min-edited-1-300x169.jpg 300w, https:\/\/agora.xtec.cat\/ceip-lespalmeres\/wp-content\/uploads\/usu1432\/2026\/01\/Copia-de-20200116_094126-min-edited-1-1024x576.jpg 1024w, https:\/\/agora.xtec.cat\/ceip-lespalmeres\/wp-content\/uploads\/usu1432\/2026\/01\/Copia-de-20200116_094126-min-edited-1-768x432.jpg 768w, https:\/\/agora.xtec.cat\/ceip-lespalmeres\/wp-content\/uploads\/usu1432\/2026\/01\/Copia-de-20200116_094126-min-edited-1-1536x864.jpg 1536w, https:\/\/agora.xtec.cat\/ceip-lespalmeres\/wp-content\/uploads\/usu1432\/2026\/01\/Copia-de-20200116_094126-min-edited-1-2048x1152.jpg 2048w\" sizes=\"auto, (max-width: 2560px) 100vw, 2560px\" \/><\/a><\/figure>\n<\/div>\n\n\n\n<div class=\"wp-block-column is-layout-flow wp-block-column-is-layout-flow\">\n<h3 class=\"wp-block-heading\"><a href=\"http:\/\/agora.xtec.cat\/ceip-lespalmeres\/calaixets-2\/\">Calaixets<\/a><\/h3>\n\n\n\n<p><a href=\"http:\/\/agora.xtec.cat\/ceip-lespalmeres\/calaixets-2\/\">M\u00e9s informaci\u00f3<\/a><\/p>\n\n\n\n<figure class=\"wp-block-image size-large\"><a href=\"https:\/\/agora.xtec.cat\/ceip-lespalmeres\/wp-content\/uploads\/usu1432\/2021\/02\/DSCF0378.jpg\"><img loading=\"lazy\" decoding=\"async\" width=\"1024\" height=\"576\" src=\"https:\/\/agora.xtec.cat\/ceip-lespalmeres\/wp-content\/uploads\/usu1432\/2021\/02\/DSCF0378-1024x576.jpg\" alt=\"\" class=\"wp-image-6756\" srcset=\"https:\/\/agora.xtec.cat\/ceip-lespalmeres\/wp-content\/uploads\/usu1432\/2021\/02\/DSCF0378-1024x576.jpg 1024w, https:\/\/agora.xtec.cat\/ceip-lespalmeres\/wp-content\/uploads\/usu1432\/2021\/02\/DSCF0378-300x169.jpg 300w, https:\/\/agora.xtec.cat\/ceip-lespalmeres\/wp-content\/uploads\/usu1432\/2021\/02\/DSCF0378-768x432.jpg 768w, https:\/\/agora.xtec.cat\/ceip-lespalmeres\/wp-content\/uploads\/usu1432\/2021\/02\/DSCF0378.jpg 1920w\" sizes=\"auto, (max-width: 1024px) 100vw, 1024px\" \/><\/a><\/figure>\n<\/div>\n<\/div>\n\n\n\n<div class=\"wp-block-columns is-layout-flex wp-container-core-columns-is-layout-3 wp-block-columns-is-layout-flex\">\n<div class=\"wp-block-column is-layout-flow wp-block-column-is-layout-flow\">\n<h3 class=\"wp-block-heading\"><a href=\"http:\/\/agora.xtec.cat\/ceip-lespalmeres\/projecte-educatiu\/psicomotricitat\/\">Psicomotricitat&nbsp;<\/a><\/h3>\n\n\n\n<p><a href=\"http:\/\/agora.xtec.cat\/ceip-lespalmeres\/projecte-educatiu\/psicomotricitat\/\">M\u00e9s informaci\u00f3<\/a><\/p>\n\n\n\n<figure class=\"wp-block-image size-large\"><a href=\"https:\/\/agora.xtec.cat\/ceip-lespalmeres\/wp-content\/uploads\/usu1432\/2022\/02\/SALA2-min-scaled.jpg\"><img loading=\"lazy\" decoding=\"async\" width=\"2560\" height=\"1440\" src=\"https:\/\/agora.xtec.cat\/ceip-lespalmeres\/wp-content\/uploads\/usu1432\/2026\/01\/SALA2-min-edited-scaled.jpg\" alt=\"\" class=\"wp-image-8626\" srcset=\"https:\/\/agora.xtec.cat\/ceip-lespalmeres\/wp-content\/uploads\/usu1432\/2026\/01\/SALA2-min-edited-scaled.jpg 2560w, https:\/\/agora.xtec.cat\/ceip-lespalmeres\/wp-content\/uploads\/usu1432\/2026\/01\/SALA2-min-edited-300x169.jpg 300w, https:\/\/agora.xtec.cat\/ceip-lespalmeres\/wp-content\/uploads\/usu1432\/2026\/01\/SALA2-min-edited-1024x576.jpg 1024w, https:\/\/agora.xtec.cat\/ceip-lespalmeres\/wp-content\/uploads\/usu1432\/2026\/01\/SALA2-min-edited-768x432.jpg 768w, https:\/\/agora.xtec.cat\/ceip-lespalmeres\/wp-content\/uploads\/usu1432\/2026\/01\/SALA2-min-edited-1536x864.jpg 1536w, https:\/\/agora.xtec.cat\/ceip-lespalmeres\/wp-content\/uploads\/usu1432\/2026\/01\/SALA2-min-edited-2048x1152.jpg 2048w\" sizes=\"auto, (max-width: 2560px) 100vw, 2560px\" \/><\/a><\/figure>\n<\/div>\n\n\n\n<div class=\"wp-block-column is-layout-flow wp-block-column-is-layout-flow\">\n<h3 class=\"wp-block-heading\"><a href=\"https:\/\/agora.xtec.cat\/ceip-lespalmeres\/jocs-matematics\/\" target=\"_blank\" rel=\"noreferrer noopener\">Espais d&#8217;Aprenentatge<\/a><\/h3>\n\n\n\n<p>M\u00e9s informaci\u00f3<\/p>\n\n\n\n<figure class=\"wp-block-image\"><img loading=\"lazy\" decoding=\"async\" width=\"1024\" height=\"576\" src=\"https:\/\/agora.xtec.cat\/ceip-lespalmeres\/wp-content\/uploads\/usu1432\/2021\/02\/jocs-matematics--1024x576.jpg\" alt=\"\" class=\"wp-image-6644\" srcset=\"https:\/\/agora.xtec.cat\/ceip-lespalmeres\/wp-content\/uploads\/usu1432\/2021\/02\/jocs-matematics--1024x576.jpg 1024w, https:\/\/agora.xtec.cat\/ceip-lespalmeres\/wp-content\/uploads\/usu1432\/2021\/02\/jocs-matematics--300x169.jpg 300w, https:\/\/agora.xtec.cat\/ceip-lespalmeres\/wp-content\/uploads\/usu1432\/2021\/02\/jocs-matematics--768x432.jpg 768w, https:\/\/agora.xtec.cat\/ceip-lespalmeres\/wp-content\/uploads\/usu1432\/2021\/02\/jocs-matematics-.jpg 1920w\" sizes=\"auto, (max-width: 1024px) 100vw, 1024px\" \/><\/figure>\n<\/div>\n\n\n\n<div class=\"wp-block-column is-layout-flow wp-block-column-is-layout-flow\">\n<h3 class=\"wp-block-heading\"><a href=\"http:\/\/agora.xtec.cat\/ceip-lespalmeres\/vida-daula\/\">Vida d&#8217;aula<\/a><\/h3>\n\n\n\n<p><a href=\"http:\/\/agora.xtec.cat\/ceip-lespalmeres\/vida-daula\/\">M\u00e9s informaci\u00f3<\/a><\/p>\n\n\n\n<figure class=\"wp-block-image size-large\"><a href=\"https:\/\/agora.xtec.cat\/ceip-lespalmeres\/wp-content\/uploads\/usu1432\/2021\/02\/Copia-de-IMG-20200115-WA0006.jpg\"><img loading=\"lazy\" decoding=\"async\" width=\"1200\" height=\"675\" src=\"https:\/\/agora.xtec.cat\/ceip-lespalmeres\/wp-content\/uploads\/usu1432\/2026\/01\/Copia-de-IMG-20200115-WA0006-edited.jpg\" alt=\"\" class=\"wp-image-8627\" srcset=\"https:\/\/agora.xtec.cat\/ceip-lespalmeres\/wp-content\/uploads\/usu1432\/2026\/01\/Copia-de-IMG-20200115-WA0006-edited.jpg 1200w, https:\/\/agora.xtec.cat\/ceip-lespalmeres\/wp-content\/uploads\/usu1432\/2026\/01\/Copia-de-IMG-20200115-WA0006-edited-300x169.jpg 300w, https:\/\/agora.xtec.cat\/ceip-lespalmeres\/wp-content\/uploads\/usu1432\/2026\/01\/Copia-de-IMG-20200115-WA0006-edited-1024x576.jpg 1024w, https:\/\/agora.xtec.cat\/ceip-lespalmeres\/wp-content\/uploads\/usu1432\/2026\/01\/Copia-de-IMG-20200115-WA0006-edited-768x432.jpg 768w\" sizes=\"auto, (max-width: 1200px) 100vw, 1200px\" \/><\/a><\/figure>\n<\/div>\n<\/div>\n\n\n\n<div class=\"wp-block-columns is-layout-flex wp-container-core-columns-is-layout-4 wp-block-columns-is-layout-flex\">\n<div class=\"wp-block-column is-layout-flow wp-block-column-is-layout-flow\">\n<h3 class=\"wp-block-heading\"><a href=\"http:\/\/agora.xtec.cat\/ceip-lespalmeres\/hora-del-conte\/\">Hora del conte<\/a><\/h3>\n\n\n\n<p><a href=\"http:\/\/agora.xtec.cat\/ceip-lespalmeres\/hora-del-conte\/\">M\u00e9s informaci\u00f3<\/a><\/p>\n\n\n\n<figure class=\"wp-block-image size-large\"><a href=\"https:\/\/agora.xtec.cat\/ceip-lespalmeres\/wp-content\/uploads\/usu1432\/2022\/02\/IMG_20220210_103813-min-scaled.jpg\"><img loading=\"lazy\" decoding=\"async\" width=\"2560\" height=\"1441\" src=\"https:\/\/agora.xtec.cat\/ceip-lespalmeres\/wp-content\/uploads\/usu1432\/2026\/01\/IMG_20220210_103813-min-edited-scaled.jpg\" alt=\"\" class=\"wp-image-8629\" srcset=\"https:\/\/agora.xtec.cat\/ceip-lespalmeres\/wp-content\/uploads\/usu1432\/2026\/01\/IMG_20220210_103813-min-edited-scaled.jpg 2560w, https:\/\/agora.xtec.cat\/ceip-lespalmeres\/wp-content\/uploads\/usu1432\/2026\/01\/IMG_20220210_103813-min-edited-300x169.jpg 300w, https:\/\/agora.xtec.cat\/ceip-lespalmeres\/wp-content\/uploads\/usu1432\/2026\/01\/IMG_20220210_103813-min-edited-1024x576.jpg 1024w, https:\/\/agora.xtec.cat\/ceip-lespalmeres\/wp-content\/uploads\/usu1432\/2026\/01\/IMG_20220210_103813-min-edited-768x432.jpg 768w, https:\/\/agora.xtec.cat\/ceip-lespalmeres\/wp-content\/uploads\/usu1432\/2026\/01\/IMG_20220210_103813-min-edited-1536x864.jpg 1536w, https:\/\/agora.xtec.cat\/ceip-lespalmeres\/wp-content\/uploads\/usu1432\/2026\/01\/IMG_20220210_103813-min-edited-2048x1152.jpg 2048w\" sizes=\"auto, (max-width: 2560px) 100vw, 2560px\" \/><\/a><\/figure>\n<\/div>\n\n\n\n<div class=\"wp-block-column is-layout-flow wp-block-column-is-layout-flow\">\n<h3 class=\"wp-block-heading\">M\u00fasica<\/h3>\n\n\n\n<p><a href=\"http:\/\/agora.xtec.cat\/ceip-lespalmeres\/hora-del-conte\/\">M\u00e9s informaci\u00f3<\/a><\/p>\n\n\n\n<figure class=\"wp-block-image size-large\"><a href=\"https:\/\/agora.xtec.cat\/ceip-lespalmeres\/wp-content\/uploads\/usu1432\/2021\/01\/9e13c008-5e44-4cf5-b107-e39735ec33c6.jpg\"><img loading=\"lazy\" decoding=\"async\" width=\"1600\" height=\"900\" src=\"https:\/\/agora.xtec.cat\/ceip-lespalmeres\/wp-content\/uploads\/usu1432\/2026\/01\/9e13c008-5e44-4cf5-b107-e39735ec33c6-edited.jpg\" alt=\"\" class=\"wp-image-8628\" srcset=\"https:\/\/agora.xtec.cat\/ceip-lespalmeres\/wp-content\/uploads\/usu1432\/2026\/01\/9e13c008-5e44-4cf5-b107-e39735ec33c6-edited.jpg 1600w, https:\/\/agora.xtec.cat\/ceip-lespalmeres\/wp-content\/uploads\/usu1432\/2026\/01\/9e13c008-5e44-4cf5-b107-e39735ec33c6-edited-300x169.jpg 300w, https:\/\/agora.xtec.cat\/ceip-lespalmeres\/wp-content\/uploads\/usu1432\/2026\/01\/9e13c008-5e44-4cf5-b107-e39735ec33c6-edited-1024x576.jpg 1024w, https:\/\/agora.xtec.cat\/ceip-lespalmeres\/wp-content\/uploads\/usu1432\/2026\/01\/9e13c008-5e44-4cf5-b107-e39735ec33c6-edited-768x432.jpg 768w, https:\/\/agora.xtec.cat\/ceip-lespalmeres\/wp-content\/uploads\/usu1432\/2026\/01\/9e13c008-5e44-4cf5-b107-e39735ec33c6-edited-1536x864.jpg 1536w\" sizes=\"auto, (max-width: 1600px) 100vw, 1600px\" \/><\/a><\/figure>\n<\/div>\n\n\n\n<div class=\"wp-block-column is-layout-flow wp-block-column-is-layout-flow\">\n<h3 class=\"wp-block-heading\"><a href=\"http:\/\/agora.xtec.cat\/ceip-lespalmeres\/hora-del-conte\/\">Angl\u00e8s<\/a><\/h3>\n\n\n\n<p><a href=\"http:\/\/agora.xtec.cat\/ceip-lespalmeres\/hora-del-conte\/\">M\u00e9s informaci\u00f3<\/a><\/p>\n<\/div>\n<\/div>\n\n\n\n<div class=\"wp-block-columns is-layout-flex wp-container-core-columns-is-layout-5 wp-block-columns-is-layout-flex\">\n<div class=\"wp-block-column is-layout-flow wp-block-column-is-layout-flow\">\n<h3 class=\"wp-block-heading\">DLEC <\/h3>\n\n\n\n<p>M\u00e9s informaci\u00f3<\/p>\n\n\n\n<figure class=\"wp-block-image size-full\"><a href=\"https:\/\/agora.xtec.cat\/ceip-lespalmeres\/wp-content\/uploads\/usu1432\/2026\/02\/Captura-de-pantalla-2026-02-12-183221.png\"><img loading=\"lazy\" decoding=\"async\" width=\"947\" height=\"628\" src=\"https:\/\/agora.xtec.cat\/ceip-lespalmeres\/wp-content\/uploads\/usu1432\/2026\/02\/Captura-de-pantalla-2026-02-12-183221.png\" alt=\"\" class=\"wp-image-8641\" srcset=\"https:\/\/agora.xtec.cat\/ceip-lespalmeres\/wp-content\/uploads\/usu1432\/2026\/02\/Captura-de-pantalla-2026-02-12-183221.png 947w, https:\/\/agora.xtec.cat\/ceip-lespalmeres\/wp-content\/uploads\/usu1432\/2026\/02\/Captura-de-pantalla-2026-02-12-183221-300x199.png 300w, https:\/\/agora.xtec.cat\/ceip-lespalmeres\/wp-content\/uploads\/usu1432\/2026\/02\/Captura-de-pantalla-2026-02-12-183221-768x509.png 768w\" sizes=\"auto, (max-width: 947px) 100vw, 947px\" \/><\/a><\/figure>\n<\/div>\n\n\n\n<div class=\"wp-block-column is-layout-flow wp-block-column-is-layout-flow\">\n<h3 class=\"wp-block-heading\">innovamat<\/h3>\n\n\n\n<p>M\u00e9s informaci\u00f3<\/p>\n\n\n\n<figure class=\"wp-block-image size-full\"><a href=\"https:\/\/agora.xtec.cat\/ceip-lespalmeres\/wp-content\/uploads\/usu1432\/2026\/02\/salonet_resources-ey.svg\"><img decoding=\"async\" src=\"https:\/\/agora.xtec.cat\/ceip-lespalmeres\/wp-content\/uploads\/usu1432\/2026\/02\/salonet_resources-ey.svg\" alt=\"\" class=\"wp-image-8644\"\/><\/a><\/figure>\n<\/div>\n\n\n\n<div class=\"wp-block-column is-layout-flow wp-block-column-is-layout-flow\"><\/div>\n<\/div>\n\n\n\n<p><\/p>\n","protected":false},"excerpt":{"rendered":"<p>L\u2019educaci\u00f3 infantil \u00e9s una etapa que contribueix al desenvolupament emocional i afectiu, f\u00edsic i motor, social i cognitiu dels infants. Ens ocupa una etapa per acollir, cr\u00e9ixer i aprendre en un clima de proximitat. El nou curr\u00edculum&nbsp;posa en el centre de totes les decisions a l\u2019infant&nbsp;i al desenvolupament de les seves capacitats. Reconeix a l&#8217;alumne [&hellip;]<\/p>\n","protected":false},"author":1,"featured_media":0,"parent":0,"menu_order":0,"comment_status":"closed","ping_status":"closed","template":"","meta":{"_bbp_topic_count":0,"_bbp_reply_count":0,"_bbp_total_topic_count":0,"_bbp_total_reply_count":0,"_bbp_voice_count":0,"_bbp_anonymous_reply_count":0,"_bbp_topic_count_hidden":0,"_bbp_reply_count_hidden":0,"_bbp_forum_subforum_count":0,"site-sidebar-layout":"default","site-content-layout":"","ast-site-content-layout":"default","site-content-style":"default","site-sidebar-style":"default","ast-global-header-display":"","ast-banner-title-visibility":"","ast-main-header-display":"","ast-hfb-above-header-display":"","ast-hfb-below-header-display":"","ast-hfb-mobile-header-display":"","site-post-title":"","ast-breadcrumbs-content":"","ast-featured-img":"","footer-sml-layout":"","theme-transparent-header-meta":"","adv-header-id-meta":"","stick-header-meta":"","header-above-stick-meta":"","header-main-stick-meta":"","header-below-stick-meta":"","astra-migrate-meta-layouts":"set","ast-page-background-enabled":"default","ast-page-background-meta":{"desktop":{"background-color":"var(--ast-global-color-4)","background-image":"","background-repeat":"repeat","background-position":"center center","background-size":"auto","background-attachment":"scroll","background-type":"","background-media":"","overlay-type":"","overlay-color":"","overlay-opacity":"","overlay-gradient":""},"tablet":{"background-color":"","background-image":"","background-repeat":"repeat","background-position":"center center","background-size":"auto","background-attachment":"scroll","background-type":"","background-media":"","overlay-type":"","overlay-color":"","overlay-opacity":"","overlay-gradient":""},"mobile":{"background-color":"","background-image":"","background-repeat":"repeat","background-position":"center center","background-size":"auto","background-attachment":"scroll","background-type":"","background-media":"","overlay-type":"","overlay-color":"","overlay-opacity":"","overlay-gradient":""}},"ast-content-background-meta":{"desktop":{"background-color":"var(--ast-global-color-5)","background-image":"","background-repeat":"repeat","background-position":"center center","background-size":"auto","background-attachment":"scroll","background-type":"","background-media":"","overlay-type":"","overlay-color":"","overlay-opacity":"","overlay-gradient":""},"tablet":{"background-color":"var(--ast-global-color-5)","background-image":"","background-repeat":"repeat","background-position":"center center","background-size":"auto","background-attachment":"scroll","background-type":"","background-media":"","overlay-type":"","overlay-color":"","overlay-opacity":"","overlay-gradient":""},"mobile":{"background-color":"var(--ast-global-color-5)","background-image":"","background-repeat":"repeat","background-position":"center center","background-size":"auto","background-attachment":"scroll","background-type":"","background-media":"","overlay-type":"","overlay-color":"","overlay-opacity":"","overlay-gradient":""}},"footnotes":""},"class_list":["post-6383","page","type-page","status-publish","hentry"],"post_mailing_queue_ids":[],"_links":{"self":[{"href":"https:\/\/agora.xtec.cat\/ceip-lespalmeres\/wp-json\/wp\/v2\/pages\/6383","targetHints":{"allow":["GET"]}}],"collection":[{"href":"https:\/\/agora.xtec.cat\/ceip-lespalmeres\/wp-json\/wp\/v2\/pages"}],"about":[{"href":"https:\/\/agora.xtec.cat\/ceip-lespalmeres\/wp-json\/wp\/v2\/types\/page"}],"author":[{"embeddable":true,"href":"https:\/\/agora.xtec.cat\/ceip-lespalmeres\/wp-json\/wp\/v2\/users\/1"}],"replies":[{"embeddable":true,"href":"https:\/\/agora.xtec.cat\/ceip-lespalmeres\/wp-json\/wp\/v2\/comments?post=6383"}],"version-history":[{"count":5,"href":"https:\/\/agora.xtec.cat\/ceip-lespalmeres\/wp-json\/wp\/v2\/pages\/6383\/revisions"}],"predecessor-version":[{"id":8645,"href":"https:\/\/agora.xtec.cat\/ceip-lespalmeres\/wp-json\/wp\/v2\/pages\/6383\/revisions\/8645"}],"wp:attachment":[{"href":"https:\/\/agora.xtec.cat\/ceip-lespalmeres\/wp-json\/wp\/v2\/media?parent=6383"}],"curies":[{"name":"wp","href":"https:\/\/api.w.org\/{rel}","templated":true}]}}