{"id":6012,"date":"2020-07-10T00:28:35","date_gmt":"2020-07-09T22:28:35","guid":{"rendered":"http:\/\/agora.xtec.cat\/ceip-lespalmeres\/?page_id=6012"},"modified":"2022-02-01T17:29:01","modified_gmt":"2022-02-01T16:29:01","slug":"ambient-dhistories","status":"publish","type":"page","link":"https:\/\/agora.xtec.cat\/ceip-lespalmeres\/ambient-dhistories\/","title":{"rendered":"Ambient d&#8217;hist\u00f2ries"},"content":{"rendered":"<p>&nbsp;<\/p>\n<div class=\"row\" style=\"margin-bottom: 1em !important;\">\n<div class=\"small-12 large-4 text-center columns\">\n<p><img loading=\"lazy\" decoding=\"async\" class=\"aligncenter  wp-image-7309\" src=\"https:\/\/agora.xtec.cat\/ceip-lespalmeres\/wp-content\/uploads\/usu1432\/2022\/02\/20201130_115410-min-scaled.jpg\" alt=\"\" width=\"145\" height=\"193\" srcset=\"https:\/\/agora.xtec.cat\/ceip-lespalmeres\/wp-content\/uploads\/usu1432\/2022\/02\/20201130_115410-min-scaled.jpg 1920w, https:\/\/agora.xtec.cat\/ceip-lespalmeres\/wp-content\/uploads\/usu1432\/2022\/02\/20201130_115410-min-225x300.jpg 225w, https:\/\/agora.xtec.cat\/ceip-lespalmeres\/wp-content\/uploads\/usu1432\/2022\/02\/20201130_115410-min-768x1024.jpg 768w, https:\/\/agora.xtec.cat\/ceip-lespalmeres\/wp-content\/uploads\/usu1432\/2022\/02\/20201130_115410-min-1152x1536.jpg 1152w, https:\/\/agora.xtec.cat\/ceip-lespalmeres\/wp-content\/uploads\/usu1432\/2022\/02\/20201130_115410-min-1536x2048.jpg 1536w\" sizes=\"auto, (max-width: 145px) 100vw, 145px\" \/><\/p>\n<h5><span style=\"color: #008080;\"><b>PER QU\u00c8 UN AMBIENT D\u2019AQUESTES CARACTER\u00cdSTIQUES?<\/b><\/span><\/h5>\n<\/div>\n<div class=\"small-12 large-4 text-center columns\">\n<p><img decoding=\"async\" src=\"https:\/\/img.icons8.com\/color\/120\/000000\/leave.png\" \/><\/p>\n<p style=\"margin-bottom: 0.2em;\">Una bona manera d\u2019iniciar als infants en l\u2019escriptura, la identificaci\u00f3 i la comprensi\u00f3 dels s\u00edmbols del llenguatge \u00e9s mitjan\u00e7ant l\u2019exploraci\u00f3 de distintes grafies, jocs de paraules, abecedaris, imatges, contes \u2026<\/p>\n<\/div>\n<div class=\"small-12 large-4 text-center columns\">\n<p><img decoding=\"async\" src=\"https:\/\/img.icons8.com\/color\/120\/000000\/task.png\" \/><\/p>\n<p style=\"margin-bottom: 0.2em;\">Amb les diferents propostes que els infants trobaran en aquest ambient de lectura, escolta, creaci\u00f3, representaci\u00f3 d\u2019hist\u00f2ries, i les diferents produccions al paper, els infants desenvolupen el llenguatge escrit i oral, estimulen la imaginaci\u00f3, la creativitat i a la vegada que potenciem la seva iniciativa i autonomia personal.<\/p>\n<\/div>\n<\/div>\n<div class=\"row\" style=\"margin-bottom: 1em !important;\">\n<div class=\"small-12 large-4 text-center columns\">\n<p><img decoding=\"async\" src=\"https:\/\/img.icons8.com\/color\/120\/000000\/request-service.png\" \/><\/p>\n<h5><span style=\"color: #008080;\"><b>APRENENTATGES CLAU DEL CURR\u00cdCULUM QUE ES PRETENEN ABORDAR AMB LES PROPOSTES PRESENTADES EN AQUEST AMBIENT<\/b><\/span><\/h5>\n<\/div>\n<div class=\"small-12 large-4 text-center columns\">\n<p><img decoding=\"async\" src=\"https:\/\/img.icons8.com\/color\/120\/000000\/communication.png\" \/><\/p>\n<ul>\n<li style=\"text-align: left;\">Expressi\u00f3 i comunicaci\u00f3 de fets, sentiments i emocions, viv\u00e8ncies o fantasies a trav\u00e9s de les produccions art\u00edstiques o esc\u00e8niques.<\/li>\n<li style=\"text-align: left;\">Producci\u00f3 de paraules i frases de forma lliure segons els seus interessos.<\/li>\n<li style=\"text-align: left;\">Expressi\u00f3 creativa amb el llenguatge oral i\/o escrit utilitzant si ho desitgen els materials de les diferents propostes.<\/li>\n<li style=\"text-align: left;\">Utilitzaci\u00f3 de la lectura i l\u2019escriptura com a font de plaer i enriquiment personal.<\/li>\n<li style=\"text-align: left;\">Gaudir del gust per a la lectura i l\u2019escriptura experimentant amb diferents materials.<\/li>\n<li style=\"text-align: left;\">\u00das d\u2019estrat\u00e8gies per aproximar-se a la lectura: identificaci\u00f3 de paraules significatives, reconeixement de lletres, \u00fas de les il\u00b7lustracions i imatges que acompanyen als textos.<\/li>\n<li style=\"text-align: left;\">\u00das dels llibres per imaginar, informar-se, divertir-se, estar b\u00e9.<\/li>\n<\/ul>\n<\/div>\n<div class=\"small-12 large-4 text-center columns\">\n<p><img decoding=\"async\" src=\"https:\/\/img.icons8.com\/color\/120\/000000\/documents.png\" \/><\/p>\n<ul>\n<li style=\"text-align: left;\">Tenir l\u2019oportunitat, descobrir, investigar, parlar, compartir, escoltar, llegir, mirar, imaginar, inventar, escriure, crear, endevinar, relaxar-se,&#8230; sols o amb altres companys, amb llibertat i gaudint del llenguatge oral i\/o escrit.<\/li>\n<li style=\"text-align: left;\">Exploraci\u00f3 de diferents instruments: llapis, retoladors, pinzells, tampons per produir missatges escrits.<\/li>\n<li style=\"text-align: left;\">Iniciaci\u00f3 als usos socials de la lectura i l\u2019escriptura<\/li>\n<li style=\"text-align: left;\">Respecte les produccions dels altres.<\/li>\n<li style=\"text-align: left;\">Satisfacci\u00f3 per les descobertes i els progressos individuals i de grup en les habilitats ling\u00fc\u00edstiques i expressives.<\/li>\n<li style=\"text-align: left;\">Gust per participar el les converses (inicial i final).<\/li>\n<\/ul>\n<\/div>\n<\/div>\n<p><b style=\"font-family: inherit; color: #008080; font-size: 1.125em;\">Espais i distribuci\u00f3 de materials<\/b><\/p>\n<p>A l\u2019ambient trobem uns espais que es mantenen fixos a cada sessi\u00f3 i uns altres que van variant.<\/p>\n<table style=\"height: 1210px; width: 819px;\" width=\"990\">\n<tbody>\n<tr>\n<td style=\"width: 352.8px;\" colspan=\"2\"><strong><em>\u00a0\u00a0\u00a0\u00a0\u00a0\u00a0\u00a0 ESPAIS<\/em><\/strong><\/td>\n<td style=\"width: 172px;\"><strong><em>MATERIAL<\/em><\/strong><\/td>\n<td style=\"width: 285.6px;\"><strong><em>QU\u00c8 ESPEREM QUE FACI L\u2019INFANT?<\/em><\/strong><\/td>\n<\/tr>\n<tr>\n<td style=\"width: 127.2px;\"><strong>Pissarres magn\u00e8tiques<\/strong><\/td>\n<td style=\"width: 224px;\"><a href=\"https:\/\/agora.xtec.cat\/ceip-lespalmeres\/wp-content\/uploads\/usu1432\/2020\/07\/pissarra.jpg\"><img loading=\"lazy\" decoding=\"async\" class=\"alignnone size-medium wp-image-6014\" src=\"https:\/\/agora.xtec.cat\/ceip-lespalmeres\/wp-content\/uploads\/usu1432\/2020\/07\/pissarra-300x169.jpg\" alt=\"\" width=\"300\" height=\"169\" srcset=\"https:\/\/agora.xtec.cat\/ceip-lespalmeres\/wp-content\/uploads\/usu1432\/2020\/07\/pissarra-300x169.jpg 300w, https:\/\/agora.xtec.cat\/ceip-lespalmeres\/wp-content\/uploads\/usu1432\/2020\/07\/pissarra-768x431.jpg 768w, https:\/\/agora.xtec.cat\/ceip-lespalmeres\/wp-content\/uploads\/usu1432\/2020\/07\/pissarra.jpg 769w\" sizes=\"auto, (max-width: 300px) 100vw, 300px\" \/><\/a><\/p>\n<p><a href=\"https:\/\/agora.xtec.cat\/ceip-lespalmeres\/wp-content\/uploads\/usu1432\/2020\/07\/pissarra2.jpg\"><img loading=\"lazy\" decoding=\"async\" class=\"alignnone size-medium wp-image-6015\" src=\"https:\/\/agora.xtec.cat\/ceip-lespalmeres\/wp-content\/uploads\/usu1432\/2020\/07\/pissarra2-300x169.jpg\" alt=\"\" width=\"300\" height=\"169\" srcset=\"https:\/\/agora.xtec.cat\/ceip-lespalmeres\/wp-content\/uploads\/usu1432\/2020\/07\/pissarra2-300x169.jpg 300w, https:\/\/agora.xtec.cat\/ceip-lespalmeres\/wp-content\/uploads\/usu1432\/2020\/07\/pissarra2.jpg 752w\" sizes=\"auto, (max-width: 300px) 100vw, 300px\" \/><\/a><\/p>\n<p><a href=\"https:\/\/agora.xtec.cat\/ceip-lespalmeres\/wp-content\/uploads\/usu1432\/2020\/07\/pissarra3.jpg\"><img loading=\"lazy\" decoding=\"async\" class=\"alignnone size-medium wp-image-6016\" src=\"https:\/\/agora.xtec.cat\/ceip-lespalmeres\/wp-content\/uploads\/usu1432\/2020\/07\/pissarra3-300x169.jpg\" alt=\"\" width=\"300\" height=\"169\" srcset=\"https:\/\/agora.xtec.cat\/ceip-lespalmeres\/wp-content\/uploads\/usu1432\/2020\/07\/pissarra3-300x169.jpg 300w, https:\/\/agora.xtec.cat\/ceip-lespalmeres\/wp-content\/uploads\/usu1432\/2020\/07\/pissarra3-768x432.jpg 768w, https:\/\/agora.xtec.cat\/ceip-lespalmeres\/wp-content\/uploads\/usu1432\/2020\/07\/pissarra3-1024x576.jpg 1024w, https:\/\/agora.xtec.cat\/ceip-lespalmeres\/wp-content\/uploads\/usu1432\/2020\/07\/pissarra3.jpg 1299w\" sizes=\"auto, (max-width: 300px) 100vw, 300px\" \/><\/a><\/td>\n<td style=\"width: 172px;\">\n<ul>\n<li>Pissarres magn\u00e8tiques.<\/li>\n<li>Retoladors velleda\/esborrador.<\/li>\n<li>Peces magn\u00e8tiques de fusta..<\/li>\n<li>Lletres magn\u00e8tiques.<\/li>\n<li>Plantilles de lletres i dibuixos.<\/li>\n<\/ul>\n<p><strong>\u00a0<\/strong><\/td>\n<td style=\"width: 285.6px;\">Que sorgeixin moments:<\/p>\n<ul style=\"list-style-type: disc;\">\n<li>Que l\u2019infant faci diferents formes o composicions, donant-li un valor simb\u00f2lic (\u00e9s un sol, una casa\u2026)<\/li>\n<li>Classificar i ordenar lletres (per tamany, per color, les que s\u00f3n iguals, diferents,&#8230;)<\/li>\n<li>Confegir paraules imaginades, conegudes, amb model, sense.<\/li>\n<\/ul>\n<\/td>\n<\/tr>\n<tr>\n<td style=\"width: 127.2px;\"><strong>Abecedari i lletres<\/strong><\/p>\n<p><strong>\u00a0<\/strong><\/td>\n<td style=\"width: 224px;\"><a href=\"https:\/\/agora.xtec.cat\/ceip-lespalmeres\/wp-content\/uploads\/usu1432\/2020\/07\/abecedari.jpg\"><img loading=\"lazy\" decoding=\"async\" class=\"alignnone size-medium wp-image-6017\" src=\"https:\/\/agora.xtec.cat\/ceip-lespalmeres\/wp-content\/uploads\/usu1432\/2020\/07\/abecedari-300x169.jpg\" alt=\"\" width=\"300\" height=\"169\" srcset=\"https:\/\/agora.xtec.cat\/ceip-lespalmeres\/wp-content\/uploads\/usu1432\/2020\/07\/abecedari-300x169.jpg 300w, https:\/\/agora.xtec.cat\/ceip-lespalmeres\/wp-content\/uploads\/usu1432\/2020\/07\/abecedari-768x432.jpg 768w, https:\/\/agora.xtec.cat\/ceip-lespalmeres\/wp-content\/uploads\/usu1432\/2020\/07\/abecedari.jpg 826w\" sizes=\"auto, (max-width: 300px) 100vw, 300px\" \/><\/a><\/p>\n<p><a href=\"https:\/\/agora.xtec.cat\/ceip-lespalmeres\/wp-content\/uploads\/usu1432\/2020\/07\/abecedari2.jpg\"><img loading=\"lazy\" decoding=\"async\" class=\"alignnone size-medium wp-image-6018\" src=\"https:\/\/agora.xtec.cat\/ceip-lespalmeres\/wp-content\/uploads\/usu1432\/2020\/07\/abecedari2-300x169.jpg\" alt=\"\" width=\"300\" height=\"169\" srcset=\"https:\/\/agora.xtec.cat\/ceip-lespalmeres\/wp-content\/uploads\/usu1432\/2020\/07\/abecedari2-300x169.jpg 300w, https:\/\/agora.xtec.cat\/ceip-lespalmeres\/wp-content\/uploads\/usu1432\/2020\/07\/abecedari2.jpg 560w\" sizes=\"auto, (max-width: 300px) 100vw, 300px\" \/><\/a><\/p>\n<p><a href=\"https:\/\/agora.xtec.cat\/ceip-lespalmeres\/wp-content\/uploads\/usu1432\/2020\/07\/abecedari3.jpg\"><img loading=\"lazy\" decoding=\"async\" class=\"alignnone size-medium wp-image-6019\" src=\"https:\/\/agora.xtec.cat\/ceip-lespalmeres\/wp-content\/uploads\/usu1432\/2020\/07\/abecedari3-300x169.jpg\" alt=\"\" width=\"300\" height=\"169\" srcset=\"https:\/\/agora.xtec.cat\/ceip-lespalmeres\/wp-content\/uploads\/usu1432\/2020\/07\/abecedari3-300x169.jpg 300w, https:\/\/agora.xtec.cat\/ceip-lespalmeres\/wp-content\/uploads\/usu1432\/2020\/07\/abecedari3.jpg 712w\" sizes=\"auto, (max-width: 300px) 100vw, 300px\" \/><\/a><\/p>\n<p><a href=\"https:\/\/agora.xtec.cat\/ceip-lespalmeres\/wp-content\/uploads\/usu1432\/2020\/07\/abecedari4.jpg\"><img loading=\"lazy\" decoding=\"async\" class=\"alignnone size-medium wp-image-6021\" src=\"https:\/\/agora.xtec.cat\/ceip-lespalmeres\/wp-content\/uploads\/usu1432\/2020\/07\/abecedari4-300x169.jpg\" alt=\"\" width=\"300\" height=\"169\" srcset=\"https:\/\/agora.xtec.cat\/ceip-lespalmeres\/wp-content\/uploads\/usu1432\/2020\/07\/abecedari4-300x169.jpg 300w, https:\/\/agora.xtec.cat\/ceip-lespalmeres\/wp-content\/uploads\/usu1432\/2020\/07\/abecedari4.jpg 697w\" sizes=\"auto, (max-width: 300px) 100vw, 300px\" \/><\/a><\/p>\n<p><a href=\"https:\/\/agora.xtec.cat\/ceip-lespalmeres\/wp-content\/uploads\/usu1432\/2020\/07\/abecedari5.jpg\"><img loading=\"lazy\" decoding=\"async\" class=\"alignnone size-medium wp-image-6022\" src=\"https:\/\/agora.xtec.cat\/ceip-lespalmeres\/wp-content\/uploads\/usu1432\/2020\/07\/abecedari5-300x233.jpg\" alt=\"\" width=\"300\" height=\"233\" srcset=\"https:\/\/agora.xtec.cat\/ceip-lespalmeres\/wp-content\/uploads\/usu1432\/2020\/07\/abecedari5-300x233.jpg 300w, https:\/\/agora.xtec.cat\/ceip-lespalmeres\/wp-content\/uploads\/usu1432\/2020\/07\/abecedari5.jpg 499w\" sizes=\"auto, (max-width: 300px) 100vw, 300px\" \/><\/a><\/p>\n<p><a href=\"https:\/\/agora.xtec.cat\/ceip-lespalmeres\/wp-content\/uploads\/usu1432\/2020\/07\/abecedari6.jpg\"><img loading=\"lazy\" decoding=\"async\" class=\"alignnone size-medium wp-image-6023\" src=\"https:\/\/agora.xtec.cat\/ceip-lespalmeres\/wp-content\/uploads\/usu1432\/2020\/07\/abecedari6-300x300.jpg\" alt=\"\" width=\"300\" height=\"300\" srcset=\"https:\/\/agora.xtec.cat\/ceip-lespalmeres\/wp-content\/uploads\/usu1432\/2020\/07\/abecedari6-300x300.jpg 300w, https:\/\/agora.xtec.cat\/ceip-lespalmeres\/wp-content\/uploads\/usu1432\/2020\/07\/abecedari6-150x150.jpg 150w, https:\/\/agora.xtec.cat\/ceip-lespalmeres\/wp-content\/uploads\/usu1432\/2020\/07\/abecedari6.jpg 567w\" sizes=\"auto, (max-width: 300px) 100vw, 300px\" \/><\/a><\/p>\n<p>&nbsp;<\/p>\n<p>&nbsp;<\/td>\n<td style=\"width: 172px;\">\n<ul>\n<li>Tauler de rastreig de l&#8217;alfabet magn\u00e8tic.<\/li>\n<li>Tauler magnetic.<\/li>\n<li>Puzzle de l\u2019abecedari.<\/li>\n<li>Lletres per cosir.<\/li>\n<li>Tampons de lletres i tinta per estampar.<\/li>\n<li>Paper d\u2019embalar.<\/li>\n<\/ul>\n<\/td>\n<td style=\"width: 285.6px;\">Que sorgeixin moments :<\/p>\n<ul>\n<li>Relacionar lletres amb paraules conegudes.<\/li>\n<li>Confegir paraules conegudes.<\/li>\n<li>Plaer de recon\u00e8ixer lletres i paraules.<\/li>\n<\/ul>\n<\/td>\n<\/tr>\n<tr>\n<td style=\"width: 127.2px;\"><strong>Espai de creaci\u00f3 d\u2019hist\u00f2ries en paper<\/strong><\/td>\n<td style=\"width: 224px;\">&nbsp;<\/p>\n<p><a href=\"https:\/\/agora.xtec.cat\/ceip-lespalmeres\/wp-content\/uploads\/usu1432\/2020\/07\/espai.jpg\"><img loading=\"lazy\" decoding=\"async\" class=\"alignnone size-medium wp-image-6024\" src=\"https:\/\/agora.xtec.cat\/ceip-lespalmeres\/wp-content\/uploads\/usu1432\/2020\/07\/espai-300x169.jpg\" alt=\"\" width=\"300\" height=\"169\" srcset=\"https:\/\/agora.xtec.cat\/ceip-lespalmeres\/wp-content\/uploads\/usu1432\/2020\/07\/espai-300x169.jpg 300w, https:\/\/agora.xtec.cat\/ceip-lespalmeres\/wp-content\/uploads\/usu1432\/2020\/07\/espai.jpg 639w\" sizes=\"auto, (max-width: 300px) 100vw, 300px\" \/><\/a><\/p>\n<p><a href=\"https:\/\/agora.xtec.cat\/ceip-lespalmeres\/wp-content\/uploads\/usu1432\/2020\/07\/espai2.jpg\"><img loading=\"lazy\" decoding=\"async\" class=\"alignnone size-medium wp-image-6025\" src=\"https:\/\/agora.xtec.cat\/ceip-lespalmeres\/wp-content\/uploads\/usu1432\/2020\/07\/espai2-300x169.jpg\" alt=\"\" width=\"300\" height=\"169\" srcset=\"https:\/\/agora.xtec.cat\/ceip-lespalmeres\/wp-content\/uploads\/usu1432\/2020\/07\/espai2-300x169.jpg 300w, https:\/\/agora.xtec.cat\/ceip-lespalmeres\/wp-content\/uploads\/usu1432\/2020\/07\/espai2.jpg 636w\" sizes=\"auto, (max-width: 300px) 100vw, 300px\" \/><\/a><\/p>\n<p><a href=\"https:\/\/agora.xtec.cat\/ceip-lespalmeres\/wp-content\/uploads\/usu1432\/2020\/07\/espai3.jpg\"><img loading=\"lazy\" decoding=\"async\" class=\"alignnone size-full wp-image-6026\" src=\"https:\/\/agora.xtec.cat\/ceip-lespalmeres\/wp-content\/uploads\/usu1432\/2020\/07\/espai3.jpg\" alt=\"\" width=\"275\" height=\"183\" \/><\/a><\/td>\n<td style=\"width: 172px;\">\n<ul>\n<li>Llapis, colors, retoladors prims i gruixuts, retoladors brillants,&#8230;<\/li>\n<li>Tisores, cola, punxons\u2026<\/li>\n<li>Fulls de diferents mides i colors.<\/li>\n<li>Retalls de paper.<\/li>\n<li>Fitxes antigues.<\/li>\n<li>Fitxes per inventar-se hist\u00f2ries (c\u00f2mics\u2026)<\/li>\n<li>Formes i lletres per resseguir.<\/li>\n<li>Plantilles preescriptura.<\/li>\n<li><\/li>\n<li>Enganxines<\/li>\n<li>Lletres per confegir.<\/li>\n<li>Paper per fer cartes\/sobres.<\/li>\n<\/ul>\n<\/td>\n<td style=\"width: 285.6px;\">Que sorgeixin moments:<\/p>\n<ul style=\"list-style-type: disc;\">\n<li>Expressar-se creativament fent servir el material que tenen a la seva disposici\u00f3, amb el llenguatge escrit.<\/li>\n<li>Experimentar amb diferents materials<\/li>\n<li>Inventar-se hist\u00f2ries amb lletres, dibuixos, elements pl\u00e0stics\u2026 i, plasmar-les al paper.<\/li>\n<li>Gaudir explicant les hist\u00f2ries als companys\/-es.<\/li>\n<li>Exercitar diferents tra\u00e7os.<\/li>\n<li style=\"list-style-type: none;\"><\/li>\n<\/ul>\n<\/td>\n<\/tr>\n<\/tbody>\n<\/table>\n","protected":false},"excerpt":{"rendered":"<p>&nbsp; PER QU\u00c8 UN AMBIENT D\u2019AQUESTES CARACTER\u00cdSTIQUES? Una bona manera d\u2019iniciar als infants en l\u2019escriptura, la identificaci\u00f3 i la comprensi\u00f3 dels s\u00edmbols del llenguatge \u00e9s mitjan\u00e7ant l\u2019exploraci\u00f3 de distintes grafies, jocs de paraules, abecedaris, imatges, contes \u2026 Amb les diferents propostes que els infants trobaran en aquest ambient de lectura, escolta, creaci\u00f3, representaci\u00f3 d\u2019hist\u00f2ries, i [&hellip;]<\/p>\n","protected":false},"author":1,"featured_media":0,"parent":0,"menu_order":0,"comment_status":"closed","ping_status":"closed","template":"","meta":{"_bbp_topic_count":0,"_bbp_reply_count":0,"_bbp_total_topic_count":0,"_bbp_total_reply_count":0,"_bbp_voice_count":0,"_bbp_anonymous_reply_count":0,"_bbp_topic_count_hidden":0,"_bbp_reply_count_hidden":0,"_bbp_forum_subforum_count":0,"site-sidebar-layout":"default","site-content-layout":"","ast-site-content-layout":"","site-content-style":"default","site-sidebar-style":"default","ast-global-header-display":"","ast-banner-title-visibility":"","ast-main-header-display":"","ast-hfb-above-header-display":"","ast-hfb-below-header-display":"","ast-hfb-mobile-header-display":"","site-post-title":"","ast-breadcrumbs-content":"","ast-featured-img":"","footer-sml-layout":"","theme-transparent-header-meta":"","adv-header-id-meta":"","stick-header-meta":"","header-above-stick-meta":"","header-main-stick-meta":"","header-below-stick-meta":"","astra-migrate-meta-layouts":"default","ast-page-background-enabled":"default","ast-page-background-meta":{"desktop":{"background-color":"var(--ast-global-color-4)","background-image":"","background-repeat":"repeat","background-position":"center center","background-size":"auto","background-attachment":"scroll","background-type":"","background-media":"","overlay-type":"","overlay-color":"","overlay-opacity":"","overlay-gradient":""},"tablet":{"background-color":"","background-image":"","background-repeat":"repeat","background-position":"center center","background-size":"auto","background-attachment":"scroll","background-type":"","background-media":"","overlay-type":"","overlay-color":"","overlay-opacity":"","overlay-gradient":""},"mobile":{"background-color":"","background-image":"","background-repeat":"repeat","background-position":"center center","background-size":"auto","background-attachment":"scroll","background-type":"","background-media":"","overlay-type":"","overlay-color":"","overlay-opacity":"","overlay-gradient":""}},"ast-content-background-meta":{"desktop":{"background-color":"var(--ast-global-color-5)","background-image":"","background-repeat":"repeat","background-position":"center center","background-size":"auto","background-attachment":"scroll","background-type":"","background-media":"","overlay-type":"","overlay-color":"","overlay-opacity":"","overlay-gradient":""},"tablet":{"background-color":"var(--ast-global-color-5)","background-image":"","background-repeat":"repeat","background-position":"center center","background-size":"auto","background-attachment":"scroll","background-type":"","background-media":"","overlay-type":"","overlay-color":"","overlay-opacity":"","overlay-gradient":""},"mobile":{"background-color":"var(--ast-global-color-5)","background-image":"","background-repeat":"repeat","background-position":"center center","background-size":"auto","background-attachment":"scroll","background-type":"","background-media":"","overlay-type":"","overlay-color":"","overlay-opacity":"","overlay-gradient":""}},"footnotes":""},"class_list":["post-6012","page","type-page","status-publish","hentry"],"post_mailing_queue_ids":[],"_links":{"self":[{"href":"https:\/\/agora.xtec.cat\/ceip-lespalmeres\/wp-json\/wp\/v2\/pages\/6012","targetHints":{"allow":["GET"]}}],"collection":[{"href":"https:\/\/agora.xtec.cat\/ceip-lespalmeres\/wp-json\/wp\/v2\/pages"}],"about":[{"href":"https:\/\/agora.xtec.cat\/ceip-lespalmeres\/wp-json\/wp\/v2\/types\/page"}],"author":[{"embeddable":true,"href":"https:\/\/agora.xtec.cat\/ceip-lespalmeres\/wp-json\/wp\/v2\/users\/1"}],"replies":[{"embeddable":true,"href":"https:\/\/agora.xtec.cat\/ceip-lespalmeres\/wp-json\/wp\/v2\/comments?post=6012"}],"version-history":[{"count":3,"href":"https:\/\/agora.xtec.cat\/ceip-lespalmeres\/wp-json\/wp\/v2\/pages\/6012\/revisions"}],"predecessor-version":[{"id":7310,"href":"https:\/\/agora.xtec.cat\/ceip-lespalmeres\/wp-json\/wp\/v2\/pages\/6012\/revisions\/7310"}],"wp:attachment":[{"href":"https:\/\/agora.xtec.cat\/ceip-lespalmeres\/wp-json\/wp\/v2\/media?parent=6012"}],"curies":[{"name":"wp","href":"https:\/\/api.w.org\/{rel}","templated":true}]}}