{"id":5994,"date":"2020-07-10T00:04:22","date_gmt":"2020-07-09T22:04:22","guid":{"rendered":"http:\/\/agora.xtec.cat\/ceip-lespalmeres\/?page_id=5994"},"modified":"2021-02-05T18:11:45","modified_gmt":"2021-02-05T17:11:45","slug":"ambient-vida-quotidiana","status":"publish","type":"page","link":"https:\/\/agora.xtec.cat\/ceip-lespalmeres\/ambient-vida-quotidiana\/","title":{"rendered":"Ambient vida quotidiana"},"content":{"rendered":"<div class=\"row\" style=\"margin-bottom: 1em !important;\">\n<div class=\"small-12 large-4 text-center columns\">\n<p><img decoding=\"async\" src=\"https:\/\/img.icons8.com\/color\/120\/000000\/expired.png\" \/><\/p>\n<h5><span style=\"color: #008080;\"><b>PER QU\u00c8 UN AMBIENT D\u2019AQUESTES CARACTER\u00cdSTIQUES?<\/b><\/span><\/h5>\n<p style=\"margin-bottom: 0.2em;\">L\u2019ambient de vida quotidiana \u00e9s el lloc on es potencien aspectes com: el llenguatge verbal y no verbal, les relacions socials i de conviv\u00e8ncia entre els nens i nenes de diferents edats i el desenvolupament d\u2019h\u00e0bits socials: compartir espais, jocs, joguines, posar-se d\u2019acord els uns amb els altres i tamb\u00e9 aprendre dels companys i companyes compartint diferents experi\u00e8ncies viscudes.<\/p>\n<\/div>\n<div class=\"small-12 large-4 text-center columns\">\n<p><img decoding=\"async\" src=\"https:\/\/img.icons8.com\/color\/120\/000000\/leave.png\" \/><\/p>\n<p style=\"margin-bottom: 0.2em;\">A trav\u00e9s de l\u2019ambient de vida quotidiana sorgeix el joc simb\u00f2lic, el joc en el qual l&#8217;infant imita accions de la vida quotidiana del m\u00f3n dels adults. El fet d&#8217;explorar i reproduir el m\u00f3n adult fa que es desenvolupi el pensament creatiu i els ajuda a resoldre conflictes, tensions, sentiments.<\/p>\n<\/div>\n<div class=\"small-12 large-4 text-center columns\">\n<p><img decoding=\"async\" src=\"https:\/\/img.icons8.com\/color\/120\/000000\/task.png\" \/><\/p>\n<p style=\"margin-bottom: 0.2em;\">Ja que \u00e9s un aprenentatge que ajuda a l&#8217;infant a con\u00e8ixer-se a si mateix i a l&#8217;entorn social que l&#8217;envolta. A m\u00e9s els convida a tenir un objectiu com\u00fa i a comen\u00e7ar en l\u2019acceptaci\u00f3 de les normes del joc, dels rols\u2026<\/p>\n<\/div>\n<\/div>\n<div class=\"row\" style=\"margin-bottom: 1em !important;\">\n<div class=\"small-12 large-4 text-center columns\">\n<p><img decoding=\"async\" src=\"https:\/\/img.icons8.com\/color\/120\/000000\/request-service.png\" \/><\/p>\n<h5><span style=\"color: #008080;\"><b>APRENENTATGES CLAU DEL CURR\u00cdCULUM QUE ES PRETENEN ABORDAR AMB LES PROPOSTES PRESENTADES EN AQUEST AMBIENT<\/b><\/span><\/h5>\n<p>&nbsp;<\/p>\n<p>&nbsp;<\/p>\n<\/div>\n<div class=\"small-12 large-4 text-center columns\">\n<p><img decoding=\"async\" src=\"https:\/\/img.icons8.com\/color\/120\/000000\/communication.png\" \/><\/p>\n<ul>\n<li style=\"text-align: left;\">Desenvolupar el llenguatge matem\u00e0tic: identificar, relacionar, operar, geometria, mesura&#8230;<\/li>\n<li style=\"text-align: left;\">Potenciar el llenguatge verbal y no verbal<\/li>\n<li style=\"text-align: left;\">Desenvolupar el llenguatge oral: l\u00e8xic, espontane\u00eftat en la parla\u2026<\/li>\n<li style=\"text-align: left;\">Desenvolupar lecto-escriptura<\/li>\n<li style=\"text-align: left;\">Desenvolupar el grafisme<\/li>\n<\/ul>\n<\/div>\n<div class=\"small-12 large-4 text-center columns\">\n<p><img decoding=\"async\" src=\"https:\/\/img.icons8.com\/color\/120\/000000\/documents.png\" \/><\/p>\n<ul>\n<li style=\"text-align: left;\">Afavorir les relacions socials i de conviv\u00e8ncia entre els infants de diferents edats.<\/li>\n<li style=\"text-align: left;\">Desenvolupar els h\u00e0bits socials; compartir espais, jocs, joguines, posar-se d\u2019acord els uns amb els altres, establir normes de comportament i de joc\u2026<\/li>\n<li style=\"text-align: left;\">Aprendre dels companys\/es<\/li>\n<li style=\"text-align: left;\">Oferir als infants un espai de joc on poder investigar, observar, manipular\u2026de manera constant i lliure sistem\u00e0ticament<\/li>\n<li style=\"text-align: left;\">Expressar els seus sentiments, emocions i sensacions lliurement<\/li>\n<li style=\"text-align: left;\">Respectar a les persones i els materials<\/li>\n<li style=\"text-align: left;\">Satisfer la necessitat de resoldre conflictes, entendre sentiments&#8230;<\/li>\n<li style=\"text-align: left;\">Convidar a tenir objectius comuns amb els seus iguals<\/li>\n<\/ul>\n<\/div>\n<\/div>\n<h5><span style=\"color: #008080;\"><b>Espais i distribuci\u00f3 de materials<\/b><\/span><\/h5>\n<p>El material que hi ha en els espais de vida quotidiana est\u00e0 pensat i triat perqu\u00e8 sigui el m\u00e9s semblant a la vida real.<\/p>\n<p>\u00c9s a dir hi ha molt material que \u00e9s real i aquell material que \u00e9s de joguina s\u2019ha intentat que sigui semblant al que ens trobem<\/p>\n<p>i fem servir en el dia a dia.<\/p>\n<table width=\"849\">\n<tbody>\n<tr>\n<td style=\"width: 280.8px;\" colspan=\"2\"><strong><em>\u00a0\u00a0\u00a0\u00a0\u00a0\u00a0\u00a0 ESPAIS<\/em><\/strong><\/td>\n<td style=\"width: 136px;\"><strong><em>MATERIAL<\/em><\/strong><\/td>\n<td style=\"width: 424px;\"><strong><em>QU\u00c8 ESPEREM QUE FACI L\u2019INFANT?<\/em><\/strong><\/td>\n<\/tr>\n<tr>\n<td style=\"width: 113.6px;\"><strong>Botiga<\/strong><\/td>\n<td style=\"width: 165.6px;\"><a href=\"https:\/\/agora.xtec.cat\/ceip-lespalmeres\/wp-content\/uploads\/usu1432\/2020\/07\/botiga.jpg\"><img loading=\"lazy\" decoding=\"async\" class=\"alignnone size-medium wp-image-5998\" src=\"https:\/\/agora.xtec.cat\/ceip-lespalmeres\/wp-content\/uploads\/usu1432\/2020\/07\/botiga-300x225.jpg\" alt=\"\" width=\"300\" height=\"225\" srcset=\"https:\/\/agora.xtec.cat\/ceip-lespalmeres\/wp-content\/uploads\/usu1432\/2020\/07\/botiga-300x225.jpg 300w, https:\/\/agora.xtec.cat\/ceip-lespalmeres\/wp-content\/uploads\/usu1432\/2020\/07\/botiga-768x576.jpg 768w, https:\/\/agora.xtec.cat\/ceip-lespalmeres\/wp-content\/uploads\/usu1432\/2020\/07\/botiga-1024x768.jpg 1024w, https:\/\/agora.xtec.cat\/ceip-lespalmeres\/wp-content\/uploads\/usu1432\/2020\/07\/botiga-200x150.jpg 200w\" sizes=\"auto, (max-width: 300px) 100vw, 300px\" \/><\/a><\/td>\n<td style=\"width: 136px;\">Aparador de la botiga, caixa rellistradora, diners, menjar de joguines, cistells&#8230;<\/p>\n<p><strong>\u00a0<\/strong><\/td>\n<td style=\"width: 424px;\">Que sorgeixin moments:<\/p>\n<ul>\n<li><strong>Matem\u00e0tics:<\/strong> Nombre i c\u00e0lcul: quantitat, contar, petites sumes i restes, gran i petit,a sobre a sota. Contacte amb els euros. Utilitzar el llenguatge matem\u00e0tic <em>Ex: <\/em><em>Quantes patates et poso avui Maria? Posa-me\u2019n 3 si us plau. <\/em><\/li>\n<\/ul>\n<p><em>Seran 2\u20ac&#8230;<\/em><\/p>\n<ul>\n<li><strong>Grafisme i escriptura<\/strong>: llista de la compra<\/li>\n<li><strong style=\"font-family: inherit; font-size: 1em;\">Relacions i normes socials<\/strong><span style=\"font-family: inherit; font-size: 1em;\">: adoptar diferents rols (el del botiguer, el del comprador..)<\/span><\/li>\n<li><strong style=\"font-family: inherit; font-size: 1em;\">Llenguatge:<\/strong><span style=\"font-family: inherit; font-size: 1em;\"> potenciar el llenguatge, nou vocabulari\u2026<\/span><\/li>\n<li><strong>Aspectes afectius: <\/strong>Els acords, all\u00f2 que \u00e9s teu i all\u00f2 que \u00e9s meu, l\u2019intercanvi&#8230;<\/li>\n<\/ul>\n<\/td>\n<\/tr>\n<tr>\n<td style=\"width: 113.6px;\"><strong>Centre d\u2019Atenci\u00f3 Prim\u00e0ria<\/strong><\/p>\n<p><strong>\u00a0<\/strong><\/td>\n<td style=\"width: 165.6px;\"><a href=\"https:\/\/agora.xtec.cat\/ceip-lespalmeres\/wp-content\/uploads\/usu1432\/2020\/07\/eines.jpg\"><img loading=\"lazy\" decoding=\"async\" class=\" wp-image-6000 alignleft\" src=\"https:\/\/agora.xtec.cat\/ceip-lespalmeres\/wp-content\/uploads\/usu1432\/2020\/07\/eines-150x150.jpg\" alt=\"\" width=\"61\" height=\"61\" \/><\/a><\/p>\n<p><a href=\"https:\/\/agora.xtec.cat\/ceip-lespalmeres\/wp-content\/uploads\/usu1432\/2020\/07\/eines2.jpg\"><img loading=\"lazy\" decoding=\"async\" class=\"alignnone wp-image-6001\" src=\"https:\/\/agora.xtec.cat\/ceip-lespalmeres\/wp-content\/uploads\/usu1432\/2020\/07\/eines2-150x150.jpg\" alt=\"\" width=\"61\" height=\"61\" \/><\/a><a href=\"https:\/\/agora.xtec.cat\/ceip-lespalmeres\/wp-content\/uploads\/usu1432\/2020\/07\/centre.jpg\"><img loading=\"lazy\" decoding=\"async\" class=\"alignnone wp-image-5999\" src=\"https:\/\/agora.xtec.cat\/ceip-lespalmeres\/wp-content\/uploads\/usu1432\/2020\/07\/centre-300x225.jpg\" alt=\"\" width=\"153\" height=\"115\" srcset=\"https:\/\/agora.xtec.cat\/ceip-lespalmeres\/wp-content\/uploads\/usu1432\/2020\/07\/centre-300x225.jpg 300w, https:\/\/agora.xtec.cat\/ceip-lespalmeres\/wp-content\/uploads\/usu1432\/2020\/07\/centre-768x576.jpg 768w, https:\/\/agora.xtec.cat\/ceip-lespalmeres\/wp-content\/uploads\/usu1432\/2020\/07\/centre-1024x768.jpg 1024w, https:\/\/agora.xtec.cat\/ceip-lespalmeres\/wp-content\/uploads\/usu1432\/2020\/07\/centre-200x150.jpg 200w\" sizes=\"auto, (max-width: 153px) 100vw, 153px\" \/><\/a><\/td>\n<td style=\"width: 136px;\">Tel\u00e8fon, llibretes, bol\u00edgrafs, receptes\u2026<\/p>\n<p>Estris dels metges, llitera, bates, pots, mascaretes, guants&#8230;<\/td>\n<td style=\"width: 424px;\">Que sorgeixin moments :<\/p>\n<ul>\n<li><strong>Matem\u00e0tics: <\/strong>Nombre<strong>, <\/strong>quantitat,mesura, probabilitat i estad\u00edstica,observaci\u00f3&#8230;<\/li>\n<\/ul>\n<p>Ex: Quantes vegades he de prendre el xarop? Quanta quantitat?<\/p>\n<ul>\n<li><strong>Coneixement del cos hum\u00e0<\/strong>: esquema corporal ex: em fa mal la cama, el ull\u2026.<\/li>\n<li><strong>Normes d\u2019higiene: <\/strong>netejar mans preveu malalties\u2026<\/li>\n<li><strong style=\"font-family: inherit; font-size: 1em;\">Grafisme i escriptura:<\/strong><span style=\"font-family: inherit; font-size: 1em;\"> escriure receptes\u2026<\/span><\/li>\n<li><strong>Relacions i normes socials<\/strong>: adoptar diferents rols (el metge, cirurgi\u00e0, malalt\u2026)<\/li>\n<li><strong>Aspectes afectius:<\/strong> la malaltia, les ferides, la mort, la cura&#8230;<\/li>\n<\/ul>\n<\/td>\n<\/tr>\n<tr>\n<td style=\"width: 113.6px;\"><strong>Casa:<\/strong><\/p>\n<ul style=\"list-style-type: square;\">\n<li>menjador<\/li>\n<\/ul>\n<p>&nbsp;<\/p>\n<ul style=\"list-style-type: square;\">\n<li>cuina<\/li>\n<\/ul>\n<p>&nbsp;<\/p>\n<ul style=\"list-style-type: square;\">\n<li>sal\u00f3<\/li>\n<\/ul>\n<p>&nbsp;<\/p>\n<ul style=\"list-style-type: square;\">\n<li>habitaci\u00f3<\/li>\n<\/ul>\n<\/td>\n<td style=\"width: 165.6px;\"><a href=\"https:\/\/agora.xtec.cat\/ceip-lespalmeres\/wp-content\/uploads\/usu1432\/2020\/07\/casa.jpg\"><img loading=\"lazy\" decoding=\"async\" class=\"size-medium wp-image-6002 aligncenter\" src=\"https:\/\/agora.xtec.cat\/ceip-lespalmeres\/wp-content\/uploads\/usu1432\/2020\/07\/casa-300x225.jpg\" alt=\"\" width=\"300\" height=\"225\" srcset=\"https:\/\/agora.xtec.cat\/ceip-lespalmeres\/wp-content\/uploads\/usu1432\/2020\/07\/casa-300x225.jpg 300w, https:\/\/agora.xtec.cat\/ceip-lespalmeres\/wp-content\/uploads\/usu1432\/2020\/07\/casa-768x576.jpg 768w, https:\/\/agora.xtec.cat\/ceip-lespalmeres\/wp-content\/uploads\/usu1432\/2020\/07\/casa-1024x768.jpg 1024w, https:\/\/agora.xtec.cat\/ceip-lespalmeres\/wp-content\/uploads\/usu1432\/2020\/07\/casa-200x150.jpg 200w\" sizes=\"auto, (max-width: 300px) 100vw, 300px\" \/><\/a><\/p>\n<p><a href=\"https:\/\/agora.xtec.cat\/ceip-lespalmeres\/wp-content\/uploads\/usu1432\/2020\/07\/casa-2.jpg\"><img loading=\"lazy\" decoding=\"async\" class=\"alignnone size-medium wp-image-6003\" src=\"https:\/\/agora.xtec.cat\/ceip-lespalmeres\/wp-content\/uploads\/usu1432\/2020\/07\/casa-2-300x225.jpg\" alt=\"\" width=\"300\" height=\"225\" srcset=\"https:\/\/agora.xtec.cat\/ceip-lespalmeres\/wp-content\/uploads\/usu1432\/2020\/07\/casa-2-300x225.jpg 300w, https:\/\/agora.xtec.cat\/ceip-lespalmeres\/wp-content\/uploads\/usu1432\/2020\/07\/casa-2-768x576.jpg 768w, https:\/\/agora.xtec.cat\/ceip-lespalmeres\/wp-content\/uploads\/usu1432\/2020\/07\/casa-2-1024x768.jpg 1024w, https:\/\/agora.xtec.cat\/ceip-lespalmeres\/wp-content\/uploads\/usu1432\/2020\/07\/casa-2-200x150.jpg 200w\" sizes=\"auto, (max-width: 300px) 100vw, 300px\" \/><\/a><\/td>\n<td style=\"width: 136px;\">Sof\u00e0, coixins, manta\u2026<\/p>\n<p>Tauleta<\/p>\n<p>Taula del menjador\u00a0 i cadires<\/p>\n<p>Cuina, cassoles, coberts, gots, tovallons, davantalls\u2026<\/p>\n<p>Cotxets de nines, nines, robeta&#8230;<\/td>\n<td style=\"width: 424px;\">Que sorgeixin moments:<\/p>\n<ul>\n<li><strong>Matem\u00e0tics<\/strong>: (Fent el dinar o parant taula)<\/li>\n<li style=\"list-style-type: none;\">\n<ul>\n<li><em>Mesura:<\/em> gran, mitj\u00e0, petit, gruixut prim,<\/li>\n<li><em style=\"font-family: inherit; font-size: 1em;\">Mesura de l\u2019espai<\/em><span style=\"font-family: inherit; font-size: 1em;\">:\u00a0 aqu\u00ec, all\u00e0, a prop, lluny\u2026<\/span><\/li>\n<li><em style=\"font-family: inherit; font-size: 1em;\">Mesura del temps<\/em><span style=\"font-family: inherit; font-size: 1em;\">: dies de la setmana, avui, al mat\u00ed\u2026<\/span><\/li>\n<li><em style=\"font-family: inherit; font-size: 1em;\">Geometria<\/em><span style=\"font-family: inherit; font-size: 1em;\">: organitzaci\u00f3 de l\u2019espai, orientaci\u00f3 i direccionalitat. Ex: darrera, sota\u2026<\/span><\/li>\n<li><em style=\"font-family: inherit; font-size: 1em;\">Nombre i quantitat:<\/em><span style=\"font-family: inherit; font-size: 1em;\"> ex. Posa 4 plats a taula (correspondencia, afegir i treure)<\/span><\/li>\n<\/ul>\n<\/li>\n<li><strong>Llenguatge:<\/strong> potenciar el llenguatge, frases amb conversa amb els iguals, amb el tel\u00e8fon&#8230;<\/li>\n<li><strong>Aspectes afectius: <\/strong>La figura de la mare \u201cbona\u201d, la figura de la \u201cmadrastra\u201d, el bebe fr\u00e0gil, el pare absent, el pare assegurador,&#8230;<\/li>\n<li><strong>Relacions i normes socials:<\/strong> resoldre i entendre\u00a0 conflictes que sorgeixen en la seva vida portant-los al joc, adoptar diferents rols (mare, beb\u00e9, pare\u2026), acceptar les normes del grup i del joc&#8230;<\/li>\n<\/ul>\n<\/td>\n<\/tr>\n<\/tbody>\n<\/table>\n","protected":false},"excerpt":{"rendered":"<p>PER QU\u00c8 UN AMBIENT D\u2019AQUESTES CARACTER\u00cdSTIQUES? L\u2019ambient de vida quotidiana \u00e9s el lloc on es potencien aspectes com: el llenguatge verbal y no verbal, les relacions socials i de conviv\u00e8ncia entre els nens i nenes de diferents edats i el desenvolupament d\u2019h\u00e0bits socials: compartir espais, jocs, joguines, posar-se d\u2019acord els uns amb els altres i [&hellip;]<\/p>\n","protected":false},"author":1,"featured_media":0,"parent":0,"menu_order":0,"comment_status":"closed","ping_status":"closed","template":"","meta":{"_bbp_topic_count":0,"_bbp_reply_count":0,"_bbp_total_topic_count":0,"_bbp_total_reply_count":0,"_bbp_voice_count":0,"_bbp_anonymous_reply_count":0,"_bbp_topic_count_hidden":0,"_bbp_reply_count_hidden":0,"_bbp_forum_subforum_count":0,"site-sidebar-layout":"default","site-content-layout":"","ast-site-content-layout":"","site-content-style":"default","site-sidebar-style":"default","ast-global-header-display":"","ast-banner-title-visibility":"","ast-main-header-display":"","ast-hfb-above-header-display":"","ast-hfb-below-header-display":"","ast-hfb-mobile-header-display":"","site-post-title":"","ast-breadcrumbs-content":"","ast-featured-img":"","footer-sml-layout":"","theme-transparent-header-meta":"","adv-header-id-meta":"","stick-header-meta":"","header-above-stick-meta":"","header-main-stick-meta":"","header-below-stick-meta":"","astra-migrate-meta-layouts":"default","ast-page-background-enabled":"default","ast-page-background-meta":{"desktop":{"background-color":"var(--ast-global-color-4)","background-image":"","background-repeat":"repeat","background-position":"center center","background-size":"auto","background-attachment":"scroll","background-type":"","background-media":"","overlay-type":"","overlay-color":"","overlay-opacity":"","overlay-gradient":""},"tablet":{"background-color":"","background-image":"","background-repeat":"repeat","background-position":"center center","background-size":"auto","background-attachment":"scroll","background-type":"","background-media":"","overlay-type":"","overlay-color":"","overlay-opacity":"","overlay-gradient":""},"mobile":{"background-color":"","background-image":"","background-repeat":"repeat","background-position":"center center","background-size":"auto","background-attachment":"scroll","background-type":"","background-media":"","overlay-type":"","overlay-color":"","overlay-opacity":"","overlay-gradient":""}},"ast-content-background-meta":{"desktop":{"background-color":"var(--ast-global-color-5)","background-image":"","background-repeat":"repeat","background-position":"center center","background-size":"auto","background-attachment":"scroll","background-type":"","background-media":"","overlay-type":"","overlay-color":"","overlay-opacity":"","overlay-gradient":""},"tablet":{"background-color":"var(--ast-global-color-5)","background-image":"","background-repeat":"repeat","background-position":"center center","background-size":"auto","background-attachment":"scroll","background-type":"","background-media":"","overlay-type":"","overlay-color":"","overlay-opacity":"","overlay-gradient":""},"mobile":{"background-color":"var(--ast-global-color-5)","background-image":"","background-repeat":"repeat","background-position":"center center","background-size":"auto","background-attachment":"scroll","background-type":"","background-media":"","overlay-type":"","overlay-color":"","overlay-opacity":"","overlay-gradient":""}},"footnotes":""},"class_list":["post-5994","page","type-page","status-publish","hentry"],"post_mailing_queue_ids":[],"_links":{"self":[{"href":"https:\/\/agora.xtec.cat\/ceip-lespalmeres\/wp-json\/wp\/v2\/pages\/5994","targetHints":{"allow":["GET"]}}],"collection":[{"href":"https:\/\/agora.xtec.cat\/ceip-lespalmeres\/wp-json\/wp\/v2\/pages"}],"about":[{"href":"https:\/\/agora.xtec.cat\/ceip-lespalmeres\/wp-json\/wp\/v2\/types\/page"}],"author":[{"embeddable":true,"href":"https:\/\/agora.xtec.cat\/ceip-lespalmeres\/wp-json\/wp\/v2\/users\/1"}],"replies":[{"embeddable":true,"href":"https:\/\/agora.xtec.cat\/ceip-lespalmeres\/wp-json\/wp\/v2\/comments?post=5994"}],"version-history":[{"count":3,"href":"https:\/\/agora.xtec.cat\/ceip-lespalmeres\/wp-json\/wp\/v2\/pages\/5994\/revisions"}],"predecessor-version":[{"id":6733,"href":"https:\/\/agora.xtec.cat\/ceip-lespalmeres\/wp-json\/wp\/v2\/pages\/5994\/revisions\/6733"}],"wp:attachment":[{"href":"https:\/\/agora.xtec.cat\/ceip-lespalmeres\/wp-json\/wp\/v2\/media?parent=5994"}],"curies":[{"name":"wp","href":"https:\/\/api.w.org\/{rel}","templated":true}]}}