{"id":5732,"date":"2020-05-11T20:43:21","date_gmt":"2020-05-11T18:43:21","guid":{"rendered":"http:\/\/agora.xtec.cat\/ceip-lespalmeres\/?page_id=5732"},"modified":"2026-01-19T16:14:27","modified_gmt":"2026-01-19T15:14:27","slug":"jornades-de-portes-obertes","status":"publish","type":"page","link":"https:\/\/agora.xtec.cat\/ceip-lespalmeres\/jornades-de-portes-obertes\/","title":{"rendered":"Jornades de portes obertes. Curs 2026 &#8211; 2027"},"content":{"rendered":"\n\t\t<div class=\"wp-block-getwid-countdown has-horizontal-alignment-left\">\n\t\t\t<div class=\"wp-block-getwid-countdown__wrapper\" >\n\t\t\t\t<div class=\"wp-block-getwid-countdown__content\"\n\t\t\t\t\t data-datetime=\"negative\"    data-weeks=\"1\" data-days=\"1\" data-hours=\"1\" data-minutes=\"1\" data-seconds=\"1\">\n\t\t\t\t<\/div>\n\t\t\t<\/div>\n\t\t<\/div>\n\n\t\t\n\n\n<figure class=\"wp-block-image aligncenter size-large is-resized\"><a href=\"https:\/\/agora.xtec.cat\/ceip-lespalmeres\/wp-content\/uploads\/usu1432\/2026\/01\/imatge-impacte-post.jpg\"><img loading=\"lazy\" decoding=\"async\" width=\"1024\" height=\"200\" src=\"https:\/\/agora.xtec.cat\/ceip-lespalmeres\/wp-content\/uploads\/usu1432\/2026\/01\/imatge-impacte-post-1024x200.jpg\" alt=\"\" class=\"wp-image-8583\" style=\"width:1200px;height:auto\" srcset=\"https:\/\/agora.xtec.cat\/ceip-lespalmeres\/wp-content\/uploads\/usu1432\/2026\/01\/imatge-impacte-post-1024x200.jpg 1024w, https:\/\/agora.xtec.cat\/ceip-lespalmeres\/wp-content\/uploads\/usu1432\/2026\/01\/imatge-impacte-post-300x59.jpg 300w, https:\/\/agora.xtec.cat\/ceip-lespalmeres\/wp-content\/uploads\/usu1432\/2026\/01\/imatge-impacte-post-768x150.jpg 768w, https:\/\/agora.xtec.cat\/ceip-lespalmeres\/wp-content\/uploads\/usu1432\/2026\/01\/imatge-impacte-post-1536x301.jpg 1536w, https:\/\/agora.xtec.cat\/ceip-lespalmeres\/wp-content\/uploads\/usu1432\/2026\/01\/imatge-impacte-post.jpg 1900w\" sizes=\"auto, (max-width: 1024px) 100vw, 1024px\" \/><\/a><\/figure>\n\n\n\n<div class=\"row\">\n<div class=\"columns small-12 large-10\">\n<div class=\"row\" style=\"margin-bottom: 1em !important;\">\n<div class=\"small-12 large-4 text-center columns\">\n<p data-start=\"125\" data-end=\"446\">El segon trimestre escolar coincideix tradicionalment amb les jornades de portes obertes pr\u00e8vies al proc\u00e9s de preinscripci\u00f3 als centres educatius.<br data-start=\"275\" data-end=\"278\">L\u2019objectiu d\u2019aquestes jornades \u00e9s oferir a les fam\u00edlies la informaci\u00f3 necess\u00e0ria perqu\u00e8 puguin escollir el centre que considerin m\u00e9s adient per als seus fills i filles.<\/p>\n<p data-start=\"448\" data-end=\"711\">Aquestes jornades constitueixen tamb\u00e9 el primer contacte entre la fam\u00edlia i el centre educatiu, un vincle inicial que afavoreix la integraci\u00f3 i la participaci\u00f3 activa de les fam\u00edlies en la comunitat educativa, i que sovint es tradueix en una major cohesi\u00f3 social.<\/p>\n<p data-start=\"713\" data-end=\"910\">Creiem que una trobada conjunta pr\u00e8via al recorregut per l\u2019escola facilita con\u00e8ixer-nos, comprendre el nostre projecte educatiu i identificar all\u00f2 que posteriorment observareu durant la visita.<\/p>\n<p data-start=\"912\" data-end=\"1045\">Us convidem a con\u00e8ixer la nostra escola i la nostra proposta educativa.<br data-start=\"987\" data-end=\"990\">Aquest curs organitzem dues jornades de portes obertes:<\/p>\n<\/div>\n<\/div>\n<\/div>\n<\/div>\n\n\n\n<div class=\"wp-block-columns is-layout-flex wp-container-core-columns-is-layout-1 wp-block-columns-is-layout-flex\">\n<div class=\"wp-block-column is-layout-flow wp-block-column-is-layout-flow\">\n<p class=\"has-text-align-right\"><strong>dimecres 18 de febrer <\/strong><br><strong>des de les 9. 30 fins a les 11.30<\/strong> <\/p>\n\n\n\n<p class=\"has-text-align-right\">(xerrada i visita )<\/p>\n\n\n\n<p><\/p>\n<\/div>\n\n\n\n<div class=\"wp-block-column is-layout-flow wp-block-column-is-layout-flow\">\n<p class=\"has-text-align-left\"><strong>dimarts 24 de febrer  a la tarda<\/strong><br><strong> des de les 14.10 fins a les 16.30 <\/strong><\/p>\n\n\n\n<p>(xerrada i visita).<\/p>\n<\/div>\n<\/div>\n\n\n\n<div class=\"wp-block-buttons alignfull is-content-justification-center is-layout-flex wp-container-core-buttons-is-layout-1 wp-block-buttons-is-layout-flex\">\n<div class=\"wp-block-button\"><a class=\"wp-block-button__link wp-element-button\" href=\"https:\/\/docs.google.com\/forms\/d\/e\/1FAIpQLSfEJZAvi3sxlpbjo4bWZZOJ_t5KX18Odk7mZVU6y3G2eOeTPA\/viewform\" target=\"_blank\" rel=\"noreferrer noopener\"><strong>Apunta-t&#8217;hi<\/strong><\/a><\/div>\n<\/div>\n\n\n\n<p><a href=\"https:\/\/www.gramenet.cat\/ajuntament\/arees-municipals\/educacio\/preinscripcio-i-matricula-escolar\/\" target=\"_blank\" rel=\"noreferrer noopener\">M\u00e9s informaci\u00f3 <\/a><\/p>\n\n\n\n<p class=\"has-text-align-center\"><\/p>\n\n\n\n<p class=\"has-text-align-center\"><\/p>\n\n\n\n<div style=\"text-align: right;\">\u00a0<\/div>\n","protected":false},"excerpt":{"rendered":"<p>El segon trimestre escolar coincideix tradicionalment amb les jornades de portes obertes pr\u00e8vies al proc\u00e9s de preinscripci\u00f3 als centres educatius.L\u2019objectiu d\u2019aquestes jornades \u00e9s oferir a les fam\u00edlies la informaci\u00f3 necess\u00e0ria perqu\u00e8 puguin escollir el centre que considerin m\u00e9s adient per als seus fills i filles. Aquestes jornades constitueixen tamb\u00e9 el primer contacte entre la fam\u00edlia [&hellip;]<\/p>\n","protected":false},"author":1,"featured_media":0,"parent":0,"menu_order":0,"comment_status":"closed","ping_status":"closed","template":"","meta":{"_bbp_topic_count":0,"_bbp_reply_count":0,"_bbp_total_topic_count":0,"_bbp_total_reply_count":0,"_bbp_voice_count":0,"_bbp_anonymous_reply_count":0,"_bbp_topic_count_hidden":0,"_bbp_reply_count_hidden":0,"_bbp_forum_subforum_count":0,"site-sidebar-layout":"default","site-content-layout":"","ast-site-content-layout":"default","site-content-style":"default","site-sidebar-style":"default","ast-global-header-display":"","ast-banner-title-visibility":"","ast-main-header-display":"","ast-hfb-above-header-display":"","ast-hfb-below-header-display":"","ast-hfb-mobile-header-display":"","site-post-title":"","ast-breadcrumbs-content":"","ast-featured-img":"","footer-sml-layout":"","theme-transparent-header-meta":"","adv-header-id-meta":"","stick-header-meta":"","header-above-stick-meta":"","header-main-stick-meta":"","header-below-stick-meta":"","astra-migrate-meta-layouts":"set","ast-page-background-enabled":"default","ast-page-background-meta":{"desktop":{"background-color":"var(--ast-global-color-4)","background-image":"","background-repeat":"repeat","background-position":"center center","background-size":"auto","background-attachment":"scroll","background-type":"","background-media":"","overlay-type":"","overlay-color":"","overlay-opacity":"","overlay-gradient":""},"tablet":{"background-color":"","background-image":"","background-repeat":"repeat","background-position":"center center","background-size":"auto","background-attachment":"scroll","background-type":"","background-media":"","overlay-type":"","overlay-color":"","overlay-opacity":"","overlay-gradient":""},"mobile":{"background-color":"","background-image":"","background-repeat":"repeat","background-position":"center center","background-size":"auto","background-attachment":"scroll","background-type":"","background-media":"","overlay-type":"","overlay-color":"","overlay-opacity":"","overlay-gradient":""}},"ast-content-background-meta":{"desktop":{"background-color":"var(--ast-global-color-5)","background-image":"","background-repeat":"repeat","background-position":"center center","background-size":"auto","background-attachment":"scroll","background-type":"","background-media":"","overlay-type":"","overlay-color":"","overlay-opacity":"","overlay-gradient":""},"tablet":{"background-color":"var(--ast-global-color-5)","background-image":"","background-repeat":"repeat","background-position":"center center","background-size":"auto","background-attachment":"scroll","background-type":"","background-media":"","overlay-type":"","overlay-color":"","overlay-opacity":"","overlay-gradient":""},"mobile":{"background-color":"var(--ast-global-color-5)","background-image":"","background-repeat":"repeat","background-position":"center center","background-size":"auto","background-attachment":"scroll","background-type":"","background-media":"","overlay-type":"","overlay-color":"","overlay-opacity":"","overlay-gradient":""}},"footnotes":""},"class_list":["post-5732","page","type-page","status-publish","hentry"],"post_mailing_queue_ids":[],"_links":{"self":[{"href":"https:\/\/agora.xtec.cat\/ceip-lespalmeres\/wp-json\/wp\/v2\/pages\/5732","targetHints":{"allow":["GET"]}}],"collection":[{"href":"https:\/\/agora.xtec.cat\/ceip-lespalmeres\/wp-json\/wp\/v2\/pages"}],"about":[{"href":"https:\/\/agora.xtec.cat\/ceip-lespalmeres\/wp-json\/wp\/v2\/types\/page"}],"author":[{"embeddable":true,"href":"https:\/\/agora.xtec.cat\/ceip-lespalmeres\/wp-json\/wp\/v2\/users\/1"}],"replies":[{"embeddable":true,"href":"https:\/\/agora.xtec.cat\/ceip-lespalmeres\/wp-json\/wp\/v2\/comments?post=5732"}],"version-history":[{"count":6,"href":"https:\/\/agora.xtec.cat\/ceip-lespalmeres\/wp-json\/wp\/v2\/pages\/5732\/revisions"}],"predecessor-version":[{"id":8613,"href":"https:\/\/agora.xtec.cat\/ceip-lespalmeres\/wp-json\/wp\/v2\/pages\/5732\/revisions\/8613"}],"wp:attachment":[{"href":"https:\/\/agora.xtec.cat\/ceip-lespalmeres\/wp-json\/wp\/v2\/media?parent=5732"}],"curies":[{"name":"wp","href":"https:\/\/api.w.org\/{rel}","templated":true}]}}