{"id":5716,"date":"2020-05-11T17:52:06","date_gmt":"2020-05-11T15:52:06","guid":{"rendered":"http:\/\/agora.xtec.cat\/ceip-lespalmeres\/?page_id=5716"},"modified":"2026-01-19T16:05:48","modified_gmt":"2026-01-19T15:05:48","slug":"estem-en-marxa","status":"publish","type":"page","link":"https:\/\/agora.xtec.cat\/ceip-lespalmeres\/estem-en-marxa\/","title":{"rendered":"La COVID no ens atura"},"content":{"rendered":"<div class=\"row\" style=\"margin-bottom: 1em !important;\">\n<div class=\"small-12 large-4 text-center columns\">\n<p><a href=\"https:\/\/www.instagram.com\/escolalespalmeres\/\" target=\"_blank\" rel=\"noopener\"><img loading=\"lazy\" decoding=\"async\" class=\"aligncenter wp-image-5278\" src=\"https:\/\/agora.xtec.cat\/ceip-lespalmeres\/wp-content\/uploads\/usu1432\/2020\/03\/dd734d6b-833f-4e35-83fe-2af26c055776.png\" alt=\"\" width=\"148\" height=\"143\" srcset=\"https:\/\/agora.xtec.cat\/ceip-lespalmeres\/wp-content\/uploads\/usu1432\/2020\/03\/dd734d6b-833f-4e35-83fe-2af26c055776.png 3500w, https:\/\/agora.xtec.cat\/ceip-lespalmeres\/wp-content\/uploads\/usu1432\/2020\/03\/dd734d6b-833f-4e35-83fe-2af26c055776-300x291.png 300w, https:\/\/agora.xtec.cat\/ceip-lespalmeres\/wp-content\/uploads\/usu1432\/2020\/03\/dd734d6b-833f-4e35-83fe-2af26c055776-768x745.png 768w, https:\/\/agora.xtec.cat\/ceip-lespalmeres\/wp-content\/uploads\/usu1432\/2020\/03\/dd734d6b-833f-4e35-83fe-2af26c055776-1024x993.png 1024w\" sizes=\"auto, (max-width: 148px) 100vw, 148px\" \/><\/a><\/p>\n<p style=\"text-align: left;\">Entreu al nostre Instagram, all\u00e0 trobareu recomanacions de p\u00e0gines web interessants per fer a casa.<\/p>\n<p style=\"text-align: left;\">Amb el <a href=\"https:\/\/www.instagram.com\/stories\/highlights\/17866046518684343\/\" target=\"_blank\" rel=\"noopener\">#joemquedoacasa<\/a> podreu trobar mil d&#8217;idees per fer a casa amb els infants.<\/p>\n<\/div>\n<div class=\"small-12 large-4 text-center columns\">\n<p><a href=\"https:\/\/accounts.google.com\/v3\/signin\/identifier?dsh=S-771136752%3A1679582720439829&amp;authuser=1&amp;continue=https%3A%2F%2Fmail.google.com&amp;ec=GAlAFw&amp;hl=ca&amp;service=mail&amp;flowName=GlifWebSignIn&amp;flowEntry=AddSession\" target=\"_blank\" rel=\"noopener\"><img loading=\"lazy\" decoding=\"async\" class=\"aligncenter wp-image-5279\" src=\"https:\/\/agora.xtec.cat\/ceip-lespalmeres\/wp-content\/uploads\/usu1432\/2020\/03\/Actualidad_302485753_130187195_1024x576.jpg\" alt=\"\" width=\"229\" height=\"129\" srcset=\"https:\/\/agora.xtec.cat\/ceip-lespalmeres\/wp-content\/uploads\/usu1432\/2020\/03\/Actualidad_302485753_130187195_1024x576.jpg 1024w, https:\/\/agora.xtec.cat\/ceip-lespalmeres\/wp-content\/uploads\/usu1432\/2020\/03\/Actualidad_302485753_130187195_1024x576-300x169.jpg 300w, https:\/\/agora.xtec.cat\/ceip-lespalmeres\/wp-content\/uploads\/usu1432\/2020\/03\/Actualidad_302485753_130187195_1024x576-768x432.jpg 768w\" sizes=\"auto, (max-width: 229px) 100vw, 229px\" \/><\/a><\/p>\n<p style=\"text-align: left;\"><span style=\"font-weight: 400;\">Recordeu que els mestres tenen un correu electr\u00f2nic per a poder comunicar-se amb els nens i nenes durant horari escolar (de 9 a 12 i de 15 a 16.30) us faran resposta el m\u00e9s aviat possible.\u00a0<\/span><\/p>\n<p style=\"text-align: left;\"><span style=\"font-weight: 400;\">Podeu preguntar dubtes, comunicacions i mantindre una relaci\u00f3 tutorial directa.\u00a0<\/span><\/p>\n<p style=\"text-align: left;\">\n<\/div>\n<div class=\"small-12 large-4 text-center columns\">\n<p><a href=\"https:\/\/accounts.google.com\/v3\/signin\/identifier?dsh=S973902767%3A1679582800794976&amp;authuser=0&amp;continue=https%3A%2F%2Fdrive.google.com%2Fdrive%2Fu%2F0%2Fsearch%3Fq%3Doficial&amp;ec=GAlAMQ&amp;hl=ca&amp;service=writely&amp;flowName=GlifWebSignIn&amp;flowEntry=AddSession\" target=\"_blank\" rel=\"noopener\"><img loading=\"lazy\" decoding=\"async\" class=\"aligncenter wp-image-5246\" src=\"https:\/\/agora.xtec.cat\/ceip-lespalmeres\/wp-content\/uploads\/usu1432\/2020\/03\/las-claves-del-nuevo-diseno-de-google-drive-07.jpg\" alt=\"\" width=\"191\" height=\"127\" srcset=\"https:\/\/agora.xtec.cat\/ceip-lespalmeres\/wp-content\/uploads\/usu1432\/2020\/03\/las-claves-del-nuevo-diseno-de-google-drive-07.jpg 1600w, https:\/\/agora.xtec.cat\/ceip-lespalmeres\/wp-content\/uploads\/usu1432\/2020\/03\/las-claves-del-nuevo-diseno-de-google-drive-07-300x200.jpg 300w, https:\/\/agora.xtec.cat\/ceip-lespalmeres\/wp-content\/uploads\/usu1432\/2020\/03\/las-claves-del-nuevo-diseno-de-google-drive-07-768x512.jpg 768w, https:\/\/agora.xtec.cat\/ceip-lespalmeres\/wp-content\/uploads\/usu1432\/2020\/03\/las-claves-del-nuevo-diseno-de-google-drive-07-1024x683.jpg 1024w\" sizes=\"auto, (max-width: 191px) 100vw, 191px\" \/><\/a><\/p>\n<p style=\"margin-bottom: 0.2em; text-align: left;\"><span style=\"font-weight: 400;\">Els alumnes de prim\u00e0ria tamb\u00e9 tenen el seu drive personal, all\u00e0 tindreu acc\u00e9s a contingut actual del nivell i la tutoria. Us convidem a fer uns del mateix amb els vostres fills<\/span><\/p>\n<p style=\"margin-bottom: 0.2em; text-align: left;\">Tamb\u00e9 ens pots escriure un correu a l&#8217;escola: a8027870@xtec.cat<\/p>\n<p style=\"margin-bottom: 0.2em; text-align: left;\">o trucar per tel\u00e8fon al<\/p>\n<p style=\"margin-bottom: 0.2em; text-align: left;\">933920024<\/p>\n<\/div>\n<\/div>\n","protected":false},"excerpt":{"rendered":"<p>Entreu al nostre Instagram, all\u00e0 trobareu recomanacions de p\u00e0gines web interessants per fer a casa. Amb el #joemquedoacasa podreu trobar mil d&#8217;idees per fer a casa amb els infants. Recordeu que els mestres tenen un correu electr\u00f2nic per a poder comunicar-se amb els nens i nenes durant horari escolar (de 9 a 12 i de [&hellip;]<\/p>\n","protected":false},"author":1,"featured_media":0,"parent":0,"menu_order":0,"comment_status":"closed","ping_status":"closed","template":"","meta":{"_bbp_topic_count":0,"_bbp_reply_count":0,"_bbp_total_topic_count":0,"_bbp_total_reply_count":0,"_bbp_voice_count":0,"_bbp_anonymous_reply_count":0,"_bbp_topic_count_hidden":0,"_bbp_reply_count_hidden":0,"_bbp_forum_subforum_count":0,"site-sidebar-layout":"default","site-content-layout":"","ast-site-content-layout":"default","site-content-style":"default","site-sidebar-style":"default","ast-global-header-display":"","ast-banner-title-visibility":"","ast-main-header-display":"","ast-hfb-above-header-display":"","ast-hfb-below-header-display":"","ast-hfb-mobile-header-display":"","site-post-title":"","ast-breadcrumbs-content":"","ast-featured-img":"","footer-sml-layout":"","theme-transparent-header-meta":"","adv-header-id-meta":"","stick-header-meta":"","header-above-stick-meta":"","header-main-stick-meta":"","header-below-stick-meta":"","astra-migrate-meta-layouts":"set","ast-page-background-enabled":"default","ast-page-background-meta":{"desktop":{"background-color":"var(--ast-global-color-4)","background-image":"","background-repeat":"repeat","background-position":"center center","background-size":"auto","background-attachment":"scroll","background-type":"","background-media":"","overlay-type":"","overlay-color":"","overlay-opacity":"","overlay-gradient":""},"tablet":{"background-color":"","background-image":"","background-repeat":"repeat","background-position":"center center","background-size":"auto","background-attachment":"scroll","background-type":"","background-media":"","overlay-type":"","overlay-color":"","overlay-opacity":"","overlay-gradient":""},"mobile":{"background-color":"","background-image":"","background-repeat":"repeat","background-position":"center center","background-size":"auto","background-attachment":"scroll","background-type":"","background-media":"","overlay-type":"","overlay-color":"","overlay-opacity":"","overlay-gradient":""}},"ast-content-background-meta":{"desktop":{"background-color":"var(--ast-global-color-5)","background-image":"","background-repeat":"repeat","background-position":"center center","background-size":"auto","background-attachment":"scroll","background-type":"","background-media":"","overlay-type":"","overlay-color":"","overlay-opacity":"","overlay-gradient":""},"tablet":{"background-color":"var(--ast-global-color-5)","background-image":"","background-repeat":"repeat","background-position":"center center","background-size":"auto","background-attachment":"scroll","background-type":"","background-media":"","overlay-type":"","overlay-color":"","overlay-opacity":"","overlay-gradient":""},"mobile":{"background-color":"var(--ast-global-color-5)","background-image":"","background-repeat":"repeat","background-position":"center center","background-size":"auto","background-attachment":"scroll","background-type":"","background-media":"","overlay-type":"","overlay-color":"","overlay-opacity":"","overlay-gradient":""}},"footnotes":""},"class_list":["post-5716","page","type-page","status-publish","hentry"],"post_mailing_queue_ids":[],"_links":{"self":[{"href":"https:\/\/agora.xtec.cat\/ceip-lespalmeres\/wp-json\/wp\/v2\/pages\/5716","targetHints":{"allow":["GET"]}}],"collection":[{"href":"https:\/\/agora.xtec.cat\/ceip-lespalmeres\/wp-json\/wp\/v2\/pages"}],"about":[{"href":"https:\/\/agora.xtec.cat\/ceip-lespalmeres\/wp-json\/wp\/v2\/types\/page"}],"author":[{"embeddable":true,"href":"https:\/\/agora.xtec.cat\/ceip-lespalmeres\/wp-json\/wp\/v2\/users\/1"}],"replies":[{"embeddable":true,"href":"https:\/\/agora.xtec.cat\/ceip-lespalmeres\/wp-json\/wp\/v2\/comments?post=5716"}],"version-history":[{"count":3,"href":"https:\/\/agora.xtec.cat\/ceip-lespalmeres\/wp-json\/wp\/v2\/pages\/5716\/revisions"}],"predecessor-version":[{"id":8609,"href":"https:\/\/agora.xtec.cat\/ceip-lespalmeres\/wp-json\/wp\/v2\/pages\/5716\/revisions\/8609"}],"wp:attachment":[{"href":"https:\/\/agora.xtec.cat\/ceip-lespalmeres\/wp-json\/wp\/v2\/media?parent=5716"}],"curies":[{"name":"wp","href":"https:\/\/api.w.org\/{rel}","templated":true}]}}