{"id":5419,"date":"2020-03-31T10:39:20","date_gmt":"2020-03-31T08:39:20","guid":{"rendered":"http:\/\/agora.xtec.cat\/ceip-lespalmeres\/?page_id=5419"},"modified":"2020-03-31T12:31:03","modified_gmt":"2020-03-31T10:31:03","slug":"hangouts-meet-videotrucades-al-servei-dalumnes-i-mestres","status":"publish","type":"page","link":"https:\/\/agora.xtec.cat\/ceip-lespalmeres\/hangouts-meet-videotrucades-al-servei-dalumnes-i-mestres\/","title":{"rendered":"Hangouts Meet, videotrucades al servei d\u2019alumnes i mestres"},"content":{"rendered":"<p><img loading=\"lazy\" decoding=\"async\" class=\"alignleft size-full wp-image-5420\" src=\"https:\/\/agora.xtec.cat\/ceip-lespalmeres\/wp-content\/uploads\/usu1432\/2020\/03\/meet.jpg\" alt=\"\" width=\"225\" height=\"225\" srcset=\"https:\/\/agora.xtec.cat\/ceip-lespalmeres\/wp-content\/uploads\/usu1432\/2020\/03\/meet.jpg 225w, https:\/\/agora.xtec.cat\/ceip-lespalmeres\/wp-content\/uploads\/usu1432\/2020\/03\/meet-150x150.jpg 150w\" sizes=\"auto, (max-width: 225px) 100vw, 225px\" \/>Les escoles que tenen GSuite per Educaci\u00f3 poden disposar d\u2019aquesta gran eina que \u00e9s <strong>Hangouts Meet<\/strong>.<\/p>\n<p>Permet connectar amb els alumnes de forma virtual a trav\u00e9s de videotrucades i missatges segurs per tal que segueixin aprenent fora de l\u2019escola. Permet fins a 250 connexions simult\u00e0nees. Es pot fer servir per reunions de mestres de forma virtual, o connexions amb els alumnes per fer \u201cteletreball\u201d.<\/p>\n<p>En el nostre cas, com a escola si volguessim podr\u00edem connectar amb molts els alumnes a la vegada ja que disposen d\u2019un email Gsuite per educaci\u00f3 i domini propi.<\/p>\n<p>Primer de tot es crea una reuni\u00f3 o trobada, seguidament s\u2019envia un link per tal que altres persones es puguin connectar i es vagin unint a la trobada.<\/p>\n<p>En aquests dies de confinament degut al Coronavirus, pot ser una eina important\u00edssima per tal d\u2019estar en contacte amb els companys de feina i els teus alumnes.<\/p>\n<p>&nbsp;<\/p>\n<h3 style=\"text-align: center;\">Per seleccionar un esdeveniment programat:<\/h3>\n<ol>\n<li>En un navegador web, v\u00e9s a <a href=\"https:\/\/meet.google.com\/\">https:\/\/meet.google.com\/<\/a> .<\/li>\n<li>Selecciona la reuni\u00f3 a la llista d\u2019esdeveniments programats.<\/li>\n<li>Fes clic a Unir-se a la reuni\u00f3 .<\/li>\n<\/ol>\n<p>Nota:\u00a0 Els usuaris que s\u2019uneixin despr\u00e9s de l\u2019cinqu\u00e8 participant es silenciaran autom\u00e0ticament.<\/p>\n<h4><\/h4>\n<p>&nbsp;<\/p>\n<p>&nbsp;<\/p>\n<h3 style=\"text-align: center;\">Inicia videotrucades des de Meet:<\/h3>\n<p>Si necessites que un membre del teu equip et doni una resposta r\u00e0pidament, podeu iniciar una reuni\u00f3 no programada en un navegador web. Si alg\u00fa t\u2019envia un URL d\u2019enlla\u00e7 a una reuni\u00f3, nom\u00e9s has de fer clic a l\u2019enlla\u00e7 per unir-te a la trucada.<\/p>\n<p>Nota: Encara que pots enviar l\u2019enlla\u00e7 a la reuni\u00f3 a persones externes, un membre de la teva organitzaci\u00f3 ha de donar-los acc\u00e9s perqu\u00e8 puguin participar en la videotrucada.<\/p>\n<ol>\n<li>En un navegador web, v\u00e9s a <a href=\"https:\/\/meet.google.com\/\">https:\/\/meet.google.com<\/a>.<\/li>\n<li>Fes clic a <strong><em>Inicia<\/em><\/strong> una reuni\u00f3\u00a0 Inicia reuni\u00f3.<\/li>\n<li>Per afegir alg\u00fa a la reuni\u00f3, tria una d\u2019aquestes opcions:\n<ul>\n<li>Fes clic a <strong><em>Copia<\/em><\/strong>\u00a0 i enganxa la informaci\u00f3 de la reuni\u00f3 en un correu electr\u00f2nic o en una altra aplicaci\u00f3.<\/li>\n<li>Fes clic a <strong><em>Afegeix persones\u00a0 <\/em><\/strong>i tria una opci\u00f3:\n<ul>\n<li>A la <strong><em>secci\u00f3 Convidar<\/em><\/strong>, introdueix una adre\u00e7a de correu electr\u00f2nic i fes clic a Enviar invitaci\u00f3.<\/li>\n<\/ul>\n<\/li>\n<\/ul>\n<\/li>\n<\/ol>\n<p>&nbsp;<\/p>\n","protected":false},"excerpt":{"rendered":"<p>Les escoles que tenen GSuite per Educaci\u00f3 poden disposar d\u2019aquesta gran eina que \u00e9s Hangouts Meet. Permet connectar amb els alumnes de forma virtual a trav\u00e9s de videotrucades i missatges segurs per tal que segueixin aprenent fora de l\u2019escola. Permet fins a 250 connexions simult\u00e0nees. Es pot fer servir per reunions de mestres de forma [&hellip;]<\/p>\n","protected":false},"author":1,"featured_media":0,"parent":0,"menu_order":0,"comment_status":"closed","ping_status":"closed","template":"","meta":{"_bbp_topic_count":0,"_bbp_reply_count":0,"_bbp_total_topic_count":0,"_bbp_total_reply_count":0,"_bbp_voice_count":0,"_bbp_anonymous_reply_count":0,"_bbp_topic_count_hidden":0,"_bbp_reply_count_hidden":0,"_bbp_forum_subforum_count":0,"site-sidebar-layout":"default","site-content-layout":"","ast-site-content-layout":"","site-content-style":"default","site-sidebar-style":"default","ast-global-header-display":"","ast-banner-title-visibility":"","ast-main-header-display":"","ast-hfb-above-header-display":"","ast-hfb-below-header-display":"","ast-hfb-mobile-header-display":"","site-post-title":"","ast-breadcrumbs-content":"","ast-featured-img":"","footer-sml-layout":"","theme-transparent-header-meta":"","adv-header-id-meta":"","stick-header-meta":"","header-above-stick-meta":"","header-main-stick-meta":"","header-below-stick-meta":"","astra-migrate-meta-layouts":"default","ast-page-background-enabled":"default","ast-page-background-meta":{"desktop":{"background-color":"var(--ast-global-color-4)","background-image":"","background-repeat":"repeat","background-position":"center center","background-size":"auto","background-attachment":"scroll","background-type":"","background-media":"","overlay-type":"","overlay-color":"","overlay-opacity":"","overlay-gradient":""},"tablet":{"background-color":"","background-image":"","background-repeat":"repeat","background-position":"center center","background-size":"auto","background-attachment":"scroll","background-type":"","background-media":"","overlay-type":"","overlay-color":"","overlay-opacity":"","overlay-gradient":""},"mobile":{"background-color":"","background-image":"","background-repeat":"repeat","background-position":"center center","background-size":"auto","background-attachment":"scroll","background-type":"","background-media":"","overlay-type":"","overlay-color":"","overlay-opacity":"","overlay-gradient":""}},"ast-content-background-meta":{"desktop":{"background-color":"var(--ast-global-color-5)","background-image":"","background-repeat":"repeat","background-position":"center center","background-size":"auto","background-attachment":"scroll","background-type":"","background-media":"","overlay-type":"","overlay-color":"","overlay-opacity":"","overlay-gradient":""},"tablet":{"background-color":"var(--ast-global-color-5)","background-image":"","background-repeat":"repeat","background-position":"center center","background-size":"auto","background-attachment":"scroll","background-type":"","background-media":"","overlay-type":"","overlay-color":"","overlay-opacity":"","overlay-gradient":""},"mobile":{"background-color":"var(--ast-global-color-5)","background-image":"","background-repeat":"repeat","background-position":"center center","background-size":"auto","background-attachment":"scroll","background-type":"","background-media":"","overlay-type":"","overlay-color":"","overlay-opacity":"","overlay-gradient":""}},"footnotes":""},"class_list":["post-5419","page","type-page","status-publish","hentry"],"post_mailing_queue_ids":[],"_links":{"self":[{"href":"https:\/\/agora.xtec.cat\/ceip-lespalmeres\/wp-json\/wp\/v2\/pages\/5419","targetHints":{"allow":["GET"]}}],"collection":[{"href":"https:\/\/agora.xtec.cat\/ceip-lespalmeres\/wp-json\/wp\/v2\/pages"}],"about":[{"href":"https:\/\/agora.xtec.cat\/ceip-lespalmeres\/wp-json\/wp\/v2\/types\/page"}],"author":[{"embeddable":true,"href":"https:\/\/agora.xtec.cat\/ceip-lespalmeres\/wp-json\/wp\/v2\/users\/1"}],"replies":[{"embeddable":true,"href":"https:\/\/agora.xtec.cat\/ceip-lespalmeres\/wp-json\/wp\/v2\/comments?post=5419"}],"version-history":[{"count":3,"href":"https:\/\/agora.xtec.cat\/ceip-lespalmeres\/wp-json\/wp\/v2\/pages\/5419\/revisions"}],"predecessor-version":[{"id":5442,"href":"https:\/\/agora.xtec.cat\/ceip-lespalmeres\/wp-json\/wp\/v2\/pages\/5419\/revisions\/5442"}],"wp:attachment":[{"href":"https:\/\/agora.xtec.cat\/ceip-lespalmeres\/wp-json\/wp\/v2\/media?parent=5419"}],"curies":[{"name":"wp","href":"https:\/\/api.w.org\/{rel}","templated":true}]}}