{"id":5037,"date":"2020-03-14T13:45:31","date_gmt":"2020-03-14T12:45:31","guid":{"rendered":"http:\/\/agora.xtec.cat\/ceip-lespalmeres\/?page_id=5037"},"modified":"2026-04-15T10:27:09","modified_gmt":"2026-04-15T08:27:09","slug":"preinscripcio-i-matricula","status":"publish","type":"page","link":"https:\/\/agora.xtec.cat\/ceip-lespalmeres\/actualitat-cat-salut\/preinscripcio-i-matricula\/","title":{"rendered":"Com fer la Preinscripci\u00f3 2026-2027?"},"content":{"rendered":"\n<figure class=\"wp-block-image aligncenter size-large is-resized\"><a href=\"https:\/\/agora.xtec.cat\/ceip-lespalmeres\/wp-content\/uploads\/usu1432\/2026\/01\/imatge-impacte-post.jpg\"><img loading=\"lazy\" decoding=\"async\" width=\"1024\" height=\"200\" src=\"https:\/\/agora.xtec.cat\/ceip-lespalmeres\/wp-content\/uploads\/usu1432\/2026\/01\/imatge-impacte-post-1024x200.jpg\" alt=\"\" class=\"wp-image-8583\" style=\"width:1200px;height:auto\" srcset=\"https:\/\/agora.xtec.cat\/ceip-lespalmeres\/wp-content\/uploads\/usu1432\/2026\/01\/imatge-impacte-post-1024x200.jpg 1024w, https:\/\/agora.xtec.cat\/ceip-lespalmeres\/wp-content\/uploads\/usu1432\/2026\/01\/imatge-impacte-post-300x59.jpg 300w, https:\/\/agora.xtec.cat\/ceip-lespalmeres\/wp-content\/uploads\/usu1432\/2026\/01\/imatge-impacte-post-768x150.jpg 768w, https:\/\/agora.xtec.cat\/ceip-lespalmeres\/wp-content\/uploads\/usu1432\/2026\/01\/imatge-impacte-post-1536x301.jpg 1536w, https:\/\/agora.xtec.cat\/ceip-lespalmeres\/wp-content\/uploads\/usu1432\/2026\/01\/imatge-impacte-post.jpg 1900w\" sizes=\"auto, (max-width: 1024px) 100vw, 1024px\" \/><\/a><\/figure>\n\n\n\n<div class=\"row\" style=\"margin-bottom: 1em !important;\">\n<div class=\"small-12 large-4 text-center columns\">\n<p data-start=\"99\" data-end=\"546\">Des de l\u2019obertura del per\u00edode de presentaci\u00f3 de sol\u00b7licituds de preinscripci\u00f3 escolar fins a la formalitzaci\u00f3 de la matr\u00edcula del fill o filla, es duen a terme diverses actuacions que cal tenir molt en compte.<br data-start=\"312\" data-end=\"315\">Es tracta de moments clau que poden resultar determinants en l\u2019assignaci\u00f3 de places; per aquest motiu, \u00e9s imprescindible que les fam\u00edlies tinguin presents les dates establertes i realitzin en cada moment les gestions corresponents.<\/p>\n<p data-start=\"548\" data-end=\"788\">\u00c9s molt important respectar els terminis, ja que, a l\u2019hora d\u2019assignar una pla\u00e7a en un centre educatiu, les sol\u00b7licituds presentades fora de termini passen a tenir car\u00e0cter subsidiari respecte a les presentades dins del per\u00edode ordinari.<\/p>\n<p data-start=\"790\" data-end=\"914\">Recordeu: la preinscripci\u00f3 escolar \u00e9s nom\u00e9s per a l\u2019alumnat que ha d\u2019iniciar I3 o que sol\u00b7licita un canvi de centre.<\/p>\n<\/div>\n<\/div>\n\n\n\n<details class=\"wp-block-details is-layout-flow wp-block-details-is-layout-flow\"><summary>Presentaci\u00f3 de sol\u00b7licituds de preinscripci\u00f3: Educaci\u00f3 infantil de segon cicle i educaci\u00f3 prim\u00e0ria del 4 al 18 de mar\u00e7 de 2026 (a partir de les 9 hores)<\/summary>\n<p><\/p>\n<\/details>\n\n\n\n<div class=\"row\">\n<div class=\"columns small-12 large-10\">\n<div class=\"FW_bWidth\">\n<div class=\"FW_bMinwidth\">\n<div class=\"FW_bContainer\">\n<div class=\"FW_bMarc\">\n<div class=\"FW_bBlocInferiorE3\">\n<div id=\"FW_contingut\" class=\"FW_bContenidorE3\">\n<div id=\"unav_gcc_main\">\n<div id=\"mainContainer\">\n<div class=\"FW_column_portlet fpc_article\">\n<div class=\"FW_sDetallGeneral\">\n<div class=\"FW_bContingutArticle \">\n<div class=\"FW_sPregunta FW_sImpacte\">\n<h4 id=\"FW_bloc_24c7f9f3-3a42-11eb-90aa-005056924a59_1\" class=\"FW_ancora\">OFERTA DE L&#8217;ESCOLA<\/h4>\n<div class=\"row\" style=\"margin-bottom: 1em !important;\">\n<div class=\"small-12 large-4 text-center columns\">\n<p><a href=\"https:\/\/preinscripcio.gencat.cat\/ca\/estudis\/eso\/inici\/\" target=\"_blank\" rel=\"noopener\"><span style=\"color: #993300;\">Educaci\u00f3 secund\u00e0ria obligat\u00f2ria<\/span><\/a><\/p>\n<\/div>\n<\/div>\n<\/div>\n<\/div>\n<\/div>\n<\/div>\n<\/div>\n<div class=\"row\" style=\"margin-bottom: 1em !important;\">\n<div class=\"small-12 large-4 text-center columns\">\n<h3><b>Oficina Municipal d\u2019Escolaritzaci\u00f3<\/b><\/h3>\n<p><span style=\"font-weight: 400;\">Rambla Sant Sebasti\u00e0, 98-100.<\/span><\/p>\n<p><span style=\"font-family: inherit; font-size: 0.875em;\">Horari d\u2019atenci\u00f3 al p\u00fablic <\/span><\/p>\n<p><span style=\"font-family: inherit; font-size: 0.875em;\">de 9:00h-14:00h<\/span><\/p>\n<\/div>\n<div class=\"small-12 large-4 text-center columns\">\n<p style=\"margin-bottom: 0.2em;\"><span style=\"font-weight: 400;\">Tel\u00e8fon 93 462 40 58\u00a0 <\/span><a href=\"mailto:escolaritzacio@gramenet.cat\"><span style=\"font-weight: 400;\">escolaritzacio@gramenet.cat<\/span><\/a><\/p>\n<\/div>\n<\/div>\n<\/div>\n<\/div>\n<\/div>\n<\/div>\n<\/div>\n<\/div>\n<\/div>\n<\/div>\n<\/div>\n\n\n\n<div class=\"wp-block-columns is-layout-flex wp-container-core-columns-is-layout-2 wp-block-columns-is-layout-flex\">\n<div class=\"wp-block-column is-layout-flow wp-block-column-is-layout-flow\" style=\"flex-basis:100%\">\n<p><\/p>\n\n\n\n<div class=\"wp-block-columns is-layout-flex wp-container-core-columns-is-layout-1 wp-block-columns-is-layout-flex\">\n<div class=\"wp-block-column is-layout-flow wp-block-column-is-layout-flow\">\n<h3 class=\"wp-block-heading\">15 d&#8217;abril de 2026<\/h3>\n\n\n\n<h5 class=\"wp-block-heading\"><a href=\"https:\/\/drive.google.com\/file\/d\/1BgJOh4mmgbGfGHZlaPgC0Fx3BQrK5Sbh\/view?usp=drive_link\">Llista de sol\u00b7licituds amb la puntuaci\u00f3 provisional<\/a><\/h5>\n\n\n\n<p>Un cop acabat el per\u00edode de presentaci\u00f3 de sol\u00b7licituds, els centres educatius estudien cadascuna de les peticions que han rebut: n&#8217;analitzen les dades, els criteris que les fam\u00edlies demanen que es tinguin en compte, i tamb\u00e9 els documents justificatius. Tot seguit, publiquen la llista de sol\u00b7licituds amb la puntuaci\u00f3 provisional. En aquesta llista hi ha les sol\u00b7licituds ordenades alfab\u00e8ticament amb la puntuaci\u00f3 que ha rebut cada sol\u00b7licitud en aplicar-hi el barem.<\/p>\n<\/div>\n\n\n\n<div class=\"wp-block-column is-layout-flow wp-block-column-is-layout-flow\">\n<h3 class=\"wp-block-heading\">Del 15 al 20 d&#8217;xx de 2026<\/h3>\n\n\n\n<h4 class=\"wp-block-heading\">Presentaci\u00f3 de reclamacions<\/h4>\n\n\n\n<p>Durant aquest per\u00edode, si detectes alguna errada o anomalia en el barem assignat, pots presentar una reclamaci\u00f3.<\/p>\n<\/div>\n\n\n\n<div class=\"wp-block-column is-layout-flow wp-block-column-is-layout-flow\">\n<h3 class=\"wp-block-heading\">23 d&#8217;abril de 2026 <\/h3>\n\n\n\n<p>Llista de sol\u00b7licituds amb la puntuaci\u00f3 un cop resoltes les reclamacions<\/p>\n\n\n\n<p>Un cop resoltes totes les reclamacions presentades, el centre publica la llista definitiva de sol\u00b7licituds amb la puntuaci\u00f3 i el n\u00famero de desempat corresponent.<\/p>\n<\/div>\n<\/div>\n<\/div>\n<\/div>\n\n\n\n<div class=\"wp-block-columns is-layout-flex wp-container-core-columns-is-layout-4 wp-block-columns-is-layout-flex\">\n<div class=\"wp-block-column is-layout-flow wp-block-column-is-layout-flow\" style=\"flex-basis:100%\">\n<p><\/p>\n\n\n\n<div class=\"wp-block-columns is-layout-flex wp-container-core-columns-is-layout-3 wp-block-columns-is-layout-flex\">\n<div class=\"wp-block-column is-vertically-aligned-center is-layout-flow wp-block-column-is-layout-flow\">\n<h3 class=\"wp-block-heading\">28 d&#8217;abril de 2026<\/h3>\n\n\n\n<h6 class=\"wp-block-heading has-text-align-center\">a les 11 hores<\/h6>\n\n\n\n<h3 class=\"wp-block-heading has-text-align-center\">XX.XXX<\/h3>\n\n\n\n<h4 class=\"wp-block-heading\">Sorteig per resoldre les sol\u00b7licituds de preinscripci\u00f3 empatades en punts<\/h4>\n\n\n\n<p>El nombre de places a cada centre educatiu \u00e9s limitat. Si el nombre de peticions supera el d&#8217;alumnes que l&#8217;escola pot acollir, cal aplicar un sistema de desempat entre les sol\u00b7licituds que tenen la mateixa puntuaci\u00f3. Per fer-ho, s&#8217;obt\u00e9 un n\u00famero per sorteig a partir del qual s&#8217;ordenen totes les peticions empatades en punts, tenint en compte el n\u00famero de desempat que s&#8217;ha assignat a cada sol\u00b7licitud.<\/p>\n<\/div>\n\n\n\n<div class=\"wp-block-column is-layout-flow wp-block-column-is-layout-flow\">\n<h3 class=\"wp-block-heading\">30 d&#8217;abril de 2026<\/h3>\n\n\n\n<h4 class=\"wp-block-heading\">Publicaci\u00f3 de la llista ordenada de sol\u00b7licituds<\/h4>\n\n\n\n<p>Despr\u00e9s del sorteig, s&#8217;elabora la llista de sol\u00b7licituds per a l&#8217;assignaci\u00f3 de places. Per fer aquesta llista, en primer lloc es t\u00e9 en compte l&#8217;alumnat amb necessitats educatives espec\u00edfiques; despr\u00e9s, la resta d&#8217;alumnes, tenint en compte les puntuacions de cada sol\u00b7licitud, de m\u00e9s a menys.<\/p>\n<\/div>\n\n\n\n<div class=\"wp-block-column is-layout-flow wp-block-column-is-layout-flow\">\n<h3 class=\"wp-block-heading\">10 de juny de 2026<\/h3>\n\n\n\n<div class=\"wp-block-group is-layout-constrained wp-block-group-is-layout-constrained\">\n<h4 class=\"wp-block-heading has-text-align-center\">Llista d&#8217;alumnes admesos<\/h4>\n\n\n\n<h4 class=\"wp-block-heading has-text-align-center\">i<\/h4>\n\n\n\n<h4 class=\"wp-block-heading has-text-align-center\">llista d&#8217;espera<\/h4>\n<\/div>\n\n\n\n<p>Finalment, es publica la llista d&#8217;alumnes admesos al centre i tamb\u00e9 la llista d&#8217;espera.<strong>&nbsp;<\/strong><\/p>\n<\/div>\n<\/div>\n<\/div>\n<\/div>\n\n\n\n<div class=\"wp-block-columns is-layout-flex wp-container-core-columns-is-layout-5 wp-block-columns-is-layout-flex\">\n<div class=\"wp-block-column is-layout-flow wp-block-column-is-layout-flow\">\n<h3 class=\"wp-block-heading\">Del xx de juny\u00a0 al xx de 2026<\/h3>\n\n\n\n<h3 class=\"wp-block-heading\"><a href=\"https:\/\/agora.xtec.cat\/ceip-lespalmeres\/matricula\/\" target=\"_blank\" rel=\"noreferrer noopener\">Matriculaci\u00f3<\/a><\/h3>\n\n\n\n<p>Un cop s&#8217;ha publicat la llista final d&#8217;alumnes admesos en cada centre, comen\u00e7a el per\u00edode de matriculaci\u00f3 dels preinscrits amb pla\u00e7a assignada.<\/p>\n<\/div>\n<\/div>\n","protected":false},"excerpt":{"rendered":"<p>Des de l\u2019obertura del per\u00edode de presentaci\u00f3 de sol\u00b7licituds de preinscripci\u00f3 escolar fins a la formalitzaci\u00f3 de la matr\u00edcula del fill o filla, es duen a terme diverses actuacions que cal tenir molt en compte.Es tracta de moments clau que poden resultar determinants en l\u2019assignaci\u00f3 de places; per aquest motiu, \u00e9s imprescindible que les fam\u00edlies [&hellip;]<\/p>\n","protected":false},"author":1,"featured_media":0,"parent":4834,"menu_order":0,"comment_status":"closed","ping_status":"closed","template":"","meta":{"_bbp_topic_count":0,"_bbp_reply_count":0,"_bbp_total_topic_count":0,"_bbp_total_reply_count":0,"_bbp_voice_count":0,"_bbp_anonymous_reply_count":0,"_bbp_topic_count_hidden":0,"_bbp_reply_count_hidden":0,"_bbp_forum_subforum_count":0,"site-sidebar-layout":"default","site-content-layout":"","ast-site-content-layout":"default","site-content-style":"default","site-sidebar-style":"default","ast-global-header-display":"","ast-banner-title-visibility":"","ast-main-header-display":"","ast-hfb-above-header-display":"","ast-hfb-below-header-display":"","ast-hfb-mobile-header-display":"","site-post-title":"","ast-breadcrumbs-content":"","ast-featured-img":"","footer-sml-layout":"","theme-transparent-header-meta":"default","adv-header-id-meta":"","stick-header-meta":"","header-above-stick-meta":"","header-main-stick-meta":"","header-below-stick-meta":"","astra-migrate-meta-layouts":"set","ast-page-background-enabled":"default","ast-page-background-meta":{"desktop":{"background-color":"var(--ast-global-color-4)","background-image":"","background-repeat":"repeat","background-position":"center center","background-size":"auto","background-attachment":"scroll","background-type":"","background-media":"","overlay-type":"","overlay-color":"","overlay-opacity":"","overlay-gradient":""},"tablet":{"background-color":"","background-image":"","background-repeat":"repeat","background-position":"center center","background-size":"auto","background-attachment":"scroll","background-type":"","background-media":"","overlay-type":"","overlay-color":"","overlay-opacity":"","overlay-gradient":""},"mobile":{"background-color":"","background-image":"","background-repeat":"repeat","background-position":"center center","background-size":"auto","background-attachment":"scroll","background-type":"","background-media":"","overlay-type":"","overlay-color":"","overlay-opacity":"","overlay-gradient":""}},"ast-content-background-meta":{"desktop":{"background-color":"var(--ast-global-color-5)","background-image":"","background-repeat":"repeat","background-position":"center center","background-size":"auto","background-attachment":"scroll","background-type":"","background-media":"","overlay-type":"","overlay-color":"","overlay-opacity":"","overlay-gradient":""},"tablet":{"background-color":"var(--ast-global-color-5)","background-image":"","background-repeat":"repeat","background-position":"center center","background-size":"auto","background-attachment":"scroll","background-type":"","background-media":"","overlay-type":"","overlay-color":"","overlay-opacity":"","overlay-gradient":""},"mobile":{"background-color":"var(--ast-global-color-5)","background-image":"","background-repeat":"repeat","background-position":"center center","background-size":"auto","background-attachment":"scroll","background-type":"","background-media":"","overlay-type":"","overlay-color":"","overlay-opacity":"","overlay-gradient":""}},"footnotes":""},"class_list":["post-5037","page","type-page","status-publish","hentry"],"post_mailing_queue_ids":[],"_links":{"self":[{"href":"https:\/\/agora.xtec.cat\/ceip-lespalmeres\/wp-json\/wp\/v2\/pages\/5037","targetHints":{"allow":["GET"]}}],"collection":[{"href":"https:\/\/agora.xtec.cat\/ceip-lespalmeres\/wp-json\/wp\/v2\/pages"}],"about":[{"href":"https:\/\/agora.xtec.cat\/ceip-lespalmeres\/wp-json\/wp\/v2\/types\/page"}],"author":[{"embeddable":true,"href":"https:\/\/agora.xtec.cat\/ceip-lespalmeres\/wp-json\/wp\/v2\/users\/1"}],"replies":[{"embeddable":true,"href":"https:\/\/agora.xtec.cat\/ceip-lespalmeres\/wp-json\/wp\/v2\/comments?post=5037"}],"version-history":[{"count":6,"href":"https:\/\/agora.xtec.cat\/ceip-lespalmeres\/wp-json\/wp\/v2\/pages\/5037\/revisions"}],"predecessor-version":[{"id":8734,"href":"https:\/\/agora.xtec.cat\/ceip-lespalmeres\/wp-json\/wp\/v2\/pages\/5037\/revisions\/8734"}],"up":[{"embeddable":true,"href":"https:\/\/agora.xtec.cat\/ceip-lespalmeres\/wp-json\/wp\/v2\/pages\/4834"}],"wp:attachment":[{"href":"https:\/\/agora.xtec.cat\/ceip-lespalmeres\/wp-json\/wp\/v2\/media?parent=5037"}],"curies":[{"name":"wp","href":"https:\/\/api.w.org\/{rel}","templated":true}]}}