{"id":5031,"date":"2020-03-14T13:31:50","date_gmt":"2020-03-14T12:31:50","guid":{"rendered":"http:\/\/agora.xtec.cat\/ceip-lespalmeres\/?page_id=5031"},"modified":"2020-05-12T19:53:00","modified_gmt":"2020-05-12T17:53:00","slug":"articles-dinteres","status":"publish","type":"page","link":"https:\/\/agora.xtec.cat\/ceip-lespalmeres\/articles-dinteres\/","title":{"rendered":"Lectures recomanades"},"content":{"rendered":"<p><span style=\"font-weight: 400;\">Al llarg del temps de treball a l\u2019escola moltes fam\u00edlies demanen que llegir, recomanacions, per part de l&#8217;escola per poder compatir la tasca d&#8217;acompanyament als m\u00e9s petits, per no sentir-se sols com a pares i mares, amb l&#8217;objectiu d&#8217;entendre els seus fills i estar al seu costat en el seu creixement.<\/span><\/p>\n<p><span style=\"font-weight: 400;\">Potser aquest apartat, \u00e9s una bona forma de fer un petit llistat i poder compartir alguns llibres, articles, publicacions que ens poden acompanyar per entendre els m\u00e9s petits.\u00a0<\/span><\/p>\n<p>Salut!<\/p>\n<table>\n<tbody>\n<tr>\n<td><img loading=\"lazy\" decoding=\"async\" class=\"alignleft wp-image-5316\" src=\"https:\/\/agora.xtec.cat\/ceip-lespalmeres\/wp-content\/uploads\/usu1432\/2020\/03\/com-parlar.jpg\" alt=\"\" width=\"137\" height=\"202\" srcset=\"https:\/\/agora.xtec.cat\/ceip-lespalmeres\/wp-content\/uploads\/usu1432\/2020\/03\/com-parlar.jpg 229w, https:\/\/agora.xtec.cat\/ceip-lespalmeres\/wp-content\/uploads\/usu1432\/2020\/03\/com-parlar-204x300.jpg 204w\" sizes=\"auto, (max-width: 137px) 100vw, 137px\" \/><\/td>\n<td><span style=\"color: #333399;\"><strong><span style=\"color: #ff6600; font-family: inherit; font-size: 0.875em;\">ADELE FABER I ELAINE MAZLISH.<\/span>\u201cC\u00d3MO HABLAR PARA QUE LOS NI\u00d1OS ESCUCHEN Y C\u00d3MO ESCUCHAR PARA QUE LOS NI\u00d1OS HABLEN\u201d<\/strong><\/span><\/p>\n<p><span style=\"font-weight: 400;\">Les autores s\u00f3n psic\u00f2logues i han publicat nombrosos llibres en el camp de la comunicaci\u00f3 familiar.<\/span><\/p>\n<p><span style=\"font-weight: 400;\">En el llibre podem trobar temes com: autonomia, col\u00b7laboraci\u00f3, parlar de sentiments, alternatives al c\u00e0stig,&#8230;<\/span><\/p>\n<p><span style=\"font-weight: 400;\">Tamb\u00e9 han escrit un altre llibre d\u2019adolescents que podria ajudar els m\u00e9s grans.<\/span><\/p>\n<p>&nbsp;<\/td>\n<\/tr>\n<\/tbody>\n<\/table>\n<table>\n<tbody>\n<tr>\n<td><img loading=\"lazy\" decoding=\"async\" class=\"alignleft size-full wp-image-5317\" src=\"https:\/\/agora.xtec.cat\/ceip-lespalmeres\/wp-content\/uploads\/usu1432\/2020\/03\/victoria-camps.jpg\" alt=\"\" width=\"229\" height=\"369\" srcset=\"https:\/\/agora.xtec.cat\/ceip-lespalmeres\/wp-content\/uploads\/usu1432\/2020\/03\/victoria-camps.jpg 229w, https:\/\/agora.xtec.cat\/ceip-lespalmeres\/wp-content\/uploads\/usu1432\/2020\/03\/victoria-camps-186x300.jpg 186w\" sizes=\"auto, (max-width: 229px) 100vw, 229px\" \/><\/td>\n<td><strong><span style=\"color: #ff6600;\">VICT\u00d2RIA CAMPS. <\/span><\/strong><span style=\"font-weight: 400; color: #000080;\">\u201cQU\u00c9 HAY QUE ENSE\u00d1AR A LOS HIJOS\u201d<\/span><\/p>\n<p><span style=\"font-weight: 400;\">La V\u00edctoria Camps \u00e9s catedr\u00e0tica em\u00e8rita de filosofia de la Universitat Aut\u00f2noma de Barcelona, a m\u00e9s a m\u00e9s de tirar endavant altres feines per\u00f2 el m\u00e9s interessant \u00e9s que \u00e9s una dona amb gran sentit com\u00fa.<\/span><\/p>\n<p><span style=\"font-weight: 400;\">Dintre d\u2019aquest llibre petitet i f\u00e0cil de llegir hi ha una frase que segur que a totes ens remou:\u00a0<\/span><\/p>\n<p><span style=\"font-weight: 400;\">\u201cTodos somos hijos. Educar a los hijos es educarnos a nosotros mismos\u201d<\/span><\/p>\n<p><span style=\"font-weight: 400;\">La autora adverteix que no \u00e9s un llibre de receptes i diu expl\u00edcitament que les receptes no serveixen en aquest cas.<\/span><\/td>\n<\/tr>\n<\/tbody>\n<\/table>\n<table>\n<tbody>\n<tr>\n<td><img loading=\"lazy\" decoding=\"async\" class=\"alignleft size-full wp-image-5319\" src=\"https:\/\/agora.xtec.cat\/ceip-lespalmeres\/wp-content\/uploads\/usu1432\/2020\/03\/LLIBRE-Libertat-y-limites.png\" alt=\"\" width=\"450\" height=\"675\" srcset=\"https:\/\/agora.xtec.cat\/ceip-lespalmeres\/wp-content\/uploads\/usu1432\/2020\/03\/LLIBRE-Libertat-y-limites.png 450w, https:\/\/agora.xtec.cat\/ceip-lespalmeres\/wp-content\/uploads\/usu1432\/2020\/03\/LLIBRE-Libertat-y-limites-200x300.png 200w\" sizes=\"auto, (max-width: 450px) 100vw, 450px\" \/><\/td>\n<td><span style=\"font-weight: 400;\"><span style=\"color: #ff6600;\"><strong>REBECA WILD<\/strong><\/span>. <\/span><strong><span style=\"color: #0000ff;\">\u201cLLIBERTAT Y L\u00cdMITS. AMOR I RESPECTE\u201d.<\/span><\/strong><\/p>\n<p><span style=\"font-weight: 400;\">\u00a0La Rebeca Wild juntament amb el seu marit van fundar a l\u2019Ecuador un centre, el centre \u201cPestalozzi\u201d un referent de l\u2019educaci\u00f3 lliure.<\/span><\/p>\n<p><span style=\"font-weight: 400;\">En aquest llibre la Rebeca ens parla dels l\u00edmits d\u2019aquesta manera:\u00a0 \u201cPara nosotros -adultos que a menudo hemos sido educados y restringidos por l\u00edmites- no es f\u00e1cil comprender que en realidad los l\u00edmites pueden tener la funci\u00f3n de definir un espacio en el cual se puede actuar con independencia y libertad y en el cual se pueda dar un verdadero desarrollo humano\u201d<\/span><\/td>\n<\/tr>\n<\/tbody>\n<\/table>\n","protected":false},"excerpt":{"rendered":"<p>Al llarg del temps de treball a l\u2019escola moltes fam\u00edlies demanen que llegir, recomanacions, per part de l&#8217;escola per poder compatir la tasca d&#8217;acompanyament als m\u00e9s petits, per no sentir-se sols com a pares i mares, amb l&#8217;objectiu d&#8217;entendre els seus fills i estar al seu costat en el seu creixement. Potser aquest apartat, \u00e9s [&hellip;]<\/p>\n","protected":false},"author":1,"featured_media":0,"parent":0,"menu_order":0,"comment_status":"closed","ping_status":"closed","template":"page-templates\/side-menu.php","meta":{"_bbp_topic_count":0,"_bbp_reply_count":0,"_bbp_total_topic_count":0,"_bbp_total_reply_count":0,"_bbp_voice_count":0,"_bbp_anonymous_reply_count":0,"_bbp_topic_count_hidden":0,"_bbp_reply_count_hidden":0,"_bbp_forum_subforum_count":0,"site-sidebar-layout":"default","site-content-layout":"","ast-site-content-layout":"","site-content-style":"default","site-sidebar-style":"default","ast-global-header-display":"","ast-banner-title-visibility":"","ast-main-header-display":"","ast-hfb-above-header-display":"","ast-hfb-below-header-display":"","ast-hfb-mobile-header-display":"","site-post-title":"","ast-breadcrumbs-content":"","ast-featured-img":"","footer-sml-layout":"","theme-transparent-header-meta":"","adv-header-id-meta":"","stick-header-meta":"","header-above-stick-meta":"","header-main-stick-meta":"","header-below-stick-meta":"","astra-migrate-meta-layouts":"default","ast-page-background-enabled":"default","ast-page-background-meta":{"desktop":{"background-color":"var(--ast-global-color-4)","background-image":"","background-repeat":"repeat","background-position":"center center","background-size":"auto","background-attachment":"scroll","background-type":"","background-media":"","overlay-type":"","overlay-color":"","overlay-opacity":"","overlay-gradient":""},"tablet":{"background-color":"","background-image":"","background-repeat":"repeat","background-position":"center center","background-size":"auto","background-attachment":"scroll","background-type":"","background-media":"","overlay-type":"","overlay-color":"","overlay-opacity":"","overlay-gradient":""},"mobile":{"background-color":"","background-image":"","background-repeat":"repeat","background-position":"center center","background-size":"auto","background-attachment":"scroll","background-type":"","background-media":"","overlay-type":"","overlay-color":"","overlay-opacity":"","overlay-gradient":""}},"ast-content-background-meta":{"desktop":{"background-color":"var(--ast-global-color-5)","background-image":"","background-repeat":"repeat","background-position":"center center","background-size":"auto","background-attachment":"scroll","background-type":"","background-media":"","overlay-type":"","overlay-color":"","overlay-opacity":"","overlay-gradient":""},"tablet":{"background-color":"var(--ast-global-color-5)","background-image":"","background-repeat":"repeat","background-position":"center center","background-size":"auto","background-attachment":"scroll","background-type":"","background-media":"","overlay-type":"","overlay-color":"","overlay-opacity":"","overlay-gradient":""},"mobile":{"background-color":"var(--ast-global-color-5)","background-image":"","background-repeat":"repeat","background-position":"center center","background-size":"auto","background-attachment":"scroll","background-type":"","background-media":"","overlay-type":"","overlay-color":"","overlay-opacity":"","overlay-gradient":""}},"footnotes":""},"class_list":["post-5031","page","type-page","status-publish","hentry"],"post_mailing_queue_ids":[],"_links":{"self":[{"href":"https:\/\/agora.xtec.cat\/ceip-lespalmeres\/wp-json\/wp\/v2\/pages\/5031","targetHints":{"allow":["GET"]}}],"collection":[{"href":"https:\/\/agora.xtec.cat\/ceip-lespalmeres\/wp-json\/wp\/v2\/pages"}],"about":[{"href":"https:\/\/agora.xtec.cat\/ceip-lespalmeres\/wp-json\/wp\/v2\/types\/page"}],"author":[{"embeddable":true,"href":"https:\/\/agora.xtec.cat\/ceip-lespalmeres\/wp-json\/wp\/v2\/users\/1"}],"replies":[{"embeddable":true,"href":"https:\/\/agora.xtec.cat\/ceip-lespalmeres\/wp-json\/wp\/v2\/comments?post=5031"}],"version-history":[{"count":3,"href":"https:\/\/agora.xtec.cat\/ceip-lespalmeres\/wp-json\/wp\/v2\/pages\/5031\/revisions"}],"predecessor-version":[{"id":5326,"href":"https:\/\/agora.xtec.cat\/ceip-lespalmeres\/wp-json\/wp\/v2\/pages\/5031\/revisions\/5326"}],"wp:attachment":[{"href":"https:\/\/agora.xtec.cat\/ceip-lespalmeres\/wp-json\/wp\/v2\/media?parent=5031"}],"curies":[{"name":"wp","href":"https:\/\/api.w.org\/{rel}","templated":true}]}}