{"id":4879,"date":"2020-03-13T13:27:55","date_gmt":"2020-03-13T12:27:55","guid":{"rendered":"http:\/\/agora.xtec.cat\/ceip-lespalmeres\/?page_id=4879"},"modified":"2020-05-11T17:59:34","modified_gmt":"2020-05-11T15:59:34","slug":"classroom-5e-a","status":"publish","type":"page","link":"https:\/\/agora.xtec.cat\/ceip-lespalmeres\/classroom-5e-a\/","title":{"rendered":"CINQU\u00c8"},"content":{"rendered":"<p>&nbsp;<\/p>\n<p>&nbsp;<\/p>\n<table>\n<tbody>\n<tr style=\"height: 240px;\">\n<td style=\"width: 123px; height: 240px;\"><a href=\"https:\/\/accounts.google.com\/ServiceLogin\/signinchooser?service=mail&amp;passive=true&amp;rm=false&amp;continue=https%3A%2F%2Fmail.google.com%2Fmail%2F%3Ftab%3Dwm&amp;scc=1&amp;ltmpl=default&amp;ltmplcache=2&amp;emr=1&amp;osid=1&amp;flowName=GlifWebSignIn&amp;flowEntry=ServiceLogin\" target=\"_blank\" rel=\"noopener noreferrer\"><img loading=\"lazy\" decoding=\"async\" class=\"wp-image-5518 aligncenter\" src=\"https:\/\/agora.xtec.cat\/ceip-lespalmeres\/wp-content\/uploads\/usu1432\/2020\/04\/MAIL.png\" alt=\"\" width=\"106\" height=\"106\" srcset=\"https:\/\/agora.xtec.cat\/ceip-lespalmeres\/wp-content\/uploads\/usu1432\/2020\/04\/MAIL.png 225w, https:\/\/agora.xtec.cat\/ceip-lespalmeres\/wp-content\/uploads\/usu1432\/2020\/04\/MAIL-150x150.png 150w\" sizes=\"auto, (max-width: 106px) 100vw, 106px\" \/><\/a><\/p>\n<h3 style=\"text-align: center;\"><span style=\"color: #ff0000;\"><strong><a href=\"https:\/\/accounts.google.com\/ServiceLogin\/signinchooser?service=mail&amp;passive=true&amp;rm=false&amp;continue=https%3A%2F%2Fmail.google.com%2Fmail%2F%3Ftab%3Dwm&amp;scc=1&amp;ltmpl=default&amp;ltmplcache=2&amp;emr=1&amp;osid=1&amp;flowName=GlifWebSignIn&amp;flowEntry=ServiceLogin\" target=\"_blank\" rel=\"noopener noreferrer\">CORREU\u00a0<\/a>\u00a0<\/strong><\/span><\/h3>\n<\/td>\n<td style=\"width: 466px; height: 240px;\">\n<table style=\"width: 484px; height: 227px;\">\n<tbody>\n<tr style=\"height: 33px;\">\n<td style=\"height: 33px; width: 80px; text-align: center;\"><span style=\"color: #333333;\"><strong>DILLUNS<\/strong><\/span><\/td>\n<td style=\"height: 33px; width: 102.222px; text-align: center;\"><span style=\"color: #333333;\"><strong>DIMARTS<\/strong><\/span><\/td>\n<td style=\"height: 33px; width: 103.333px; text-align: center;\"><span style=\"color: #333333;\"><strong>DIMECRES<\/strong><\/span><\/td>\n<td style=\"height: 33px; width: 100px; text-align: center;\"><span style=\"color: #333333;\"><strong>DIJOUS<\/strong><\/span><\/td>\n<td style=\"height: 33px; width: 91.1111px; text-align: center;\"><span style=\"color: #333333;\"><strong>DIVENDRES<\/strong><\/span><\/td>\n<\/tr>\n<tr style=\"height: 16px;\">\n<td style=\"width: 80px; text-align: center; height: 23px;\"><span style=\"font-weight: 400;\">LLENGUA<\/span><\/td>\n<td style=\"width: 102.222px; text-align: center; height: 23px;\"><span style=\"font-weight: 400;\">PL\u00c0STICA<\/span><\/td>\n<td style=\"width: 103.333px; text-align: center; height: 23px;\"><span style=\"font-weight: 400;\">ANGL\u00c8S<\/span><\/td>\n<td style=\"width: 100px; text-align: center; height: 23px;\"><span style=\"font-weight: 400;\">CASTELL\u00c0<\/span><\/td>\n<td style=\"width: 91.1111px; text-align: center; height: 23px;\"><span style=\"font-weight: 400;\">PROJECTE<\/span><\/td>\n<\/tr>\n<tr style=\"height: 10px;\">\n<td style=\"width: 80px; text-align: center; height: 49px;\"><b>LECTURA<\/b><\/td>\n<td style=\"width: 102.222px; text-align: center; height: 49px;\"><b>LECTURA<\/b><\/td>\n<td style=\"width: 103.333px; text-align: center; height: 49px;\"><b>LECTURA<\/b><\/td>\n<td style=\"width: 100px; text-align: center; height: 49px;\"><b>LECTURA<\/b><\/td>\n<td style=\"width: 91.1111px; text-align: center; height: 49px;\"><b>LECTURA<\/b><\/td>\n<\/tr>\n<tr style=\"height: 54px;\">\n<td style=\"width: 80px; text-align: center; height: 54px;\"><span style=\"font-weight: 400;\">MATES<\/span><\/td>\n<td style=\"width: 102.222px; text-align: center; height: 54px;\"><span style=\"font-weight: 400;\">EDUCACI\u00d3<\/span><\/p>\n<p><span style=\"font-weight: 400;\">F\u00cdSICA<\/span><\/td>\n<td style=\"width: 103.333px; text-align: center; height: 54px;\"><span style=\"font-weight: 400;\">VALORS<\/span><\/td>\n<td style=\"width: 100px; text-align: center; height: 54px;\"><span style=\"font-weight: 400;\">M\u00daSICA<\/span><\/td>\n<td style=\"width: 91.1111px; text-align: center; height: 54px;\"><span style=\"font-weight: 400;\"> CAPSES<\/span><\/td>\n<\/tr>\n<tr style=\"height: 68px;\">\n<td style=\"width: 80px; text-align: center; height: 68px;\"><b>ACTIVITAT F\u00cdSICA*<\/b><\/td>\n<td style=\"width: 102.222px; text-align: center; height: 68px;\"><b>ACTIVITAT F\u00cdSICA*<\/b><\/td>\n<td style=\"width: 103.333px; text-align: center; height: 68px;\"><b>ACTIVITAT F\u00cdSICA*<\/b><\/td>\n<td style=\"width: 100px; text-align: center; height: 68px;\"><b>ACTIVITAT F\u00cdSICA*<\/b><\/td>\n<td style=\"width: 91.1111px; text-align: center; height: 68px;\"><b>ACTIVITAT F\u00cdSICA*<\/b><\/td>\n<\/tr>\n<\/tbody>\n<\/table>\n<p><i style=\"font-size: 16px;\">* Al Drive trobarem dos documents (Jocs tradicionals a casa i P\u00edndoles corporals familiars) per tenir alternatives d\u2019activitat f\u00edsica per fer a casa<\/i><\/td>\n<td style=\"width: 182px; height: 240px;\"><a href=\"https:\/\/meet.google.com\/\" target=\"_blank\" rel=\"noopener noreferrer\"><img loading=\"lazy\" decoding=\"async\" class=\"wp-image-5519 aligncenter\" src=\"https:\/\/agora.xtec.cat\/ceip-lespalmeres\/wp-content\/uploads\/usu1432\/2020\/04\/Meet-logo-2x-web-512dp-png.png\" alt=\"\" width=\"77\" height=\"77\" srcset=\"https:\/\/agora.xtec.cat\/ceip-lespalmeres\/wp-content\/uploads\/usu1432\/2020\/04\/Meet-logo-2x-web-512dp-png.png 1024w, https:\/\/agora.xtec.cat\/ceip-lespalmeres\/wp-content\/uploads\/usu1432\/2020\/04\/Meet-logo-2x-web-512dp-png-150x150.png 150w, https:\/\/agora.xtec.cat\/ceip-lespalmeres\/wp-content\/uploads\/usu1432\/2020\/04\/Meet-logo-2x-web-512dp-png-300x300.png 300w, https:\/\/agora.xtec.cat\/ceip-lespalmeres\/wp-content\/uploads\/usu1432\/2020\/04\/Meet-logo-2x-web-512dp-png-768x768.png 768w\" sizes=\"auto, (max-width: 77px) 100vw, 77px\" \/><\/a><\/p>\n<h3 style=\"text-align: center;\"><a href=\"https:\/\/meet.google.com\/\" target=\"_blank\" rel=\"noopener noreferrer\"><span style=\"color: #008080;\"><strong>REUNIONS<\/strong><\/span><\/a><\/h3>\n<\/td>\n<\/tr>\n<\/tbody>\n<\/table>\n<table style=\"width: 821px;\">\n<tbody>\n<tr>\n<td style=\"width: 372px;\"><a href=\"https:\/\/accounts.google.com\/ServiceLogin\/identifier?service=wise&amp;passive=true&amp;continue=http%3A%2F%2Fdrive.google.com%2F%3Futm_source%3Des&amp;utm_medium=button&amp;utm_campaign=web&amp;utm_content=gotodrive&amp;usp=gtd&amp;ltmpl=drive&amp;urp=https%3A%2F%2Fwww.google.com%2F&amp;flowName=GlifWebSignIn&amp;flowEntry=AddSession\" target=\"_blank\" rel=\"noopener noreferrer\"><img loading=\"lazy\" decoding=\"async\" class=\"wp-image-5246 aligncenter\" src=\"https:\/\/agora.xtec.cat\/ceip-lespalmeres\/wp-content\/uploads\/usu1432\/2020\/03\/las-claves-del-nuevo-diseno-de-google-drive-07-1024x683.jpg\" alt=\"\" width=\"239\" height=\"160\" srcset=\"https:\/\/agora.xtec.cat\/ceip-lespalmeres\/wp-content\/uploads\/usu1432\/2020\/03\/las-claves-del-nuevo-diseno-de-google-drive-07-1024x683.jpg 1024w, https:\/\/agora.xtec.cat\/ceip-lespalmeres\/wp-content\/uploads\/usu1432\/2020\/03\/las-claves-del-nuevo-diseno-de-google-drive-07-300x200.jpg 300w, https:\/\/agora.xtec.cat\/ceip-lespalmeres\/wp-content\/uploads\/usu1432\/2020\/03\/las-claves-del-nuevo-diseno-de-google-drive-07-768x512.jpg 768w, https:\/\/agora.xtec.cat\/ceip-lespalmeres\/wp-content\/uploads\/usu1432\/2020\/03\/las-claves-del-nuevo-diseno-de-google-drive-07.jpg 1600w\" sizes=\"auto, (max-width: 239px) 100vw, 239px\" \/><\/a><\/td>\n<td style=\"width: 49px;\"><\/td>\n<td style=\"width: 390px;\"><a href=\"https:\/\/accounts.google.com\/ServiceLogin\/identifier?service=classroom&amp;passive=1209600&amp;continue=https%3A%2F%2Fclassroom.google.com%2Fu%2F0%2Fh%3Fhl%3Des&amp;followup=https%3A%2F%2Fclassroom.google.com%2Fu%2F0%2Fh%3Fhl%3Des&amp;hl=es&amp;flowName=GlifWebSignIn&amp;flowEntry=AddSession\" target=\"_blank\" rel=\"noopener noreferrer\"><img loading=\"lazy\" decoding=\"async\" class=\"wp-image-5247 aligncenter\" src=\"https:\/\/agora.xtec.cat\/ceip-lespalmeres\/wp-content\/uploads\/usu1432\/2020\/03\/maxresdefault-1024x576.jpg\" alt=\"\" width=\"288\" height=\"162\" srcset=\"https:\/\/agora.xtec.cat\/ceip-lespalmeres\/wp-content\/uploads\/usu1432\/2020\/03\/maxresdefault-1024x576.jpg 1024w, https:\/\/agora.xtec.cat\/ceip-lespalmeres\/wp-content\/uploads\/usu1432\/2020\/03\/maxresdefault-300x169.jpg 300w, https:\/\/agora.xtec.cat\/ceip-lespalmeres\/wp-content\/uploads\/usu1432\/2020\/03\/maxresdefault-768x432.jpg 768w, https:\/\/agora.xtec.cat\/ceip-lespalmeres\/wp-content\/uploads\/usu1432\/2020\/03\/maxresdefault.jpg 1280w\" sizes=\"auto, (max-width: 288px) 100vw, 288px\" \/><\/a><\/td>\n<\/tr>\n<\/tbody>\n<\/table>\n","protected":false},"excerpt":{"rendered":"<p>&nbsp; &nbsp; CORREU\u00a0\u00a0 DILLUNS DIMARTS DIMECRES DIJOUS DIVENDRES LLENGUA PL\u00c0STICA ANGL\u00c8S CASTELL\u00c0 PROJECTE LECTURA LECTURA LECTURA LECTURA LECTURA MATES EDUCACI\u00d3 F\u00cdSICA VALORS M\u00daSICA CAPSES ACTIVITAT F\u00cdSICA* ACTIVITAT F\u00cdSICA* ACTIVITAT F\u00cdSICA* ACTIVITAT F\u00cdSICA* ACTIVITAT F\u00cdSICA* * Al Drive trobarem dos documents (Jocs tradicionals a casa i P\u00edndoles corporals familiars) per tenir alternatives d\u2019activitat f\u00edsica per fer [&hellip;]<\/p>\n","protected":false},"author":1,"featured_media":0,"parent":0,"menu_order":0,"comment_status":"closed","ping_status":"closed","template":"","meta":{"_bbp_topic_count":0,"_bbp_reply_count":0,"_bbp_total_topic_count":0,"_bbp_total_reply_count":0,"_bbp_voice_count":0,"_bbp_anonymous_reply_count":0,"_bbp_topic_count_hidden":0,"_bbp_reply_count_hidden":0,"_bbp_forum_subforum_count":0,"site-sidebar-layout":"default","site-content-layout":"","ast-site-content-layout":"","site-content-style":"default","site-sidebar-style":"default","ast-global-header-display":"","ast-banner-title-visibility":"","ast-main-header-display":"","ast-hfb-above-header-display":"","ast-hfb-below-header-display":"","ast-hfb-mobile-header-display":"","site-post-title":"","ast-breadcrumbs-content":"","ast-featured-img":"","footer-sml-layout":"","theme-transparent-header-meta":"","adv-header-id-meta":"","stick-header-meta":"","header-above-stick-meta":"","header-main-stick-meta":"","header-below-stick-meta":"","astra-migrate-meta-layouts":"default","ast-page-background-enabled":"default","ast-page-background-meta":{"desktop":{"background-color":"var(--ast-global-color-4)","background-image":"","background-repeat":"repeat","background-position":"center center","background-size":"auto","background-attachment":"scroll","background-type":"","background-media":"","overlay-type":"","overlay-color":"","overlay-opacity":"","overlay-gradient":""},"tablet":{"background-color":"","background-image":"","background-repeat":"repeat","background-position":"center center","background-size":"auto","background-attachment":"scroll","background-type":"","background-media":"","overlay-type":"","overlay-color":"","overlay-opacity":"","overlay-gradient":""},"mobile":{"background-color":"","background-image":"","background-repeat":"repeat","background-position":"center center","background-size":"auto","background-attachment":"scroll","background-type":"","background-media":"","overlay-type":"","overlay-color":"","overlay-opacity":"","overlay-gradient":""}},"ast-content-background-meta":{"desktop":{"background-color":"var(--ast-global-color-5)","background-image":"","background-repeat":"repeat","background-position":"center center","background-size":"auto","background-attachment":"scroll","background-type":"","background-media":"","overlay-type":"","overlay-color":"","overlay-opacity":"","overlay-gradient":""},"tablet":{"background-color":"var(--ast-global-color-5)","background-image":"","background-repeat":"repeat","background-position":"center center","background-size":"auto","background-attachment":"scroll","background-type":"","background-media":"","overlay-type":"","overlay-color":"","overlay-opacity":"","overlay-gradient":""},"mobile":{"background-color":"var(--ast-global-color-5)","background-image":"","background-repeat":"repeat","background-position":"center center","background-size":"auto","background-attachment":"scroll","background-type":"","background-media":"","overlay-type":"","overlay-color":"","overlay-opacity":"","overlay-gradient":""}},"footnotes":""},"class_list":["post-4879","page","type-page","status-publish","hentry"],"post_mailing_queue_ids":[],"_links":{"self":[{"href":"https:\/\/agora.xtec.cat\/ceip-lespalmeres\/wp-json\/wp\/v2\/pages\/4879","targetHints":{"allow":["GET"]}}],"collection":[{"href":"https:\/\/agora.xtec.cat\/ceip-lespalmeres\/wp-json\/wp\/v2\/pages"}],"about":[{"href":"https:\/\/agora.xtec.cat\/ceip-lespalmeres\/wp-json\/wp\/v2\/types\/page"}],"author":[{"embeddable":true,"href":"https:\/\/agora.xtec.cat\/ceip-lespalmeres\/wp-json\/wp\/v2\/users\/1"}],"replies":[{"embeddable":true,"href":"https:\/\/agora.xtec.cat\/ceip-lespalmeres\/wp-json\/wp\/v2\/comments?post=4879"}],"version-history":[{"count":4,"href":"https:\/\/agora.xtec.cat\/ceip-lespalmeres\/wp-json\/wp\/v2\/pages\/4879\/revisions"}],"predecessor-version":[{"id":5730,"href":"https:\/\/agora.xtec.cat\/ceip-lespalmeres\/wp-json\/wp\/v2\/pages\/4879\/revisions\/5730"}],"wp:attachment":[{"href":"https:\/\/agora.xtec.cat\/ceip-lespalmeres\/wp-json\/wp\/v2\/media?parent=4879"}],"curies":[{"name":"wp","href":"https:\/\/api.w.org\/{rel}","templated":true}]}}