{"id":4792,"date":"2020-03-09T10:28:50","date_gmt":"2020-03-09T09:28:50","guid":{"rendered":"http:\/\/agora.xtec.cat\/ceip-lespalmeres\/?page_id=4792"},"modified":"2021-02-23T18:33:12","modified_gmt":"2021-02-23T17:33:12","slug":"escoles-verdes","status":"publish","type":"page","link":"https:\/\/agora.xtec.cat\/ceip-lespalmeres\/escoles-verdes\/","title":{"rendered":"Escoles verdes"},"content":{"rendered":"<p><span style=\"font-weight: 400;\">L\u2019escola forma part del Programa d\u2019Escoles Verdes conjuntament amb altres centres educatius que volen innovar, incloure, avan\u00e7ar, sistematitzar i organitzar accions educatives que tinguin la finalitat d&#8217;afrontar, des de l&#8217;educaci\u00f3, els nous reptes i valors de la sostenibilitat.<\/span><\/p>\n<p><span style=\"font-weight: 400;\">El programa t\u00e9 tres grans objectius:<\/span><\/p>\n<ul>\n<li style=\"font-weight: 400;\" aria-level=\"1\"><span style=\"font-weight: 400;\">Ajudar els centres a incorporar els valors de l&#8217;educaci\u00f3 per a la sostenibilitat en tots els \u00e0mbits de la vida del centre (curr\u00edculum, gesti\u00f3, relacions amb l&#8217;entorn, etc.).<\/span><\/li>\n<li style=\"font-weight: 400;\" aria-level=\"1\"><span style=\"font-weight: 400;\">Promoure la participaci\u00f3 i la implicaci\u00f3 activa de la comunitat educativa en la millora del seu entorn.<\/span><\/li>\n<li style=\"font-weight: 400;\" aria-level=\"1\"><span style=\"font-weight: 400;\">Afavorir l&#8217;intercanvi entre els centres que comparteixen uns mateixos objectius.<\/span><\/li>\n<\/ul>\n<p><span style=\"font-weight: 400;\">Cada curs tenim un pla d\u2019acci\u00f3. Hi ha accions puntuals, de continu\u00eftat i de millora. Actualment estem portant a terme diferents accions:<\/span><\/p>\n<div class=\"row\" style=\"margin-bottom: 1em !important;\">\n<div class=\"small-12 large-4 text-center columns\">\n<p><img decoding=\"async\" src=\"https:\/\/img.icons8.com\/color\/120\/000000\/expired.png\" \/><\/p>\n<h3><span style=\"font-weight: 400;\">Patis<\/span><\/h3>\n<p>&nbsp;<\/p>\n<h3 style=\"text-align: left;\"><span style=\"font-weight: 400;\">Repensar i millorar els patis com a espai coeducatiu i inclusiu<\/span><\/h3>\n<p>&nbsp;<\/p>\n<\/div>\n<div class=\"small-12 large-4 text-center columns\">\n<p><img decoding=\"async\" src=\"https:\/\/img.icons8.com\/color\/120\/000000\/leave.png\" \/><\/p>\n<p style=\"text-align: left;\"><span style=\"font-weight: 400;\">El curs passat vam elaborar una bateria de preguntes per fer la diagnosi a partir de l&#8217;observaci\u00f3 dels patis per part del claustre i dels alumnes. <\/span><\/p>\n<p style=\"text-align: left;\"><span style=\"font-weight: 400;\">Aquest curs hem engegat diferents propostes gr\u00e0cies a l\u2019aportaci\u00f3 econ\u00f2mica per part de l&#8217;AMPA i cada cicle s&#8217;ha encarregat d&#8217;algun aspecte per dur-ho a terme ja que aquest curs han realitzat una planificaci\u00f3 amb els seus alumnes.<\/span><\/p>\n<p>&nbsp;<\/p>\n<\/div>\n<div class=\"small-12 large-4 text-center columns\">\n<p><img decoding=\"async\" src=\"https:\/\/img.icons8.com\/color\/120\/000000\/task.png\" \/><\/p>\n<p style=\"margin-bottom: 0.2em; text-align: left;\"><span style=\"font-weight: 400;\">L\u2019objectiu \u00e9s afavorir l\u2019\u00fas compartit d\u2019espais, recursos i activitats , fer un pati m\u00e9s saludable i respectu\u00f3s i d\u2019aquesta manera disminuir els conflictes que hi pugui haver.<\/span><\/p>\n<\/div>\n<\/div>\n<div class=\"row\" style=\"margin-bottom: 1em !important;\">\n<div class=\"small-12 large-4 text-center columns\">\n<p><img decoding=\"async\" src=\"https:\/\/img.icons8.com\/color\/120\/000000\/expired.png\" \/><\/p>\n<h3 style=\"text-align: left;\"><span style=\"font-weight: 400;\">Establir projectes b\u00e0sics per nivells i treball sobre alguns dies internacionals relacionats amb la millora de l\u2019entorn<\/span><\/h3>\n<\/div>\n<div class=\"small-12 large-4 text-center columns\">\n<p><img decoding=\"async\" src=\"https:\/\/img.icons8.com\/color\/120\/000000\/leave.png\" \/><\/p>\n<p style=\"margin-bottom: 0.2em;\"><span style=\"font-weight: 400;\">Tenim alguns projectes fixes i altres que sorgeixen de la vida d\u2019aula. En aquests projectes es busca la part aplicada que ens permet millorar el medi en el que vivim i, per tant, la nostra qualitat de vida. <\/span><\/p>\n<\/div>\n<div class=\"small-12 large-4 text-center columns\">\n<p><img decoding=\"async\" src=\"https:\/\/img.icons8.com\/color\/120\/000000\/task.png\" \/><\/p>\n<h3><\/h3>\n<\/div>\n<\/div>\n<div class=\"row\" style=\"margin-bottom: 1em !important;\">\n<div class=\"small-12 large-4 text-center columns\"><img decoding=\"async\" src=\"https:\/\/img.icons8.com\/color\/120\/000000\/expired.png\" \/><\/div>\n<div class=\"small-12 large-4 text-center columns\"><img decoding=\"async\" src=\"https:\/\/img.icons8.com\/color\/120\/000000\/leave.png\" \/><\/div>\n<div class=\"small-12 large-4 text-center columns\"><img decoding=\"async\" src=\"https:\/\/img.icons8.com\/color\/120\/000000\/task.png\" \/><\/div>\n<\/div>\n<div class=\"row\" style=\"margin-bottom: 1em !important;\">\n<div class=\"small-12 large-4 text-center columns\"><img decoding=\"async\" src=\"https:\/\/img.icons8.com\/color\/120\/000000\/request-service.png\" \/><\/div>\n<div class=\"small-12 large-4 text-center columns\"><img decoding=\"async\" src=\"https:\/\/img.icons8.com\/color\/120\/000000\/communication.png\" \/><\/div>\n<div class=\"small-12 large-4 text-center columns\"><img decoding=\"async\" src=\"https:\/\/img.icons8.com\/color\/120\/000000\/documents.png\" \/><\/div>\n<\/div>\n<div class=\"row\" style=\"margin-bottom: 1em !important;\">\n<div class=\"small-12 large-4 text-center columns\"><img decoding=\"async\" src=\"https:\/\/img.icons8.com\/color\/120\/000000\/planner.png\" \/><\/div>\n<div class=\"small-12 large-4 text-center columns\"><img decoding=\"async\" src=\"https:\/\/img.icons8.com\/color\/120\/000000\/collaboration-female-male.png\" \/><\/div>\n<div class=\"small-12 large-4 text-center columns\"><img decoding=\"async\" src=\"https:\/\/img.icons8.com\/color\/120\/000000\/high-priority.png\" \/><\/div>\n<\/div>\n<div class=\"row\" style=\"margin-bottom: 1em !important;\">\n<div class=\"small-12 large-4 text-center columns\">\n<p><img decoding=\"async\" src=\"https:\/\/img.icons8.com\/color\/120\/000000\/expired.png\" \/><\/p>\n<h3 style=\"text-align: left;\"><span style=\"font-weight: 400;\">Implicar els alumnes envers les actuacions de millora com escola verda recollint les seves aportacions<\/span><\/h3>\n<\/div>\n<div class=\"small-12 large-4 text-center columns\">\n<p><img decoding=\"async\" src=\"https:\/\/img.icons8.com\/color\/120\/000000\/leave.png\" \/><\/p>\n<p style=\"margin-bottom: 0.2em; text-align: left;\"><span style=\"font-weight: 400;\">Realitzem assemblees d\u2019alumnes sobre EEVV i es fa un retorn a les aules per poder treballar-ho amb la resta d\u2019alumnat a l\u2019aula. <\/span><\/p>\n<p style=\"margin-bottom: 0.2em; text-align: left;\"><span style=\"font-weight: 400;\">En aquestes reunions tamb\u00e9 es dona\u00a0 cabuda als alumnes que formen part del Consell de la Inf\u00e0ncia.\u00a0<\/span><\/p>\n<\/div>\n<div class=\"small-12 large-4 text-center columns\">\n<p><img decoding=\"async\" src=\"https:\/\/img.icons8.com\/color\/120\/000000\/task.png\" \/><\/p>\n<p style=\"text-align: left;\"><span style=\"font-weight: 400;\">Els alumnes tenen un paper actiu i aix\u00f2 fa que s\u2019impliquin en les decisions que es prenen.<\/span><\/p>\n<\/div>\n<\/div>\n<div class=\"row\" style=\"margin-bottom: 1em !important;\">\n<div class=\"small-12 large-4 text-center columns\"><img decoding=\"async\" src=\"https:\/\/img.icons8.com\/color\/120\/000000\/expired.png\" \/><\/p>\n<h3 style=\"text-align: left;\"><span style=\"font-weight: 400;\">Sensibilitzar a la comunitat educativa sobre la cura del mediambient<\/span><\/h3>\n<\/div>\n<div class=\"small-12 large-4 text-center columns\"><img decoding=\"async\" src=\"https:\/\/img.icons8.com\/color\/120\/000000\/leave.png\" \/><\/p>\n<h3>Residus<\/h3>\n<p style=\"text-align: left;\"><span style=\"font-weight: 400;\">Aquesta \u00e9s una proposta que va sorgir de les assemblees d\u2019alumnes. <\/span><\/p>\n<p style=\"text-align: left;\">\n<\/div>\n<div class=\"small-12 large-4 text-center columns\"><img decoding=\"async\" src=\"https:\/\/img.icons8.com\/color\/120\/000000\/task.png\" \/><\/p>\n<p style=\"text-align: left;\"><span style=\"font-weight: 400;\">T<\/span><span style=\"font-weight: 400;\">enim papereres de recollida selectiva a totes les aules i als patis i encarregats d\u2019emportar-se el pl\u00e0stic i la brossa org\u00e0nica per a poder reciclar.<\/span><\/p>\n<p>&nbsp;<\/p>\n<\/div>\n<\/div>\n<p>&nbsp;<\/p>\n","protected":false},"excerpt":{"rendered":"<p>L\u2019escola forma part del Programa d\u2019Escoles Verdes conjuntament amb altres centres educatius que volen innovar, incloure, avan\u00e7ar, sistematitzar i organitzar accions educatives que tinguin la finalitat d&#8217;afrontar, des de l&#8217;educaci\u00f3, els nous reptes i valors de la sostenibilitat. El programa t\u00e9 tres grans objectius: Ajudar els centres a incorporar els valors de l&#8217;educaci\u00f3 per a [&hellip;]<\/p>\n","protected":false},"author":1,"featured_media":0,"parent":0,"menu_order":0,"comment_status":"closed","ping_status":"closed","template":"","meta":{"_bbp_topic_count":0,"_bbp_reply_count":0,"_bbp_total_topic_count":0,"_bbp_total_reply_count":0,"_bbp_voice_count":0,"_bbp_anonymous_reply_count":0,"_bbp_topic_count_hidden":0,"_bbp_reply_count_hidden":0,"_bbp_forum_subforum_count":0,"site-sidebar-layout":"default","site-content-layout":"","ast-site-content-layout":"","site-content-style":"default","site-sidebar-style":"default","ast-global-header-display":"","ast-banner-title-visibility":"","ast-main-header-display":"","ast-hfb-above-header-display":"","ast-hfb-below-header-display":"","ast-hfb-mobile-header-display":"","site-post-title":"","ast-breadcrumbs-content":"","ast-featured-img":"","footer-sml-layout":"","theme-transparent-header-meta":"","adv-header-id-meta":"","stick-header-meta":"","header-above-stick-meta":"","header-main-stick-meta":"","header-below-stick-meta":"","astra-migrate-meta-layouts":"default","ast-page-background-enabled":"default","ast-page-background-meta":{"desktop":{"background-color":"var(--ast-global-color-4)","background-image":"","background-repeat":"repeat","background-position":"center center","background-size":"auto","background-attachment":"scroll","background-type":"","background-media":"","overlay-type":"","overlay-color":"","overlay-opacity":"","overlay-gradient":""},"tablet":{"background-color":"","background-image":"","background-repeat":"repeat","background-position":"center center","background-size":"auto","background-attachment":"scroll","background-type":"","background-media":"","overlay-type":"","overlay-color":"","overlay-opacity":"","overlay-gradient":""},"mobile":{"background-color":"","background-image":"","background-repeat":"repeat","background-position":"center center","background-size":"auto","background-attachment":"scroll","background-type":"","background-media":"","overlay-type":"","overlay-color":"","overlay-opacity":"","overlay-gradient":""}},"ast-content-background-meta":{"desktop":{"background-color":"var(--ast-global-color-5)","background-image":"","background-repeat":"repeat","background-position":"center center","background-size":"auto","background-attachment":"scroll","background-type":"","background-media":"","overlay-type":"","overlay-color":"","overlay-opacity":"","overlay-gradient":""},"tablet":{"background-color":"var(--ast-global-color-5)","background-image":"","background-repeat":"repeat","background-position":"center center","background-size":"auto","background-attachment":"scroll","background-type":"","background-media":"","overlay-type":"","overlay-color":"","overlay-opacity":"","overlay-gradient":""},"mobile":{"background-color":"var(--ast-global-color-5)","background-image":"","background-repeat":"repeat","background-position":"center center","background-size":"auto","background-attachment":"scroll","background-type":"","background-media":"","overlay-type":"","overlay-color":"","overlay-opacity":"","overlay-gradient":""}},"footnotes":""},"class_list":["post-4792","page","type-page","status-publish","hentry"],"post_mailing_queue_ids":[],"_links":{"self":[{"href":"https:\/\/agora.xtec.cat\/ceip-lespalmeres\/wp-json\/wp\/v2\/pages\/4792","targetHints":{"allow":["GET"]}}],"collection":[{"href":"https:\/\/agora.xtec.cat\/ceip-lespalmeres\/wp-json\/wp\/v2\/pages"}],"about":[{"href":"https:\/\/agora.xtec.cat\/ceip-lespalmeres\/wp-json\/wp\/v2\/types\/page"}],"author":[{"embeddable":true,"href":"https:\/\/agora.xtec.cat\/ceip-lespalmeres\/wp-json\/wp\/v2\/users\/1"}],"replies":[{"embeddable":true,"href":"https:\/\/agora.xtec.cat\/ceip-lespalmeres\/wp-json\/wp\/v2\/comments?post=4792"}],"version-history":[{"count":3,"href":"https:\/\/agora.xtec.cat\/ceip-lespalmeres\/wp-json\/wp\/v2\/pages\/4792\/revisions"}],"predecessor-version":[{"id":6814,"href":"https:\/\/agora.xtec.cat\/ceip-lespalmeres\/wp-json\/wp\/v2\/pages\/4792\/revisions\/6814"}],"wp:attachment":[{"href":"https:\/\/agora.xtec.cat\/ceip-lespalmeres\/wp-json\/wp\/v2\/media?parent=4792"}],"curies":[{"name":"wp","href":"https:\/\/api.w.org\/{rel}","templated":true}]}}