{"id":4774,"date":"2020-03-09T10:18:46","date_gmt":"2020-03-09T09:18:46","guid":{"rendered":"http:\/\/agora.xtec.cat\/ceip-lespalmeres\/?page_id=4774"},"modified":"2021-02-24T15:58:38","modified_gmt":"2021-02-24T14:58:38","slug":"pla-mobils-edu-2","status":"publish","type":"page","link":"https:\/\/agora.xtec.cat\/ceip-lespalmeres\/pla-mobils-edu-2\/","title":{"rendered":"Pla m\u00f2bils.edu"},"content":{"rendered":"<div class=\"ast-oembed-container \" style=\"height: 100%;\"><iframe loading=\"lazy\" title=\"Pla m\u00f2bils.edu per millorar l&#039;\u00e8xit educatiu\" width=\"500\" height=\"281\" src=\"https:\/\/www.youtube.com\/embed\/2vTamla7i60?feature=oembed\" frameborder=\"0\" allow=\"accelerometer; autoplay; clipboard-write; encrypted-media; gyroscope; picture-in-picture; web-share\" referrerpolicy=\"strict-origin-when-cross-origin\" allowfullscreen><\/iframe><\/div>\n<p>El Programa M\u00f2bils.edu \u00e9s un pla digital que t\u00e9 com a finalitat l\u2019impuls de la tecnologia digital en els centres i, especialment, els dispositius m\u00f2bils, com a eina educativa estrat\u00e8gica per al desenvolupament curricular, el treball competencial, l\u2019educaci\u00f3 inclusiva, l\u2019acci\u00f3 tutorial i la gesti\u00f3 de la conviv\u00e8ncia i de les relacions humanes per promoure l\u2019\u00e8xit educatiu.<\/p>\n<p>El Programa s\u2019emmarca en els seg\u00fcents \u00e0mbits definits per la Comissi\u00f3 d\u2019Innovaci\u00f3 del Departament:<\/p>\n<p>\u00c0mbit 1: metodologies i recursos per a la millora de l\u2019ensenyament i aprenentatge.<br \/>\n\u00c0mbit 2: organitzaci\u00f3 i gesti\u00f3 educativa.<br \/>\n\u00c0mbit 3: relaci\u00f3 i cooperaci\u00f3 amb la comunitat educativa i l\u2019entorn<\/p>\n<p><a href=\"https:\/\/agora.xtec.cat\/mobilsedu\/\" target=\"_blank\" rel=\"noopener noreferrer\">Pla m\u00f2bils.edu<\/a><\/p>\n","protected":false},"excerpt":{"rendered":"<p>El Programa M\u00f2bils.edu \u00e9s un pla digital que t\u00e9 com a finalitat l\u2019impuls de la tecnologia digital en els centres i, especialment, els dispositius m\u00f2bils, com a eina educativa estrat\u00e8gica per al desenvolupament curricular, el treball competencial, l\u2019educaci\u00f3 inclusiva, l\u2019acci\u00f3 tutorial i la gesti\u00f3 de la conviv\u00e8ncia i de les relacions humanes per promoure l\u2019\u00e8xit [&hellip;]<\/p>\n","protected":false},"author":1,"featured_media":0,"parent":0,"menu_order":0,"comment_status":"closed","ping_status":"closed","template":"","meta":{"_bbp_topic_count":0,"_bbp_reply_count":0,"_bbp_total_topic_count":0,"_bbp_total_reply_count":0,"_bbp_voice_count":0,"_bbp_anonymous_reply_count":0,"_bbp_topic_count_hidden":0,"_bbp_reply_count_hidden":0,"_bbp_forum_subforum_count":0,"site-sidebar-layout":"default","site-content-layout":"","ast-site-content-layout":"","site-content-style":"default","site-sidebar-style":"default","ast-global-header-display":"","ast-banner-title-visibility":"","ast-main-header-display":"","ast-hfb-above-header-display":"","ast-hfb-below-header-display":"","ast-hfb-mobile-header-display":"","site-post-title":"","ast-breadcrumbs-content":"","ast-featured-img":"","footer-sml-layout":"","theme-transparent-header-meta":"","adv-header-id-meta":"","stick-header-meta":"","header-above-stick-meta":"","header-main-stick-meta":"","header-below-stick-meta":"","astra-migrate-meta-layouts":"default","ast-page-background-enabled":"default","ast-page-background-meta":{"desktop":{"background-color":"var(--ast-global-color-4)","background-image":"","background-repeat":"repeat","background-position":"center center","background-size":"auto","background-attachment":"scroll","background-type":"","background-media":"","overlay-type":"","overlay-color":"","overlay-opacity":"","overlay-gradient":""},"tablet":{"background-color":"","background-image":"","background-repeat":"repeat","background-position":"center center","background-size":"auto","background-attachment":"scroll","background-type":"","background-media":"","overlay-type":"","overlay-color":"","overlay-opacity":"","overlay-gradient":""},"mobile":{"background-color":"","background-image":"","background-repeat":"repeat","background-position":"center center","background-size":"auto","background-attachment":"scroll","background-type":"","background-media":"","overlay-type":"","overlay-color":"","overlay-opacity":"","overlay-gradient":""}},"ast-content-background-meta":{"desktop":{"background-color":"var(--ast-global-color-5)","background-image":"","background-repeat":"repeat","background-position":"center center","background-size":"auto","background-attachment":"scroll","background-type":"","background-media":"","overlay-type":"","overlay-color":"","overlay-opacity":"","overlay-gradient":""},"tablet":{"background-color":"var(--ast-global-color-5)","background-image":"","background-repeat":"repeat","background-position":"center center","background-size":"auto","background-attachment":"scroll","background-type":"","background-media":"","overlay-type":"","overlay-color":"","overlay-opacity":"","overlay-gradient":""},"mobile":{"background-color":"var(--ast-global-color-5)","background-image":"","background-repeat":"repeat","background-position":"center center","background-size":"auto","background-attachment":"scroll","background-type":"","background-media":"","overlay-type":"","overlay-color":"","overlay-opacity":"","overlay-gradient":""}},"footnotes":""},"class_list":["post-4774","page","type-page","status-publish","hentry"],"post_mailing_queue_ids":[],"_links":{"self":[{"href":"https:\/\/agora.xtec.cat\/ceip-lespalmeres\/wp-json\/wp\/v2\/pages\/4774","targetHints":{"allow":["GET"]}}],"collection":[{"href":"https:\/\/agora.xtec.cat\/ceip-lespalmeres\/wp-json\/wp\/v2\/pages"}],"about":[{"href":"https:\/\/agora.xtec.cat\/ceip-lespalmeres\/wp-json\/wp\/v2\/types\/page"}],"author":[{"embeddable":true,"href":"https:\/\/agora.xtec.cat\/ceip-lespalmeres\/wp-json\/wp\/v2\/users\/1"}],"replies":[{"embeddable":true,"href":"https:\/\/agora.xtec.cat\/ceip-lespalmeres\/wp-json\/wp\/v2\/comments?post=4774"}],"version-history":[{"count":3,"href":"https:\/\/agora.xtec.cat\/ceip-lespalmeres\/wp-json\/wp\/v2\/pages\/4774\/revisions"}],"predecessor-version":[{"id":6862,"href":"https:\/\/agora.xtec.cat\/ceip-lespalmeres\/wp-json\/wp\/v2\/pages\/4774\/revisions\/6862"}],"wp:attachment":[{"href":"https:\/\/agora.xtec.cat\/ceip-lespalmeres\/wp-json\/wp\/v2\/media?parent=4774"}],"curies":[{"name":"wp","href":"https:\/\/api.w.org\/{rel}","templated":true}]}}