{"id":4760,"date":"2020-03-09T09:58:04","date_gmt":"2020-03-09T08:58:04","guid":{"rendered":"http:\/\/agora.xtec.cat\/ceip-lespalmeres\/?page_id=4760"},"modified":"2022-02-15T09:50:30","modified_gmt":"2022-02-15T08:50:30","slug":"padrins-i-fillols-lectors","status":"publish","type":"page","link":"https:\/\/agora.xtec.cat\/ceip-lespalmeres\/padrins-i-fillols-lectors\/","title":{"rendered":"Padrins i fillols lectors"},"content":{"rendered":"<p><span style=\"font-weight: 400;\">L&#8217;apadrinament lector \u00e9s una activitat cooperativa que es realitza en parelles formades per alumnes de la nostra escola, mentors que fan de padrins de lectura i alumnes tutelats d\u2019infantil i prim\u00e0ria que fan de fillols.\u00a0<\/span><\/p>\n<p><span style=\"font-weight: 400;\">La lectura \u00e9s fonamental en l\u2019educaci\u00f3 dels nostres alumnes i la nostra escola busquem diferents moments de gaudi de la lectura. El fet de ser padr\u00ed de lectura representa un comprom\u00eds principal de vetllar per l&#8217;aprenentatge lector dels seus fillols. L\u2019ajuda a aprendre a llegir, alhora que mira d&#8217;encomanar-li el gust per la lectura tot engrescant-lo a llegir. Els m\u00e9s petits encara no tenen assolida la lectoescriptura.<\/span><\/p>\n<p><span style=\"font-weight: 400;\">D\u2019entre els aspectes positius que aporta l\u2019activitat, destaquem que:<\/span><\/p>\n<ul>\n<li style=\"font-weight: 400;\"><span style=\"font-weight: 400;\">Potenciem els aprenentatges des del vincle. Millora de la conviv\u00e8ncia.<\/span><\/li>\n<li style=\"font-weight: 400;\"><span style=\"font-weight: 400;\">Creem contextos\u00a0 significatius d\u2019aprenentatge (llegeixo perqu\u00e8 alg\u00fa m\u2019entengui, llegeixo per alg\u00fa que li interessa escoltar-me\u2026).<\/span><\/li>\n<li style=\"font-weight: 400;\"><span style=\"font-weight: 400;\">Desenvolupar h\u00e0bits de la lectura.<\/span><\/li>\n<li style=\"font-weight: 400;\"><span style=\"font-weight: 400;\">Llegir d\u2019una manera m\u00e9s expressiva.<\/span><\/li>\n<li style=\"font-weight: 400;\"><span style=\"font-weight: 400;\">Afavorir la comprensi\u00f3 lectora.<\/span><\/li>\n<li style=\"font-weight: 400;\"><span style=\"font-weight: 400;\">Generar una experi\u00e8ncia positiva i plaent de lectura.<\/span><\/li>\n<\/ul>\n<p><span style=\"font-weight: 400;\">Les relacions entre alumnes estan estipulades de la seg\u00fcent forma:<\/span><\/p>\n<table>\n<tbody>\n<tr>\n<td><span style=\"font-weight: 400;\">P4\u00a0 amb 3r<\/span><\/td>\n<td><span style=\"font-weight: 400;\">P5\u00a0 amb 4t<\/span><\/td>\n<td><span style=\"font-weight: 400;\">1r\u00a0 amb 5\u00e8\u00a0<\/span><\/td>\n<td><span style=\"font-weight: 400;\">2n\u00a0 amb 6\u00e8\u00a0<\/span><\/td>\n<\/tr>\n<\/tbody>\n<\/table>\n<p>&nbsp;<\/p>\n<p><span style=\"font-weight: 400;\">Sessions mensuals amb els m\u00e9s petits <\/span><span style=\"font-weight: 400;\">(P4 &#8211; P5)<\/span><\/p>\n<p><span style=\"font-weight: 400;\">Sessions\u00a0<\/span><span style=\"font-weight: 400;\">quinzenals amb els m\u00e9s grans <\/span><span style=\"font-weight: 400;\">(1r &#8211; 2n)<\/span><\/p>\n","protected":false},"excerpt":{"rendered":"<p>L&#8217;apadrinament lector \u00e9s una activitat cooperativa que es realitza en parelles formades per alumnes de la nostra escola, mentors que fan de padrins de lectura i alumnes tutelats d\u2019infantil i prim\u00e0ria que fan de fillols.\u00a0 La lectura \u00e9s fonamental en l\u2019educaci\u00f3 dels nostres alumnes i la nostra escola busquem diferents moments de gaudi de la [&hellip;]<\/p>\n","protected":false},"author":1,"featured_media":0,"parent":0,"menu_order":0,"comment_status":"closed","ping_status":"closed","template":"","meta":{"_bbp_topic_count":0,"_bbp_reply_count":0,"_bbp_total_topic_count":0,"_bbp_total_reply_count":0,"_bbp_voice_count":0,"_bbp_anonymous_reply_count":0,"_bbp_topic_count_hidden":0,"_bbp_reply_count_hidden":0,"_bbp_forum_subforum_count":0,"site-sidebar-layout":"default","site-content-layout":"","ast-site-content-layout":"","site-content-style":"default","site-sidebar-style":"default","ast-global-header-display":"","ast-banner-title-visibility":"","ast-main-header-display":"","ast-hfb-above-header-display":"","ast-hfb-below-header-display":"","ast-hfb-mobile-header-display":"","site-post-title":"","ast-breadcrumbs-content":"","ast-featured-img":"","footer-sml-layout":"","theme-transparent-header-meta":"","adv-header-id-meta":"","stick-header-meta":"","header-above-stick-meta":"","header-main-stick-meta":"","header-below-stick-meta":"","astra-migrate-meta-layouts":"default","ast-page-background-enabled":"default","ast-page-background-meta":{"desktop":{"background-color":"var(--ast-global-color-4)","background-image":"","background-repeat":"repeat","background-position":"center center","background-size":"auto","background-attachment":"scroll","background-type":"","background-media":"","overlay-type":"","overlay-color":"","overlay-opacity":"","overlay-gradient":""},"tablet":{"background-color":"","background-image":"","background-repeat":"repeat","background-position":"center center","background-size":"auto","background-attachment":"scroll","background-type":"","background-media":"","overlay-type":"","overlay-color":"","overlay-opacity":"","overlay-gradient":""},"mobile":{"background-color":"","background-image":"","background-repeat":"repeat","background-position":"center center","background-size":"auto","background-attachment":"scroll","background-type":"","background-media":"","overlay-type":"","overlay-color":"","overlay-opacity":"","overlay-gradient":""}},"ast-content-background-meta":{"desktop":{"background-color":"var(--ast-global-color-5)","background-image":"","background-repeat":"repeat","background-position":"center center","background-size":"auto","background-attachment":"scroll","background-type":"","background-media":"","overlay-type":"","overlay-color":"","overlay-opacity":"","overlay-gradient":""},"tablet":{"background-color":"var(--ast-global-color-5)","background-image":"","background-repeat":"repeat","background-position":"center center","background-size":"auto","background-attachment":"scroll","background-type":"","background-media":"","overlay-type":"","overlay-color":"","overlay-opacity":"","overlay-gradient":""},"mobile":{"background-color":"var(--ast-global-color-5)","background-image":"","background-repeat":"repeat","background-position":"center center","background-size":"auto","background-attachment":"scroll","background-type":"","background-media":"","overlay-type":"","overlay-color":"","overlay-opacity":"","overlay-gradient":""}},"footnotes":""},"class_list":["post-4760","page","type-page","status-publish","hentry"],"post_mailing_queue_ids":[],"_links":{"self":[{"href":"https:\/\/agora.xtec.cat\/ceip-lespalmeres\/wp-json\/wp\/v2\/pages\/4760","targetHints":{"allow":["GET"]}}],"collection":[{"href":"https:\/\/agora.xtec.cat\/ceip-lespalmeres\/wp-json\/wp\/v2\/pages"}],"about":[{"href":"https:\/\/agora.xtec.cat\/ceip-lespalmeres\/wp-json\/wp\/v2\/types\/page"}],"author":[{"embeddable":true,"href":"https:\/\/agora.xtec.cat\/ceip-lespalmeres\/wp-json\/wp\/v2\/users\/1"}],"replies":[{"embeddable":true,"href":"https:\/\/agora.xtec.cat\/ceip-lespalmeres\/wp-json\/wp\/v2\/comments?post=4760"}],"version-history":[{"count":2,"href":"https:\/\/agora.xtec.cat\/ceip-lespalmeres\/wp-json\/wp\/v2\/pages\/4760\/revisions"}],"predecessor-version":[{"id":4764,"href":"https:\/\/agora.xtec.cat\/ceip-lespalmeres\/wp-json\/wp\/v2\/pages\/4760\/revisions\/4764"}],"wp:attachment":[{"href":"https:\/\/agora.xtec.cat\/ceip-lespalmeres\/wp-json\/wp\/v2\/media?parent=4760"}],"curies":[{"name":"wp","href":"https:\/\/api.w.org\/{rel}","templated":true}]}}