{"id":4756,"date":"2020-03-09T09:57:08","date_gmt":"2020-03-09T08:57:08","guid":{"rendered":"http:\/\/agora.xtec.cat\/ceip-lespalmeres\/?page_id=4756"},"modified":"2023-12-05T10:31:08","modified_gmt":"2023-12-05T09:31:08","slug":"impuls-de-la-lectura","status":"publish","type":"page","link":"https:\/\/agora.xtec.cat\/ceip-lespalmeres\/impuls-de-la-lectura\/","title":{"rendered":"Projecte ling\u00fc\u00edstic"},"content":{"rendered":"<p><span style=\"font-weight: 400;\">A l&#8217;escola treballem la compet\u00e8ncia ling\u00fc\u00edstica <\/span><b>relacionada amb totes les altres \u00e0rees<\/b><span style=\"font-weight: 400;\"> ja que totes les \u00e0rees necessiten i\/o s\u2019enriqueixen amb els diferents llenguatges. Saber d\u2019un tema \u00e9s saber parlar i escriure sobre ell i per tant, el treball de la llengua s\u2019impulsa des de totes les \u00e0rees.<\/span><\/p>\n<p><span style=\"font-weight: 400;\">Els alumnes han de:<\/span><\/p>\n<p><span style=\"font-weight: 400;\">&#8211; llegir, entendre i escriure diferents tipus de textos escrits: contes, c\u00f2mics, poemes, llibres de coneixements, cartes, correus electr\u00f2nics, instruccions, problemes, esquemes, taules, gr\u00e0fiques\u2026<\/span><\/p>\n<p><span style=\"font-weight: 400;\">&#8211; produir i entendre diferents tipus de textos orals: exposicions, confer\u00e8ncies, debats, defensar i argumentar les pr\u00f2pies idees, arribar a acords en les activitats en grups cooperatius&#8230;<\/span><\/p>\n<p><span style=\"font-weight: 400;\">Al mateix temps tamb\u00e9 fem <\/span><b>sessions espec\u00edfiques<\/b><span style=\"font-weight: 400;\"> de llengua per treballar de manera m\u00e9s espec\u00edfica aquells aspectes de la llengua que requereixen un treball m\u00e9s sistem\u00e0tic com, per exemple, l\u2019ortografia.<\/span><\/p>\n<p>&nbsp;<\/p>\n<p><span style=\"font-weight: 400;\">El programa <a href=\"https:\/\/agora.xtec.cat\/ceip-lespalmeres\/pla-lector\/\" target=\"_blank\" rel=\"noopener\">El Gust per la Lectura<\/a> t\u00e9 per objectiu la formaci\u00f3 de <\/span><b>bons lectors i lectores<\/b><span style=\"font-weight: 400;\">. Es tracta que, al llarg de la seva formaci\u00f3 educativa, els nostres alumnes esdevinguin lectors competents, cr\u00edtics i capa\u00e7os de gaudir del plaer de la lectura.\u00a0<\/span><\/p>\n<p><span style=\"font-weight: 400;\">Durant el curs 18\/19, en claustre de l\u2019escola va crear en comissi\u00f3 LIC tota la documentaci\u00f3 i programaci\u00f3 dels 30\u2019 de lectura di\u00e0ria per a tots els alumnes del nostre centre.<\/span><\/p>\n<p>&nbsp;<\/p>\n<div class=\"row\" style=\"margin-bottom: 1em !important;\">\n<div class=\"small-12 large-4 text-center columns\">\n<p><img decoding=\"async\" src=\"https:\/\/img.icons8.com\/color\/120\/000000\/expired.png\" \/><\/p>\n<h3 style=\"text-align: left;\">EDUCACI\u00d3 INFANTIL<\/h3>\n<p style=\"text-align: left;\"><span style=\"font-weight: 400;\">Lectura en veu alta del mestre, Modelatge<\/span><\/p>\n<p style=\"text-align: left;\"><span style=\"font-weight: 400;\">Lectura individual<\/span><\/p>\n<p style=\"text-align: left;\"><span style=\"font-weight: 400;\">Hora del conte, explicar contes amb diferents suports i materials<\/span><\/p>\n<\/div>\n<div class=\"small-12 large-4 text-center columns\">\n<p><img loading=\"lazy\" decoding=\"async\" class=\"aligncenter wp-image-7368\" src=\"https:\/\/agora.xtec.cat\/ceip-lespalmeres\/wp-content\/uploads\/usu1432\/2022\/02\/IMG_20220210_104112-1-min-scaled.jpg\" alt=\"\" width=\"190\" height=\"142\" srcset=\"https:\/\/agora.xtec.cat\/ceip-lespalmeres\/wp-content\/uploads\/usu1432\/2022\/02\/IMG_20220210_104112-1-min-scaled.jpg 2560w, https:\/\/agora.xtec.cat\/ceip-lespalmeres\/wp-content\/uploads\/usu1432\/2022\/02\/IMG_20220210_104112-1-min-300x224.jpg 300w, https:\/\/agora.xtec.cat\/ceip-lespalmeres\/wp-content\/uploads\/usu1432\/2022\/02\/IMG_20220210_104112-1-min-1024x766.jpg 1024w, https:\/\/agora.xtec.cat\/ceip-lespalmeres\/wp-content\/uploads\/usu1432\/2022\/02\/IMG_20220210_104112-1-min-768x575.jpg 768w, https:\/\/agora.xtec.cat\/ceip-lespalmeres\/wp-content\/uploads\/usu1432\/2022\/02\/IMG_20220210_104112-1-min-1536x1149.jpg 1536w, https:\/\/agora.xtec.cat\/ceip-lespalmeres\/wp-content\/uploads\/usu1432\/2022\/02\/IMG_20220210_104112-1-min-2048x1532.jpg 2048w, https:\/\/agora.xtec.cat\/ceip-lespalmeres\/wp-content\/uploads\/usu1432\/2022\/02\/IMG_20220210_104112-1-min-200x150.jpg 200w\" sizes=\"auto, (max-width: 190px) 100vw, 190px\" \/><\/p>\n<h3>CICLE INICIAL<\/h3>\n<p style=\"text-align: left;\"><span style=\"font-weight: 400;\">Modelatge + \u00fas de la PDI audicions de contes<\/span><\/p>\n<p style=\"text-align: left;\"><span style=\"font-weight: 400;\">Motxilla viatgera + recomanacions<\/span><\/p>\n<p style=\"text-align: left;\"><span style=\"font-weight: 400;\">Lectura individual o parelles<\/span><\/p>\n<p style=\"text-align: left;\"><span style=\"font-weight: 400;\">Modelatge angl\u00e8s \/ PDI suport auditiu i visual<\/span><\/p>\n<p style=\"text-align: left;\"><span style=\"font-weight: 400;\">Jocs de lectura en llengua castellana<\/span><\/p>\n<p><span style=\"font-weight: 400;\">Pr\u00e9stec de llibres i contes de la biblioteca ( quinzenalment).<\/span><\/p>\n<p style=\"text-align: left;\"><span style=\"font-weight: 400;\">Fam\u00edlies conta contes.<\/span><\/p>\n<\/div>\n<div class=\"small-12 large-4 text-center columns\">\n<p><img decoding=\"async\" src=\"https:\/\/img.icons8.com\/color\/120\/000000\/task.png\" \/><\/p>\n<h3>CICLE MITJ\u00c0<\/h3>\n<p style=\"text-align: left;\"><span style=\"font-weight: 400;\">Recomanacions + lectura preparada<\/span><\/p>\n<p style=\"text-align: left;\"><span style=\"font-weight: 400;\">Lectura cooperativa<\/span><\/p>\n<p style=\"text-align: left;\"><span style=\"font-weight: 400;\">Lecto jocs<\/span><\/p>\n<p style=\"text-align: left;\"><span style=\"font-weight: 400;\">Modelatge, triar un llibre per la classe i anar fent lectura. (Respectar autors i versions originals)<\/span><\/p>\n<p style=\"text-align: left;\"><span style=\"font-weight: 400;\">Lectura en angl\u00e8s \/ castell\u00e0 &#8211; PDI suport auditiu i visual<\/span><\/p>\n<\/div>\n<\/div>\n<div class=\"row\" style=\"margin-bottom: 1em !important;\">\n<div class=\"small-12 large-4 text-center columns\">\n<p><img decoding=\"async\" src=\"https:\/\/img.icons8.com\/color\/120\/000000\/expired.png\" \/><\/p>\n<h3>CICLE SUPERIOR<\/h3>\n<p style=\"text-align: left;\"><span style=\"font-weight: 400;\">Lectura individual \/ parelles<\/span><\/p>\n<p style=\"text-align: left;\"><span style=\"font-weight: 400;\">Debat ajustat a una lectura curta previa \/ recomanacions<\/span><\/p>\n<p style=\"text-align: left;\"><span style=\"font-weight: 400;\">Model mestre, triar un llibre per la classe i anar fent lectura. (Respectar autors i versions originals)<\/span><\/p>\n<p style=\"text-align: left;\"><span style=\"font-weight: 400;\">Angl\u00e8s, treball a partir d\u2019una lectura sobre les emocions.<\/span><\/p>\n<p style=\"text-align: left;\"><span style=\"font-weight: 400;\">Castell\u00e0 (variat d\u2019activitats anteriors)<\/span><\/p>\n<p style=\"text-align: left;\"><a href=\"https:\/\/agora.xtec.cat\/ceip-lespalmeres\/racons-de-llengues\/\">Racons de lleng\u00fces<\/a><\/p>\n<\/div>\n<div class=\"small-12 large-4 text-center columns\">\n<p><img decoding=\"async\" src=\"https:\/\/img.icons8.com\/color\/120\/000000\/leave.png\" \/><\/p>\n<\/div>\n<div class=\"small-12 large-4 text-center columns\">\n<p><img decoding=\"async\" src=\"https:\/\/img.icons8.com\/color\/120\/000000\/task.png\" \/><\/p>\n<h3><\/h3>\n<\/div>\n<\/div>\n<p><span style=\"font-weight: 400;\">Altres activitats de la nostra programaci\u00f3: Lectura per part del mestre d&#8217;un llibre en concret en diferents sessions, la motxilla viatgera, tert\u00falies liter\u00e0ries, visites a la biblioteca, lectura per part del mestre d&#8217;un llibre en concret en diferents sessions, pr\u00e9stec biblioteca, lectura cooperativa, lectura col\u00b7lectiva, lectures preparades,&#8230;<\/span><\/p>\n","protected":false},"excerpt":{"rendered":"<p>A l&#8217;escola treballem la compet\u00e8ncia ling\u00fc\u00edstica relacionada amb totes les altres \u00e0rees ja que totes les \u00e0rees necessiten i\/o s\u2019enriqueixen amb els diferents llenguatges. Saber d\u2019un tema \u00e9s saber parlar i escriure sobre ell i per tant, el treball de la llengua s\u2019impulsa des de totes les \u00e0rees. Els alumnes han de: &#8211; llegir, entendre [&hellip;]<\/p>\n","protected":false},"author":1,"featured_media":0,"parent":0,"menu_order":0,"comment_status":"closed","ping_status":"closed","template":"","meta":{"_bbp_topic_count":0,"_bbp_reply_count":0,"_bbp_total_topic_count":0,"_bbp_total_reply_count":0,"_bbp_voice_count":0,"_bbp_anonymous_reply_count":0,"_bbp_topic_count_hidden":0,"_bbp_reply_count_hidden":0,"_bbp_forum_subforum_count":0,"site-sidebar-layout":"default","site-content-layout":"","ast-site-content-layout":"","site-content-style":"default","site-sidebar-style":"default","ast-global-header-display":"","ast-banner-title-visibility":"","ast-main-header-display":"","ast-hfb-above-header-display":"","ast-hfb-below-header-display":"","ast-hfb-mobile-header-display":"","site-post-title":"","ast-breadcrumbs-content":"","ast-featured-img":"","footer-sml-layout":"","theme-transparent-header-meta":"","adv-header-id-meta":"","stick-header-meta":"","header-above-stick-meta":"","header-main-stick-meta":"","header-below-stick-meta":"","astra-migrate-meta-layouts":"default","ast-page-background-enabled":"default","ast-page-background-meta":{"desktop":{"background-color":"var(--ast-global-color-4)","background-image":"","background-repeat":"repeat","background-position":"center center","background-size":"auto","background-attachment":"scroll","background-type":"","background-media":"","overlay-type":"","overlay-color":"","overlay-opacity":"","overlay-gradient":""},"tablet":{"background-color":"","background-image":"","background-repeat":"repeat","background-position":"center center","background-size":"auto","background-attachment":"scroll","background-type":"","background-media":"","overlay-type":"","overlay-color":"","overlay-opacity":"","overlay-gradient":""},"mobile":{"background-color":"","background-image":"","background-repeat":"repeat","background-position":"center center","background-size":"auto","background-attachment":"scroll","background-type":"","background-media":"","overlay-type":"","overlay-color":"","overlay-opacity":"","overlay-gradient":""}},"ast-content-background-meta":{"desktop":{"background-color":"var(--ast-global-color-5)","background-image":"","background-repeat":"repeat","background-position":"center center","background-size":"auto","background-attachment":"scroll","background-type":"","background-media":"","overlay-type":"","overlay-color":"","overlay-opacity":"","overlay-gradient":""},"tablet":{"background-color":"var(--ast-global-color-5)","background-image":"","background-repeat":"repeat","background-position":"center center","background-size":"auto","background-attachment":"scroll","background-type":"","background-media":"","overlay-type":"","overlay-color":"","overlay-opacity":"","overlay-gradient":""},"mobile":{"background-color":"var(--ast-global-color-5)","background-image":"","background-repeat":"repeat","background-position":"center center","background-size":"auto","background-attachment":"scroll","background-type":"","background-media":"","overlay-type":"","overlay-color":"","overlay-opacity":"","overlay-gradient":""}},"footnotes":""},"class_list":["post-4756","page","type-page","status-publish","hentry"],"post_mailing_queue_ids":[],"_links":{"self":[{"href":"https:\/\/agora.xtec.cat\/ceip-lespalmeres\/wp-json\/wp\/v2\/pages\/4756","targetHints":{"allow":["GET"]}}],"collection":[{"href":"https:\/\/agora.xtec.cat\/ceip-lespalmeres\/wp-json\/wp\/v2\/pages"}],"about":[{"href":"https:\/\/agora.xtec.cat\/ceip-lespalmeres\/wp-json\/wp\/v2\/types\/page"}],"author":[{"embeddable":true,"href":"https:\/\/agora.xtec.cat\/ceip-lespalmeres\/wp-json\/wp\/v2\/users\/1"}],"replies":[{"embeddable":true,"href":"https:\/\/agora.xtec.cat\/ceip-lespalmeres\/wp-json\/wp\/v2\/comments?post=4756"}],"version-history":[{"count":4,"href":"https:\/\/agora.xtec.cat\/ceip-lespalmeres\/wp-json\/wp\/v2\/pages\/4756\/revisions"}],"predecessor-version":[{"id":7926,"href":"https:\/\/agora.xtec.cat\/ceip-lespalmeres\/wp-json\/wp\/v2\/pages\/4756\/revisions\/7926"}],"wp:attachment":[{"href":"https:\/\/agora.xtec.cat\/ceip-lespalmeres\/wp-json\/wp\/v2\/media?parent=4756"}],"curies":[{"name":"wp","href":"https:\/\/api.w.org\/{rel}","templated":true}]}}