{"id":4750,"date":"2020-03-09T09:48:56","date_gmt":"2020-03-09T08:48:56","guid":{"rendered":"http:\/\/agora.xtec.cat\/ceip-lespalmeres\/?page_id=4750"},"modified":"2022-02-01T17:16:54","modified_gmt":"2022-02-01T16:16:54","slug":"hort","status":"publish","type":"page","link":"https:\/\/agora.xtec.cat\/ceip-lespalmeres\/hort\/","title":{"rendered":"Hort"},"content":{"rendered":"<h3><\/h3>\n<h3><i><span style=\"font-weight: 400;\">\u201cL\u2019hort \u00e9s el vincle que encara ens uneix a la terra, que ens permet a tots ser agricultors, obtenir els nostres propis aliments sense rec\u00f3rrer al sistema monetari. L\u2019hort ens connecta amb els nostres avantpassats\u201d (Escutia, 2009)<\/span><\/i><\/h3>\n<div class=\"row\" style=\"margin-bottom: 1em !important;\">\n<div class=\"row\" style=\"margin-bottom: 1em !important;\">\n<div class=\"small-12 large-4 text-center columns\"><a href=\"http:\/\/www.globalgoals.org\/1-no-poverty\"><img decoding=\"async\" src=\"https:\/\/img.icons8.com\/color\/120\/000000\/expired.png\" \/><\/a><\/div>\n<div class=\"small-12 large-4 text-center columns\"><a href=\"http:\/\/www.globalgoals.org\/2-zero-hunger\"><img decoding=\"async\" src=\"https:\/\/img.icons8.com\/color\/120\/000000\/leave.png\" \/><\/a><\/div>\n<div class=\"small-12 large-4 text-center columns\"><a href=\"http:\/\/www.globalgoals.org\/3-good-health-and-well-being\"><img decoding=\"async\" src=\"https:\/\/img.icons8.com\/color\/120\/000000\/task.png\" \/><\/a><\/div>\n<\/div>\n<p><span style=\"font-family: inherit; font-size: 1em;\">Els alumnes de P5 i de 3r s\u00f3n els encarregats del funcionament de l\u2019hort. Tenim una mestra volunt\u00e0ria que ens ajuda a fer la posada en marxa i el manteniment dels horts. Cada setmana un grupet d\u2019alumnes s\u2019encarrega de fer les tasques necess\u00e0ries per tenir un hort sa i fruct\u00edfer. A m\u00e9s a m\u00e9s a les classes s\u2019aprofita per treballar el model d\u2019\u00e9sser viu a trav\u00e9s de les plantes.<\/span><\/p>\n<\/div>\n<p><span style=\"font-weight: 400;\">Es treballa el s\u00f2l (cada any es prepara el terra abans de plantar), les plantes (tot el seu cicle vital), els insectes (tenim un hotel d\u2019insectes per afavorir els insectes que ens interessen. Pol\u00b7linitzaci\u00f3) i les seves interrelacions.<\/span><\/p>\n<p>&nbsp;<\/p>\n<p>&nbsp;<\/p>\n","protected":false},"excerpt":{"rendered":"<p>\u201cL\u2019hort \u00e9s el vincle que encara ens uneix a la terra, que ens permet a tots ser agricultors, obtenir els nostres propis aliments sense rec\u00f3rrer al sistema monetari. L\u2019hort ens connecta amb els nostres avantpassats\u201d (Escutia, 2009) Els alumnes de P5 i de 3r s\u00f3n els encarregats del funcionament de l\u2019hort. Tenim una mestra volunt\u00e0ria [&hellip;]<\/p>\n","protected":false},"author":1,"featured_media":0,"parent":0,"menu_order":0,"comment_status":"closed","ping_status":"closed","template":"","meta":{"_bbp_topic_count":0,"_bbp_reply_count":0,"_bbp_total_topic_count":0,"_bbp_total_reply_count":0,"_bbp_voice_count":0,"_bbp_anonymous_reply_count":0,"_bbp_topic_count_hidden":0,"_bbp_reply_count_hidden":0,"_bbp_forum_subforum_count":0,"site-sidebar-layout":"default","site-content-layout":"","ast-site-content-layout":"","site-content-style":"default","site-sidebar-style":"default","ast-global-header-display":"","ast-banner-title-visibility":"","ast-main-header-display":"","ast-hfb-above-header-display":"","ast-hfb-below-header-display":"","ast-hfb-mobile-header-display":"","site-post-title":"","ast-breadcrumbs-content":"","ast-featured-img":"","footer-sml-layout":"","theme-transparent-header-meta":"","adv-header-id-meta":"","stick-header-meta":"","header-above-stick-meta":"","header-main-stick-meta":"","header-below-stick-meta":"","astra-migrate-meta-layouts":"default","ast-page-background-enabled":"default","ast-page-background-meta":{"desktop":{"background-color":"var(--ast-global-color-4)","background-image":"","background-repeat":"repeat","background-position":"center center","background-size":"auto","background-attachment":"scroll","background-type":"","background-media":"","overlay-type":"","overlay-color":"","overlay-opacity":"","overlay-gradient":""},"tablet":{"background-color":"","background-image":"","background-repeat":"repeat","background-position":"center center","background-size":"auto","background-attachment":"scroll","background-type":"","background-media":"","overlay-type":"","overlay-color":"","overlay-opacity":"","overlay-gradient":""},"mobile":{"background-color":"","background-image":"","background-repeat":"repeat","background-position":"center center","background-size":"auto","background-attachment":"scroll","background-type":"","background-media":"","overlay-type":"","overlay-color":"","overlay-opacity":"","overlay-gradient":""}},"ast-content-background-meta":{"desktop":{"background-color":"var(--ast-global-color-5)","background-image":"","background-repeat":"repeat","background-position":"center center","background-size":"auto","background-attachment":"scroll","background-type":"","background-media":"","overlay-type":"","overlay-color":"","overlay-opacity":"","overlay-gradient":""},"tablet":{"background-color":"var(--ast-global-color-5)","background-image":"","background-repeat":"repeat","background-position":"center center","background-size":"auto","background-attachment":"scroll","background-type":"","background-media":"","overlay-type":"","overlay-color":"","overlay-opacity":"","overlay-gradient":""},"mobile":{"background-color":"var(--ast-global-color-5)","background-image":"","background-repeat":"repeat","background-position":"center center","background-size":"auto","background-attachment":"scroll","background-type":"","background-media":"","overlay-type":"","overlay-color":"","overlay-opacity":"","overlay-gradient":""}},"footnotes":""},"class_list":["post-4750","page","type-page","status-publish","hentry"],"post_mailing_queue_ids":[],"_links":{"self":[{"href":"https:\/\/agora.xtec.cat\/ceip-lespalmeres\/wp-json\/wp\/v2\/pages\/4750","targetHints":{"allow":["GET"]}}],"collection":[{"href":"https:\/\/agora.xtec.cat\/ceip-lespalmeres\/wp-json\/wp\/v2\/pages"}],"about":[{"href":"https:\/\/agora.xtec.cat\/ceip-lespalmeres\/wp-json\/wp\/v2\/types\/page"}],"author":[{"embeddable":true,"href":"https:\/\/agora.xtec.cat\/ceip-lespalmeres\/wp-json\/wp\/v2\/users\/1"}],"replies":[{"embeddable":true,"href":"https:\/\/agora.xtec.cat\/ceip-lespalmeres\/wp-json\/wp\/v2\/comments?post=4750"}],"version-history":[{"count":3,"href":"https:\/\/agora.xtec.cat\/ceip-lespalmeres\/wp-json\/wp\/v2\/pages\/4750\/revisions"}],"predecessor-version":[{"id":7300,"href":"https:\/\/agora.xtec.cat\/ceip-lespalmeres\/wp-json\/wp\/v2\/pages\/4750\/revisions\/7300"}],"wp:attachment":[{"href":"https:\/\/agora.xtec.cat\/ceip-lespalmeres\/wp-json\/wp\/v2\/media?parent=4750"}],"curies":[{"name":"wp","href":"https:\/\/api.w.org\/{rel}","templated":true}]}}