{"id":4741,"date":"2020-03-09T09:43:46","date_gmt":"2020-03-09T08:43:46","guid":{"rendered":"http:\/\/agora.xtec.cat\/ceip-lespalmeres\/?page_id=4741"},"modified":"2021-02-05T19:35:36","modified_gmt":"2021-02-05T18:35:36","slug":"calaixets-2","status":"publish","type":"page","link":"https:\/\/agora.xtec.cat\/ceip-lespalmeres\/calaixets-2\/","title":{"rendered":"Calaixets"},"content":{"rendered":"<p><span style=\"font-weight: 400;\">Aquesta proposta pret\u00e9n treballar <\/span><b>habilitats transversals<\/b><span style=\"font-weight: 400;\"> que tenen a veure amb les entrades sensorials i les sortides motores que es posen en joc en els processos d\u2019aprenentatge: habilitats de parla, d\u2019escolta, d\u2019efic\u00e0cia visual, de seguiment visual de coordinaci\u00f3 visomotora,&#8230;<\/span><\/p>\n<div class=\"row\" style=\"margin-bottom: 1em !important;\">\n<div class=\"small-12 large-4 text-center columns\">\n<div style=\"width: 1920px;\" class=\"wp-video\"><!--[if lt IE 9]><script>document.createElement('video');<\/script><![endif]-->\n<video class=\"wp-video-shortcode\" id=\"video-4741-1\" width=\"1920\" height=\"1080\" preload=\"metadata\" controls=\"controls\"><source type=\"video\/mp4\" src=\"https:\/\/agora.xtec.cat\/ceip-lespalmeres\/wp-content\/uploads\/usu1432\/2021\/02\/DSCF0307-1.mp4?_=1\" \/><a href=\"https:\/\/agora.xtec.cat\/ceip-lespalmeres\/wp-content\/uploads\/usu1432\/2021\/02\/DSCF0307-1.mp4\">https:\/\/agora.xtec.cat\/ceip-lespalmeres\/wp-content\/uploads\/usu1432\/2021\/02\/DSCF0307-1.mp4<\/a><\/video><\/div>\n<p style=\"margin-bottom: 0.2em;\"><span style=\"font-weight: 400;\">S\u00f3n propostes acotades en el temps i requereixen de l<\/span><b>\u2019autonomia de l\u2019infant,<\/b><span style=\"font-weight: 400;\"> amb l\u2019objectiu de que cadasc\u00fa practiqui l\u2019habilitat que m\u00e9s necessiti. La finalitat \u00e9s aconseguir un treball aut\u00f2nom, en qu\u00e8\u00a0 cada infant pugui anar prenent consci\u00e8ncia de les pr\u00f2pies compet\u00e8ncies i limitacions en aquestes habilitats.<\/span><\/p>\n<\/div>\n<div class=\"small-12 large-4 text-center columns\"><img loading=\"lazy\" decoding=\"async\" class=\"aligncenter size-medium wp-image-6761\" src=\"https:\/\/agora.xtec.cat\/ceip-lespalmeres\/wp-content\/uploads\/usu1432\/2021\/02\/DSCF0300-1-300x169.jpg\" alt=\"\" width=\"300\" height=\"169\" srcset=\"https:\/\/agora.xtec.cat\/ceip-lespalmeres\/wp-content\/uploads\/usu1432\/2021\/02\/DSCF0300-1-300x169.jpg 300w, https:\/\/agora.xtec.cat\/ceip-lespalmeres\/wp-content\/uploads\/usu1432\/2021\/02\/DSCF0300-1-768x432.jpg 768w, https:\/\/agora.xtec.cat\/ceip-lespalmeres\/wp-content\/uploads\/usu1432\/2021\/02\/DSCF0300-1-1024x576.jpg 1024w, https:\/\/agora.xtec.cat\/ceip-lespalmeres\/wp-content\/uploads\/usu1432\/2021\/02\/DSCF0300-1.jpg 1920w\" sizes=\"auto, (max-width: 300px) 100vw, 300px\" \/>&nbsp;<\/p>\n<p style=\"margin-bottom: 0.2em;\"><span style=\"font-weight: 400;\">A cada calaixet hi ha el material per a fer una activitat amb un principi i un final clar. Hi ha m\u00e9s propostes que alumnes a l\u2019aula, perqu\u00e8 els nens i les nenes puguin repetir o canviar de calaixet.<\/span><\/p>\n<\/div>\n<div class=\"small-12 large-4 text-center columns\"><img loading=\"lazy\" decoding=\"async\" class=\"aligncenter size-medium wp-image-6760\" src=\"https:\/\/agora.xtec.cat\/ceip-lespalmeres\/wp-content\/uploads\/usu1432\/2021\/02\/DSCF0286-300x169.jpg\" alt=\"\" width=\"300\" height=\"169\" srcset=\"https:\/\/agora.xtec.cat\/ceip-lespalmeres\/wp-content\/uploads\/usu1432\/2021\/02\/DSCF0286-300x169.jpg 300w, https:\/\/agora.xtec.cat\/ceip-lespalmeres\/wp-content\/uploads\/usu1432\/2021\/02\/DSCF0286-768x432.jpg 768w, https:\/\/agora.xtec.cat\/ceip-lespalmeres\/wp-content\/uploads\/usu1432\/2021\/02\/DSCF0286-1024x576.jpg 1024w, https:\/\/agora.xtec.cat\/ceip-lespalmeres\/wp-content\/uploads\/usu1432\/2021\/02\/DSCF0286.jpg 1920w\" sizes=\"auto, (max-width: 300px) 100vw, 300px\" \/>&nbsp;<\/p>\n<p style=\"margin-bottom: 0.2em;\"><span style=\"font-weight: 400;\">Els materials s\u00f3n triats en funci\u00f3 de l\u2019habilitat a desenvolupar. Les propostes s\u00f3n prou variades per tal de provocar diferents aprenentatges i prou diversificades, per tal de garantir diverses dificultats.<\/span><\/p>\n<\/div>\n<\/div>\n<div class=\"row\" style=\"margin-bottom: 1em !important;\">\n<div class=\"small-12 large-4 columns\">\n<div style=\"width: 1920px;\" class=\"wp-video\"><video class=\"wp-video-shortcode\" id=\"video-4741-2\" width=\"1920\" height=\"1080\" preload=\"metadata\" controls=\"controls\"><source type=\"video\/mp4\" src=\"https:\/\/agora.xtec.cat\/ceip-lespalmeres\/wp-content\/uploads\/usu1432\/2021\/02\/DSCF0305-1.mp4?_=2\" \/><a href=\"https:\/\/agora.xtec.cat\/ceip-lespalmeres\/wp-content\/uploads\/usu1432\/2021\/02\/DSCF0305-1.mp4\">https:\/\/agora.xtec.cat\/ceip-lespalmeres\/wp-content\/uploads\/usu1432\/2021\/02\/DSCF0305-1.mp4<\/a><\/video><\/div>\n<p style=\"margin-bottom: 0.2em;\"><span style=\"font-weight: 400;\">Les propostes estan presentades com un joc i aix\u00f2 pret\u00e9n facilitar que els aprenentatges es desenvolupin millor i siguin m\u00e9s f\u00e0cilment transferibles. Dins d\u2019aquestes propostes inclouen habilitats matem\u00e0tiques i de llengua.<\/span><\/p>\n<\/div>\n<div class=\"small-12 large-4 columns\">\n<div style=\"width: 1920px;\" class=\"wp-video\"><video class=\"wp-video-shortcode\" id=\"video-4741-3\" width=\"1920\" height=\"1080\" preload=\"metadata\" controls=\"controls\"><source type=\"video\/mp4\" src=\"https:\/\/agora.xtec.cat\/ceip-lespalmeres\/wp-content\/uploads\/usu1432\/2021\/02\/DSCF0303.mp4?_=3\" \/><a href=\"https:\/\/agora.xtec.cat\/ceip-lespalmeres\/wp-content\/uploads\/usu1432\/2021\/02\/DSCF0303.mp4\">https:\/\/agora.xtec.cat\/ceip-lespalmeres\/wp-content\/uploads\/usu1432\/2021\/02\/DSCF0303.mp4<\/a><\/video><\/div>\n<p style=\"margin-bottom: 0.2em;\"><span style=\"font-weight: 400;\">A la part exterior del calaixet hi ha una imatge amb el material que cont\u00e9 i que d\u00f3na pistes del tipus d\u2019activitat que es proposa.<\/span><\/p>\n<p>&nbsp;<\/p>\n<\/div>\n<div class=\"small-12 large-4 columns\">\n<div style=\"width: 1920px;\" class=\"wp-video\"><video class=\"wp-video-shortcode\" id=\"video-4741-4\" width=\"1920\" height=\"1080\" preload=\"metadata\" controls=\"controls\"><source type=\"video\/mp4\" src=\"https:\/\/agora.xtec.cat\/ceip-lespalmeres\/wp-content\/uploads\/usu1432\/2021\/02\/DSCF0285.mp4?_=4\" \/><a href=\"https:\/\/agora.xtec.cat\/ceip-lespalmeres\/wp-content\/uploads\/usu1432\/2021\/02\/DSCF0285.mp4\">https:\/\/agora.xtec.cat\/ceip-lespalmeres\/wp-content\/uploads\/usu1432\/2021\/02\/DSCF0285.mp4<\/a><\/video><\/div>\n<ul>\n<li style=\"font-weight: 400;\"><span style=\"font-weight: 400;\">Habilitats sensorials i motores (entrades visuals i auditives, habilitats bucofonat\u00f2ries, sortides motores&#8230;).<\/span><\/li>\n<li style=\"font-weight: 400;\"><span style=\"font-weight: 400;\">Habilitats cognitives (atenci\u00f3, mem\u00f2ria, an\u00e0lisi, s\u00edntesi&#8230;).<\/span><\/li>\n<\/ul>\n<\/div>\n<\/div>\n<div class=\"row\" style=\"margin-bottom: 1em !important;\">\n<div class=\"small-12 large-4 columns\">\n<p><img loading=\"lazy\" decoding=\"async\" class=\"aligncenter size-medium wp-image-6639\" src=\"https:\/\/agora.xtec.cat\/ceip-lespalmeres\/wp-content\/uploads\/usu1432\/2021\/02\/DSCF0292-300x169.jpg\" alt=\"\" width=\"300\" height=\"169\" srcset=\"https:\/\/agora.xtec.cat\/ceip-lespalmeres\/wp-content\/uploads\/usu1432\/2021\/02\/DSCF0292-300x169.jpg 300w, https:\/\/agora.xtec.cat\/ceip-lespalmeres\/wp-content\/uploads\/usu1432\/2021\/02\/DSCF0292-768x432.jpg 768w, https:\/\/agora.xtec.cat\/ceip-lespalmeres\/wp-content\/uploads\/usu1432\/2021\/02\/DSCF0292-1024x576.jpg 1024w, https:\/\/agora.xtec.cat\/ceip-lespalmeres\/wp-content\/uploads\/usu1432\/2021\/02\/DSCF0292.jpg 1920w\" sizes=\"auto, (max-width: 300px) 100vw, 300px\" \/><\/p>\n<h3><strong>Qu\u00e8 p<\/strong><strong>retenem aconseguir?<\/strong><\/h3>\n<p style=\"margin-bottom: 0.2em;\"><span style=\"font-weight: 400;\">Es pret\u00e9n que els alumnes puguin <\/span><b>progressar en el coneixement<\/b><span style=\"font-weight: 400;\"> i domini de les seves possibilitats, habilitats i coneixements. Que aprenguin a autogestionar-se i <\/span><span style=\"font-weight: 400;\">adquireixin h\u00e0bits d\u2019autonomia sobre el propi aprenentatge. Aix\u00ed com tamb\u00e9 augmentar la seva autoestima al ser conscient de la seva evoluci\u00f3.<\/span><\/p>\n<p>&nbsp;<\/p>\n<\/div>\n<div class=\"small-12 large-4 columns\">\n<p><img loading=\"lazy\" decoding=\"async\" class=\"aligncenter size-medium wp-image-6634\" src=\"https:\/\/agora.xtec.cat\/ceip-lespalmeres\/wp-content\/uploads\/usu1432\/2021\/02\/DSCF0295-300x169.jpg\" alt=\"\" width=\"300\" height=\"169\" srcset=\"https:\/\/agora.xtec.cat\/ceip-lespalmeres\/wp-content\/uploads\/usu1432\/2021\/02\/DSCF0295-300x169.jpg 300w, https:\/\/agora.xtec.cat\/ceip-lespalmeres\/wp-content\/uploads\/usu1432\/2021\/02\/DSCF0295-768x432.jpg 768w, https:\/\/agora.xtec.cat\/ceip-lespalmeres\/wp-content\/uploads\/usu1432\/2021\/02\/DSCF0295-1024x576.jpg 1024w, https:\/\/agora.xtec.cat\/ceip-lespalmeres\/wp-content\/uploads\/usu1432\/2021\/02\/DSCF0295.jpg 1920w\" sizes=\"auto, (max-width: 300px) 100vw, 300px\" \/><\/p>\n<p style=\"margin-bottom: 0.2em;\"><span style=\"font-weight: 400;\">Els nens i nenes s\u00f3n els que trien la proposta amb la que volen treballar. S\u2019hauran de fixar en el n\u00famero identificatiu de la proposta i marcar-ho al seu quadre de registre per anar autogestionant-se. Cada proposta es pot repetir un m\u00e0xim de 3 vegades i se\u2019ls ha de convidar a que les provin totes. Un cop acabada la tasca hauran de fer una valoraci\u00f3\/reflexi\u00f3 per escrit del seu treball (qu\u00e8 han fet, qu\u00e8 han apr\u00e8s, quins reptes es proposen per un altre dia\u2026) La mestra tamb\u00e9 pot fer anotacions del que ha anat observant o per fer algun suggeriment.<\/span><\/p>\n<\/div>\n<div class=\"small-12 large-4 columns\">\n<p><img loading=\"lazy\" decoding=\"async\" class=\"aligncenter size-medium wp-image-6640\" src=\"https:\/\/agora.xtec.cat\/ceip-lespalmeres\/wp-content\/uploads\/usu1432\/2021\/02\/DSCF0293-300x169.jpg\" alt=\"\" width=\"300\" height=\"169\" srcset=\"https:\/\/agora.xtec.cat\/ceip-lespalmeres\/wp-content\/uploads\/usu1432\/2021\/02\/DSCF0293-300x169.jpg 300w, https:\/\/agora.xtec.cat\/ceip-lespalmeres\/wp-content\/uploads\/usu1432\/2021\/02\/DSCF0293-768x432.jpg 768w, https:\/\/agora.xtec.cat\/ceip-lespalmeres\/wp-content\/uploads\/usu1432\/2021\/02\/DSCF0293-1024x576.jpg 1024w, https:\/\/agora.xtec.cat\/ceip-lespalmeres\/wp-content\/uploads\/usu1432\/2021\/02\/DSCF0293.jpg 1920w\" sizes=\"auto, (max-width: 300px) 100vw, 300px\" \/><\/p>\n<p style=\"margin-bottom: 0.2em;\"><b>\u00a0<\/b><span style=\"font-weight: 400;\">La sessi\u00f3 es desenvolupa en dues franges setmanals de m\u00e9s o menys 30 minuts. L\u2019infant pot utilitzar diferents espais dins de l\u2019aula (no necess\u00e0riament a les taules) llocs diversificats: catifa, taula petita, taules grans\u2026<\/span><\/p>\n<\/div>\n<\/div>\n<div class=\"row\" style=\"margin-bottom: 1em !important;\">\n<div class=\"small-12 large-4 text-center columns\">\n<div style=\"width: 1920px;\" class=\"wp-video\"><video class=\"wp-video-shortcode\" id=\"video-4741-5\" width=\"1920\" height=\"1080\" preload=\"metadata\" controls=\"controls\"><source type=\"video\/mp4\" src=\"https:\/\/agora.xtec.cat\/ceip-lespalmeres\/wp-content\/uploads\/usu1432\/2021\/02\/DSCF0306.mp4?_=5\" \/><a href=\"https:\/\/agora.xtec.cat\/ceip-lespalmeres\/wp-content\/uploads\/usu1432\/2021\/02\/DSCF0306.mp4\">https:\/\/agora.xtec.cat\/ceip-lespalmeres\/wp-content\/uploads\/usu1432\/2021\/02\/DSCF0306.mp4<\/a><\/video><\/div>\n<\/div>\n<div class=\"small-12 large-4 text-center columns\">\n<div style=\"width: 1920px;\" class=\"wp-video\"><video class=\"wp-video-shortcode\" id=\"video-4741-6\" width=\"1920\" height=\"1080\" preload=\"metadata\" controls=\"controls\"><source type=\"video\/mp4\" src=\"https:\/\/agora.xtec.cat\/ceip-lespalmeres\/wp-content\/uploads\/usu1432\/2021\/02\/DSCF0308.mp4?_=6\" \/><a href=\"https:\/\/agora.xtec.cat\/ceip-lespalmeres\/wp-content\/uploads\/usu1432\/2021\/02\/DSCF0308.mp4\">https:\/\/agora.xtec.cat\/ceip-lespalmeres\/wp-content\/uploads\/usu1432\/2021\/02\/DSCF0308.mp4<\/a><\/video><\/div>\n<\/div>\n<div class=\"small-12 large-4 text-center columns\">\n<div style=\"width: 1920px;\" class=\"wp-video\"><video class=\"wp-video-shortcode\" id=\"video-4741-7\" width=\"1920\" height=\"1080\" preload=\"metadata\" controls=\"controls\"><source type=\"video\/mp4\" src=\"https:\/\/agora.xtec.cat\/ceip-lespalmeres\/wp-content\/uploads\/usu1432\/2021\/02\/DSCF0304-1.mp4?_=7\" \/><a href=\"https:\/\/agora.xtec.cat\/ceip-lespalmeres\/wp-content\/uploads\/usu1432\/2021\/02\/DSCF0304-1.mp4\">https:\/\/agora.xtec.cat\/ceip-lespalmeres\/wp-content\/uploads\/usu1432\/2021\/02\/DSCF0304-1.mp4<\/a><\/video><\/div>\n<\/div>\n<\/div>\n<p><span style=\"font-weight: 400;\">Al <\/span><b>Cicle inicial i mitj\u00e0 de prim\u00e0ria<\/b><span style=\"font-weight: 400;\"> els calaixets segueixen la mateixa ideologia que a infantil, ja que plantegem activitats que respecten els diferents ritmes d\u2019aprenentatge i on els alumnes poden donar resposta als seus interessos i necessitats.<\/span><\/p>\n","protected":false},"excerpt":{"rendered":"<p>Aquesta proposta pret\u00e9n treballar habilitats transversals que tenen a veure amb les entrades sensorials i les sortides motores que es posen en joc en els processos d\u2019aprenentatge: habilitats de parla, d\u2019escolta, d\u2019efic\u00e0cia visual, de seguiment visual de coordinaci\u00f3 visomotora,&#8230; S\u00f3n propostes acotades en el temps i requereixen de l\u2019autonomia de l\u2019infant, amb l\u2019objectiu de que [&hellip;]<\/p>\n","protected":false},"author":1,"featured_media":0,"parent":0,"menu_order":0,"comment_status":"closed","ping_status":"closed","template":"","meta":{"_bbp_topic_count":0,"_bbp_reply_count":0,"_bbp_total_topic_count":0,"_bbp_total_reply_count":0,"_bbp_voice_count":0,"_bbp_anonymous_reply_count":0,"_bbp_topic_count_hidden":0,"_bbp_reply_count_hidden":0,"_bbp_forum_subforum_count":0,"site-sidebar-layout":"default","site-content-layout":"","ast-site-content-layout":"","site-content-style":"default","site-sidebar-style":"default","ast-global-header-display":"","ast-banner-title-visibility":"","ast-main-header-display":"","ast-hfb-above-header-display":"","ast-hfb-below-header-display":"","ast-hfb-mobile-header-display":"","site-post-title":"","ast-breadcrumbs-content":"","ast-featured-img":"","footer-sml-layout":"","theme-transparent-header-meta":"","adv-header-id-meta":"","stick-header-meta":"","header-above-stick-meta":"","header-main-stick-meta":"","header-below-stick-meta":"","astra-migrate-meta-layouts":"default","ast-page-background-enabled":"default","ast-page-background-meta":{"desktop":{"background-color":"var(--ast-global-color-4)","background-image":"","background-repeat":"repeat","background-position":"center center","background-size":"auto","background-attachment":"scroll","background-type":"","background-media":"","overlay-type":"","overlay-color":"","overlay-opacity":"","overlay-gradient":""},"tablet":{"background-color":"","background-image":"","background-repeat":"repeat","background-position":"center center","background-size":"auto","background-attachment":"scroll","background-type":"","background-media":"","overlay-type":"","overlay-color":"","overlay-opacity":"","overlay-gradient":""},"mobile":{"background-color":"","background-image":"","background-repeat":"repeat","background-position":"center center","background-size":"auto","background-attachment":"scroll","background-type":"","background-media":"","overlay-type":"","overlay-color":"","overlay-opacity":"","overlay-gradient":""}},"ast-content-background-meta":{"desktop":{"background-color":"var(--ast-global-color-5)","background-image":"","background-repeat":"repeat","background-position":"center center","background-size":"auto","background-attachment":"scroll","background-type":"","background-media":"","overlay-type":"","overlay-color":"","overlay-opacity":"","overlay-gradient":""},"tablet":{"background-color":"var(--ast-global-color-5)","background-image":"","background-repeat":"repeat","background-position":"center center","background-size":"auto","background-attachment":"scroll","background-type":"","background-media":"","overlay-type":"","overlay-color":"","overlay-opacity":"","overlay-gradient":""},"mobile":{"background-color":"var(--ast-global-color-5)","background-image":"","background-repeat":"repeat","background-position":"center center","background-size":"auto","background-attachment":"scroll","background-type":"","background-media":"","overlay-type":"","overlay-color":"","overlay-opacity":"","overlay-gradient":""}},"footnotes":""},"class_list":["post-4741","page","type-page","status-publish","hentry"],"post_mailing_queue_ids":[],"_links":{"self":[{"href":"https:\/\/agora.xtec.cat\/ceip-lespalmeres\/wp-json\/wp\/v2\/pages\/4741","targetHints":{"allow":["GET"]}}],"collection":[{"href":"https:\/\/agora.xtec.cat\/ceip-lespalmeres\/wp-json\/wp\/v2\/pages"}],"about":[{"href":"https:\/\/agora.xtec.cat\/ceip-lespalmeres\/wp-json\/wp\/v2\/types\/page"}],"author":[{"embeddable":true,"href":"https:\/\/agora.xtec.cat\/ceip-lespalmeres\/wp-json\/wp\/v2\/users\/1"}],"replies":[{"embeddable":true,"href":"https:\/\/agora.xtec.cat\/ceip-lespalmeres\/wp-json\/wp\/v2\/comments?post=4741"}],"version-history":[{"count":3,"href":"https:\/\/agora.xtec.cat\/ceip-lespalmeres\/wp-json\/wp\/v2\/pages\/4741\/revisions"}],"predecessor-version":[{"id":6762,"href":"https:\/\/agora.xtec.cat\/ceip-lespalmeres\/wp-json\/wp\/v2\/pages\/4741\/revisions\/6762"}],"wp:attachment":[{"href":"https:\/\/agora.xtec.cat\/ceip-lespalmeres\/wp-json\/wp\/v2\/media?parent=4741"}],"curies":[{"name":"wp","href":"https:\/\/api.w.org\/{rel}","templated":true}]}}