{"id":4736,"date":"2020-03-09T09:38:03","date_gmt":"2020-03-09T08:38:03","guid":{"rendered":"http:\/\/agora.xtec.cat\/ceip-lespalmeres\/?page_id=4736"},"modified":"2021-03-09T11:18:23","modified_gmt":"2021-03-09T10:18:23","slug":"capses-daprenentatge","status":"publish","type":"page","link":"https:\/\/agora.xtec.cat\/ceip-lespalmeres\/capses-daprenentatge\/","title":{"rendered":"Capses d&#8217;aprenentatge"},"content":{"rendered":"<div class=\"ast-oembed-container \" style=\"height: 100%;\"><iframe loading=\"lazy\" title=\"Capses d\u00b4aprenentatge\" width=\"500\" height=\"281\" src=\"https:\/\/www.youtube.com\/embed\/DzPuWpv27Ig?feature=oembed\" frameborder=\"0\" allow=\"accelerometer; autoplay; clipboard-write; encrypted-media; gyroscope; picture-in-picture; web-share\" referrerpolicy=\"strict-origin-when-cross-origin\" allowfullscreen><\/iframe><\/div>\n<p><span style=\"font-weight: 400;\">\u00c9s una metodologia de treball a l\u2019aula que es fonamenta en la promoci\u00f3 de<\/span><b> processos complexos d\u2019indagaci\u00f3<\/b><span style=\"font-weight: 400;\"> entre els alumnes, que trien quins volen fer i amb qui. Les persones investiguem des de l\u2019inici de la nostra vida i aquesta proposta intenta potenciar i aprofitar aquest <\/span><b>esperit investigador<\/b><span style=\"font-weight: 400;\"> per contribuir al fet que els infants es facin capa\u00e7os i competents, tot aprenent conceptes, procediments i valors fonamentals per viure i intervenir a l\u2019entorn.<\/span><\/p>\n<div class=\"row\" style=\"margin-bottom: 1em !important;\"><img loading=\"lazy\" decoding=\"async\" class=\"aligncenter size-medium wp-image-6910\" src=\"https:\/\/agora.xtec.cat\/ceip-lespalmeres\/wp-content\/uploads\/usu1432\/2021\/03\/DSCF0466-300x169.jpg\" alt=\"\" width=\"300\" height=\"169\" srcset=\"https:\/\/agora.xtec.cat\/ceip-lespalmeres\/wp-content\/uploads\/usu1432\/2021\/03\/DSCF0466-300x169.jpg 300w, https:\/\/agora.xtec.cat\/ceip-lespalmeres\/wp-content\/uploads\/usu1432\/2021\/03\/DSCF0466-768x432.jpg 768w, https:\/\/agora.xtec.cat\/ceip-lespalmeres\/wp-content\/uploads\/usu1432\/2021\/03\/DSCF0466-1024x576.jpg 1024w, https:\/\/agora.xtec.cat\/ceip-lespalmeres\/wp-content\/uploads\/usu1432\/2021\/03\/DSCF0466.jpg 1920w\" sizes=\"auto, (max-width: 300px) 100vw, 300px\" \/><br \/>\n<img loading=\"lazy\" decoding=\"async\" class=\"aligncenter size-medium wp-image-6909\" src=\"https:\/\/agora.xtec.cat\/ceip-lespalmeres\/wp-content\/uploads\/usu1432\/2021\/03\/DSCF0471-300x169.jpg\" alt=\"\" width=\"300\" height=\"169\" srcset=\"https:\/\/agora.xtec.cat\/ceip-lespalmeres\/wp-content\/uploads\/usu1432\/2021\/03\/DSCF0471-300x169.jpg 300w, https:\/\/agora.xtec.cat\/ceip-lespalmeres\/wp-content\/uploads\/usu1432\/2021\/03\/DSCF0471-768x432.jpg 768w, https:\/\/agora.xtec.cat\/ceip-lespalmeres\/wp-content\/uploads\/usu1432\/2021\/03\/DSCF0471-1024x576.jpg 1024w, https:\/\/agora.xtec.cat\/ceip-lespalmeres\/wp-content\/uploads\/usu1432\/2021\/03\/DSCF0471.jpg 1920w\" sizes=\"auto, (max-width: 300px) 100vw, 300px\" \/><br \/>\n<img loading=\"lazy\" decoding=\"async\" class=\"aligncenter size-medium wp-image-6908\" src=\"https:\/\/agora.xtec.cat\/ceip-lespalmeres\/wp-content\/uploads\/usu1432\/2021\/03\/DSCF0500-300x169.jpg\" alt=\"\" width=\"300\" height=\"169\" srcset=\"https:\/\/agora.xtec.cat\/ceip-lespalmeres\/wp-content\/uploads\/usu1432\/2021\/03\/DSCF0500-300x169.jpg 300w, https:\/\/agora.xtec.cat\/ceip-lespalmeres\/wp-content\/uploads\/usu1432\/2021\/03\/DSCF0500-768x432.jpg 768w, https:\/\/agora.xtec.cat\/ceip-lespalmeres\/wp-content\/uploads\/usu1432\/2021\/03\/DSCF0500-1024x576.jpg 1024w, https:\/\/agora.xtec.cat\/ceip-lespalmeres\/wp-content\/uploads\/usu1432\/2021\/03\/DSCF0500.jpg 1920w\" sizes=\"auto, (max-width: 300px) 100vw, 300px\" \/><\/div>\n<p><span style=\"font-weight: 400;\"> Les compet\u00e8ncies d\u2019aprendre a aprendre, d\u2019autonomia personal i la compet\u00e8ncia comunicativa i ling\u00fc\u00edstica s\u00f3n les que s\u2019asseguren en totes les capses, per\u00f2 a m\u00e9s, en funci\u00f3 de la proposta que trobem a cadascuna d\u2019elles tamb\u00e9 es posen en marxa la compet\u00e8ncia matem\u00e0tica, la compet\u00e8ncia digital, la social i ciutadana, la de coneixement i interacci\u00f3 amb el m\u00f3n f\u00edsic, etc. <\/span>Promouen l\u2019<b>aprenentatge globalitzat.<\/b><\/p>\n<p><span style=\"font-weight: 400;\">Ens trobem doncs amb un context educatiu que t\u00e9 en compte les intel\u00b7lig\u00e8ncies m\u00faltiples i els talents personals, que a<\/span><span style=\"font-weight: 400;\">favoreix <\/span><b>l\u2019autonomia<\/b><span style=\"font-weight: 400;\"> (llibertat + responsabilitat) i la compet\u00e8ncia <\/span><b>d\u2019aprendre a aprendre. <\/b><span style=\"font-weight: 400;\">Es fomenta el treball individual i el treball cooperatiu perqu\u00e8 comparteixen el material amb el\u00a0 grup i poden donar-se idees sobre com la resolen, repartir-se la feina,&#8230; tot i que hauran de presentar un informe individual i s\u2019han d\u2019assegurar haver ent\u00e8s tot el que han fet.<\/span><\/p>\n<p><span style=\"font-weight: 400;\">Els nens i nenes s\u00f3n agents actius del seu propi aprenentatge en el proc\u00e9s i l\u2019adult observa i acompanya fent de guia en cas necessari.<\/span><\/p>\n<p><span style=\"font-weight: 400;\">Gr\u00e0cies a la r\u00fabrica d\u2019autoavaluaci\u00f3 que troben a cada capsa,\u00a0 poden fer una valoraci\u00f3 final que els ajuda a ser conscients d\u2019all\u00f2 que necessiten practicar o millorar i tamb\u00e9 d\u2019all\u00f2 que han apr\u00e8s i s\u00f3n capa\u00e7os d\u2019aplicar a les situacions plantejades. D\u2019aquesta manera, van regulant el propi aprenentatge tot cercant estrat\u00e8gies o suports, investigant, buscant informaci\u00f3, aprenent amb els iguals, etc<\/span><\/p>\n","protected":false},"excerpt":{"rendered":"<p>\u00c9s una metodologia de treball a l\u2019aula que es fonamenta en la promoci\u00f3 de processos complexos d\u2019indagaci\u00f3 entre els alumnes, que trien quins volen fer i amb qui. Les persones investiguem des de l\u2019inici de la nostra vida i aquesta proposta intenta potenciar i aprofitar aquest esperit investigador per contribuir al fet que els infants [&hellip;]<\/p>\n","protected":false},"author":1,"featured_media":0,"parent":0,"menu_order":0,"comment_status":"closed","ping_status":"closed","template":"","meta":{"_bbp_topic_count":0,"_bbp_reply_count":0,"_bbp_total_topic_count":0,"_bbp_total_reply_count":0,"_bbp_voice_count":0,"_bbp_anonymous_reply_count":0,"_bbp_topic_count_hidden":0,"_bbp_reply_count_hidden":0,"_bbp_forum_subforum_count":0,"site-sidebar-layout":"default","site-content-layout":"","ast-site-content-layout":"","site-content-style":"default","site-sidebar-style":"default","ast-global-header-display":"","ast-banner-title-visibility":"","ast-main-header-display":"","ast-hfb-above-header-display":"","ast-hfb-below-header-display":"","ast-hfb-mobile-header-display":"","site-post-title":"","ast-breadcrumbs-content":"","ast-featured-img":"","footer-sml-layout":"","theme-transparent-header-meta":"","adv-header-id-meta":"","stick-header-meta":"","header-above-stick-meta":"","header-main-stick-meta":"","header-below-stick-meta":"","astra-migrate-meta-layouts":"default","ast-page-background-enabled":"default","ast-page-background-meta":{"desktop":{"background-color":"var(--ast-global-color-4)","background-image":"","background-repeat":"repeat","background-position":"center center","background-size":"auto","background-attachment":"scroll","background-type":"","background-media":"","overlay-type":"","overlay-color":"","overlay-opacity":"","overlay-gradient":""},"tablet":{"background-color":"","background-image":"","background-repeat":"repeat","background-position":"center center","background-size":"auto","background-attachment":"scroll","background-type":"","background-media":"","overlay-type":"","overlay-color":"","overlay-opacity":"","overlay-gradient":""},"mobile":{"background-color":"","background-image":"","background-repeat":"repeat","background-position":"center center","background-size":"auto","background-attachment":"scroll","background-type":"","background-media":"","overlay-type":"","overlay-color":"","overlay-opacity":"","overlay-gradient":""}},"ast-content-background-meta":{"desktop":{"background-color":"var(--ast-global-color-5)","background-image":"","background-repeat":"repeat","background-position":"center center","background-size":"auto","background-attachment":"scroll","background-type":"","background-media":"","overlay-type":"","overlay-color":"","overlay-opacity":"","overlay-gradient":""},"tablet":{"background-color":"var(--ast-global-color-5)","background-image":"","background-repeat":"repeat","background-position":"center center","background-size":"auto","background-attachment":"scroll","background-type":"","background-media":"","overlay-type":"","overlay-color":"","overlay-opacity":"","overlay-gradient":""},"mobile":{"background-color":"var(--ast-global-color-5)","background-image":"","background-repeat":"repeat","background-position":"center center","background-size":"auto","background-attachment":"scroll","background-type":"","background-media":"","overlay-type":"","overlay-color":"","overlay-opacity":"","overlay-gradient":""}},"footnotes":""},"class_list":["post-4736","page","type-page","status-publish","hentry"],"post_mailing_queue_ids":[],"_links":{"self":[{"href":"https:\/\/agora.xtec.cat\/ceip-lespalmeres\/wp-json\/wp\/v2\/pages\/4736","targetHints":{"allow":["GET"]}}],"collection":[{"href":"https:\/\/agora.xtec.cat\/ceip-lespalmeres\/wp-json\/wp\/v2\/pages"}],"about":[{"href":"https:\/\/agora.xtec.cat\/ceip-lespalmeres\/wp-json\/wp\/v2\/types\/page"}],"author":[{"embeddable":true,"href":"https:\/\/agora.xtec.cat\/ceip-lespalmeres\/wp-json\/wp\/v2\/users\/1"}],"replies":[{"embeddable":true,"href":"https:\/\/agora.xtec.cat\/ceip-lespalmeres\/wp-json\/wp\/v2\/comments?post=4736"}],"version-history":[{"count":3,"href":"https:\/\/agora.xtec.cat\/ceip-lespalmeres\/wp-json\/wp\/v2\/pages\/4736\/revisions"}],"predecessor-version":[{"id":6822,"href":"https:\/\/agora.xtec.cat\/ceip-lespalmeres\/wp-json\/wp\/v2\/pages\/4736\/revisions\/6822"}],"wp:attachment":[{"href":"https:\/\/agora.xtec.cat\/ceip-lespalmeres\/wp-json\/wp\/v2\/media?parent=4736"}],"curies":[{"name":"wp","href":"https:\/\/api.w.org\/{rel}","templated":true}]}}