{"id":4581,"date":"2020-01-19T21:11:34","date_gmt":"2020-01-19T20:11:34","guid":{"rendered":"http:\/\/agora.xtec.cat\/ceip-lespalmeres\/?page_id=4581"},"modified":"2025-09-17T16:21:00","modified_gmt":"2025-09-17T14:21:00","slug":"documents-per-les-families-2","status":"publish","type":"page","link":"https:\/\/agora.xtec.cat\/ceip-lespalmeres\/documents-per-les-families-2\/","title":{"rendered":"Documents per les Fam\u00edlies"},"content":{"rendered":"\n<p>En aquesta secci\u00f3 trobareu un recull de documents que us poden ser d\u2019utilitat pel dia a dia del funcionament del centre.<\/p>\n\n\n\n<p>&nbsp;<\/p>\n\n\n\n<div class=\"row\" style=\"margin-bottom: 1em !important;\">\n<div class=\"small-12 large-4 text-center columns\">\n<figure><img loading=\"lazy\" decoding=\"async\" class=\"aligncenter wp-image-7129\" src=\"https:\/\/agora.xtec.cat\/ceip-lespalmeres\/wp-content\/uploads\/usu1432\/2021\/08\/png-transparent-school-building-logo-web-page-blue-building-text.png\" alt=\"\" width=\"99\" height=\"99\" srcset=\"https:\/\/agora.xtec.cat\/ceip-lespalmeres\/wp-content\/uploads\/usu1432\/2021\/08\/png-transparent-school-building-logo-web-page-blue-building-text.png 920w, https:\/\/agora.xtec.cat\/ceip-lespalmeres\/wp-content\/uploads\/usu1432\/2021\/08\/png-transparent-school-building-logo-web-page-blue-building-text-300x300.png 300w, https:\/\/agora.xtec.cat\/ceip-lespalmeres\/wp-content\/uploads\/usu1432\/2021\/08\/png-transparent-school-building-logo-web-page-blue-building-text-150x150.png 150w, https:\/\/agora.xtec.cat\/ceip-lespalmeres\/wp-content\/uploads\/usu1432\/2021\/08\/png-transparent-school-building-logo-web-page-blue-building-text-768x768.png 768w\" sizes=\"auto, (max-width: 99px) 100vw, 99px\" \/><\/figure><p><\/p>\n<h3 style=\"text-align: center;\"><span style=\"color: #993300;\">CONTINU\u00cfTAT ESCOLAR<\/span><\/h3>\n<p style=\"margin-bottom: 0.2em; text-align: left;\">Formulari de confirmaci\u00f3 de pla\u00e7a:<\/p>\n<p style=\"text-align: left;\"><a href=\"https:\/\/forms.gle\/tL6VCWSi5xFHY4119\" target=\"_blank\" rel=\"noopener\">CLICA I ENTRA AL FORMULARI<\/a><\/p>\n<p>&nbsp;<\/p>\n<p>&nbsp;<\/p>\n<p>&nbsp;<\/p>\n<\/div>\n<div class=\"small-12 large-4 text-center columns\">\n<figure><img loading=\"lazy\" decoding=\"async\" class=\"aligncenter wp-image-7128\" src=\"https:\/\/agora.xtec.cat\/ceip-lespalmeres\/wp-content\/uploads\/usu1432\/2021\/08\/certificat.jpg\" alt=\"\" width=\"172\" height=\"104\" srcset=\"https:\/\/agora.xtec.cat\/ceip-lespalmeres\/wp-content\/uploads\/usu1432\/2021\/08\/certificat.jpg 561w, https:\/\/agora.xtec.cat\/ceip-lespalmeres\/wp-content\/uploads\/usu1432\/2021\/08\/certificat-300x181.jpg 300w\" sizes=\"auto, (max-width: 172px) 100vw, 172px\" \/><\/figure><p><\/p>\n<h3 style=\"text-align: center;\"><span style=\"color: #993300;\">GESTI\u00d3 ADMINISTRATIVA<\/span><\/h3>\n<p style=\"margin-bottom: 0.2em;\"><a href=\"https:\/\/forms.gle\/cw1KcntmZPPGeAHY9\">Formulari per sol\u00b7licitar certificats o justificants<\/a><\/p>\n<p>&nbsp;<\/p>\n<\/div>\n<div class=\"small-12 large-4 text-center columns\">\n<figure><img loading=\"lazy\" decoding=\"async\" class=\"\" src=\"https:\/\/cdn-icons-png.flaticon.com\/512\/2017\/2017342.png\" alt=\"Excursi\u00f3n - Iconos gratis de transporte\" width=\"104\" height=\"104\"><\/figure><p><\/p>\n<h3><span style=\"color: #993300;\">SORTIDES ESCOLARS<\/span><\/h3>\n<p style=\"margin-bottom: 0.2em;\">P3<\/p>\n<p>P4<\/p>\n<p>P5<\/p>\n<p>1r<\/p>\n<p>2n<\/p>\n<p>3r<\/p>\n<p>4t<\/p>\n<p>5\u00e8<\/p>\n<p>6\u00e8<\/p>\n<\/div>\n<\/div>\n\n\n\n<div class=\"addtoany_share_save_container addtoany_content_bottom\">\n<div class=\"a2a_kit a2a_kit_size_25 addtoany_list\" data-a2a-url=\"https:\/\/agora.xtec.cat\/ceip-serramarina-sta-coloma\/documents-per-les-families\/\" data-a2a-title=\"Documents per les Fam\u00edlies\">\u00a0<\/div>\n<\/div>\n\n\n\n\n\n<div class=\"wp-block-columns is-layout-flex wp-container-core-columns-is-layout-2 wp-block-columns-is-layout-flex\">\n<div class=\"wp-block-column is-layout-flow wp-block-column-is-layout-flow\" style=\"flex-basis:33.33%\">\n<div class=\"wp-block-columns is-layout-flex wp-container-core-columns-is-layout-1 wp-block-columns-is-layout-flex\">\n<div class=\"wp-block-column is-layout-flow wp-block-column-is-layout-flow\">\n<figure class=\"wp-block-image size-full is-resized\"><a href=\"https:\/\/agora.xtec.cat\/ceip-lespalmeres\/wp-content\/uploads\/usu1432\/2021\/06\/baixa.png\"><img loading=\"lazy\" decoding=\"async\" width=\"200\" height=\"200\" src=\"https:\/\/agora.xtec.cat\/ceip-lespalmeres\/wp-content\/uploads\/usu1432\/2021\/06\/baixa.png\" alt=\"\" class=\"wp-image-7035\" style=\"width:121px;height:auto\" srcset=\"https:\/\/agora.xtec.cat\/ceip-lespalmeres\/wp-content\/uploads\/usu1432\/2021\/06\/baixa.png 200w, https:\/\/agora.xtec.cat\/ceip-lespalmeres\/wp-content\/uploads\/usu1432\/2021\/06\/baixa-150x150.png 150w\" sizes=\"auto, (max-width: 200px) 100vw, 200px\" \/><\/a><\/figure>\n<\/div>\n\n\n\n<div class=\"wp-block-column is-layout-flow wp-block-column-is-layout-flow\">\n<h3 class=\"wp-block-heading alignfull\">AUTORITZACIONS<\/h3>\n\n\n\n<p><a href=\"https:\/\/drive.google.com\/file\/d\/1zlkM7n6OcVYk_D_gSZlPfWoQxzpiSbeM\/view?usp=sharing\">Autoritzaci\u00f3 d\u2019administrament del Paracetamol&nbsp;<\/a><\/p>\n\n\n\n<p><a href=\"https:\/\/drive.google.com\/file\/d\/1esJzVHNxiMX-dwTQ5zhPfEzz-LzQnXec\/view?usp=sharing\" target=\"_blank\" rel=\"noreferrer noopener\">Autoritzaci\u00f3 domiciliaci\u00f3 banc\u00e0ria<\/a><\/p>\n\n\n\n<p><a href=\"https:\/\/drive.google.com\/file\/d\/1rYlorPnoder1Kzhx8YRhfrVo4ZytDbZz\/view?usp=sharing\" target=\"_blank\" rel=\"noreferrer noopener\">Autoritzaci\u00f3 sortides<\/a><\/p>\n\n\n\n<p><a href=\"https:\/\/drive.google.com\/file\/d\/1TOj4uMz0ruernpxIOpeUfgu231hjaUvk\/view?usp=sharing\" target=\"_blank\" rel=\"noreferrer noopener\">Autoritzaci\u00f3 drets d&#8217;imatge, dades i materials (menors de 14 anys)<\/a><\/p>\n\n\n\n<p><a href=\"https:\/\/drive.google.com\/file\/d\/1HXO9sy9X4mxWRaV2hck5YsMX9Sy1I_dU\/view?usp=sharing\" target=\"_blank\" rel=\"noreferrer noopener\">Autoritzaci\u00f3 per alumnes que marxen sols (Cicle Superior)<\/a><\/p>\n\n\n\n<p><a href=\"https:\/\/drive.google.com\/file\/d\/1VUpcKU7szEc5OAJ1Hn-Qw1uasxxEK6Kp\/view?usp=sharing\" target=\"_blank\" rel=\"noreferrer noopener\">Autoritzaci\u00f3 sortir sols alumnes de 4t<\/a><\/p>\n\n\n\n<p><a href=\"https:\/\/drive.google.com\/file\/d\/1XIjSU5ggWlYr4ARl4-riH-oSSOTXbPgf\/view?usp=sharing\" target=\"_blank\" rel=\"noreferrer noopener\">Autoritzaci\u00f3 per part de germans menors<\/a><\/p>\n\n\n\n<p><a href=\"https:\/\/drive.google.com\/file\/d\/1ppclWt2ri2OOWpGuw1v1UhSQPlvlHS4h\/view?usp=sharing\" target=\"_blank\" rel=\"noreferrer noopener\">Autoritzaci\u00f3 recollida fills<\/a><\/p>\n<\/div>\n<\/div>\n<\/div>\n\n\n\n<div class=\"wp-block-column is-layout-flow wp-block-column-is-layout-flow\" style=\"flex-basis:66.66%\">\n<h3 class=\"wp-block-heading alignfull\">AUTORITZACIONS<\/h3>\n\n\n\n<p><a href=\"https:\/\/drive.google.com\/file\/d\/1zlkM7n6OcVYk_D_gSZlPfWoQxzpiSbeM\/view?usp=sharing\">Autoritzaci\u00f3 d\u2019administrament del Paracetamol&nbsp;<\/a><\/p>\n\n\n\n<p><a href=\"https:\/\/drive.google.com\/file\/d\/1esJzVHNxiMX-dwTQ5zhPfEzz-LzQnXec\/view?usp=sharing\" target=\"_blank\" rel=\"noreferrer noopener\">Autoritzaci\u00f3 domiciliaci\u00f3 banc\u00e0ria<\/a><\/p>\n\n\n\n<p><a href=\"https:\/\/drive.google.com\/file\/d\/1rYlorPnoder1Kzhx8YRhfrVo4ZytDbZz\/view?usp=sharing\" target=\"_blank\" rel=\"noreferrer noopener\">Autoritzaci\u00f3 sortides<\/a><\/p>\n\n\n\n<p><a href=\"https:\/\/drive.google.com\/file\/d\/1TOj4uMz0ruernpxIOpeUfgu231hjaUvk\/view?usp=sharing\" target=\"_blank\" rel=\"noreferrer noopener\">Autoritzaci\u00f3 drets d&#8217;imatge, dades i materials (menors de 14 anys)<\/a><\/p>\n\n\n\n<p><a href=\"https:\/\/drive.google.com\/file\/d\/1HXO9sy9X4mxWRaV2hck5YsMX9Sy1I_dU\/view?usp=sharing\" target=\"_blank\" rel=\"noreferrer noopener\">Autoritzaci\u00f3 per alumnes que marxen sols (Cicle Superior)<\/a><\/p>\n\n\n\n<p><a href=\"https:\/\/drive.google.com\/file\/d\/1VUpcKU7szEc5OAJ1Hn-Qw1uasxxEK6Kp\/view?usp=sharing\" target=\"_blank\" rel=\"noreferrer noopener\">Autoritzaci\u00f3 sortir sols alumnes de 4t<\/a><\/p>\n\n\n\n<p><a href=\"https:\/\/drive.google.com\/file\/d\/1XIjSU5ggWlYr4ARl4-riH-oSSOTXbPgf\/view?usp=sharing\" target=\"_blank\" rel=\"noreferrer noopener\">Autoritzaci\u00f3 per part de germans menors<\/a><\/p>\n\n\n\n<p><a href=\"https:\/\/drive.google.com\/file\/d\/1ppclWt2ri2OOWpGuw1v1UhSQPlvlHS4h\/view?usp=sharing\" target=\"_blank\" rel=\"noreferrer noopener\">Autoritzaci\u00f3 recollida fills<\/a><\/p>\n<\/div>\n<\/div>\n\n\n\n<div class=\"wp-block-columns is-layout-flex wp-container-core-columns-is-layout-3 wp-block-columns-is-layout-flex\">\n<div class=\"wp-block-column is-layout-flow wp-block-column-is-layout-flow\" style=\"flex-basis:25%\">\n<h3 class=\"wp-block-heading\">DOCUMENTS ORGANITZATIUS<\/h3>\n\n\n\n<p><a href=\"https:\/\/drive.google.com\/file\/d\/1veqXz7MW2dDnIMd-A-QQqCv1I8vsFopB\/view?usp=drive_link\" target=\"_blank\" rel=\"noreferrer noopener\">Protocol de prevenci\u00f3, detecci\u00f3 davant de situacions d&#8217;absentisme&nbsp;<\/a><\/p>\n\n\n\n<p><a href=\"https:\/\/drive.google.com\/file\/d\/1DzmEzqKO_8PLHjSv28aH3JvrSHYvRKvd\/view?usp=drive_link\" target=\"_blank\" rel=\"noreferrer noopener\">Protocol de les fam\u00edlies delegades de curs<\/a><\/p>\n\n\n\n<p><a href=\"https:\/\/drive.google.com\/file\/d\/16deB0hnIvJp33qsHQv0e5i7mT1-HNNxc\/view?usp=drive_link\" target=\"_blank\" rel=\"noreferrer noopener\">Pla d&#8217;organitzaci\u00f3 del centre<\/a><\/p>\n<\/div>\n\n\n\n<div class=\"wp-block-column is-layout-flow wp-block-column-is-layout-flow\" style=\"flex-basis:50%\">\n<h3 class=\"wp-block-heading\">DOCUMENTS PERSONALS<\/h3>\n\n\n\n<p><a href=\"https:\/\/drive.google.com\/file\/d\/1_39TZJIAiLX07DDe3ouMsE7Zu64pGqQc\/view?usp=sharing\">Carta de comprom\u00eds educatiu<\/a><\/p>\n\n\n\n<p><a href=\"https:\/\/drive.google.com\/file\/d\/1GLVQ8jmpYOilgR6dHlkBayuPQ5_8oHbp\/view?usp=sharing\" target=\"_blank\" rel=\"noreferrer noopener\">Dades personals<\/a><\/p>\n\n\n\n<p><a href=\"https:\/\/drive.google.com\/file\/d\/1UrpO5zgcyzYTxumPjWWD_Ew-d9jSiPaK\/view?usp=sharing\">Nota Informativa entrada P3 al centre Curs 2020 &#8211; 2021<\/a><\/p>\n\n\n\n<p><a href=\"https:\/\/drive.google.com\/file\/d\/1leDWqFWDMEkOzMZRqXDX7ht6tyodlr-9\/view?usp=sharing\">Q\u00fcestionari P3.Curs 2020\/2021 (pdf)<\/a><\/p>\n\n\n\n<p><a href=\"https:\/\/drive.google.com\/file\/d\/1pfcUiDS1e4d10MutaSvSDR6RlhDtgKvY\/view?usp=sharing\">Q\u00fcestionari P3.Curs 2020\/2021 (word)<\/a><\/p>\n\n\n\n<p><a href=\"https:\/\/drive.google.com\/file\/d\/1vG3whNPCYtj5zlKs90SvEkFBnfCtuCN5\/view?usp=sharing\" target=\"_blank\" rel=\"noreferrer noopener\">Full informatiu i d\u2019adhesi\u00f3 a&nbsp;l<strong>\u2019<\/strong><strong>AMPA<\/strong>&nbsp;de l\u2019escola.<\/a><\/p>\n<\/div>\n\n\n\n<div class=\"wp-block-column is-layout-flow wp-block-column-is-layout-flow\" style=\"flex-basis:25%\">\n<h3 class=\"wp-block-heading\">DOCUMENTS ORGANITZATIUS<\/h3>\n\n\n\n<p><a href=\"https:\/\/drive.google.com\/file\/d\/1veqXz7MW2dDnIMd-A-QQqCv1I8vsFopB\/view?usp=drive_link\" target=\"_blank\" rel=\"noreferrer noopener\">Protocol de prevenci\u00f3, detecci\u00f3 davant de situacions d&#8217;absentisme&nbsp;<\/a><\/p>\n\n\n\n<p><a href=\"https:\/\/drive.google.com\/file\/d\/1DzmEzqKO_8PLHjSv28aH3JvrSHYvRKvd\/view?usp=drive_link\" target=\"_blank\" rel=\"noreferrer noopener\">Protocol de les fam\u00edlies delegades de curs<\/a><\/p>\n\n\n\n<p><a href=\"https:\/\/drive.google.com\/file\/d\/16deB0hnIvJp33qsHQv0e5i7mT1-HNNxc\/view?usp=drive_link\" target=\"_blank\" rel=\"noreferrer noopener\">Pla d&#8217;organitzaci\u00f3 del centre<\/a><\/p>\n<\/div>\n<\/div>\n","protected":false},"excerpt":{"rendered":"<p>En aquesta secci\u00f3 trobareu un recull de documents que us poden ser d\u2019utilitat pel dia a dia del funcionament del centre. &nbsp; CONTINU\u00cfTAT ESCOLAR Formulari de confirmaci\u00f3 de pla\u00e7a: CLICA I ENTRA AL FORMULARI &nbsp; &nbsp; &nbsp; GESTI\u00d3 ADMINISTRATIVA Formulari per sol\u00b7licitar certificats o justificants &nbsp; SORTIDES ESCOLARS P3 P4 P5 1r 2n 3r 4t [&hellip;]<\/p>\n","protected":false},"author":1,"featured_media":0,"parent":0,"menu_order":0,"comment_status":"closed","ping_status":"closed","template":"","meta":{"_bbp_topic_count":0,"_bbp_reply_count":0,"_bbp_total_topic_count":0,"_bbp_total_reply_count":0,"_bbp_voice_count":0,"_bbp_anonymous_reply_count":0,"_bbp_topic_count_hidden":0,"_bbp_reply_count_hidden":0,"_bbp_forum_subforum_count":0,"site-sidebar-layout":"default","site-content-layout":"","ast-site-content-layout":"default","site-content-style":"default","site-sidebar-style":"default","ast-global-header-display":"","ast-banner-title-visibility":"","ast-main-header-display":"","ast-hfb-above-header-display":"","ast-hfb-below-header-display":"","ast-hfb-mobile-header-display":"","site-post-title":"","ast-breadcrumbs-content":"","ast-featured-img":"","footer-sml-layout":"","theme-transparent-header-meta":"","adv-header-id-meta":"","stick-header-meta":"","header-above-stick-meta":"","header-main-stick-meta":"","header-below-stick-meta":"","astra-migrate-meta-layouts":"set","ast-page-background-enabled":"default","ast-page-background-meta":{"desktop":{"background-color":"var(--ast-global-color-4)","background-image":"","background-repeat":"repeat","background-position":"center center","background-size":"auto","background-attachment":"scroll","background-type":"","background-media":"","overlay-type":"","overlay-color":"","overlay-opacity":"","overlay-gradient":""},"tablet":{"background-color":"","background-image":"","background-repeat":"repeat","background-position":"center center","background-size":"auto","background-attachment":"scroll","background-type":"","background-media":"","overlay-type":"","overlay-color":"","overlay-opacity":"","overlay-gradient":""},"mobile":{"background-color":"","background-image":"","background-repeat":"repeat","background-position":"center center","background-size":"auto","background-attachment":"scroll","background-type":"","background-media":"","overlay-type":"","overlay-color":"","overlay-opacity":"","overlay-gradient":""}},"ast-content-background-meta":{"desktop":{"background-color":"var(--ast-global-color-5)","background-image":"","background-repeat":"repeat","background-position":"center center","background-size":"auto","background-attachment":"scroll","background-type":"","background-media":"","overlay-type":"","overlay-color":"","overlay-opacity":"","overlay-gradient":""},"tablet":{"background-color":"var(--ast-global-color-5)","background-image":"","background-repeat":"repeat","background-position":"center center","background-size":"auto","background-attachment":"scroll","background-type":"","background-media":"","overlay-type":"","overlay-color":"","overlay-opacity":"","overlay-gradient":""},"mobile":{"background-color":"var(--ast-global-color-5)","background-image":"","background-repeat":"repeat","background-position":"center center","background-size":"auto","background-attachment":"scroll","background-type":"","background-media":"","overlay-type":"","overlay-color":"","overlay-opacity":"","overlay-gradient":""}},"footnotes":""},"class_list":["post-4581","page","type-page","status-publish","hentry"],"post_mailing_queue_ids":[],"_links":{"self":[{"href":"https:\/\/agora.xtec.cat\/ceip-lespalmeres\/wp-json\/wp\/v2\/pages\/4581","targetHints":{"allow":["GET"]}}],"collection":[{"href":"https:\/\/agora.xtec.cat\/ceip-lespalmeres\/wp-json\/wp\/v2\/pages"}],"about":[{"href":"https:\/\/agora.xtec.cat\/ceip-lespalmeres\/wp-json\/wp\/v2\/types\/page"}],"author":[{"embeddable":true,"href":"https:\/\/agora.xtec.cat\/ceip-lespalmeres\/wp-json\/wp\/v2\/users\/1"}],"replies":[{"embeddable":true,"href":"https:\/\/agora.xtec.cat\/ceip-lespalmeres\/wp-json\/wp\/v2\/comments?post=4581"}],"version-history":[{"count":5,"href":"https:\/\/agora.xtec.cat\/ceip-lespalmeres\/wp-json\/wp\/v2\/pages\/4581\/revisions"}],"predecessor-version":[{"id":8553,"href":"https:\/\/agora.xtec.cat\/ceip-lespalmeres\/wp-json\/wp\/v2\/pages\/4581\/revisions\/8553"}],"wp:attachment":[{"href":"https:\/\/agora.xtec.cat\/ceip-lespalmeres\/wp-json\/wp\/v2\/media?parent=4581"}],"curies":[{"name":"wp","href":"https:\/\/api.w.org\/{rel}","templated":true}]}}