{"id":4519,"date":"2020-01-19T20:35:17","date_gmt":"2020-01-19T19:35:17","guid":{"rendered":"http:\/\/agora.xtec.cat\/ceip-lespalmeres\/?page_id=4519"},"modified":"2026-02-13T17:07:05","modified_gmt":"2026-02-13T16:07:05","slug":"documents-de-gestio-del-centre","status":"publish","type":"page","link":"https:\/\/agora.xtec.cat\/ceip-lespalmeres\/documents-de-gestio-del-centre\/","title":{"rendered":"Documents de gesti\u00f3 del centre"},"content":{"rendered":"\n<p>En aquesta secci\u00f3 trobareu un recull de documents de la gesti\u00f3 del centre que us poden ser d\u2019utilitat per con\u00e8ixer l\u2019escola, con\u00e8ixer el nostre projecte i quins s\u00f3n els nostres objectius pel curs actual i els propers cursos.<\/p>\n\n\n\n<div class=\"wp-block-columns is-layout-flex wp-container-core-columns-is-layout-1 wp-block-columns-is-layout-flex\">\n<div class=\"wp-block-column is-layout-flow wp-block-column-is-layout-flow\">\n<p>PEC &#8211; Projecte educatiu de centre (Trets d&#8217;identitat)<br><span style=\"color: #008080;\"><a style=\"color: #008080;\" href=\"https:\/\/drive.google.com\/file\/d\/18v8JYZfKKXQ3T_StxnJ4An2ZiNH860Bb\/view?usp=sharing\">Document<\/a><\/span><\/p>\n<\/div>\n\n\n\n<div class=\"wp-block-column is-layout-flow wp-block-column-is-layout-flow\">\n<p><span style=\"background-color: #ffffff;\">Carta de Comprom\u00eds educatiu<\/span><\/p>\n\n\n\n<p><span style=\"color: #008080;\"><a style=\"color: #008080;\" href=\"https:\/\/drive.google.com\/open?id=1QprBtfz95aaxr0Bjfp0cMGTKUEHGTx5p\">Document<\/a><\/span><\/p>\n<\/div>\n\n\n\n<div class=\"wp-block-column is-layout-flow wp-block-column-is-layout-flow\">\n<p><span style=\"background-color: #f9f9f9;\">PEL &#8211; Projecte ling\u00fc\u00edstic<\/span><\/p>\n\n\n\n<p><a href=\"https:\/\/drive.google.com\/file\/d\/12t3w75o02e-JvQB6Tt8_IeL1ohU9KZ2q\/view?usp=sharing\" target=\"_blank\" rel=\"noopener\">Document<\/a><\/p>\n<\/div>\n\n\n\n<div class=\"wp-block-column is-layout-flow wp-block-column-is-layout-flow\">\n<p>Pla d&#8217;organitzaci\u00f3 del centre educatiu.<\/p>\n\n\n\n<p><a href=\"https:\/\/drive.google.com\/file\/d\/12ugqBtk1Rz4I9NDPucsbKMtbiRSut9Wu\/view?usp=sharing\" target=\"_blank\" rel=\"noopener\"><span style=\"color: #008080;\">Document<\/span><\/a><\/p>\n<\/div>\n\n\n\n<div class=\"wp-block-column is-layout-flow wp-block-column-is-layout-flow\">\n<p>NOFC &#8211; Les Palmeres<\/p>\n\n\n\n<p><span style=\"color: #008080;\"><a style=\"color: #008080;\" href=\"https:\/\/drive.google.com\/file\/d\/191M2Amjl3IToYiQGsqr4zBkMuclchEjj\/view?usp=sharing\">Document<\/a><\/span><\/p>\n<\/div>\n<\/div>\n\n\n\n<div class=\"wp-block-columns is-layout-flex wp-container-core-columns-is-layout-2 wp-block-columns-is-layout-flex\">\n<div class=\"wp-block-column is-layout-flow wp-block-column-is-layout-flow\">\n<p>Informe de modificaci\u00f3 del pressupost curs 2020-2021<\/p>\n\n\n\n<p><span style=\"color: #008080;\"><a style=\"color: #008080;\" href=\"https:\/\/drive.google.com\/file\/d\/1tOzXTs14ECXn-4jOZp9kkBUF2gRrv9Uh\/view?usp=sharing\" target=\"_blank\" rel=\"noopener noreferrer\">Document\u00a0<\/a><\/span><\/p>\n<\/div>\n\n\n\n<div class=\"wp-block-column is-layout-flow wp-block-column-is-layout-flow\">\n<p>Pressupost 2022<\/p>\n\n\n\n<p><a href=\"https:\/\/drive.google.com\/file\/d\/19IDeJLkvXFX0QXB1zoQYkmjG_7LJwT0p\/view?usp=sharing\" target=\"_blank\" rel=\"noopener noreferrer\"><span style=\"color: #008080;\">Document<\/span><\/a><\/p>\n<\/div>\n\n\n\n<div class=\"wp-block-column is-layout-flow wp-block-column-is-layout-flow\">\n<p>Liquidaci\u00f3 2021<\/p>\n\n\n\n<p><a style=\"color: #2795b6;\" href=\"https:\/\/drive.google.com\/file\/d\/1Y3ckxIMsdgxCYP_jUlm7JWlJOhnis7En\/view?usp=sharing\" target=\"_blank\" rel=\"noopener noreferrer\">Document<\/a><\/p>\n<\/div>\n<\/div>\n\n\n\n<div>&nbsp;<\/div>\n\n\n\n<div class=\"wp-block-columns is-layout-flex wp-container-core-columns-is-layout-3 wp-block-columns-is-layout-flex\">\n<div class=\"wp-block-column is-layout-flow wp-block-column-is-layout-flow\">\n<p>Resum de l&#8217;estrat\u00e8gia digital de centre<\/p>\n\n\n\n<p><a href=\"https:\/\/drive.google.com\/file\/d\/16PcErZ6gxshsoxtUjGlRpWa6Nqethz1o\/view?usp=drive_link\" target=\"_blank\" rel=\"noopener\">Document<\/a><\/p>\n<\/div>\n\n\n\n<div class=\"wp-block-column is-layout-flow wp-block-column-is-layout-flow\">\n<p>Potencialitat com a escola amb dues l\u00ednies<\/p>\n\n\n\n<p><a href=\"https:\/\/drive.google.com\/file\/d\/1ouYcET2n5HpyxaTqMTaMj-9YMDZJ5rcb\/view?usp=drive_link\" target=\"_blank\" rel=\"noopener\">Document<\/a><\/p>\n<\/div>\n\n\n\n<div class=\"wp-block-column is-layout-flow wp-block-column-is-layout-flow\"><\/div>\n<\/div>\n\n\n\n<div>\u00a0<\/div>\n\n\n\n<div class=\"addtoany_share_save_container addtoany_content_bottom\">\n<div class=\"a2a_kit a2a_kit_size_25 addtoany_list\" data-a2a-url=\"https:\/\/agora.xtec.cat\/ceip-serramarina-sta-coloma\/documents-de-gestio-del-centre\/\" data-a2a-title=\"Documents de Gesti\u00f3 del centre\">\u00a0<\/div>\n<\/div>\n\n\n\n<h2 class=\"wp-block-heading\">Dades de l&#8217;equip directiu <\/h2>\n\n\n\n<div class=\"wp-block-columns is-layout-flex wp-container-core-columns-is-layout-4 wp-block-columns-is-layout-flex\">\n<div class=\"wp-block-column is-layout-flow wp-block-column-is-layout-flow\">\n<figure class=\"wp-block-image size-full\"><a href=\"https:\/\/agora.xtec.cat\/ceip-lespalmeres\/wp-content\/uploads\/usu1432\/2020\/03\/Captura-de-pantalla-2020-03-09-a-las-9.42.48.png\"><img loading=\"lazy\" decoding=\"async\" width=\"400\" height=\"104\" src=\"https:\/\/agora.xtec.cat\/ceip-lespalmeres\/wp-content\/uploads\/usu1432\/2026\/02\/Captura-de-pantalla-2026-02-13-170337.png\" alt=\"\" class=\"wp-image-8679\" srcset=\"https:\/\/agora.xtec.cat\/ceip-lespalmeres\/wp-content\/uploads\/usu1432\/2026\/02\/Captura-de-pantalla-2026-02-13-170337.png 400w, https:\/\/agora.xtec.cat\/ceip-lespalmeres\/wp-content\/uploads\/usu1432\/2026\/02\/Captura-de-pantalla-2026-02-13-170337-300x78.png 300w\" sizes=\"auto, (max-width: 400px) 100vw, 400px\" \/><\/a><\/figure>\n<\/div>\n\n\n\n<div class=\"wp-block-column is-layout-flow wp-block-column-is-layout-flow\">\n<figure class=\"wp-block-image size-full\"><a href=\"https:\/\/agora.xtec.cat\/ceip-lespalmeres\/wp-content\/uploads\/usu1432\/2026\/02\/Captura-de-pantalla-2026-02-13-170422.png\"><img loading=\"lazy\" decoding=\"async\" width=\"371\" height=\"133\" src=\"https:\/\/agora.xtec.cat\/ceip-lespalmeres\/wp-content\/uploads\/usu1432\/2026\/02\/Captura-de-pantalla-2026-02-13-170422.png\" alt=\"\" class=\"wp-image-8680\" srcset=\"https:\/\/agora.xtec.cat\/ceip-lespalmeres\/wp-content\/uploads\/usu1432\/2026\/02\/Captura-de-pantalla-2026-02-13-170422.png 371w, https:\/\/agora.xtec.cat\/ceip-lespalmeres\/wp-content\/uploads\/usu1432\/2026\/02\/Captura-de-pantalla-2026-02-13-170422-300x108.png 300w\" sizes=\"auto, (max-width: 371px) 100vw, 371px\" \/><\/a><\/figure>\n<\/div>\n\n\n\n<div class=\"wp-block-column is-layout-flow wp-block-column-is-layout-flow\">\n<figure class=\"wp-block-image size-full\"><a href=\"https:\/\/drive.google.com\/file\/d\/1xCCeOJT74yRnrSSFi8gZ1lVsXXxQqVN1\/view\"><img loading=\"lazy\" decoding=\"async\" width=\"446\" height=\"130\" src=\"https:\/\/agora.xtec.cat\/ceip-lespalmeres\/wp-content\/uploads\/usu1432\/2026\/02\/Captura-de-pantalla-2026-02-13-170456.png\" alt=\"\" class=\"wp-image-8681\" srcset=\"https:\/\/agora.xtec.cat\/ceip-lespalmeres\/wp-content\/uploads\/usu1432\/2026\/02\/Captura-de-pantalla-2026-02-13-170456.png 446w, https:\/\/agora.xtec.cat\/ceip-lespalmeres\/wp-content\/uploads\/usu1432\/2026\/02\/Captura-de-pantalla-2026-02-13-170456-300x87.png 300w\" sizes=\"auto, (max-width: 446px) 100vw, 446px\" \/><\/a><\/figure>\n<\/div>\n<\/div>\n\n\n\n<p><\/p>\n","protected":false},"excerpt":{"rendered":"<p>En aquesta secci\u00f3 trobareu un recull de documents de la gesti\u00f3 del centre que us poden ser d\u2019utilitat per con\u00e8ixer l\u2019escola, con\u00e8ixer el nostre projecte i quins s\u00f3n els nostres objectius pel curs actual i els propers cursos. PEC &#8211; Projecte educatiu de centre (Trets d&#8217;identitat)Document Carta de Comprom\u00eds educatiu Document PEL &#8211; Projecte ling\u00fc\u00edstic [&hellip;]<\/p>\n","protected":false},"author":1,"featured_media":0,"parent":0,"menu_order":0,"comment_status":"closed","ping_status":"closed","template":"","meta":{"_bbp_topic_count":0,"_bbp_reply_count":0,"_bbp_total_topic_count":0,"_bbp_total_reply_count":0,"_bbp_voice_count":0,"_bbp_anonymous_reply_count":0,"_bbp_topic_count_hidden":0,"_bbp_reply_count_hidden":0,"_bbp_forum_subforum_count":0,"site-sidebar-layout":"default","site-content-layout":"","ast-site-content-layout":"default","site-content-style":"default","site-sidebar-style":"default","ast-global-header-display":"","ast-banner-title-visibility":"","ast-main-header-display":"","ast-hfb-above-header-display":"","ast-hfb-below-header-display":"","ast-hfb-mobile-header-display":"","site-post-title":"","ast-breadcrumbs-content":"","ast-featured-img":"","footer-sml-layout":"","theme-transparent-header-meta":"default","adv-header-id-meta":"","stick-header-meta":"","header-above-stick-meta":"","header-main-stick-meta":"","header-below-stick-meta":"","astra-migrate-meta-layouts":"set","ast-page-background-enabled":"default","ast-page-background-meta":{"desktop":{"background-color":"var(--ast-global-color-4)","background-image":"","background-repeat":"repeat","background-position":"center center","background-size":"auto","background-attachment":"scroll","background-type":"","background-media":"","overlay-type":"","overlay-color":"","overlay-opacity":"","overlay-gradient":""},"tablet":{"background-color":"","background-image":"","background-repeat":"repeat","background-position":"center center","background-size":"auto","background-attachment":"scroll","background-type":"","background-media":"","overlay-type":"","overlay-color":"","overlay-opacity":"","overlay-gradient":""},"mobile":{"background-color":"","background-image":"","background-repeat":"repeat","background-position":"center center","background-size":"auto","background-attachment":"scroll","background-type":"","background-media":"","overlay-type":"","overlay-color":"","overlay-opacity":"","overlay-gradient":""}},"ast-content-background-meta":{"desktop":{"background-color":"var(--ast-global-color-5)","background-image":"","background-repeat":"repeat","background-position":"center center","background-size":"auto","background-attachment":"scroll","background-type":"","background-media":"","overlay-type":"","overlay-color":"","overlay-opacity":"","overlay-gradient":""},"tablet":{"background-color":"var(--ast-global-color-5)","background-image":"","background-repeat":"repeat","background-position":"center center","background-size":"auto","background-attachment":"scroll","background-type":"","background-media":"","overlay-type":"","overlay-color":"","overlay-opacity":"","overlay-gradient":""},"mobile":{"background-color":"var(--ast-global-color-5)","background-image":"","background-repeat":"repeat","background-position":"center center","background-size":"auto","background-attachment":"scroll","background-type":"","background-media":"","overlay-type":"","overlay-color":"","overlay-opacity":"","overlay-gradient":""}},"footnotes":""},"class_list":["post-4519","page","type-page","status-publish","hentry"],"post_mailing_queue_ids":[],"_links":{"self":[{"href":"https:\/\/agora.xtec.cat\/ceip-lespalmeres\/wp-json\/wp\/v2\/pages\/4519","targetHints":{"allow":["GET"]}}],"collection":[{"href":"https:\/\/agora.xtec.cat\/ceip-lespalmeres\/wp-json\/wp\/v2\/pages"}],"about":[{"href":"https:\/\/agora.xtec.cat\/ceip-lespalmeres\/wp-json\/wp\/v2\/types\/page"}],"author":[{"embeddable":true,"href":"https:\/\/agora.xtec.cat\/ceip-lespalmeres\/wp-json\/wp\/v2\/users\/1"}],"replies":[{"embeddable":true,"href":"https:\/\/agora.xtec.cat\/ceip-lespalmeres\/wp-json\/wp\/v2\/comments?post=4519"}],"version-history":[{"count":6,"href":"https:\/\/agora.xtec.cat\/ceip-lespalmeres\/wp-json\/wp\/v2\/pages\/4519\/revisions"}],"predecessor-version":[{"id":8684,"href":"https:\/\/agora.xtec.cat\/ceip-lespalmeres\/wp-json\/wp\/v2\/pages\/4519\/revisions\/8684"}],"wp:attachment":[{"href":"https:\/\/agora.xtec.cat\/ceip-lespalmeres\/wp-json\/wp\/v2\/media?parent=4519"}],"curies":[{"name":"wp","href":"https:\/\/api.w.org\/{rel}","templated":true}]}}