{"id":4298,"date":"2019-08-30T19:15:20","date_gmt":"2019-08-30T17:15:20","guid":{"rendered":"http:\/\/agora.xtec.cat\/ceip-lespalmeres\/?page_id=4298"},"modified":"2022-02-01T17:03:58","modified_gmt":"2022-02-01T16:03:58","slug":"ambients","status":"publish","type":"page","link":"https:\/\/agora.xtec.cat\/ceip-lespalmeres\/projecte-educatiu\/ambients\/","title":{"rendered":"Ambients"},"content":{"rendered":"<p><span style=\"font-weight: 400;\">Aquesta proposta metodol\u00f2gica neix de la inquietud docent, de ja fa uns anys, de buscar maneres de fer que poguessin recollir al m\u00e0xim les necessitats de cada un dels nostres infants.\u00a0<\/span><\/p>\n<p><span style=\"font-weight: 400;\">Cerc\u00e0vem\u00a0 contextos on:<\/span><span style=\"font-weight: 400;\">\u00a0<\/span><\/p>\n<ul>\n<li style=\"font-weight: 400;\"><span style=\"font-weight: 400;\">Els nens i les nenes fossin <\/span><b>m\u00e9s protagonistes <\/b><span style=\"font-weight: 400;\">i,<\/span> <span style=\"font-weight: 400;\">per tant, m\u00e9s part\u00edcips en la construcci\u00f3 del seu aprenentatge.\u00a0<\/span><\/li>\n<li style=\"font-weight: 400;\"><span style=\"font-weight: 400;\">La pres\u00e8ncia del <\/span><b>joc<\/b><span style=\"font-weight: 400;\">, com a mitj\u00e0 natural de l\u2019acci\u00f3 de l\u2019infant, fos el mitj\u00e0 que provoqu\u00e9s i gener\u00e9s el desig d\u2019aprendre.<\/span><\/li>\n<\/ul>\n<p><span style=\"font-weight: 400;\">Essencialment vol\u00edem fer <\/span><b>canvis<\/b><span style=\"font-weight: 400;\"> a la nostra pr\u00e0ctica que ens ajudessin a aconseguir un major ajust entre la nostra manera d\u2019entendre l\u2019educaci\u00f3 i la nostra manera de fer. Aix\u00ed mateix, com a eix principal, aquests canvis ens han de permetre avan\u00e7ar cap al respecte i cap a l\u2019acompanyament en el desenvolupament global de tots i cadascun dels infants.<\/span><\/p>\n<p><span style=\"font-weight: 400;\">La finalitat \u00faltima dels ambients \u00e9s generar contextos de benestar i aprenentatge tenint com a dispositius principals l\u2019espai i el material. Ambd\u00f3s dispositius han de permetre cobrir la necessitat de <\/span><b>comunicaci\u00f3 i relaci\u00f3<\/b><span style=\"font-weight: 400;\"> amb els altres i tamb\u00e9 <\/span><b>la curiositat<\/b><span style=\"font-weight: 400;\"> dels nens i les nenes per entendre el m\u00f3n que els envolta.\u00a0<\/span><\/p>\n<p><span style=\"font-weight: 400;\">En aquests contextos, l\u2019infant \u00e9s el protagonista i\u00a0 les propostes que s\u2019hi plantegen han de provocar <\/span><b>reptes<\/b><span style=\"font-weight: 400;\"> que l\u2019acompanyin en la construcci\u00f3, creaci\u00f3 i elaboraci\u00f3 de la seva identitat ( acci\u00f3, emocions i pensament) Per tant, s\u00f3n propostes diversificades que atrauen l\u2019inter\u00e8s i proporcionen experi\u00e8ncies interessants i valuoses per tots els infants.<\/span><\/p>\n<p><b>La durada<\/b><span style=\"font-weight: 400;\"> est\u00e0 pensada perqu\u00e8 sigui suficient per poder fer un recorregut amb la llibertat de decidir i provar diferents solucions i viure un projecte. Tamb\u00e9 ha de possibilitar que cada infant experimenti amb la capacitat de gestionar el seu temps, ja que aix\u00ed facilitem el desenvolupament de l\u2019autonomia i de la responsabilitat.<\/span><\/p>\n<p><span style=\"font-weight: 400;\">L\u2019<\/span><b>espai<\/b><span style=\"font-weight: 400;\"> ha de ser acurat i suficientment acollidor, engrescador i vers\u00e0til per poder donar la possibilitat d\u2019imaginar, descobrir, transformar, experimentar, resoldre problemes o situacions amb creativitat. Dintre de cada ambient ser\u00e0 molt important la cura i claredat de l\u2019espai de treball, podent-se donar aix\u00ed microespais que provoquin diferents aprenentatges.<\/span><\/p>\n<div class=\"row\" style=\"margin-bottom: 1em !important;\">\n<div class=\"small-12 large-4 text-center columns\">\n<p><a href=\"http:\/\/www.globalgoals.org\/1-no-poverty\"><img decoding=\"async\" src=\"https:\/\/img.icons8.com\/color\/120\/000000\/expired.png\" \/><\/a><\/p>\n<h5><a href=\"http:\/\/agora.xtec.cat\/ceip-lespalmeres\/ambient-natura-a-infantil\/\" target=\"_blank\" rel=\"noopener noreferrer\"><span style=\"font-weight: 400;\">AMBIENT NATURA<\/span><\/a><\/h5>\n<p>&nbsp;<\/p>\n<\/div>\n<div class=\"small-12 large-4 text-center columns\">\n<p><a href=\"http:\/\/www.globalgoals.org\/2-zero-hunger\"><img decoding=\"async\" src=\"https:\/\/img.icons8.com\/color\/120\/000000\/leave.png\" \/><\/a><\/p>\n<h5><a href=\"http:\/\/agora.xtec.cat\/ceip-lespalmeres\/ambient-artistic-a-infantil\/\" target=\"_blank\" rel=\"noopener noreferrer\"><span style=\"font-weight: 400;\">AMBIENT ART\u00cdSTIC<\/span><\/a><\/h5>\n<p>&nbsp;<\/p>\n<\/div>\n<div class=\"small-12 large-4 text-center columns\">\n<p><a href=\"http:\/\/www.globalgoals.org\/3-good-health-and-well-being\"><img decoding=\"async\" src=\"https:\/\/img.icons8.com\/color\/120\/000000\/task.png\" \/><\/a><\/p>\n<h5><span style=\"font-weight: 400;\"><a href=\"http:\/\/agora.xtec.cat\/ceip-lespalmeres\/ambient-vida-quotidiana\/\">AMBIENT VIDA QUOTIDIANA<\/a><\/span><\/h5>\n<p>&nbsp;<\/p>\n<\/div>\n<\/div>\n<div class=\"row\" style=\"margin-bottom: 1em !important;\">\n<div class=\"small-12 large-4 text-center columns\">\n<p><a href=\"http:\/\/www.globalgoals.org\/4-quality-education\"><img decoding=\"async\" src=\"https:\/\/img.icons8.com\/color\/120\/000000\/request-service.png\" \/><\/a><\/p>\n<h5><a href=\"http:\/\/agora.xtec.cat\/ceip-lespalmeres\/ambient-exterior\/\"><span style=\"font-weight: 400;\">AMBIENT EXTERIOR<\/span><\/a><\/h5>\n<p>&nbsp;<\/p>\n<\/div>\n<div class=\"small-12 large-4 text-center columns\">\n<p><a href=\"http:\/\/www.globalgoals.org\/5-gender-equality\"><img decoding=\"async\" src=\"https:\/\/img.icons8.com\/color\/120\/000000\/communication.png\" \/><\/a><\/p>\n<h5><span style=\"font-weight: 400;\"><a href=\"http:\/\/agora.xtec.cat\/ceip-lespalmeres\/ambient-dhistories\/\">AMBIENT HIST\u00d2RIES<\/a><\/span><\/h5>\n<p>&nbsp;<\/p>\n<\/div>\n<div class=\"small-12 large-4 text-center columns\">\n<p><a href=\"http:\/\/www.globalgoals.org\/6-clean-water-and-sanitation\"><img decoding=\"async\" src=\"https:\/\/img.icons8.com\/color\/120\/000000\/documents.png\" \/><\/a><\/p>\n<h5><a href=\"http:\/\/agora.xtec.cat\/ceip-lespalmeres\/ambient-de-llum-i-color\/\"><span style=\"font-weight: 400;\">AMBIENT LLUM I COLOR<\/span><\/a><\/h5>\n<p>&nbsp;<\/p>\n<\/div>\n<\/div>\n<div class=\"row\" style=\"margin-bottom: 1em !important;\">\n<div class=\"small-12 large-4 text-center columns\">\n<p><img loading=\"lazy\" decoding=\"async\" class=\"aligncenter  wp-image-7293\" src=\"https:\/\/agora.xtec.cat\/ceip-lespalmeres\/wp-content\/uploads\/usu1432\/2022\/02\/20210219_112411-min-scaled.jpg\" alt=\"\" width=\"163\" height=\"122\" srcset=\"https:\/\/agora.xtec.cat\/ceip-lespalmeres\/wp-content\/uploads\/usu1432\/2022\/02\/20210219_112411-min-scaled.jpg 2560w, https:\/\/agora.xtec.cat\/ceip-lespalmeres\/wp-content\/uploads\/usu1432\/2022\/02\/20210219_112411-min-300x225.jpg 300w, https:\/\/agora.xtec.cat\/ceip-lespalmeres\/wp-content\/uploads\/usu1432\/2022\/02\/20210219_112411-min-1024x768.jpg 1024w, https:\/\/agora.xtec.cat\/ceip-lespalmeres\/wp-content\/uploads\/usu1432\/2022\/02\/20210219_112411-min-768x576.jpg 768w, https:\/\/agora.xtec.cat\/ceip-lespalmeres\/wp-content\/uploads\/usu1432\/2022\/02\/20210219_112411-min-1536x1152.jpg 1536w, https:\/\/agora.xtec.cat\/ceip-lespalmeres\/wp-content\/uploads\/usu1432\/2022\/02\/20210219_112411-min-2048x1536.jpg 2048w, https:\/\/agora.xtec.cat\/ceip-lespalmeres\/wp-content\/uploads\/usu1432\/2022\/02\/20210219_112411-min-200x150.jpg 200w\" sizes=\"auto, (max-width: 163px) 100vw, 163px\" \/><\/p>\n<h5><a href=\"http:\/\/agora.xtec.cat\/ceip-lespalmeres\/ambient-de-musica\/\"><span style=\"font-weight: 400;\">AMBIENT MUSICAL<\/span><\/a><\/h5>\n<p>&nbsp;<\/p>\n<\/div>\n<div class=\"small-12 large-4 text-center columns\">\n<p><img loading=\"lazy\" decoding=\"async\" class=\"aligncenter  wp-image-7294\" src=\"https:\/\/agora.xtec.cat\/ceip-lespalmeres\/wp-content\/uploads\/usu1432\/2022\/02\/20210113_112235-min-scaled.jpg\" alt=\"\" width=\"94\" height=\"125\" srcset=\"https:\/\/agora.xtec.cat\/ceip-lespalmeres\/wp-content\/uploads\/usu1432\/2022\/02\/20210113_112235-min-scaled.jpg 1920w, https:\/\/agora.xtec.cat\/ceip-lespalmeres\/wp-content\/uploads\/usu1432\/2022\/02\/20210113_112235-min-225x300.jpg 225w, https:\/\/agora.xtec.cat\/ceip-lespalmeres\/wp-content\/uploads\/usu1432\/2022\/02\/20210113_112235-min-768x1024.jpg 768w, https:\/\/agora.xtec.cat\/ceip-lespalmeres\/wp-content\/uploads\/usu1432\/2022\/02\/20210113_112235-min-1152x1536.jpg 1152w, https:\/\/agora.xtec.cat\/ceip-lespalmeres\/wp-content\/uploads\/usu1432\/2022\/02\/20210113_112235-min-1536x2048.jpg 1536w\" sizes=\"auto, (max-width: 94px) 100vw, 94px\" \/><\/p>\n<h5><span style=\"font-weight: 400;\"><a href=\"http:\/\/agora.xtec.cat\/ceip-lespalmeres\/ambient-de-construccions\/\">AMBIENT CONSTRUCCIONS<\/a><\/span><\/h5>\n<\/div>\n<div class=\"small-12 large-4 text-center columns\">\n<p><a href=\"http:\/\/www.globalgoals.org\/9-industry-innovation-and-infrastructure\"><img decoding=\"async\" src=\"https:\/\/img.icons8.com\/color\/120\/000000\/high-priority.png\" \/><\/a><\/p>\n<h5><span style=\"font-weight: 400;\">AMBIENT CIENT\u00cdFIC<\/span><\/h5>\n<\/div>\n<\/div>\n","protected":false},"excerpt":{"rendered":"<p>Aquesta proposta metodol\u00f2gica neix de la inquietud docent, de ja fa uns anys, de buscar maneres de fer que poguessin recollir al m\u00e0xim les necessitats de cada un dels nostres infants.\u00a0 Cerc\u00e0vem\u00a0 contextos on:\u00a0 Els nens i les nenes fossin m\u00e9s protagonistes i, per tant, m\u00e9s part\u00edcips en la construcci\u00f3 del seu aprenentatge.\u00a0 La pres\u00e8ncia [&hellip;]<\/p>\n","protected":false},"author":1,"featured_media":0,"parent":64,"menu_order":0,"comment_status":"closed","ping_status":"closed","template":"","meta":{"_bbp_topic_count":0,"_bbp_reply_count":0,"_bbp_total_topic_count":0,"_bbp_total_reply_count":0,"_bbp_voice_count":0,"_bbp_anonymous_reply_count":0,"_bbp_topic_count_hidden":0,"_bbp_reply_count_hidden":0,"_bbp_forum_subforum_count":0,"site-sidebar-layout":"default","site-content-layout":"","ast-site-content-layout":"","site-content-style":"default","site-sidebar-style":"default","ast-global-header-display":"","ast-banner-title-visibility":"","ast-main-header-display":"","ast-hfb-above-header-display":"","ast-hfb-below-header-display":"","ast-hfb-mobile-header-display":"","site-post-title":"","ast-breadcrumbs-content":"","ast-featured-img":"","footer-sml-layout":"","theme-transparent-header-meta":"","adv-header-id-meta":"","stick-header-meta":"","header-above-stick-meta":"","header-main-stick-meta":"","header-below-stick-meta":"","astra-migrate-meta-layouts":"default","ast-page-background-enabled":"default","ast-page-background-meta":{"desktop":{"background-color":"var(--ast-global-color-4)","background-image":"","background-repeat":"repeat","background-position":"center center","background-size":"auto","background-attachment":"scroll","background-type":"","background-media":"","overlay-type":"","overlay-color":"","overlay-opacity":"","overlay-gradient":""},"tablet":{"background-color":"","background-image":"","background-repeat":"repeat","background-position":"center center","background-size":"auto","background-attachment":"scroll","background-type":"","background-media":"","overlay-type":"","overlay-color":"","overlay-opacity":"","overlay-gradient":""},"mobile":{"background-color":"","background-image":"","background-repeat":"repeat","background-position":"center center","background-size":"auto","background-attachment":"scroll","background-type":"","background-media":"","overlay-type":"","overlay-color":"","overlay-opacity":"","overlay-gradient":""}},"ast-content-background-meta":{"desktop":{"background-color":"var(--ast-global-color-5)","background-image":"","background-repeat":"repeat","background-position":"center center","background-size":"auto","background-attachment":"scroll","background-type":"","background-media":"","overlay-type":"","overlay-color":"","overlay-opacity":"","overlay-gradient":""},"tablet":{"background-color":"var(--ast-global-color-5)","background-image":"","background-repeat":"repeat","background-position":"center center","background-size":"auto","background-attachment":"scroll","background-type":"","background-media":"","overlay-type":"","overlay-color":"","overlay-opacity":"","overlay-gradient":""},"mobile":{"background-color":"var(--ast-global-color-5)","background-image":"","background-repeat":"repeat","background-position":"center center","background-size":"auto","background-attachment":"scroll","background-type":"","background-media":"","overlay-type":"","overlay-color":"","overlay-opacity":"","overlay-gradient":""}},"footnotes":""},"class_list":["post-4298","page","type-page","status-publish","hentry"],"post_mailing_queue_ids":[],"_links":{"self":[{"href":"https:\/\/agora.xtec.cat\/ceip-lespalmeres\/wp-json\/wp\/v2\/pages\/4298","targetHints":{"allow":["GET"]}}],"collection":[{"href":"https:\/\/agora.xtec.cat\/ceip-lespalmeres\/wp-json\/wp\/v2\/pages"}],"about":[{"href":"https:\/\/agora.xtec.cat\/ceip-lespalmeres\/wp-json\/wp\/v2\/types\/page"}],"author":[{"embeddable":true,"href":"https:\/\/agora.xtec.cat\/ceip-lespalmeres\/wp-json\/wp\/v2\/users\/1"}],"replies":[{"embeddable":true,"href":"https:\/\/agora.xtec.cat\/ceip-lespalmeres\/wp-json\/wp\/v2\/comments?post=4298"}],"version-history":[{"count":3,"href":"https:\/\/agora.xtec.cat\/ceip-lespalmeres\/wp-json\/wp\/v2\/pages\/4298\/revisions"}],"predecessor-version":[{"id":7295,"href":"https:\/\/agora.xtec.cat\/ceip-lespalmeres\/wp-json\/wp\/v2\/pages\/4298\/revisions\/7295"}],"up":[{"embeddable":true,"href":"https:\/\/agora.xtec.cat\/ceip-lespalmeres\/wp-json\/wp\/v2\/pages\/64"}],"wp:attachment":[{"href":"https:\/\/agora.xtec.cat\/ceip-lespalmeres\/wp-json\/wp\/v2\/media?parent=4298"}],"curies":[{"name":"wp","href":"https:\/\/api.w.org\/{rel}","templated":true}]}}