{"id":2647,"date":"2017-10-30T13:20:40","date_gmt":"2017-10-30T12:20:40","guid":{"rendered":"http:\/\/agora.xtec.cat\/ceip-lespalmeres\/?page_id=2647"},"modified":"2022-02-02T15:35:57","modified_gmt":"2022-02-02T14:35:57","slug":"psicomotricitat","status":"publish","type":"page","link":"https:\/\/agora.xtec.cat\/ceip-lespalmeres\/projecte-educatiu\/psicomotricitat\/","title":{"rendered":"Psicomotricitat"},"content":{"rendered":"<p><b>QU\u00c8 ENS PLANTEGEM ?<\/b><\/p>\n<p><span style=\"font-weight: 400;\">Acompanyar als infants en el seu proc\u00e9s de<\/span><b><i> maduraci\u00f3 psicol\u00f2gica,<\/i><\/b><span style=\"font-weight: 400;\"> mitjan\u00e7ant <\/span><b><i>el moviment i l\u2019acci\u00f3<\/i><\/b><b><i>.<\/i><\/b><\/p>\n<p><span style=\"font-weight: 400;\">Entenent el moviment com :\u00a0<\/span><\/p>\n<div class=\"row\" style=\"margin-bottom: 1em !important;\">\n<div class=\"small-12 large-4 text-center columns\">\n<p><img loading=\"lazy\" decoding=\"async\" class=\"aligncenter  wp-image-7340\" src=\"https:\/\/agora.xtec.cat\/ceip-lespalmeres\/wp-content\/uploads\/usu1432\/2022\/02\/SALA2-min-scaled.jpg\" alt=\"\" width=\"230\" height=\"172\" srcset=\"https:\/\/agora.xtec.cat\/ceip-lespalmeres\/wp-content\/uploads\/usu1432\/2022\/02\/SALA2-min-scaled.jpg 2560w, https:\/\/agora.xtec.cat\/ceip-lespalmeres\/wp-content\/uploads\/usu1432\/2022\/02\/SALA2-min-300x225.jpg 300w, https:\/\/agora.xtec.cat\/ceip-lespalmeres\/wp-content\/uploads\/usu1432\/2022\/02\/SALA2-min-1024x768.jpg 1024w, https:\/\/agora.xtec.cat\/ceip-lespalmeres\/wp-content\/uploads\/usu1432\/2022\/02\/SALA2-min-768x576.jpg 768w, https:\/\/agora.xtec.cat\/ceip-lespalmeres\/wp-content\/uploads\/usu1432\/2022\/02\/SALA2-min-1536x1152.jpg 1536w, https:\/\/agora.xtec.cat\/ceip-lespalmeres\/wp-content\/uploads\/usu1432\/2022\/02\/SALA2-min-2048x1536.jpg 2048w, https:\/\/agora.xtec.cat\/ceip-lespalmeres\/wp-content\/uploads\/usu1432\/2022\/02\/SALA2-min-200x150.jpg 200w\" sizes=\"auto, (max-width: 230px) 100vw, 230px\" \/><\/p>\n<p><span style=\"font-weight: 400;\">un dinamitzador del seu <\/span><b><i>cos\u00a0\u00a0<\/i><\/b><\/p>\n<\/div>\n<div class=\"small-12 large-4 text-center columns\">\n<p><img loading=\"lazy\" decoding=\"async\" class=\"wp-image-6677 alignnone\" src=\"https:\/\/agora.xtec.cat\/ceip-lespalmeres\/wp-content\/uploads\/usu1432\/2021\/02\/IMG-20201029-WA0109-300x169.jpg\" alt=\"\" width=\"327\" height=\"184\" srcset=\"https:\/\/agora.xtec.cat\/ceip-lespalmeres\/wp-content\/uploads\/usu1432\/2021\/02\/IMG-20201029-WA0109-300x169.jpg 300w, https:\/\/agora.xtec.cat\/ceip-lespalmeres\/wp-content\/uploads\/usu1432\/2021\/02\/IMG-20201029-WA0109-768x432.jpg 768w, https:\/\/agora.xtec.cat\/ceip-lespalmeres\/wp-content\/uploads\/usu1432\/2021\/02\/IMG-20201029-WA0109-1024x576.jpg 1024w, https:\/\/agora.xtec.cat\/ceip-lespalmeres\/wp-content\/uploads\/usu1432\/2021\/02\/IMG-20201029-WA0109.jpg 1920w\" sizes=\"auto, (max-width: 327px) 100vw, 327px\" \/><\/p>\n<p><span style=\"font-weight: 400;\">un dinamitzador del seu <\/span><b><i>pensament.<\/i><\/b><\/p>\n<\/div>\n<div class=\"small-12 large-4 text-center columns\">\n<p><img loading=\"lazy\" decoding=\"async\" class=\"wp-image-6676  alignleft\" src=\"https:\/\/agora.xtec.cat\/ceip-lespalmeres\/wp-content\/uploads\/usu1432\/2021\/02\/IMG-20201029-WA0007-e1612379121909-300x149.jpg\" alt=\"\" width=\"316\" height=\"157\" srcset=\"https:\/\/agora.xtec.cat\/ceip-lespalmeres\/wp-content\/uploads\/usu1432\/2021\/02\/IMG-20201029-WA0007-e1612379121909-300x149.jpg 300w, https:\/\/agora.xtec.cat\/ceip-lespalmeres\/wp-content\/uploads\/usu1432\/2021\/02\/IMG-20201029-WA0007-e1612379121909-768x382.jpg 768w, https:\/\/agora.xtec.cat\/ceip-lespalmeres\/wp-content\/uploads\/usu1432\/2021\/02\/IMG-20201029-WA0007-e1612379121909-1024x509.jpg 1024w, https:\/\/agora.xtec.cat\/ceip-lespalmeres\/wp-content\/uploads\/usu1432\/2021\/02\/IMG-20201029-WA0007-e1612379121909.jpg 2000w\" sizes=\"auto, (max-width: 316px) 100vw, 316px\" \/><\/p>\n<p><span style=\"font-weight: 400;\">un dinamitzador de les seves <\/span><b><i>emocions<\/i><\/b><b style=\"font-family: inherit; font-size: 1em;\"><i>\u00a0<\/i><\/b><\/p>\n<\/div>\n<\/div>\n<p><b>A LA SALA ENS FIXAREM EN:<\/b><\/p>\n<ul>\n<li style=\"font-weight: 400;\"><b><i>La possibilitat de fer <\/i><\/b><span style=\"font-weight: 400;\">dels nens, que t\u00e9 a veure amb la seva <\/span><b>maduraci\u00f3 motriu i neurol\u00f2gica.<\/b><\/li>\n<li style=\"font-weight: 400;\"><b><i>El desig i el voler fer <\/i><\/b><span style=\"font-weight: 400;\">de cada nen, de relacionar-se, moure\u2019s, tirar endavant projectes,&#8230; I tot aix\u00f2, est\u00e0 relacionat amb <\/span><b>la maduraci\u00f3 emocional<\/b><span style=\"font-weight: 400;\">.<\/span><\/li>\n<li style=\"font-weight: 400;\"><b><i>La capacitat de saber fer<\/i><\/b><b>, <\/b><span style=\"font-weight: 400;\">\u00e9s a dir, percebre i organitzar les accions per tirar endavant all\u00f2 que cada un desitja. Aquesta capacitat t\u00e9 a veure amb la <\/span><b>maduraci\u00f3 cognitiva<\/b><span style=\"font-weight: 400;\">.<\/span><\/li>\n<\/ul>\n<p><span style=\"font-weight: 400;\">\u00a0<\/span><b>PER QU\u00c8 TOT AIX\u00d2 SIGUI POSSIBLE:\u00a0<\/b><\/p>\n<div class=\"row\" style=\"margin-bottom: 1em !important;\">\n<div class=\"small-12 large-4 text-center columns\">\n<p><img loading=\"lazy\" decoding=\"async\" class=\"aligncenter size-medium wp-image-6675\" src=\"https:\/\/agora.xtec.cat\/ceip-lespalmeres\/wp-content\/uploads\/usu1432\/2021\/02\/IMG-20201021-WA0005-225x300.jpg\" alt=\"\" width=\"225\" height=\"300\" srcset=\"https:\/\/agora.xtec.cat\/ceip-lespalmeres\/wp-content\/uploads\/usu1432\/2021\/02\/IMG-20201021-WA0005-225x300.jpg 225w, https:\/\/agora.xtec.cat\/ceip-lespalmeres\/wp-content\/uploads\/usu1432\/2021\/02\/IMG-20201021-WA0005-768x1024.jpg 768w, https:\/\/agora.xtec.cat\/ceip-lespalmeres\/wp-content\/uploads\/usu1432\/2021\/02\/IMG-20201021-WA0005.jpg 1500w\" sizes=\"auto, (max-width: 225px) 100vw, 225px\" \/><\/p>\n<p><span style=\"font-weight: 400;\">Partirem de <\/span><b>l\u2019acci\u00f3 i el moviment <\/b><span style=\"font-weight: 400;\">espontani dels nens i les nenes. L\u2019infant \u00e9s el protagonista de la seva acci\u00f3.<\/span><\/p>\n<\/div>\n<div class=\"small-12 large-4 text-center columns\">\n<p><img loading=\"lazy\" decoding=\"async\" class=\"aligncenter size-medium wp-image-6682\" src=\"https:\/\/agora.xtec.cat\/ceip-lespalmeres\/wp-content\/uploads\/usu1432\/2021\/02\/IMG_20201027_115037-300x225.jpg\" alt=\"\" width=\"300\" height=\"225\" srcset=\"https:\/\/agora.xtec.cat\/ceip-lespalmeres\/wp-content\/uploads\/usu1432\/2021\/02\/IMG_20201027_115037-300x225.jpg 300w, https:\/\/agora.xtec.cat\/ceip-lespalmeres\/wp-content\/uploads\/usu1432\/2021\/02\/IMG_20201027_115037-768x576.jpg 768w, https:\/\/agora.xtec.cat\/ceip-lespalmeres\/wp-content\/uploads\/usu1432\/2021\/02\/IMG_20201027_115037-1024x768.jpg 1024w, https:\/\/agora.xtec.cat\/ceip-lespalmeres\/wp-content\/uploads\/usu1432\/2021\/02\/IMG_20201027_115037-200x150.jpg 200w\" sizes=\"auto, (max-width: 300px) 100vw, 300px\" \/><\/p>\n<p>&nbsp;<\/p>\n<p style=\"margin-bottom: 0.2em;\"><span style=\"font-weight: 400;\">L\u2019adult ha de garantir la <\/span><b>seguretat f\u00edsica i afectiva <\/b><span style=\"font-weight: 400;\">adequada per afavorir el creixement de cada un dels nens i nenes del grup, respectant els diferents nivells maduratius.<\/span><\/p>\n<\/div>\n<div class=\"small-12 large-4 text-center columns\">\n<p><img loading=\"lazy\" decoding=\"async\" class=\"aligncenter size-medium wp-image-6683\" src=\"https:\/\/agora.xtec.cat\/ceip-lespalmeres\/wp-content\/uploads\/usu1432\/2021\/02\/IMG-20201029-WA0085-300x225.jpg\" alt=\"\" width=\"300\" height=\"225\" srcset=\"https:\/\/agora.xtec.cat\/ceip-lespalmeres\/wp-content\/uploads\/usu1432\/2021\/02\/IMG-20201029-WA0085-300x225.jpg 300w, https:\/\/agora.xtec.cat\/ceip-lespalmeres\/wp-content\/uploads\/usu1432\/2021\/02\/IMG-20201029-WA0085-768x576.jpg 768w, https:\/\/agora.xtec.cat\/ceip-lespalmeres\/wp-content\/uploads\/usu1432\/2021\/02\/IMG-20201029-WA0085-1024x768.jpg 1024w, https:\/\/agora.xtec.cat\/ceip-lespalmeres\/wp-content\/uploads\/usu1432\/2021\/02\/IMG-20201029-WA0085-200x150.jpg 200w, https:\/\/agora.xtec.cat\/ceip-lespalmeres\/wp-content\/uploads\/usu1432\/2021\/02\/IMG-20201029-WA0085.jpg 2000w\" sizes=\"auto, (max-width: 300px) 100vw, 300px\" \/><\/p>\n<p>&nbsp;<\/p>\n<p style=\"margin-bottom: 0.2em;\"><span style=\"font-weight: 400;\">Seguirem en totes les sessions un itinerari maduratiu que anir\u00e0 <\/span><b>del plaer d\u2019actuar al plaer de pensar<\/b><span style=\"font-weight: 400;\">.<\/span><span style=\"font-weight: 400;\"> A partir d\u2019un temps, d\u2019un espai i d\u2019un material determinats.<\/span><\/p>\n<\/div>\n<\/div>\n<ul>\n<li><b>MOMENT INCIAL O RITUAL D\u2019ENTRADA<\/b><\/li>\n<\/ul>\n<div class=\"row\" style=\"margin-bottom: 1em !important;\">\n<div class=\"small-12 large-4 text-center columns\">\n<p><img loading=\"lazy\" decoding=\"async\" class=\"aligncenter wp-image-6681\" src=\"https:\/\/agora.xtec.cat\/ceip-lespalmeres\/wp-content\/uploads\/usu1432\/2021\/02\/IMG_20201110_150219-300x225.jpg\" alt=\"\" width=\"232\" height=\"174\" srcset=\"https:\/\/agora.xtec.cat\/ceip-lespalmeres\/wp-content\/uploads\/usu1432\/2021\/02\/IMG_20201110_150219-300x225.jpg 300w, https:\/\/agora.xtec.cat\/ceip-lespalmeres\/wp-content\/uploads\/usu1432\/2021\/02\/IMG_20201110_150219-768x576.jpg 768w, https:\/\/agora.xtec.cat\/ceip-lespalmeres\/wp-content\/uploads\/usu1432\/2021\/02\/IMG_20201110_150219-1024x768.jpg 1024w, https:\/\/agora.xtec.cat\/ceip-lespalmeres\/wp-content\/uploads\/usu1432\/2021\/02\/IMG_20201110_150219-200x150.jpg 200w\" sizes=\"auto, (max-width: 232px) 100vw, 232px\" \/><\/p>\n<p style=\"margin-bottom: 0.2em; text-align: left;\"><span style=\"font-weight: 400;\">Representa un moment d\u2019acollida i de recordatori de les normes.\u00a0<\/span><\/p>\n<\/div>\n<div class=\"small-12 large-4 text-center columns\">\n<p><img decoding=\"async\" src=\"https:\/\/img.icons8.com\/color\/120\/000000\/leave.png\" \/><\/p>\n<p style=\"margin-bottom: 0.2em; text-align: left;\">Es prepara el cos per a l\u2019acci\u00f3 i es crea un clima de participaci\u00f3 en que els infants poden donar forma als seus desitjos.<\/p>\n<\/div>\n<div class=\"small-12 large-4 text-center columns\">\n<p><img decoding=\"async\" class=\"\" src=\"https:\/\/img.icons8.com\/color\/120\/000000\/task.png\" \/><\/p>\n<p style=\"text-align: left;\">Aquest moment acaba amb la destrucci\u00f3 de la torre.<\/p>\n<\/div>\n<\/div>\n<ul>\n<li><b>FASE D\u2019EXPRESSIVITAT SENS\u00d2RIO-MOTRIU<\/b><\/li>\n<\/ul>\n<p><span style=\"font-weight: 400;\">\u00c9s el temps de la sensoriomotricitat i el joc simb\u00f2lic. S\u2019inicia amb la pulsionalitat, va avan\u00e7ant amb l\u2019argumentaci\u00f3 i una part de desenlla\u00e7 on es busca el final de les activitats per a poder passar al seg\u00fcent moment.<\/span><\/p>\n<p><span style=\"font-weight: 400;\">La possibilitat de fer, expressi\u00f3 de la <\/span><b><i>maduraci\u00f3 motriu. <\/i><\/b><span style=\"font-weight: 400;\">\u00c9s el moment de l\u2019exploraci\u00f3 i l\u2019experimentaci\u00f3 amb el cos <\/span><span style=\"font-weight: 400;\">en grup, en parelles o sols.<\/span><\/p>\n<div class=\"row\" style=\"margin-bottom: 1em !important;\">\n<div class=\"small-12 large-4 text-center columns\">\n<p><img decoding=\"async\" src=\"https:\/\/img.icons8.com\/color\/120\/000000\/expired.png\" \/><\/p>\n<p style=\"margin-bottom: 0.2em;\"><span style=\"font-weight: 400;\">La torre<\/span><\/p>\n<p>&nbsp;<\/p>\n<\/div>\n<div class=\"small-12 large-4 text-center columns\">\n<p><img loading=\"lazy\" decoding=\"async\" class=\"alignnone\" src=\"https:\/\/img.icons8.com\/color\/120\/000000\/leave.png\" alt=\"\" width=\"120\" height=\"120\" \/><\/p>\n<p style=\"margin-bottom: 0.2em;\"><span style=\"font-weight: 400;\">\u00a0\u00a0El salt<\/span><\/p>\n<p>&nbsp;<\/p>\n<\/div>\n<div class=\"small-12 large-4 text-center columns\">\n<p><img loading=\"lazy\" decoding=\"async\" class=\"alignnone\" src=\"https:\/\/img.icons8.com\/color\/120\/000000\/task.png\" alt=\"\" width=\"120\" height=\"120\" \/><\/p>\n<p style=\"margin-bottom: 0.2em;\"><span style=\"font-weight: 400;\">El balanceig <\/span><\/p>\n<\/div>\n<\/div>\n<div class=\"row\" style=\"margin-bottom: 1em !important;\">\n<div class=\"small-12 large-4 text-center columns\">\n<p><img decoding=\"async\" src=\"https:\/\/img.icons8.com\/color\/120\/000000\/request-service.png\" \/><\/p>\n<p style=\"margin-bottom: 0.2em;\"><span style=\"font-weight: 400;\">El tobogan<\/span><\/p>\n<\/div>\n<div class=\"small-12 large-4 text-center columns\">\n<p><img loading=\"lazy\" decoding=\"async\" class=\"alignnone\" src=\"https:\/\/img.icons8.com\/color\/120\/000000\/communication.png\" alt=\"\" width=\"120\" height=\"120\" \/><\/p>\n<p style=\"margin-bottom: 0.2em;\"><span style=\"font-weight: 400;\">Grimpar<\/span><\/p>\n<\/div>\n<div class=\"small-12 large-4 text-center columns\">\n<p><img decoding=\"async\" src=\"https:\/\/img.icons8.com\/color\/120\/000000\/documents.png\" \/><\/p>\n<p style=\"margin-bottom: 0.2em;\"><span style=\"font-weight: 400;\">Destruir\u00a0 tot all\u00f2 que ens inventem&#8230;&#8230;<\/span><\/p>\n<\/div>\n<\/div>\n<ul>\n<li style=\"font-weight: 400;\"><b>MOMENT DE NARRACI\u00d3<\/b><\/li>\n<\/ul>\n<p><span style=\"font-weight: 400;\">\u00c9s el moment que facilita el pas de la representaci\u00f3. Aquest moment ajuda a l\u2019infant a descentrar-se i a integrar les emocions en imatges mentals.\u00a0<\/span><\/p>\n<p><span style=\"font-weight: 400;\">L\u2019infant ha pogut passar del plaer d\u2019actuar al plaer de pensar.<\/span><\/p>\n<ul>\n<li style=\"font-weight: 400;\"><b>MOMENT D\u2019EXPRESSIVITAT MOTRIU<\/b><\/li>\n<\/ul>\n<p><span style=\"font-weight: 400;\">\u00c9s el temps de la sensoriomotricitat i el joc simb\u00f2lic. S\u2019inicia amb la pulsionalitat, va avan\u00e7ant amb l\u2019argumentaci\u00f3 i una part de desenlla\u00e7 on es busca el final de les activitats per a poder passar al seg\u00fcent moment.<\/span><\/p>\n<p><span style=\"font-weight: 400;\">En el joc sensoriomotriu trobem: salts, grimpaments, lliscaments, balancejos&#8230; i la construcci\u00f3 d\u2019un projecte personal a m\u00e9s\u00a0 del Joc simb\u00f2lic<\/span><\/p>\n<p><span style=\"font-weight: 400;\">L\u2019acci\u00f3 i el moviment de la primera fase es va transformant i l\u2019espai agafa un altre sentit.<\/span><\/p>\n<p><span style=\"font-weight: 400;\">Apareixen cases, vaixells pirates, caus d\u2019animals, monstres, superherois\u2026<\/span><\/p>\n<p><span style=\"font-weight: 400;\">La possibilitat de projectar els seus interessos emocionals i afectius est\u00e0 en joc i, per tant, l\u2019expressi\u00f3 del seu nivell de <\/span><b><i>maduraci\u00f3 emocional<\/i><\/b><span style=\"font-weight: 400;\">\u00a0<\/span><\/p>\n<ul>\n<li style=\"font-weight: 400;\"><b>MOMENT DE LA REPRESENTACI\u00d3<\/b><\/li>\n<\/ul>\n<p><span style=\"font-weight: 400;\">Mitjan\u00e7ant els materials pl\u00e0stics l\u2019infant experimenta la possibilitat de plasmar l\u2019experi\u00e8ncia viscuda<\/span><\/p>\n<p><span style=\"font-weight: 400;\">El ritme motriu i emocional va baixant d\u2019intensitat i l\u2019adult recorda que el temps de joc s\u2019est\u00e0 acabant.\u00a0<\/span><\/p>\n<p>&nbsp;<\/p>\n<div class=\"row\" style=\"margin-bottom: 1em !important;\">\n<div class=\"small-12 large-4 text-center columns\">\n<p><a href=\"http:\/\/www.globalgoals.org\/1-no-poverty\"><img decoding=\"async\" src=\"https:\/\/img.icons8.com\/color\/120\/000000\/expired.png\" \/><\/a><\/p>\n<h5><span style=\"font-weight: 400;\">Paraula Transici\u00f3<\/span><\/h5>\n<p>&nbsp;<\/p>\n<\/div>\n<div class=\"small-12 large-4 text-center columns\">\n<p><img loading=\"lazy\" decoding=\"async\" class=\"aligncenter size-full wp-image-7341\" src=\"https:\/\/agora.xtec.cat\/ceip-lespalmeres\/wp-content\/uploads\/usu1432\/2022\/02\/SALA9-min-scaled.jpg\" alt=\"\" width=\"1915\" height=\"2560\" srcset=\"https:\/\/agora.xtec.cat\/ceip-lespalmeres\/wp-content\/uploads\/usu1432\/2022\/02\/SALA9-min-scaled.jpg 1915w, https:\/\/agora.xtec.cat\/ceip-lespalmeres\/wp-content\/uploads\/usu1432\/2022\/02\/SALA9-min-224x300.jpg 224w, https:\/\/agora.xtec.cat\/ceip-lespalmeres\/wp-content\/uploads\/usu1432\/2022\/02\/SALA9-min-766x1024.jpg 766w, https:\/\/agora.xtec.cat\/ceip-lespalmeres\/wp-content\/uploads\/usu1432\/2022\/02\/SALA9-min-768x1027.jpg 768w, https:\/\/agora.xtec.cat\/ceip-lespalmeres\/wp-content\/uploads\/usu1432\/2022\/02\/SALA9-min-1149x1536.jpg 1149w, https:\/\/agora.xtec.cat\/ceip-lespalmeres\/wp-content\/uploads\/usu1432\/2022\/02\/SALA9-min-1532x2048.jpg 1532w\" sizes=\"auto, (max-width: 1915px) 100vw, 1915px\" \/><\/p>\n<h5><span style=\"font-weight: 400;\">Dibuix\u00a0<\/span><\/h5>\n<\/div>\n<div class=\"small-12 large-4 text-center columns\">\n<p><img loading=\"lazy\" decoding=\"async\" class=\"alignnone\" src=\"https:\/\/img.icons8.com\/color\/120\/000000\/task.png\" alt=\"\" width=\"120\" height=\"120\" \/><\/p>\n<h5><span style=\"font-weight: 400;\">Construcci\u00f3 i modelatge<\/span><\/h5>\n<p>&nbsp;<\/p>\n<\/div>\n<\/div>\n<p><b>DEL PLAER D\u2019ACTUAR AL PLAER DE PENSAR!!!!!!!!<\/b><\/p>\n<p><span style=\"font-weight: 400;\">Quietud del cos i acci\u00f3 del pensament. <\/span><span style=\"font-weight: 400;\">Cal ordenar, posar paraules, donar forma a tot all\u00f2 que s\u2019ha viscut.<\/span><\/p>\n<p><span style=\"font-weight: 400;\">En aquesta fase \u00e9s on es posar\u00e0 de manifest el seu nivell de <\/span><b><i>maduraci\u00f3 <\/i><\/b><b><i>cognitiva<\/i><\/b><\/p>\n<p><b>RITUAL DE SORTIDA<\/b><\/p>\n<p><span style=\"font-weight: 400;\">Indica la separaci\u00f3 i prepara a l\u2019infant per fer una altra activitat. Es comenten les produccions, s\u2019explica un conte, es canta una can\u00e7\u00f3&#8230;.<\/span><\/p>\n<div class=\"row\" style=\"margin-bottom: 1em !important;\">\n<div class=\"small-12 large-4 text-center columns\">\n<p><img loading=\"lazy\" decoding=\"async\" class=\"alignnone\" src=\"https:\/\/img.icons8.com\/color\/120\/000000\/expired.png\" alt=\"\" width=\"120\" height=\"120\" \/><\/p>\n<h5><span style=\"font-weight: 400;\">Transici\u00f3<\/span><\/h5>\n<p>&nbsp;<\/p>\n<\/div>\n<div class=\"small-12 large-4 text-center columns\">\n<p><img loading=\"lazy\" decoding=\"async\" class=\"alignnone\" src=\"https:\/\/img.icons8.com\/color\/120\/000000\/leave.png\" alt=\"\" width=\"120\" height=\"120\" \/><\/p>\n<h5><span style=\"font-weight: 400;\">de reconeixement<\/span><\/h5>\n<p>&nbsp;<\/p>\n<\/div>\n<div class=\"small-12 large-4 text-center columns\">\n<p><img loading=\"lazy\" decoding=\"async\" class=\"alignnone\" src=\"https:\/\/img.icons8.com\/color\/120\/000000\/task.png\" alt=\"\" width=\"120\" height=\"120\" \/><\/p>\n<h5><span style=\"font-weight: 400;\">d\u2019acomiadament<\/span><\/h5>\n<\/div>\n<\/div>\n<p><span style=\"font-weight: 400;\">I aix\u00ed \u00e9s com, a grans trets, es treballa a la sala de psicomotricitat amb els vostres fills, respectant la seva <\/span><b><i>globalitat motriu, afectiva i cognitiva <\/i><\/b><span style=\"font-weight: 400;\">en un clima de plaer i seguretat.<\/span><\/p>\n<div class=\"row\" style=\"margin-bottom: 1em !important;\">\n<div class=\"small-12 large-4 text-center columns\">\n<p>&nbsp;<\/p>\n<\/div>\n<\/div>\n","protected":false},"excerpt":{"rendered":"<p>QU\u00c8 ENS PLANTEGEM ? Acompanyar als infants en el seu proc\u00e9s de maduraci\u00f3 psicol\u00f2gica, mitjan\u00e7ant el moviment i l\u2019acci\u00f3. Entenent el moviment com :\u00a0 un dinamitzador del seu cos\u00a0\u00a0 un dinamitzador del seu pensament. un dinamitzador de les seves emocions\u00a0 A LA SALA ENS FIXAREM EN: La possibilitat de fer dels nens, que t\u00e9 a [&hellip;]<\/p>\n","protected":false},"author":1,"featured_media":0,"parent":64,"menu_order":0,"comment_status":"closed","ping_status":"closed","template":"","meta":{"_bbp_topic_count":0,"_bbp_reply_count":0,"_bbp_total_topic_count":0,"_bbp_total_reply_count":0,"_bbp_voice_count":0,"_bbp_anonymous_reply_count":0,"_bbp_topic_count_hidden":0,"_bbp_reply_count_hidden":0,"_bbp_forum_subforum_count":0,"site-sidebar-layout":"default","site-content-layout":"","ast-site-content-layout":"","site-content-style":"default","site-sidebar-style":"default","ast-global-header-display":"","ast-banner-title-visibility":"","ast-main-header-display":"","ast-hfb-above-header-display":"","ast-hfb-below-header-display":"","ast-hfb-mobile-header-display":"","site-post-title":"","ast-breadcrumbs-content":"","ast-featured-img":"","footer-sml-layout":"","theme-transparent-header-meta":"","adv-header-id-meta":"","stick-header-meta":"","header-above-stick-meta":"","header-main-stick-meta":"","header-below-stick-meta":"","astra-migrate-meta-layouts":"default","ast-page-background-enabled":"default","ast-page-background-meta":{"desktop":{"background-color":"var(--ast-global-color-4)","background-image":"","background-repeat":"repeat","background-position":"center center","background-size":"auto","background-attachment":"scroll","background-type":"","background-media":"","overlay-type":"","overlay-color":"","overlay-opacity":"","overlay-gradient":""},"tablet":{"background-color":"","background-image":"","background-repeat":"repeat","background-position":"center center","background-size":"auto","background-attachment":"scroll","background-type":"","background-media":"","overlay-type":"","overlay-color":"","overlay-opacity":"","overlay-gradient":""},"mobile":{"background-color":"","background-image":"","background-repeat":"repeat","background-position":"center center","background-size":"auto","background-attachment":"scroll","background-type":"","background-media":"","overlay-type":"","overlay-color":"","overlay-opacity":"","overlay-gradient":""}},"ast-content-background-meta":{"desktop":{"background-color":"var(--ast-global-color-5)","background-image":"","background-repeat":"repeat","background-position":"center center","background-size":"auto","background-attachment":"scroll","background-type":"","background-media":"","overlay-type":"","overlay-color":"","overlay-opacity":"","overlay-gradient":""},"tablet":{"background-color":"var(--ast-global-color-5)","background-image":"","background-repeat":"repeat","background-position":"center center","background-size":"auto","background-attachment":"scroll","background-type":"","background-media":"","overlay-type":"","overlay-color":"","overlay-opacity":"","overlay-gradient":""},"mobile":{"background-color":"var(--ast-global-color-5)","background-image":"","background-repeat":"repeat","background-position":"center center","background-size":"auto","background-attachment":"scroll","background-type":"","background-media":"","overlay-type":"","overlay-color":"","overlay-opacity":"","overlay-gradient":""}},"footnotes":""},"class_list":["post-2647","page","type-page","status-publish","hentry"],"post_mailing_queue_ids":[],"_links":{"self":[{"href":"https:\/\/agora.xtec.cat\/ceip-lespalmeres\/wp-json\/wp\/v2\/pages\/2647","targetHints":{"allow":["GET"]}}],"collection":[{"href":"https:\/\/agora.xtec.cat\/ceip-lespalmeres\/wp-json\/wp\/v2\/pages"}],"about":[{"href":"https:\/\/agora.xtec.cat\/ceip-lespalmeres\/wp-json\/wp\/v2\/types\/page"}],"author":[{"embeddable":true,"href":"https:\/\/agora.xtec.cat\/ceip-lespalmeres\/wp-json\/wp\/v2\/users\/1"}],"replies":[{"embeddable":true,"href":"https:\/\/agora.xtec.cat\/ceip-lespalmeres\/wp-json\/wp\/v2\/comments?post=2647"}],"version-history":[{"count":3,"href":"https:\/\/agora.xtec.cat\/ceip-lespalmeres\/wp-json\/wp\/v2\/pages\/2647\/revisions"}],"predecessor-version":[{"id":7342,"href":"https:\/\/agora.xtec.cat\/ceip-lespalmeres\/wp-json\/wp\/v2\/pages\/2647\/revisions\/7342"}],"up":[{"embeddable":true,"href":"https:\/\/agora.xtec.cat\/ceip-lespalmeres\/wp-json\/wp\/v2\/pages\/64"}],"wp:attachment":[{"href":"https:\/\/agora.xtec.cat\/ceip-lespalmeres\/wp-json\/wp\/v2\/media?parent=2647"}],"curies":[{"name":"wp","href":"https:\/\/api.w.org\/{rel}","templated":true}]}}