{"id":26,"date":"2014-09-18T12:24:32","date_gmt":"2014-09-18T11:24:32","guid":{"rendered":"http:\/\/agora.xtec.cat\/ceip-lespalmeres\/?page_id=26"},"modified":"2026-02-12T22:07:27","modified_gmt":"2026-02-12T21:07:27","slug":"historia","status":"publish","type":"page","link":"https:\/\/agora.xtec.cat\/ceip-lespalmeres\/actualitat-cat-salut\/lescola\/historia\/","title":{"rendered":"Hist\u00f2ria"},"content":{"rendered":"\n<p>D&#8217;on venim? <br>La nostra escola, tot i que l&#8217;anomenem &#8216;Les Palmeres&#8217; des de l&#8217;any 1985, t\u00e9 una llarga hist\u00f2ria al darrere. No sempre hem estat a l&#8217;actual centre. <br>Hem anat creixent com el nostre barri aprenent en uns edificis prou emblem\u00e0tics que ens feien valorar la nostra hist\u00f2ria: &#8216;<em>Las escuelas graduadas de ni\u00f1os y ni\u00f1as&#8230;<\/em>&#8216;, la casa que els avis anomenaven &#8216;<em>dels Esperits<\/em>&#8216;&#8230; i Can Roig i Torres, han acollit al llarg dels anys nens i nenes que encara ho recorden.<br>Vam comen\u00e7ar una nova etapa en un nou edifici escollint el top\u00f2nim de &#8216;Les Palmeres&#8217;, s\u00edmbol que no vol\u00edem perdre i amb el que anem fent cam\u00ed.<\/p>\n\n\n\n<div class=\"wp-block-columns is-layout-flex wp-container-core-columns-is-layout-1 wp-block-columns-is-layout-flex\">\n<div class=\"wp-block-column is-layout-flow wp-block-column-is-layout-flow\"><\/div>\n\n\n\n<div class=\"wp-block-column is-layout-flow wp-block-column-is-layout-flow\">\n<p>Les Palmeres \u00e9s una escola p\u00fablica arrelada al seu barri des de fa molts anys, que es defineix com escola catalana, laica i participativa.<br><br>La seva comunitat educativa t\u00e9 com a objectiu b\u00e0sic educar els nens i les nenes afavorint el seu creixement personal i potenciant les seves capacitats afectives i intel\u00b7lectuals.<br><br>\u00c9s una escola\u00a0 de dues l\u00ednies (50 places per nivell) d&#8217;educaci\u00f3 infantil de 3 a 5 anys, i d&#8217;educaci\u00f3 prim\u00e0ria de 6 a 12 anys.<br><br>Atenem els alumnes en la seva diversitat pel que fa als ritmes d&#8217;aprenentatge i les singularitats (culturals, socials&#8230;) afavorint la inclusi\u00f3 social, la cooperaci\u00f3 i el respecte.<br><br><\/p>\n\n\n\n<p><\/p>\n\n\n\n<p><\/p>\n\n\n\n<p><\/p>\n\n\n\n<p><\/p>\n\n\n\n<p><\/p>\n<\/div>\n<\/div>\n","protected":false},"excerpt":{"rendered":"<p>D&#8217;on venim? La nostra escola, tot i que l&#8217;anomenem &#8216;Les Palmeres&#8217; des de l&#8217;any 1985, t\u00e9 una llarga hist\u00f2ria al darrere. No sempre hem estat a l&#8217;actual centre. Hem anat creixent com el nostre barri aprenent en uns edificis prou emblem\u00e0tics que ens feien valorar la nostra hist\u00f2ria: &#8216;Las escuelas graduadas de ni\u00f1os y ni\u00f1as&#8230;&#8216;, [&hellip;]<\/p>\n","protected":false},"author":1,"featured_media":0,"parent":22,"menu_order":20,"comment_status":"closed","ping_status":"closed","template":"","meta":{"_bbp_topic_count":0,"_bbp_reply_count":0,"_bbp_total_topic_count":0,"_bbp_total_reply_count":0,"_bbp_voice_count":0,"_bbp_anonymous_reply_count":0,"_bbp_topic_count_hidden":0,"_bbp_reply_count_hidden":0,"_bbp_forum_subforum_count":0,"site-sidebar-layout":"default","site-content-layout":"","ast-site-content-layout":"default","site-content-style":"default","site-sidebar-style":"default","ast-global-header-display":"","ast-banner-title-visibility":"","ast-main-header-display":"","ast-hfb-above-header-display":"","ast-hfb-below-header-display":"","ast-hfb-mobile-header-display":"","site-post-title":"","ast-breadcrumbs-content":"","ast-featured-img":"","footer-sml-layout":"","theme-transparent-header-meta":"","adv-header-id-meta":"","stick-header-meta":"","header-above-stick-meta":"","header-main-stick-meta":"","header-below-stick-meta":"","astra-migrate-meta-layouts":"set","ast-page-background-enabled":"default","ast-page-background-meta":{"desktop":{"background-color":"var(--ast-global-color-4)","background-image":"","background-repeat":"repeat","background-position":"center center","background-size":"auto","background-attachment":"scroll","background-type":"","background-media":"","overlay-type":"","overlay-color":"","overlay-opacity":"","overlay-gradient":""},"tablet":{"background-color":"","background-image":"","background-repeat":"repeat","background-position":"center center","background-size":"auto","background-attachment":"scroll","background-type":"","background-media":"","overlay-type":"","overlay-color":"","overlay-opacity":"","overlay-gradient":""},"mobile":{"background-color":"","background-image":"","background-repeat":"repeat","background-position":"center center","background-size":"auto","background-attachment":"scroll","background-type":"","background-media":"","overlay-type":"","overlay-color":"","overlay-opacity":"","overlay-gradient":""}},"ast-content-background-meta":{"desktop":{"background-color":"var(--ast-global-color-5)","background-image":"","background-repeat":"repeat","background-position":"center center","background-size":"auto","background-attachment":"scroll","background-type":"","background-media":"","overlay-type":"","overlay-color":"","overlay-opacity":"","overlay-gradient":""},"tablet":{"background-color":"var(--ast-global-color-5)","background-image":"","background-repeat":"repeat","background-position":"center center","background-size":"auto","background-attachment":"scroll","background-type":"","background-media":"","overlay-type":"","overlay-color":"","overlay-opacity":"","overlay-gradient":""},"mobile":{"background-color":"var(--ast-global-color-5)","background-image":"","background-repeat":"repeat","background-position":"center center","background-size":"auto","background-attachment":"scroll","background-type":"","background-media":"","overlay-type":"","overlay-color":"","overlay-opacity":"","overlay-gradient":""}},"footnotes":""},"class_list":["post-26","page","type-page","status-publish","hentry"],"post_mailing_queue_ids":[],"_links":{"self":[{"href":"https:\/\/agora.xtec.cat\/ceip-lespalmeres\/wp-json\/wp\/v2\/pages\/26","targetHints":{"allow":["GET"]}}],"collection":[{"href":"https:\/\/agora.xtec.cat\/ceip-lespalmeres\/wp-json\/wp\/v2\/pages"}],"about":[{"href":"https:\/\/agora.xtec.cat\/ceip-lespalmeres\/wp-json\/wp\/v2\/types\/page"}],"author":[{"embeddable":true,"href":"https:\/\/agora.xtec.cat\/ceip-lespalmeres\/wp-json\/wp\/v2\/users\/1"}],"replies":[{"embeddable":true,"href":"https:\/\/agora.xtec.cat\/ceip-lespalmeres\/wp-json\/wp\/v2\/comments?post=26"}],"version-history":[{"count":4,"href":"https:\/\/agora.xtec.cat\/ceip-lespalmeres\/wp-json\/wp\/v2\/pages\/26\/revisions"}],"predecessor-version":[{"id":8664,"href":"https:\/\/agora.xtec.cat\/ceip-lespalmeres\/wp-json\/wp\/v2\/pages\/26\/revisions\/8664"}],"up":[{"embeddable":true,"href":"https:\/\/agora.xtec.cat\/ceip-lespalmeres\/wp-json\/wp\/v2\/pages\/22"}],"wp:attachment":[{"href":"https:\/\/agora.xtec.cat\/ceip-lespalmeres\/wp-json\/wp\/v2\/media?parent=26"}],"curies":[{"name":"wp","href":"https:\/\/api.w.org\/{rel}","templated":true}]}}