{"id":715,"date":"2014-12-02T23:33:54","date_gmt":"2014-12-02T22:33:54","guid":{"rendered":"http:\/\/blocs.xtec.cat\/lesferreriespalafolls\/?page_id=715"},"modified":"2025-09-25T15:26:14","modified_gmt":"2025-09-25T13:26:14","slug":"horaris","status":"publish","type":"page","link":"https:\/\/agora.xtec.cat\/ceip-lesferreries-palafolls\/info\/horaris\/","title":{"rendered":"Horaris"},"content":{"rendered":"<p><em><strong>Si voleu contactar amb els\/les mestres.<\/strong><\/em><\/p>\n<p>Com ja sabeu, els docents dels vostres fills\/es estaran encantats d&#8217;atendre qualsevol comentari, dubte, o consulta que volgueu transmetre.<\/p>\n<p>La\u00a0manera m\u00e9s f\u00e0cil de fer-ho \u00e9s a trav\u00e9s de l&#8217;agenda escolar o del correu electr\u00f2nic del tutor\/a, el qual el trobareu a la p\u00e0gina del grup del vostre fill\/a. \u00c9s un mecanisme r\u00e0pid i molt resolutiu.<\/p>\n<p>Per\u00f2 si voleu parlar personalment amb els mestres dels vostres fills\/es, \u00e9s important que demaneu cita pr\u00e8via amb ells (l&#8217;agenda i el mail torna a ser un bon mecanisme).\u00a0Ells\/es us diran de quines hores poden disposar per atendre la vostra demanda.<\/p>\n<h1 style=\"font-size: 16px;\"><\/h1>\n<p><strong><em><span style=\"font-size: 16px;\">Si voleu contactar amb algun membre de l&#8217;equip directiu.<\/span><\/em><\/strong><\/p>\n<p style=\"font-size: 16px;\">\u00a0<span style=\"font-size: 16px;\">A continuaci\u00f3 us detallem l&#8217;horari d&#8217;atenci\u00f3 a les fam\u00edlies de l&#8217;equip directiu.<\/span><\/p>\n<p style=\"font-size: 16px;\">\u00a0<span style=\"font-size: 16px;\"> \u00a0\u00a0\u00a0 Directora:\u00a0\u00a0\u00a0\u00a0\u00a0\u00a0\u00a0\u00a0\u00a0\u00a0\u00a0\u00a0\u00a0\u00a0\u00a0<span style=\"font-weight: bold;\">Dilluns de 09:00 a 10:00 i dimecres de 15 a 16:30<\/span><\/span><\/p>\n<p style=\"font-size: 16px;\">\u00a0<span style=\"font-size: 16px;\"> \u00a0\u00a0\u00a0 Cap d&#8217;estudis:\u00a0\u00a0\u00a0\u00a0\u00a0\u00a0\u00a0\u00a0<span style=\"font-weight: bold;\">Dilluns i dimarts de 09:00 a 10:00<br \/>\n<\/span><\/span><\/p>\n<p style=\"font-size: 16px;\">\u00a0 <span style=\"font-size: 16px;\">\u00a0\u00a0\u00a0 Secret\u00e0ria:\u00a0 \u00a0 \u00a0 \u00a0 \u00a0 \u00a0 \u00a0 <strong>Dilluns i dimarts de 09:00 a 10:00\u00a0<\/strong><\/span><\/p>\n<p style=\"font-size: 16px;\"><em><strong><span style=\"font-size: 16px;\">Si voleu contactar amb l&#8217;escola.<\/span><\/strong><\/em><\/p>\n<p>\u00a0Podeu fer-ho trucant al 937620225 o venint a l&#8217;escola en el seg\u00fcent horari:<\/p>\n<p style=\"text-align: left;\">\u00a0 \u00a0 \u00a0 \u00a0<strong>D<\/strong><strong>e dilluns a divendres<\/strong><\/p>\n<p style=\"text-align: left;\"><strong>\u00a0\u00a0\u00a0\u00a0\u00a0\u00a0 de 9 a 13:30 i de 15 a 16:30.\u00a0<\/strong><\/p>\n","protected":false},"excerpt":{"rendered":"<p>Si voleu contactar amb els\/les mestres. Com ja sabeu, els docents dels vostres fills\/es estaran encantats d&#8217;atendre qualsevol comentari, dubte, o consulta que volgueu transmetre. La\u00a0manera m\u00e9s f\u00e0cil de fer-ho \u00e9s a trav\u00e9s de l&#8217;agenda escolar o del correu electr\u00f2nic del tutor\/a, el qual el trobareu a la p\u00e0gina del grup del vostre fill\/a. \u00c9s [&hellip;]<\/p>\n","protected":false},"author":1,"featured_media":0,"parent":181,"menu_order":50,"comment_status":"open","ping_status":"open","template":"","meta":{"_bbp_topic_count":0,"_bbp_reply_count":0,"_bbp_total_topic_count":0,"_bbp_total_reply_count":0,"_bbp_voice_count":0,"_bbp_anonymous_reply_count":0,"_bbp_topic_count_hidden":0,"_bbp_reply_count_hidden":0,"_bbp_forum_subforum_count":0,"site-sidebar-layout":"default","site-content-layout":"","ast-site-content-layout":"default","site-content-style":"default","site-sidebar-style":"default","ast-global-header-display":"","ast-banner-title-visibility":"","ast-main-header-display":"","ast-hfb-above-header-display":"","ast-hfb-below-header-display":"","ast-hfb-mobile-header-display":"","site-post-title":"","ast-breadcrumbs-content":"","ast-featured-img":"","footer-sml-layout":"","theme-transparent-header-meta":"default","adv-header-id-meta":"","stick-header-meta":"","header-above-stick-meta":"","header-main-stick-meta":"","header-below-stick-meta":"","astra-migrate-meta-layouts":"set","ast-page-background-enabled":"default","ast-page-background-meta":{"desktop":{"background-color":"var(--ast-global-color-4)","background-image":"","background-repeat":"repeat","background-position":"center center","background-size":"auto","background-attachment":"scroll","background-type":"","background-media":"","overlay-type":"","overlay-color":"","overlay-opacity":"","overlay-gradient":""},"tablet":{"background-color":"","background-image":"","background-repeat":"repeat","background-position":"center center","background-size":"auto","background-attachment":"scroll","background-type":"","background-media":"","overlay-type":"","overlay-color":"","overlay-opacity":"","overlay-gradient":""},"mobile":{"background-color":"","background-image":"","background-repeat":"repeat","background-position":"center center","background-size":"auto","background-attachment":"scroll","background-type":"","background-media":"","overlay-type":"","overlay-color":"","overlay-opacity":"","overlay-gradient":""}},"ast-content-background-meta":{"desktop":{"background-color":"var(--ast-global-color-5)","background-image":"","background-repeat":"repeat","background-position":"center center","background-size":"auto","background-attachment":"scroll","background-type":"","background-media":"","overlay-type":"","overlay-color":"","overlay-opacity":"","overlay-gradient":""},"tablet":{"background-color":"var(--ast-global-color-5)","background-image":"","background-repeat":"repeat","background-position":"center center","background-size":"auto","background-attachment":"scroll","background-type":"","background-media":"","overlay-type":"","overlay-color":"","overlay-opacity":"","overlay-gradient":""},"mobile":{"background-color":"var(--ast-global-color-5)","background-image":"","background-repeat":"repeat","background-position":"center center","background-size":"auto","background-attachment":"scroll","background-type":"","background-media":"","overlay-type":"","overlay-color":"","overlay-opacity":"","overlay-gradient":""}},"footnotes":""},"class_list":["post-715","page","type-page","status-publish","hentry"],"post_mailing_queue_ids":[],"_links":{"self":[{"href":"https:\/\/agora.xtec.cat\/ceip-lesferreries-palafolls\/wp-json\/wp\/v2\/pages\/715","targetHints":{"allow":["GET"]}}],"collection":[{"href":"https:\/\/agora.xtec.cat\/ceip-lesferreries-palafolls\/wp-json\/wp\/v2\/pages"}],"about":[{"href":"https:\/\/agora.xtec.cat\/ceip-lesferreries-palafolls\/wp-json\/wp\/v2\/types\/page"}],"author":[{"embeddable":true,"href":"https:\/\/agora.xtec.cat\/ceip-lesferreries-palafolls\/wp-json\/wp\/v2\/users\/1"}],"replies":[{"embeddable":true,"href":"https:\/\/agora.xtec.cat\/ceip-lesferreries-palafolls\/wp-json\/wp\/v2\/comments?post=715"}],"version-history":[{"count":4,"href":"https:\/\/agora.xtec.cat\/ceip-lesferreries-palafolls\/wp-json\/wp\/v2\/pages\/715\/revisions"}],"predecessor-version":[{"id":24329,"href":"https:\/\/agora.xtec.cat\/ceip-lesferreries-palafolls\/wp-json\/wp\/v2\/pages\/715\/revisions\/24329"}],"up":[{"embeddable":true,"href":"https:\/\/agora.xtec.cat\/ceip-lesferreries-palafolls\/wp-json\/wp\/v2\/pages\/181"}],"wp:attachment":[{"href":"https:\/\/agora.xtec.cat\/ceip-lesferreries-palafolls\/wp-json\/wp\/v2\/media?parent=715"}],"curies":[{"name":"wp","href":"https:\/\/api.w.org\/{rel}","templated":true}]}}