{"id":711,"date":"2014-12-02T23:33:16","date_gmt":"2014-12-02T22:33:16","guid":{"rendered":"http:\/\/blocs.xtec.cat\/lesferreriespalafolls\/?page_id=711"},"modified":"2025-09-23T11:00:09","modified_gmt":"2025-09-23T09:00:09","slug":"calendari-escolar","status":"publish","type":"page","link":"https:\/\/agora.xtec.cat\/ceip-lesferreries-palafolls\/info\/calendari-escolar\/","title":{"rendered":"Calendari escolar"},"content":{"rendered":"<div>\n<p><em><strong>Comen\u00e7ament de les classes:<\/strong><\/em><\/p>\n<p>9 de setembre.<\/p>\n<p>EI3, en l&#8217;horari d&#8217;adaptaci\u00f3 convingut els dies 9, 10 i 12 de setembre.<\/p>\n<p><em><strong>Horari lectiu:<\/strong><\/em><\/p>\n<p>de 9:00 a 12:30 i de 15:00 a 16:30.<\/p>\n<p><em><strong>Jornada continuada (de 9 a 13:00 ):<\/strong><\/em><\/p>\n<p>19 de desembre de 2025<\/p>\n<p>del 8 al 19 de juny de 2026<\/p>\n<p><em><strong>Dies festius de lliure disposici\u00f3:<\/strong><\/em><\/p>\n<p><span style=\"font-weight: 400;\">3 de novembre de 2025<\/span><\/p>\n<p>5 de desembre de 2025<\/p>\n<p><span style=\"font-weight: 400;\">16 de febrer de 2026<\/span><\/p>\n<p>30 d&#8217;abril de 2026<\/p>\n<p><span style=\"font-weight: 400;\">25 de maig de 2026<\/span><\/p>\n<p><em><strong>Dies festius del calendari laboral:<\/strong><\/em><\/p>\n<p><span style=\"font-weight: 400;\">11 de setembre de 2025<\/span><\/p>\n<p><span style=\"font-weight: 400;\">1 de novembre de 2025<\/span><\/p>\n<p><span style=\"font-weight: 400;\">6 i 8 de desembre de 2025<\/span><\/p>\n<p><span style=\"font-weight: 400;\">1 de maig de 2026<\/span><\/p>\n<p>24 de juny de 2026<\/p>\n<p><em><strong>Festa local:<\/strong><\/em><\/p>\n<p>8 de setembre de 2025<\/p>\n<p><em><strong>Vacances de Nadal:<\/strong><\/em><\/p>\n<p>Del 20 de desembre de 2025 al 7 de gener de 2026<\/p>\n<p><em><strong>Vacances de Setmana Santa:<\/strong><\/em><\/p>\n<p>Del 30 de mar\u00e7 al 6 d&#8217;abril de 2026<\/p>\n<p><em><strong>Acabament de les classes:<\/strong><\/em><\/p>\n<p style=\"font-family: 'Helvetica Neue', Helvetica, Helvetica, Arial, sans-serif; font-size: 16px;\">19 de juny de 2026<\/p>\n<\/div>\n<div>\n<p>Aix\u00ed mateix, tenen la consideraci\u00f3 de dies festius els que determini la disposici\u00f3 corresponent de Departament d&#8217;Empresa i ocupaci\u00f3.<\/p>\n<p style=\"text-align: center;\"><a href=\"https:\/\/agora.xtec.cat\/ceip-lesferreries-palafolls\/wp-content\/uploads\/usu670\/2025\/06\/Curs-25-26.png\"><img loading=\"lazy\" decoding=\"async\" class=\"alignnone size-large wp-image-24208\" src=\"https:\/\/agora.xtec.cat\/ceip-lesferreries-palafolls\/wp-content\/uploads\/usu670\/2025\/06\/Curs-25-26-724x1024.png\" alt=\"\" width=\"724\" height=\"1024\" srcset=\"https:\/\/agora.xtec.cat\/ceip-lesferreries-palafolls\/wp-content\/uploads\/usu670\/2025\/06\/Curs-25-26-724x1024.png 724w, https:\/\/agora.xtec.cat\/ceip-lesferreries-palafolls\/wp-content\/uploads\/usu670\/2025\/06\/Curs-25-26-212x300.png 212w, https:\/\/agora.xtec.cat\/ceip-lesferreries-palafolls\/wp-content\/uploads\/usu670\/2025\/06\/Curs-25-26-768x1086.png 768w, https:\/\/agora.xtec.cat\/ceip-lesferreries-palafolls\/wp-content\/uploads\/usu670\/2025\/06\/Curs-25-26-1086x1536.png 1086w, https:\/\/agora.xtec.cat\/ceip-lesferreries-palafolls\/wp-content\/uploads\/usu670\/2025\/06\/Curs-25-26.png 1414w\" sizes=\"auto, (max-width: 724px) 100vw, 724px\" \/><\/a><\/p>\n<\/div>\n","protected":false},"excerpt":{"rendered":"<p>Comen\u00e7ament de les classes: 9 de setembre. EI3, en l&#8217;horari d&#8217;adaptaci\u00f3 convingut els dies 9, 10 i 12 de setembre. Horari lectiu: de 9:00 a 12:30 i de 15:00 a 16:30. Jornada continuada (de 9 a 13:00 ): 19 de desembre de 2025 del 8 al 19 de juny de 2026 Dies festius de lliure [&hellip;]<\/p>\n","protected":false},"author":1,"featured_media":0,"parent":181,"menu_order":30,"comment_status":"open","ping_status":"open","template":"","meta":{"_bbp_topic_count":0,"_bbp_reply_count":0,"_bbp_total_topic_count":0,"_bbp_total_reply_count":0,"_bbp_voice_count":0,"_bbp_anonymous_reply_count":0,"_bbp_topic_count_hidden":0,"_bbp_reply_count_hidden":0,"_bbp_forum_subforum_count":0,"site-sidebar-layout":"default","site-content-layout":"","ast-site-content-layout":"default","site-content-style":"default","site-sidebar-style":"default","ast-global-header-display":"","ast-banner-title-visibility":"","ast-main-header-display":"","ast-hfb-above-header-display":"","ast-hfb-below-header-display":"","ast-hfb-mobile-header-display":"","site-post-title":"","ast-breadcrumbs-content":"","ast-featured-img":"","footer-sml-layout":"","theme-transparent-header-meta":"default","adv-header-id-meta":"","stick-header-meta":"","header-above-stick-meta":"","header-main-stick-meta":"","header-below-stick-meta":"","astra-migrate-meta-layouts":"set","ast-page-background-enabled":"default","ast-page-background-meta":{"desktop":{"background-color":"var(--ast-global-color-4)","background-image":"","background-repeat":"repeat","background-position":"center center","background-size":"auto","background-attachment":"scroll","background-type":"","background-media":"","overlay-type":"","overlay-color":"","overlay-opacity":"","overlay-gradient":""},"tablet":{"background-color":"","background-image":"","background-repeat":"repeat","background-position":"center center","background-size":"auto","background-attachment":"scroll","background-type":"","background-media":"","overlay-type":"","overlay-color":"","overlay-opacity":"","overlay-gradient":""},"mobile":{"background-color":"","background-image":"","background-repeat":"repeat","background-position":"center center","background-size":"auto","background-attachment":"scroll","background-type":"","background-media":"","overlay-type":"","overlay-color":"","overlay-opacity":"","overlay-gradient":""}},"ast-content-background-meta":{"desktop":{"background-color":"var(--ast-global-color-5)","background-image":"","background-repeat":"repeat","background-position":"center center","background-size":"auto","background-attachment":"scroll","background-type":"","background-media":"","overlay-type":"","overlay-color":"","overlay-opacity":"","overlay-gradient":""},"tablet":{"background-color":"var(--ast-global-color-5)","background-image":"","background-repeat":"repeat","background-position":"center center","background-size":"auto","background-attachment":"scroll","background-type":"","background-media":"","overlay-type":"","overlay-color":"","overlay-opacity":"","overlay-gradient":""},"mobile":{"background-color":"var(--ast-global-color-5)","background-image":"","background-repeat":"repeat","background-position":"center center","background-size":"auto","background-attachment":"scroll","background-type":"","background-media":"","overlay-type":"","overlay-color":"","overlay-opacity":"","overlay-gradient":""}},"footnotes":""},"class_list":["post-711","page","type-page","status-publish","hentry"],"post_mailing_queue_ids":[],"_links":{"self":[{"href":"https:\/\/agora.xtec.cat\/ceip-lesferreries-palafolls\/wp-json\/wp\/v2\/pages\/711","targetHints":{"allow":["GET"]}}],"collection":[{"href":"https:\/\/agora.xtec.cat\/ceip-lesferreries-palafolls\/wp-json\/wp\/v2\/pages"}],"about":[{"href":"https:\/\/agora.xtec.cat\/ceip-lesferreries-palafolls\/wp-json\/wp\/v2\/types\/page"}],"author":[{"embeddable":true,"href":"https:\/\/agora.xtec.cat\/ceip-lesferreries-palafolls\/wp-json\/wp\/v2\/users\/1"}],"replies":[{"embeddable":true,"href":"https:\/\/agora.xtec.cat\/ceip-lesferreries-palafolls\/wp-json\/wp\/v2\/comments?post=711"}],"version-history":[{"count":5,"href":"https:\/\/agora.xtec.cat\/ceip-lesferreries-palafolls\/wp-json\/wp\/v2\/pages\/711\/revisions"}],"predecessor-version":[{"id":24313,"href":"https:\/\/agora.xtec.cat\/ceip-lesferreries-palafolls\/wp-json\/wp\/v2\/pages\/711\/revisions\/24313"}],"up":[{"embeddable":true,"href":"https:\/\/agora.xtec.cat\/ceip-lesferreries-palafolls\/wp-json\/wp\/v2\/pages\/181"}],"wp:attachment":[{"href":"https:\/\/agora.xtec.cat\/ceip-lesferreries-palafolls\/wp-json\/wp\/v2\/media?parent=711"}],"curies":[{"name":"wp","href":"https:\/\/api.w.org\/{rel}","templated":true}]}}