{"id":477,"date":"2013-10-17T12:23:23","date_gmt":"2013-10-17T11:23:23","guid":{"rendered":"http:\/\/blocs.xtec.cat\/lesferreriespalafolls\/?page_id=477"},"modified":"2025-01-14T12:03:16","modified_gmt":"2025-01-14T11:03:16","slug":"composicio-del-consell-escolar","status":"publish","type":"page","link":"https:\/\/agora.xtec.cat\/ceip-lesferreries-palafolls\/info\/composicio-del-consell-escolar\/","title":{"rendered":"Consell escolar"},"content":{"rendered":"<p><span style=\"color: #000000;\"><b>14 de gener 2025<\/b><\/span><\/p>\n<p><span style=\"color: #000000;\"><a style=\"color: #000000;\" href=\"http:\/\/agora.xtec.cat\/ceip-lesferreries-palafolls\/wp-content\/uploads\/usu670\/2013\/10\/consellescolar2.png\"><img loading=\"lazy\" decoding=\"async\" class=\" wp-image-850 alignright\" src=\"http:\/\/agora.xtec.cat\/ceip-lesferreries-palafolls\/wp-content\/uploads\/usu670\/2013\/10\/consellescolar2.png\" alt=\"consellescolar2\" width=\"378\" height=\"265\" \/><br \/>\n<\/a><\/span><\/p>\n<p style=\"line-height: 2em; font-size: 16px;\"><span style=\"font-size: 16px; color: #000000;\"><span style=\"line-height: 2em;\"><span style=\"font-weight: bold;\">Equip directiu<\/span><\/span><\/span><\/p>\n<p style=\"line-height: 2em; font-size: 16px;\"><span style=\"font-size: 16px; color: #000000;\"><span style=\"line-height: 2em;\">Queralt Benavente, Maria Isabel (directora)<\/span><\/span><\/p>\n<p style=\"line-height: 2em; font-size: 16px;\"><span style=\"font-size: 16px; color: #000000;\"><span style=\"line-height: 2em;\">Miranda Garcia, Anna\u00a0(cap d&#8217;estudis)<\/span><\/span><\/p>\n<p style=\"line-height: 2em; font-size: 16px;\"><span style=\"font-size: 16px; color: #000000;\"><span style=\"line-height: 2em;\">Moral Aguilera, L\u00eddia (secret\u00e0ria)<\/span><\/span><\/p>\n<p style=\"line-height: 2em; font-size: 16px;\"><span style=\"font-size: 16px; color: #000000;\"><span style=\"line-height: 2em;\"><span style=\"font-weight: bold;\">Representants dels\/de les mestres<\/span><\/span><\/span><\/p>\n<p style=\"line-height: 2em; font-size: 16px;\"><span style=\"font-size: 16px; color: #000000;\"><span style=\"line-height: 2em;\">Agell Mas, Arcadi<\/span><\/span><\/p>\n<p>Al\u00e1ez C\u00f3freces, Elena<\/p>\n<p>Bel Prim, N\u00faria<\/p>\n<p>Borrell Castells, Laia<\/p>\n<p>Carb\u00f3 Sol\u00eds, Raquel<\/p>\n<p style=\"line-height: 2em; font-size: 16px;\"><span style=\"font-size: 16px; color: #000000;\"><span style=\"line-height: 2em;\"><span style=\"font-weight: bold;\">Representant de l\u2019AMPA<\/span><\/span><\/span><\/p>\n<div style=\"line-height: 2em; font-size: 16px;\"><span style=\"font-size: 16px; color: #000000;\"><span style=\"line-height: 2em;\">Aguilar, Irene<\/span><\/span><\/div>\n<div><\/div>\n<h1 style=\"font-size: 16px;\"><span style=\"font-size: 16px; color: #000000;\"><span style=\"line-height: 2em;\"><span style=\"font-weight: bold;\">Representants dels pares i mares<\/span><\/span><\/span><\/h1>\n<p>Claver, Cristina<\/p>\n<p>Guerrero, Sabina<\/p>\n<p style=\"line-height: 2em; font-size: 16px;\">Gonz\u00e1lez, Carlos<\/p>\n<p>Olivella, Minerva<\/p>\n<p style=\"line-height: 2em; font-size: 16px;\"><span style=\"color: #000000;\"><span style=\"font-size: 16px;\"><span style=\"line-height: 2em;\"><span style=\"font-weight: bold;\">Representant de l\u2019Ajuntament<\/span><\/span><\/span><\/span><\/p>\n<p><span style=\"color: #000000;\">Pla Capdevila, Susana (Regidora d&#8217;ensenyament)<\/span><\/p>\n<p style=\"line-height: 2em; font-size: 16px;\"><span style=\"color: #000000;\">\u00a0<span style=\"font-size: 16px;\"><span style=\"font-weight: bold;\"><span style=\"line-height: 2em;\">Personal d\u2019administraci\u00f3 i serveis<\/span><\/span><\/span><\/span><\/p>\n<p style=\"line-height: 2em; font-size: 16px;\"><span style=\"color: #000000;\">\u00a0Tejada G\u00f3mez, Susana (TEI)<span style=\"font-size: 16px;\"><span style=\"line-height: 2em;\"><br \/>\n<\/span><\/span><\/span><\/p>\n","protected":false},"excerpt":{"rendered":"<p>14 de gener 2025 Equip directiu Queralt Benavente, Maria Isabel (directora) Miranda Garcia, Anna\u00a0(cap d&#8217;estudis) Moral Aguilera, L\u00eddia (secret\u00e0ria) Representants dels\/de les mestres Agell Mas, Arcadi Al\u00e1ez C\u00f3freces, Elena Bel Prim, N\u00faria Borrell Castells, Laia Carb\u00f3 Sol\u00eds, Raquel Representant de l\u2019AMPA Aguilar, Irene Representants dels pares i mares Claver, Cristina Guerrero, Sabina Gonz\u00e1lez, Carlos Olivella, [&hellip;]<\/p>\n","protected":false},"author":1,"featured_media":0,"parent":181,"menu_order":20,"comment_status":"open","ping_status":"open","template":"page-templates\/side-menu.php","meta":{"_bbp_topic_count":0,"_bbp_reply_count":0,"_bbp_total_topic_count":0,"_bbp_total_reply_count":0,"_bbp_voice_count":0,"_bbp_anonymous_reply_count":0,"_bbp_topic_count_hidden":0,"_bbp_reply_count_hidden":0,"_bbp_forum_subforum_count":0,"site-sidebar-layout":"default","site-content-layout":"","ast-site-content-layout":"","site-content-style":"default","site-sidebar-style":"default","ast-global-header-display":"","ast-banner-title-visibility":"","ast-main-header-display":"","ast-hfb-above-header-display":"","ast-hfb-below-header-display":"","ast-hfb-mobile-header-display":"","site-post-title":"","ast-breadcrumbs-content":"","ast-featured-img":"","footer-sml-layout":"","theme-transparent-header-meta":"","adv-header-id-meta":"","stick-header-meta":"","header-above-stick-meta":"","header-main-stick-meta":"","header-below-stick-meta":"","astra-migrate-meta-layouts":"default","ast-page-background-enabled":"default","ast-page-background-meta":{"desktop":{"background-color":"var(--ast-global-color-4)","background-image":"","background-repeat":"repeat","background-position":"center center","background-size":"auto","background-attachment":"scroll","background-type":"","background-media":"","overlay-type":"","overlay-color":"","overlay-opacity":"","overlay-gradient":""},"tablet":{"background-color":"","background-image":"","background-repeat":"repeat","background-position":"center center","background-size":"auto","background-attachment":"scroll","background-type":"","background-media":"","overlay-type":"","overlay-color":"","overlay-opacity":"","overlay-gradient":""},"mobile":{"background-color":"","background-image":"","background-repeat":"repeat","background-position":"center center","background-size":"auto","background-attachment":"scroll","background-type":"","background-media":"","overlay-type":"","overlay-color":"","overlay-opacity":"","overlay-gradient":""}},"ast-content-background-meta":{"desktop":{"background-color":"var(--ast-global-color-5)","background-image":"","background-repeat":"repeat","background-position":"center center","background-size":"auto","background-attachment":"scroll","background-type":"","background-media":"","overlay-type":"","overlay-color":"","overlay-opacity":"","overlay-gradient":""},"tablet":{"background-color":"var(--ast-global-color-5)","background-image":"","background-repeat":"repeat","background-position":"center center","background-size":"auto","background-attachment":"scroll","background-type":"","background-media":"","overlay-type":"","overlay-color":"","overlay-opacity":"","overlay-gradient":""},"mobile":{"background-color":"var(--ast-global-color-5)","background-image":"","background-repeat":"repeat","background-position":"center center","background-size":"auto","background-attachment":"scroll","background-type":"","background-media":"","overlay-type":"","overlay-color":"","overlay-opacity":"","overlay-gradient":""}},"footnotes":""},"class_list":["post-477","page","type-page","status-publish","hentry"],"post_mailing_queue_ids":[],"_links":{"self":[{"href":"https:\/\/agora.xtec.cat\/ceip-lesferreries-palafolls\/wp-json\/wp\/v2\/pages\/477","targetHints":{"allow":["GET"]}}],"collection":[{"href":"https:\/\/agora.xtec.cat\/ceip-lesferreries-palafolls\/wp-json\/wp\/v2\/pages"}],"about":[{"href":"https:\/\/agora.xtec.cat\/ceip-lesferreries-palafolls\/wp-json\/wp\/v2\/types\/page"}],"author":[{"embeddable":true,"href":"https:\/\/agora.xtec.cat\/ceip-lesferreries-palafolls\/wp-json\/wp\/v2\/users\/1"}],"replies":[{"embeddable":true,"href":"https:\/\/agora.xtec.cat\/ceip-lesferreries-palafolls\/wp-json\/wp\/v2\/comments?post=477"}],"version-history":[{"count":5,"href":"https:\/\/agora.xtec.cat\/ceip-lesferreries-palafolls\/wp-json\/wp\/v2\/pages\/477\/revisions"}],"predecessor-version":[{"id":23718,"href":"https:\/\/agora.xtec.cat\/ceip-lesferreries-palafolls\/wp-json\/wp\/v2\/pages\/477\/revisions\/23718"}],"up":[{"embeddable":true,"href":"https:\/\/agora.xtec.cat\/ceip-lesferreries-palafolls\/wp-json\/wp\/v2\/pages\/181"}],"wp:attachment":[{"href":"https:\/\/agora.xtec.cat\/ceip-lesferreries-palafolls\/wp-json\/wp\/v2\/media?parent=477"}],"curies":[{"name":"wp","href":"https:\/\/api.w.org\/{rel}","templated":true}]}}