{"id":314,"date":"2013-04-25T10:59:32","date_gmt":"2013-04-25T09:59:32","guid":{"rendered":"http:\/\/blocs.xtec.cat\/lesferreriespalafolls\/?page_id=314"},"modified":"2023-08-30T10:44:45","modified_gmt":"2023-08-30T08:44:45","slug":"informes","status":"publish","type":"page","link":"https:\/\/agora.xtec.cat\/ceip-lesferreries-palafolls\/info\/informes\/","title":{"rendered":"Informes"},"content":{"rendered":"<p style=\"text-align: justify;\"><span style=\"font-size: 16px;\">Les fam\u00edlies reben informaci\u00f3 del desenvolupament dels seus fills\/es a trav\u00e9s de diversos mecanismes: reunions d&#8217;inici de curs, els informes trimestrals, les entrevistes anuals, les proves i exercicis realitzats al llarg del curs, i la comunicaci\u00f3 en l&#8217;agenda escolar.<\/span><\/p>\n<h1 style=\"font-size: 16px; text-align: justify;\"><em>Reunions d&#8217;inici de curs<\/em><\/h1>\n<p style=\"font-size: 16px; text-align: justify;\"><span style=\"font-size: 16px;\">A l&#8217;inici de curs, cada tutor\/a convoca a les fam\u00edlies dels seus alumnes a una reuni\u00f3 per transmetre les informacions m\u00e9s importants del curs escolar.<\/span><\/p>\n<h1 style=\"font-size: 16px; text-align: justify;\"><em>Els informes trimestrals.<\/em><\/h1>\n<p style=\"font-size: 16px; text-align: justify;\"><span style=\"font-size: 16px;\">A EI3 es fa un primer informe d&#8217;adaptaci\u00f3 al mes de desembre, i un informe de continguts d&#8217;aprenentatge al juny. A EI4 i EI5 es donen informes a finals de gener i al juny.<\/span><\/p>\n<p style=\"font-size: 16px; text-align: justify;\"><span style=\"font-size: 16px;\">A Educaci\u00f3 Prim\u00e0ria \u00e9s fan tres informes sobre el desenvolupament de cada alumne\/a, en ell apareixen les valoracions assolides sobre el curr\u00edculum, les faltes d&#8217;assist\u00e8ncia i les observacions m\u00e9s importants de cada \u00e0rea i\/o dimensions i dels tutors\/es. I un informe final amb la mitja dels 3 trimestres.\u00a0<\/span><\/p>\n<h1 style=\"font-size: 16px; text-align: justify;\"><span style=\"font-size: 16px;\"><em>Les entrevistes anuals.<\/em><\/span><\/h1>\n<p style=\"font-size: 16px; text-align: justify;\"><span style=\"font-size: 16px;\">Els progenitors o tutors\/es legals s\u00f3n citats a una entrevista amb el tutor\/a del seu fill\/a una vegada al curs. Normalment, es realitza a partir del segon trimestre. Us preguem que entengueu la import\u00e0ncia que t\u00e9 aquesta entrevista per valorar i compartir el desenvolupament dels vostres fills\/es .<\/span><\/p>\n<h1 style=\"font-size: 16px; text-align: justify;\"><span style=\"font-size: 16px;\"><em>L&#8217;agenda escolar i el correu electr\u00f2nic de les fam\u00edlies<\/em><\/span><\/h1>\n<p style=\"font-size: 16px; text-align: justify;\"><span style=\"font-size: 16px;\">L&#8217;agenda escolar i el correu electr\u00f2nic s\u00f3n els millors i els m\u00e9s r\u00e0pids mecanismes de comunicaci\u00f3 entre l&#8217;escola i les fam\u00edlies. Reviseu di\u00e0riament l&#8217;agenda i el correu electr\u00f2nic.\u00a0<\/span><\/p>\n<p style=\"font-size: 16px; text-align: justify;\">Totes les fam\u00edlies disposeu d&#8217;un correu electr\u00f2nic amb el domini de l&#8217;escola @lesferreries.cat en el qual s&#8217;enviaran les informacions relacionades amb el centre com tamb\u00e9 ser\u00e0 una eina de comunicaci\u00f3 entre fam\u00edlies i escola.<\/p>\n","protected":false},"excerpt":{"rendered":"<p>Les fam\u00edlies reben informaci\u00f3 del desenvolupament dels seus fills\/es a trav\u00e9s de diversos mecanismes: reunions d&#8217;inici de curs, els informes trimestrals, les entrevistes anuals, les proves i exercicis realitzats al llarg del curs, i la comunicaci\u00f3 en l&#8217;agenda escolar. Reunions d&#8217;inici de curs A l&#8217;inici de curs, cada tutor\/a convoca a les fam\u00edlies dels seus [&hellip;]<\/p>\n","protected":false},"author":1,"featured_media":0,"parent":181,"menu_order":60,"comment_status":"open","ping_status":"open","template":"page-templates\/side-menu.php","meta":{"_bbp_topic_count":0,"_bbp_reply_count":0,"_bbp_total_topic_count":0,"_bbp_total_reply_count":0,"_bbp_voice_count":0,"_bbp_anonymous_reply_count":0,"_bbp_topic_count_hidden":0,"_bbp_reply_count_hidden":0,"_bbp_forum_subforum_count":0,"site-sidebar-layout":"default","site-content-layout":"","ast-site-content-layout":"","site-content-style":"default","site-sidebar-style":"default","ast-global-header-display":"","ast-banner-title-visibility":"","ast-main-header-display":"","ast-hfb-above-header-display":"","ast-hfb-below-header-display":"","ast-hfb-mobile-header-display":"","site-post-title":"","ast-breadcrumbs-content":"","ast-featured-img":"","footer-sml-layout":"","theme-transparent-header-meta":"","adv-header-id-meta":"","stick-header-meta":"","header-above-stick-meta":"","header-main-stick-meta":"","header-below-stick-meta":"","astra-migrate-meta-layouts":"default","ast-page-background-enabled":"default","ast-page-background-meta":{"desktop":{"background-color":"var(--ast-global-color-4)","background-image":"","background-repeat":"repeat","background-position":"center center","background-size":"auto","background-attachment":"scroll","background-type":"","background-media":"","overlay-type":"","overlay-color":"","overlay-opacity":"","overlay-gradient":""},"tablet":{"background-color":"","background-image":"","background-repeat":"repeat","background-position":"center center","background-size":"auto","background-attachment":"scroll","background-type":"","background-media":"","overlay-type":"","overlay-color":"","overlay-opacity":"","overlay-gradient":""},"mobile":{"background-color":"","background-image":"","background-repeat":"repeat","background-position":"center center","background-size":"auto","background-attachment":"scroll","background-type":"","background-media":"","overlay-type":"","overlay-color":"","overlay-opacity":"","overlay-gradient":""}},"ast-content-background-meta":{"desktop":{"background-color":"var(--ast-global-color-5)","background-image":"","background-repeat":"repeat","background-position":"center center","background-size":"auto","background-attachment":"scroll","background-type":"","background-media":"","overlay-type":"","overlay-color":"","overlay-opacity":"","overlay-gradient":""},"tablet":{"background-color":"var(--ast-global-color-5)","background-image":"","background-repeat":"repeat","background-position":"center center","background-size":"auto","background-attachment":"scroll","background-type":"","background-media":"","overlay-type":"","overlay-color":"","overlay-opacity":"","overlay-gradient":""},"mobile":{"background-color":"var(--ast-global-color-5)","background-image":"","background-repeat":"repeat","background-position":"center center","background-size":"auto","background-attachment":"scroll","background-type":"","background-media":"","overlay-type":"","overlay-color":"","overlay-opacity":"","overlay-gradient":""}},"footnotes":""},"class_list":["post-314","page","type-page","status-publish","hentry"],"post_mailing_queue_ids":[],"_links":{"self":[{"href":"https:\/\/agora.xtec.cat\/ceip-lesferreries-palafolls\/wp-json\/wp\/v2\/pages\/314","targetHints":{"allow":["GET"]}}],"collection":[{"href":"https:\/\/agora.xtec.cat\/ceip-lesferreries-palafolls\/wp-json\/wp\/v2\/pages"}],"about":[{"href":"https:\/\/agora.xtec.cat\/ceip-lesferreries-palafolls\/wp-json\/wp\/v2\/types\/page"}],"author":[{"embeddable":true,"href":"https:\/\/agora.xtec.cat\/ceip-lesferreries-palafolls\/wp-json\/wp\/v2\/users\/1"}],"replies":[{"embeddable":true,"href":"https:\/\/agora.xtec.cat\/ceip-lesferreries-palafolls\/wp-json\/wp\/v2\/comments?post=314"}],"version-history":[{"count":4,"href":"https:\/\/agora.xtec.cat\/ceip-lesferreries-palafolls\/wp-json\/wp\/v2\/pages\/314\/revisions"}],"predecessor-version":[{"id":22652,"href":"https:\/\/agora.xtec.cat\/ceip-lesferreries-palafolls\/wp-json\/wp\/v2\/pages\/314\/revisions\/22652"}],"up":[{"embeddable":true,"href":"https:\/\/agora.xtec.cat\/ceip-lesferreries-palafolls\/wp-json\/wp\/v2\/pages\/181"}],"wp:attachment":[{"href":"https:\/\/agora.xtec.cat\/ceip-lesferreries-palafolls\/wp-json\/wp\/v2\/media?parent=314"}],"curies":[{"name":"wp","href":"https:\/\/api.w.org\/{rel}","templated":true}]}}