{"id":21,"date":"2007-12-05T00:32:47","date_gmt":"2007-12-04T23:32:47","guid":{"rendered":"http:\/\/blocs.xtec.cat\/lesferreriespalafolls\/info\/on-som\/"},"modified":"2023-08-30T12:24:41","modified_gmt":"2023-08-30T10:24:41","slug":"on-som","status":"publish","type":"page","link":"https:\/\/agora.xtec.cat\/ceip-lesferreries-palafolls\/benvinguts-2\/on-som\/","title":{"rendered":"On som ?"},"content":{"rendered":"<p>Al terme municipal de <a href=\"http:\/\/www.palafolls.net\/\" target=\"_blank\" rel=\"noopener\">Palafolls<\/a>, situat al nord-est de la comarca del <a href=\"http:\/\/es.wikipedia.org\/wiki\/Maresme\" target=\"_blank\" rel=\"noopener\">Maresme<\/a>, s&#8217;est\u00e9n des dels darrers contraforts de la Serra del Montnegre fins al corredor de la Tordera, amb una extensi\u00f3 de 16 km2, fent el riu Tordera de l\u00edmit frontera amb la comarca de la Selva i alhora amb la prov\u00edncia de Girona. Est\u00e0 envoltat pels municipis de la Tordera, Santa Susanna i Malgrat de Mar. Es troba a 2 KM de Blanes, a 40 KM de Girona i a 70 KM de Barcelona amb frontera el mar per l\u2019est.<\/p>\n<p>El terme municipal \u00e9s de 16.3 Km\u00b2, i la seva altura mitjana sobre el nivell del mar de 16 m. La poblaci\u00f3 a 1 de Gener de 2012 era de 9027 habitants, sent l\u2019ocupaci\u00f3 principal el turisme, la ind\u00fastria i l\u2019agricultura d\u2019hivernacle.<\/p>\n<p>Compta amb el nucli central de les Ferreries i barris com el de Sta. Maria i Sant Llu\u00eds. Tamb\u00e9 Palafolls compta amb la poblaci\u00f3 de Sant Genis de Palafolls i les Urbanitzacions de Mas Reixach i Mas Carb\u00f3.<\/p>\n<p>El principal punts culturals i tur\u00edstics s\u00f3n: La biblioteca, Can Florenci, Casal d\u2019Avis, L\u2019esgl\u00e9sia de Sta. Maria i de Sant Gen\u00eds, el centre de M\u00fasica i Dansa, El Forroll, el Palauet, dissenyat per l\u2019arquitecte Arata Isozaki i el Castell de Palafolls.<\/p>\n<p><iframe loading=\"lazy\" src=\"https:\/\/maps.google.es\/maps?f=q&amp;source=s_q&amp;hl=ca&amp;geocode=&amp;q=Les+Ferreries+de+Palafolls&amp;aq=&amp;sll=41.786408,2.443393&amp;sspn=1.615811,2.469177&amp;ie=UTF8&amp;hq=Les+Ferreries+de&amp;hnear=Palafolls,+Barcelona,+Catalunya&amp;t=m&amp;z=14&amp;iwloc=A&amp;cid=7923274974580482798&amp;ll=41.666698,2.747428&amp;output=embed\" width=\"425\" height=\"350\" frameborder=\"0\" scrolling=\"no\"><\/iframe><br \/>\n<a href=\"https:\/\/maps.google.es\/maps?f=q&amp;source=embed&amp;hl=ca&amp;geocode=&amp;q=Les+Ferreries+de+Palafolls&amp;aq=&amp;sll=41.786408,2.443393&amp;sspn=1.615811,2.469177&amp;ie=UTF8&amp;hq=Les+Ferreries+de&amp;hnear=Palafolls,+Barcelona,+Catalunya&amp;t=m&amp;z=14&amp;iwloc=A&amp;cid=7923274974580482798&amp;ll=41.666698,2.747428\">Mostra un mapa m\u00e9s gran<\/a><\/p>\n","protected":false},"excerpt":{"rendered":"<p>Al terme municipal de Palafolls, situat al nord-est de la comarca del Maresme, s&#8217;est\u00e9n des dels darrers contraforts de la Serra del Montnegre fins al corredor de la Tordera, amb una extensi\u00f3 de 16 km2, fent el riu Tordera de l\u00edmit frontera amb la comarca de la Selva i alhora amb la prov\u00edncia de Girona. [&hellip;]<\/p>\n","protected":false},"author":1,"featured_media":0,"parent":1563,"menu_order":5,"comment_status":"closed","ping_status":"closed","template":"page-templates\/side-menu.php","meta":{"_bbp_topic_count":0,"_bbp_reply_count":0,"_bbp_total_topic_count":0,"_bbp_total_reply_count":0,"_bbp_voice_count":0,"_bbp_anonymous_reply_count":0,"_bbp_topic_count_hidden":0,"_bbp_reply_count_hidden":0,"_bbp_forum_subforum_count":0,"site-sidebar-layout":"default","site-content-layout":"","ast-site-content-layout":"","site-content-style":"default","site-sidebar-style":"default","ast-global-header-display":"","ast-banner-title-visibility":"","ast-main-header-display":"","ast-hfb-above-header-display":"","ast-hfb-below-header-display":"","ast-hfb-mobile-header-display":"","site-post-title":"","ast-breadcrumbs-content":"","ast-featured-img":"","footer-sml-layout":"","theme-transparent-header-meta":"","adv-header-id-meta":"","stick-header-meta":"","header-above-stick-meta":"","header-main-stick-meta":"","header-below-stick-meta":"","astra-migrate-meta-layouts":"default","ast-page-background-enabled":"default","ast-page-background-meta":{"desktop":{"background-color":"var(--ast-global-color-4)","background-image":"","background-repeat":"repeat","background-position":"center center","background-size":"auto","background-attachment":"scroll","background-type":"","background-media":"","overlay-type":"","overlay-color":"","overlay-opacity":"","overlay-gradient":""},"tablet":{"background-color":"","background-image":"","background-repeat":"repeat","background-position":"center center","background-size":"auto","background-attachment":"scroll","background-type":"","background-media":"","overlay-type":"","overlay-color":"","overlay-opacity":"","overlay-gradient":""},"mobile":{"background-color":"","background-image":"","background-repeat":"repeat","background-position":"center center","background-size":"auto","background-attachment":"scroll","background-type":"","background-media":"","overlay-type":"","overlay-color":"","overlay-opacity":"","overlay-gradient":""}},"ast-content-background-meta":{"desktop":{"background-color":"var(--ast-global-color-5)","background-image":"","background-repeat":"repeat","background-position":"center center","background-size":"auto","background-attachment":"scroll","background-type":"","background-media":"","overlay-type":"","overlay-color":"","overlay-opacity":"","overlay-gradient":""},"tablet":{"background-color":"var(--ast-global-color-5)","background-image":"","background-repeat":"repeat","background-position":"center center","background-size":"auto","background-attachment":"scroll","background-type":"","background-media":"","overlay-type":"","overlay-color":"","overlay-opacity":"","overlay-gradient":""},"mobile":{"background-color":"var(--ast-global-color-5)","background-image":"","background-repeat":"repeat","background-position":"center center","background-size":"auto","background-attachment":"scroll","background-type":"","background-media":"","overlay-type":"","overlay-color":"","overlay-opacity":"","overlay-gradient":""}},"footnotes":""},"class_list":["post-21","page","type-page","status-publish","hentry"],"post_mailing_queue_ids":[],"_links":{"self":[{"href":"https:\/\/agora.xtec.cat\/ceip-lesferreries-palafolls\/wp-json\/wp\/v2\/pages\/21","targetHints":{"allow":["GET"]}}],"collection":[{"href":"https:\/\/agora.xtec.cat\/ceip-lesferreries-palafolls\/wp-json\/wp\/v2\/pages"}],"about":[{"href":"https:\/\/agora.xtec.cat\/ceip-lesferreries-palafolls\/wp-json\/wp\/v2\/types\/page"}],"author":[{"embeddable":true,"href":"https:\/\/agora.xtec.cat\/ceip-lesferreries-palafolls\/wp-json\/wp\/v2\/users\/1"}],"replies":[{"embeddable":true,"href":"https:\/\/agora.xtec.cat\/ceip-lesferreries-palafolls\/wp-json\/wp\/v2\/comments?post=21"}],"version-history":[{"count":3,"href":"https:\/\/agora.xtec.cat\/ceip-lesferreries-palafolls\/wp-json\/wp\/v2\/pages\/21\/revisions"}],"predecessor-version":[{"id":22656,"href":"https:\/\/agora.xtec.cat\/ceip-lesferreries-palafolls\/wp-json\/wp\/v2\/pages\/21\/revisions\/22656"}],"up":[{"embeddable":true,"href":"https:\/\/agora.xtec.cat\/ceip-lesferreries-palafolls\/wp-json\/wp\/v2\/pages\/1563"}],"wp:attachment":[{"href":"https:\/\/agora.xtec.cat\/ceip-lesferreries-palafolls\/wp-json\/wp\/v2\/media?parent=21"}],"curies":[{"name":"wp","href":"https:\/\/api.w.org\/{rel}","templated":true}]}}