{"id":800,"date":"2020-02-12T15:59:14","date_gmt":"2020-02-12T14:59:14","guid":{"rendered":"https:\/\/agora.xtec.cat\/ceip-lesfalgueres\/?page_id=800"},"modified":"2021-10-18T12:12:35","modified_gmt":"2021-10-18T10:12:35","slug":"acollida","status":"publish","type":"page","link":"https:\/\/agora.xtec.cat\/ceip-lesfalgueres\/serveis\/afa\/acollida\/","title":{"rendered":"Acollida"},"content":{"rendered":"<p>El servei\u00a0Bon dia \/ Bona tarda\u00a0l&#8217;ofereix l&#8217;AFA a tots els socis que tinguin necessitat de portar o recollir els seus fills\/es fora d&#8217;horari escolar.<\/p>\n<p>Aquest curs el servei Bon dia s&#8217;ofereix de 7.45h a 9.00h del mat\u00ed, i el servei Bona tarda s&#8217;ofereix de 16.30h a 18h o de 16.30h a 18h de la tarda.<\/p>\n<p>El servei de mat\u00ed tindr\u00e0 lloc al gimn\u00e0s de l&#8217;escola pel nombre elevat de nens\/es que hi participen. El servei de tarda es seguir\u00e0 realitzant a la Biblioteca de l&#8217;escola.<\/p>\n<p>Si teniu qualsevol suggeriment, pregunta o comentari referent al funcionament del servei podeu trucar al\u00a0654 94 02 52\u00a0(Eva Dom\u00ednguez) o enviar un correu electr\u00f2nic a\u00a0<a href=\"mailto:acollidafalgueres@gmail.com\">acollidafalgueres@gmail.com<\/a><\/p>\n","protected":false},"excerpt":{"rendered":"<p>El servei\u00a0Bon dia \/ Bona tarda\u00a0l&#8217;ofereix l&#8217;AFA a tots els socis que tinguin necessitat de portar o recollir els seus fills\/es fora d&#8217;horari escolar.<br \/>\nAquest curs el servei Bon dia s&#8217;ofereix de 7.45h a 9.00h del mat\u00ed, i el servei Bona tarda s&#8217;ofereix de 16.30h a&hellip;  <a href=\"https:\/\/agora.xtec.cat\/ceip-lesfalgueres\/serveis\/afa\/acollida\/\" title=\"Read Acollida\">Llegeix m\u00e9s\u00bb<\/a><\/p>\n","protected":false},"author":1,"featured_media":0,"parent":798,"menu_order":20,"comment_status":"closed","ping_status":"closed","template":"page-templates\/side-menu.php","meta":{"_bbp_topic_count":0,"_bbp_reply_count":0,"_bbp_total_topic_count":0,"_bbp_total_reply_count":0,"_bbp_voice_count":0,"_bbp_anonymous_reply_count":0,"_bbp_topic_count_hidden":0,"_bbp_reply_count_hidden":0,"_bbp_forum_subforum_count":0,"footnotes":""},"class_list":["post-800","page","type-page","status-publish","hentry"],"post_mailing_queue_ids":[],"_links":{"self":[{"href":"https:\/\/agora.xtec.cat\/ceip-lesfalgueres\/wp-json\/wp\/v2\/pages\/800","targetHints":{"allow":["GET"]}}],"collection":[{"href":"https:\/\/agora.xtec.cat\/ceip-lesfalgueres\/wp-json\/wp\/v2\/pages"}],"about":[{"href":"https:\/\/agora.xtec.cat\/ceip-lesfalgueres\/wp-json\/wp\/v2\/types\/page"}],"author":[{"embeddable":true,"href":"https:\/\/agora.xtec.cat\/ceip-lesfalgueres\/wp-json\/wp\/v2\/users\/1"}],"replies":[{"embeddable":true,"href":"https:\/\/agora.xtec.cat\/ceip-lesfalgueres\/wp-json\/wp\/v2\/comments?post=800"}],"version-history":[{"count":3,"href":"https:\/\/agora.xtec.cat\/ceip-lesfalgueres\/wp-json\/wp\/v2\/pages\/800\/revisions"}],"predecessor-version":[{"id":2010,"href":"https:\/\/agora.xtec.cat\/ceip-lesfalgueres\/wp-json\/wp\/v2\/pages\/800\/revisions\/2010"}],"up":[{"embeddable":true,"href":"https:\/\/agora.xtec.cat\/ceip-lesfalgueres\/wp-json\/wp\/v2\/pages\/798"}],"wp:attachment":[{"href":"https:\/\/agora.xtec.cat\/ceip-lesfalgueres\/wp-json\/wp\/v2\/media?parent=800"}],"curies":[{"name":"wp","href":"https:\/\/api.w.org\/{rel}","templated":true}]}}