{"id":685,"date":"2020-02-10T16:15:42","date_gmt":"2020-02-10T15:15:42","guid":{"rendered":"https:\/\/agora.xtec.cat\/ceip-lesfalgueres\/?page_id=685"},"modified":"2021-11-18T12:03:34","modified_gmt":"2021-11-18T11:03:34","slug":"infantil","status":"publish","type":"page","link":"https:\/\/agora.xtec.cat\/ceip-lesfalgueres\/metodologia\/infantil\/","title":{"rendered":"Infantil"},"content":{"rendered":"<p><span style=\"font-family: Arial, Helvetica, sans-serif; font-size: medium;\"><b><span style=\"font-size: xx-large;\">AULES TEM\u00c0TIQUES A INFANTIL<br \/>\n<\/span><\/b><\/span><\/p>\n<p style=\"text-align: justify;\">El treball mitjan\u00e7ant els ambients d&#8217;aprenentatge consisteix, b\u00e0sicament, en una manera diferent d&#8217;organitzar els alumnes, l&#8217;espai i els materials per tal de propiciar i construir un lloc d&#8217;aprenentatge que sorgeixi espont\u00e0niament. En aquest ambient l&#8217;infant \u00e9s el protagonista i constructor del seu propi aprenentatge.<br \/>\nEl paper del mestre \u00e9s secundari i es basa fonamentalment en organitzar, preparar el material adequat i estimular per afavorir aquest aprenentatge.<br \/>\nMitjan\u00e7ant aquesta orientaci\u00f3 pedag\u00f2gica volem que l&#8217;alumnat\u00a0 participi d&#8217;una manera m\u00e9s activa, lliure, constructiva i creativa del seu aprenentatge escolar i del seu creixement com a persona.<\/p>\n<p style=\"text-align: justify;\"><strong>ALUMNE:<\/strong><br \/>\n&#8211; L&#8217;infant \u00e9s el protagonista i constructor del seu propi aprenentatge.<br \/>\n&#8211; Investiga, prova, assaja, modifica, construeix, destrueix, parla, raona, explica, inventa\u2026<\/p>\n<p style=\"text-align: justify;\"><strong>MESTRA:<\/strong><br \/>\n&#8211; La funci\u00f3 del mestre \u00e9s fer de guia, d&#8217;organitzador, de mediador que facilita el proc\u00e9s.<br \/>\n&#8211; El mestre interv\u00e9 quan cal per aconseguir l&#8217;objectiu de l&#8217;ambient.<\/p>\n<p style=\"text-align: justify;\"><strong>ESPAI:<\/strong><br \/>\n&#8211; Donem molta import\u00e0ncia als espais i a la seva organitzaci\u00f3. Creiem que tant l&#8217;espai com els materials s\u00f3n la principal estrat\u00e8gia d&#8217;intervenci\u00f3.<br \/>\n&#8211; Utilitzant tota mena de materials<br \/>\n&#8211; Creant espais i materials atractius i motivadors.<\/p>\n<p style=\"text-align: justify;\"><strong>L&#8217;ACCI\u00d3:<\/strong><br \/>\n&#8211; L&#8217;activitat i el joc lliure \u00e9s el principal recurs did\u00e0ctic i d&#8217;aprenentatge.<br \/>\n&#8211; Es prioritzen, per tant, les tasques no dirigides tot i que n&#8217;hi ha que s\u00ed que ho s\u00f3n.<b><\/b><\/p>\n<table class=\" alignleft\" style=\"width: 797px; height: 1213px;\" border=\"0\" width=\"976\" cellspacing=\"0\" align=\"center\">\n<tbody>\n<tr>\n<td style=\"border-style: hidden; width: 278px;\" height=\"377\">\n<div align=\"center\"><a href=\"https:\/\/agora.xtec.cat\/ceip-lesfalgueres\/wp-content\/uploads\/usu2081\/2021\/04\/7.jpg\"><img loading=\"lazy\" decoding=\"async\" class=\"alignnone size-full wp-image-1863\" src=\"https:\/\/agora.xtec.cat\/ceip-lesfalgueres\/wp-content\/uploads\/usu2081\/2021\/04\/7.jpg\" alt=\"\" width=\"360\" height=\"270\" srcset=\"https:\/\/agora.xtec.cat\/ceip-lesfalgueres\/wp-content\/uploads\/usu2081\/2021\/04\/7.jpg 360w, https:\/\/agora.xtec.cat\/ceip-lesfalgueres\/wp-content\/uploads\/usu2081\/2021\/04\/7-300x225.jpg 300w, https:\/\/agora.xtec.cat\/ceip-lesfalgueres\/wp-content\/uploads\/usu2081\/2021\/04\/7-200x150.jpg 200w\" sizes=\"auto, (max-width: 360px) 100vw, 360px\" \/><\/a><\/div>\n<\/td>\n<td style=\"border-style: hidden; width: 238px;\" height=\"377\">\n<div align=\"center\">\n<h3><span style=\"font-family: Arial, Helvetica, sans-serif; font-size: x-large;\"><b>AULA JOC <\/b><\/span>SIMB\u00d2LIC<\/h3>\n<\/div>\n<\/td>\n<td style=\"border-style: hidden; width: 279px;\" height=\"377\">\n<div align=\"center\"><a href=\"https:\/\/agora.xtec.cat\/ceip-lesfalgueres\/wp-content\/uploads\/usu2081\/2021\/04\/4.jpg\"><img loading=\"lazy\" decoding=\"async\" class=\"alignnone size-full wp-image-1866\" src=\"https:\/\/agora.xtec.cat\/ceip-lesfalgueres\/wp-content\/uploads\/usu2081\/2021\/04\/4.jpg\" alt=\"\" width=\"270\" height=\"360\" srcset=\"https:\/\/agora.xtec.cat\/ceip-lesfalgueres\/wp-content\/uploads\/usu2081\/2021\/04\/4.jpg 270w, https:\/\/agora.xtec.cat\/ceip-lesfalgueres\/wp-content\/uploads\/usu2081\/2021\/04\/4-225x300.jpg 225w\" sizes=\"auto, (max-width: 270px) 100vw, 270px\" \/><\/a><\/div>\n<\/td>\n<\/tr>\n<tr>\n<td style=\"border-style: hidden; width: 278px;\" height=\"249\">\n<div align=\"center\"><a href=\"https:\/\/agora.xtec.cat\/ceip-lesfalgueres\/wp-content\/uploads\/usu2081\/2021\/04\/2.jpg\"><img loading=\"lazy\" decoding=\"async\" class=\"alignnone size-full wp-image-1869\" src=\"https:\/\/agora.xtec.cat\/ceip-lesfalgueres\/wp-content\/uploads\/usu2081\/2021\/04\/2.jpg\" alt=\"\" width=\"360\" height=\"270\" srcset=\"https:\/\/agora.xtec.cat\/ceip-lesfalgueres\/wp-content\/uploads\/usu2081\/2021\/04\/2.jpg 360w, https:\/\/agora.xtec.cat\/ceip-lesfalgueres\/wp-content\/uploads\/usu2081\/2021\/04\/2-300x225.jpg 300w, https:\/\/agora.xtec.cat\/ceip-lesfalgueres\/wp-content\/uploads\/usu2081\/2021\/04\/2-200x150.jpg 200w\" sizes=\"auto, (max-width: 360px) 100vw, 360px\" \/><\/a><\/div>\n<\/td>\n<td style=\"border-style: hidden; width: 238px;\" height=\"249\">\n<div align=\"center\"><span style=\"font-family: Arial, Helvetica, sans-serif; font-size: x-large;\"><b>AULA DE<\/b><\/span><\/div>\n<div align=\"center\"><\/div>\n<div align=\"center\"><\/div>\n<div align=\"center\"><span style=\"font-family: Arial, Helvetica, sans-serif; font-size: x-large;\"><b>MATEM\u00c0TIQUES<\/b><\/span><\/div>\n<\/td>\n<td style=\"border-style: hidden; width: 279px;\" height=\"249\"><a href=\"https:\/\/agora.xtec.cat\/ceip-lesfalgueres\/wp-content\/uploads\/usu2081\/2021\/04\/8.jpg\"><img loading=\"lazy\" decoding=\"async\" class=\"alignnone size-full wp-image-1870\" src=\"https:\/\/agora.xtec.cat\/ceip-lesfalgueres\/wp-content\/uploads\/usu2081\/2021\/04\/8.jpg\" alt=\"\" width=\"360\" height=\"270\" srcset=\"https:\/\/agora.xtec.cat\/ceip-lesfalgueres\/wp-content\/uploads\/usu2081\/2021\/04\/8.jpg 360w, https:\/\/agora.xtec.cat\/ceip-lesfalgueres\/wp-content\/uploads\/usu2081\/2021\/04\/8-300x225.jpg 300w, https:\/\/agora.xtec.cat\/ceip-lesfalgueres\/wp-content\/uploads\/usu2081\/2021\/04\/8-200x150.jpg 200w\" sizes=\"auto, (max-width: 360px) 100vw, 360px\" \/><\/a><\/td>\n<\/tr>\n<tr>\n<td style=\"border-style: hidden; width: 278px;\" height=\"294\">\n<div align=\"center\"><a href=\"https:\/\/agora.xtec.cat\/ceip-lesfalgueres\/wp-content\/uploads\/usu2081\/2021\/04\/1-2.jpg\"><img loading=\"lazy\" decoding=\"async\" class=\"alignnone size-full wp-image-1871\" src=\"https:\/\/agora.xtec.cat\/ceip-lesfalgueres\/wp-content\/uploads\/usu2081\/2021\/04\/1-2.jpg\" alt=\"\" width=\"360\" height=\"270\" srcset=\"https:\/\/agora.xtec.cat\/ceip-lesfalgueres\/wp-content\/uploads\/usu2081\/2021\/04\/1-2.jpg 360w, https:\/\/agora.xtec.cat\/ceip-lesfalgueres\/wp-content\/uploads\/usu2081\/2021\/04\/1-2-300x225.jpg 300w, https:\/\/agora.xtec.cat\/ceip-lesfalgueres\/wp-content\/uploads\/usu2081\/2021\/04\/1-2-200x150.jpg 200w\" sizes=\"auto, (max-width: 360px) 100vw, 360px\" \/><\/a><\/div>\n<\/td>\n<td style=\"border-style: hidden; width: 238px;\" height=\"294\">\n<div align=\"center\"><span style=\"font-family: Arial, Helvetica, sans-serif; font-size: x-large;\"><b>AULA DE<\/b><\/span><\/div>\n<div align=\"center\"><\/div>\n<div align=\"center\"><\/div>\n<div align=\"center\"><span style=\"font-family: Arial, Helvetica, sans-serif; font-size: x-large;\"><b>PL\u00c0STICA<\/b><\/span><\/div>\n<\/td>\n<td style=\"border-style: hidden; width: 279px;\" height=\"294\">\n<div align=\"center\"><a href=\"https:\/\/agora.xtec.cat\/ceip-lesfalgueres\/wp-content\/uploads\/usu2081\/2021\/04\/6.jpg\"><img loading=\"lazy\" decoding=\"async\" class=\"alignnone size-full wp-image-1883\" src=\"https:\/\/agora.xtec.cat\/ceip-lesfalgueres\/wp-content\/uploads\/usu2081\/2021\/04\/6.jpg\" alt=\"\" width=\"360\" height=\"270\" srcset=\"https:\/\/agora.xtec.cat\/ceip-lesfalgueres\/wp-content\/uploads\/usu2081\/2021\/04\/6.jpg 360w, https:\/\/agora.xtec.cat\/ceip-lesfalgueres\/wp-content\/uploads\/usu2081\/2021\/04\/6-300x225.jpg 300w, https:\/\/agora.xtec.cat\/ceip-lesfalgueres\/wp-content\/uploads\/usu2081\/2021\/04\/6-200x150.jpg 200w\" sizes=\"auto, (max-width: 360px) 100vw, 360px\" \/><\/a><\/div>\n<\/td>\n<\/tr>\n<tr>\n<td style=\"border-style: hidden; width: 278px;\" height=\"301\">\n<p align=\"center\"><a href=\"https:\/\/agora.xtec.cat\/ceip-lesfalgueres\/wp-content\/uploads\/usu2081\/2021\/04\/9.jpg\"><img loading=\"lazy\" decoding=\"async\" class=\"alignnone size-full wp-image-1884\" src=\"https:\/\/agora.xtec.cat\/ceip-lesfalgueres\/wp-content\/uploads\/usu2081\/2021\/04\/9.jpg\" alt=\"\" width=\"360\" height=\"270\" srcset=\"https:\/\/agora.xtec.cat\/ceip-lesfalgueres\/wp-content\/uploads\/usu2081\/2021\/04\/9.jpg 360w, https:\/\/agora.xtec.cat\/ceip-lesfalgueres\/wp-content\/uploads\/usu2081\/2021\/04\/9-300x225.jpg 300w, https:\/\/agora.xtec.cat\/ceip-lesfalgueres\/wp-content\/uploads\/usu2081\/2021\/04\/9-200x150.jpg 200w\" sizes=\"auto, (max-width: 360px) 100vw, 360px\" \/><\/a><\/p>\n<\/td>\n<td style=\"border-style: hidden; width: 238px;\" height=\"301\">\n<div align=\"center\"><span style=\"font-family: Arial, Helvetica, sans-serif; font-size: x-large;\"><b>AULA DE<\/b><\/span><\/div>\n<div align=\"center\"><\/div>\n<div align=\"center\"><\/div>\n<div align=\"center\"><span style=\"font-family: Arial, Helvetica, sans-serif; font-size: x-large;\"><b>LLENGUA<\/b><\/span><\/div>\n<\/td>\n<td style=\"border-style: hidden; width: 279px;\" height=\"301\">\n<div align=\"center\"><a href=\"https:\/\/agora.xtec.cat\/ceip-lesfalgueres\/wp-content\/uploads\/usu2081\/2021\/04\/5-1.jpg\"><img loading=\"lazy\" decoding=\"async\" class=\"alignnone size-full wp-image-1885\" src=\"https:\/\/agora.xtec.cat\/ceip-lesfalgueres\/wp-content\/uploads\/usu2081\/2021\/04\/5-1.jpg\" alt=\"\" width=\"360\" height=\"270\" srcset=\"https:\/\/agora.xtec.cat\/ceip-lesfalgueres\/wp-content\/uploads\/usu2081\/2021\/04\/5-1.jpg 360w, https:\/\/agora.xtec.cat\/ceip-lesfalgueres\/wp-content\/uploads\/usu2081\/2021\/04\/5-1-300x225.jpg 300w, https:\/\/agora.xtec.cat\/ceip-lesfalgueres\/wp-content\/uploads\/usu2081\/2021\/04\/5-1-200x150.jpg 200w\" sizes=\"auto, (max-width: 360px) 100vw, 360px\" \/><\/a><\/div>\n<\/td>\n<\/tr>\n<\/tbody>\n<\/table>\n","protected":false},"excerpt":{"rendered":"<p>AULES TEM\u00c0TIQUES A INFANTIL<\/p>\n<p>El treball mitjan\u00e7ant els ambients d&#8217;aprenentatge consisteix, b\u00e0sicament, en una manera diferent d&#8217;organitzar els alumnes, l&#8217;espai i els materials per tal de propiciar i construir un lloc d&#8217;aprenentatge que sorgeixi espont\u00e0niament. En aquest ambient l&#8217;infant \u00e9s el protagonista i constructor del seu&hellip;  <a href=\"https:\/\/agora.xtec.cat\/ceip-lesfalgueres\/metodologia\/infantil\/\" title=\"Read Infantil\">Llegeix m\u00e9s\u00bb<\/a><\/p>\n","protected":false},"author":1,"featured_media":0,"parent":684,"menu_order":10,"comment_status":"closed","ping_status":"closed","template":"page-templates\/side-menu.php","meta":{"_bbp_topic_count":0,"_bbp_reply_count":0,"_bbp_total_topic_count":0,"_bbp_total_reply_count":0,"_bbp_voice_count":0,"_bbp_anonymous_reply_count":0,"_bbp_topic_count_hidden":0,"_bbp_reply_count_hidden":0,"_bbp_forum_subforum_count":0,"footnotes":""},"class_list":["post-685","page","type-page","status-publish","hentry"],"post_mailing_queue_ids":[],"_links":{"self":[{"href":"https:\/\/agora.xtec.cat\/ceip-lesfalgueres\/wp-json\/wp\/v2\/pages\/685","targetHints":{"allow":["GET"]}}],"collection":[{"href":"https:\/\/agora.xtec.cat\/ceip-lesfalgueres\/wp-json\/wp\/v2\/pages"}],"about":[{"href":"https:\/\/agora.xtec.cat\/ceip-lesfalgueres\/wp-json\/wp\/v2\/types\/page"}],"author":[{"embeddable":true,"href":"https:\/\/agora.xtec.cat\/ceip-lesfalgueres\/wp-json\/wp\/v2\/users\/1"}],"replies":[{"embeddable":true,"href":"https:\/\/agora.xtec.cat\/ceip-lesfalgueres\/wp-json\/wp\/v2\/comments?post=685"}],"version-history":[{"count":4,"href":"https:\/\/agora.xtec.cat\/ceip-lesfalgueres\/wp-json\/wp\/v2\/pages\/685\/revisions"}],"predecessor-version":[{"id":2175,"href":"https:\/\/agora.xtec.cat\/ceip-lesfalgueres\/wp-json\/wp\/v2\/pages\/685\/revisions\/2175"}],"up":[{"embeddable":true,"href":"https:\/\/agora.xtec.cat\/ceip-lesfalgueres\/wp-json\/wp\/v2\/pages\/684"}],"wp:attachment":[{"href":"https:\/\/agora.xtec.cat\/ceip-lesfalgueres\/wp-json\/wp\/v2\/media?parent=685"}],"curies":[{"name":"wp","href":"https:\/\/api.w.org\/{rel}","templated":true}]}}