{"id":532,"date":"2020-02-10T10:27:05","date_gmt":"2020-02-10T09:27:05","guid":{"rendered":"https:\/\/agora.xtec.cat\/ceip-lesfalgueres\/?page_id=532"},"modified":"2023-05-15T14:45:59","modified_gmt":"2023-05-15T12:45:59","slug":"pessebre-vivent","status":"publish","type":"page","link":"https:\/\/agora.xtec.cat\/ceip-lesfalgueres\/festes-descola\/nadal\/pessebre-vivent\/","title":{"rendered":"Pessebre vivent"},"content":{"rendered":"<h4>ACTIVITAT OBERTA A LES FAM\u00cdLIES<\/h4>\n<p>Cada any organitzem com a m\u00ednim una activitat oberta a les fam\u00edlies. Aquestes activitats s\u00f3n: pessebre vivent, o cantada de nadales o castanyada. Es van realitzant c\u00edclicament, \u00e9s a dir, un any hi ha el pessebre vivent, el seg\u00fcent cantada de nadales i l&#8217;altre any castanyada.<\/p>\n<p>Quan fem el pessebre vivent convidem als pares i mares a venir a fer tallers per ajudar-nos a fer els decorats.<br \/>\nGr\u00e0cies a totes les persones que poden venir a donar-nos un cop de m\u00e0!!!<\/p>\n<h3><\/h3>\n<h3><\/h3>\n<p>&nbsp;<\/p>\n<table>\n<tbody>\n<tr>\n<td style=\"border-style: hidden; border-color: #ffffff; background-color: #ffffff;\"><a href=\"https:\/\/agora.xtec.cat\/ceip-lesfalgueres\/wp-content\/uploads\/usu2081\/2020\/02\/61.jpg\"><img loading=\"lazy\" decoding=\"async\" src=\"https:\/\/agora.xtec.cat\/ceip-lesfalgueres\/wp-content\/uploads\/usu2081\/2020\/02\/61.jpg\" alt=\"\" width=\"360\" height=\"270\" \/><\/a><\/td>\n<td style=\"border-style: hidden; border-color: #ffffff; background-color: #ffffff;\"><a href=\"https:\/\/agora.xtec.cat\/ceip-lesfalgueres\/wp-content\/uploads\/usu2081\/2020\/02\/62.jpg\"><img loading=\"lazy\" decoding=\"async\" src=\"https:\/\/agora.xtec.cat\/ceip-lesfalgueres\/wp-content\/uploads\/usu2081\/2020\/02\/62.jpg\" alt=\"\" width=\"360\" height=\"270\" \/><\/a><\/td>\n<td style=\"border-style: hidden; border-color: #ffffff; background-color: #ffffff;\"><a href=\"https:\/\/agora.xtec.cat\/ceip-lesfalgueres\/wp-content\/uploads\/usu2081\/2020\/02\/59.jpg\"><img loading=\"lazy\" decoding=\"async\" src=\"https:\/\/agora.xtec.cat\/ceip-lesfalgueres\/wp-content\/uploads\/usu2081\/2020\/02\/59.jpg\" alt=\"\" width=\"360\" height=\"270\" \/><\/a><\/td>\n<td style=\"border-style: hidden; border-color: #ffffff; background-color: #ffffff;\"><a href=\"https:\/\/agora.xtec.cat\/ceip-lesfalgueres\/wp-content\/uploads\/usu2081\/2020\/02\/60.jpg\"><img loading=\"lazy\" decoding=\"async\" src=\"https:\/\/agora.xtec.cat\/ceip-lesfalgueres\/wp-content\/uploads\/usu2081\/2020\/02\/60.jpg\" alt=\"\" width=\"360\" height=\"270\" \/><\/a><\/td>\n<\/tr>\n<tr>\n<td style=\"border-style: hidden; border-color: #ffffff; background-color: #ffffff;\"><a href=\"https:\/\/agora.xtec.cat\/ceip-lesfalgueres\/wp-content\/uploads\/usu2081\/2020\/02\/57.jpg\"><img loading=\"lazy\" decoding=\"async\" src=\"https:\/\/agora.xtec.cat\/ceip-lesfalgueres\/wp-content\/uploads\/usu2081\/2020\/02\/57.jpg\" alt=\"\" width=\"360\" height=\"270\" \/><\/a><\/td>\n<td style=\"border-style: hidden; border-color: #ffffff; background-color: #ffffff;\"><a href=\"https:\/\/agora.xtec.cat\/ceip-lesfalgueres\/wp-content\/uploads\/usu2081\/2020\/02\/58.jpg\"><img loading=\"lazy\" decoding=\"async\" src=\"https:\/\/agora.xtec.cat\/ceip-lesfalgueres\/wp-content\/uploads\/usu2081\/2020\/02\/58.jpg\" alt=\"\" width=\"360\" height=\"270\" \/><\/a><\/td>\n<td style=\"border-style: hidden; border-color: #ffffff; background-color: #ffffff;\"><a href=\"https:\/\/agora.xtec.cat\/ceip-lesfalgueres\/wp-content\/uploads\/usu2081\/2020\/02\/56.jpg\"><img loading=\"lazy\" decoding=\"async\" src=\"https:\/\/agora.xtec.cat\/ceip-lesfalgueres\/wp-content\/uploads\/usu2081\/2020\/02\/56.jpg\" alt=\"\" width=\"360\" height=\"270\" \/><\/a><\/td>\n<td style=\"border-style: hidden; border-color: #ffffff; background-color: #ffffff;\"><a href=\"https:\/\/agora.xtec.cat\/ceip-lesfalgueres\/wp-content\/uploads\/usu2081\/2020\/02\/54.jpg\"><img loading=\"lazy\" decoding=\"async\" src=\"https:\/\/agora.xtec.cat\/ceip-lesfalgueres\/wp-content\/uploads\/usu2081\/2020\/02\/54.jpg\" alt=\"\" width=\"360\" height=\"270\" \/><\/a><\/td>\n<\/tr>\n<tr>\n<td style=\"border-style: hidden; border-color: #ffffff; background-color: #ffffff;\"><a href=\"https:\/\/agora.xtec.cat\/ceip-lesfalgueres\/wp-content\/uploads\/usu2081\/2020\/02\/55.jpg\"><img loading=\"lazy\" decoding=\"async\" src=\"https:\/\/agora.xtec.cat\/ceip-lesfalgueres\/wp-content\/uploads\/usu2081\/2020\/02\/55.jpg\" alt=\"\" width=\"360\" height=\"270\" \/><\/a><\/td>\n<td style=\"border-style: hidden; border-color: #ffffff; background-color: #ffffff;\"><a href=\"https:\/\/agora.xtec.cat\/ceip-lesfalgueres\/wp-content\/uploads\/usu2081\/2020\/02\/50.jpg\"><img loading=\"lazy\" decoding=\"async\" src=\"https:\/\/agora.xtec.cat\/ceip-lesfalgueres\/wp-content\/uploads\/usu2081\/2020\/02\/50.jpg\" alt=\"\" width=\"360\" height=\"270\" \/><\/a><\/td>\n<td style=\"border-style: hidden; border-color: #ffffff; background-color: #ffffff;\"><a href=\"https:\/\/agora.xtec.cat\/ceip-lesfalgueres\/wp-content\/uploads\/usu2081\/2020\/02\/51.jpg\"><img loading=\"lazy\" decoding=\"async\" src=\"https:\/\/agora.xtec.cat\/ceip-lesfalgueres\/wp-content\/uploads\/usu2081\/2020\/02\/51.jpg\" alt=\"\" width=\"360\" height=\"270\" \/><\/a><\/td>\n<td style=\"border-style: hidden; border-color: #ffffff; background-color: #ffffff;\"><a href=\"https:\/\/agora.xtec.cat\/ceip-lesfalgueres\/wp-content\/uploads\/usu2081\/2020\/02\/49.jpg\"><img loading=\"lazy\" decoding=\"async\" src=\"https:\/\/agora.xtec.cat\/ceip-lesfalgueres\/wp-content\/uploads\/usu2081\/2020\/02\/49.jpg\" alt=\"\" width=\"360\" height=\"270\" \/><\/a><\/td>\n<\/tr>\n<tr>\n<td style=\"border-style: hidden; border-color: #ffffff; background-color: #ffffff;\"><a href=\"https:\/\/agora.xtec.cat\/ceip-lesfalgueres\/wp-content\/uploads\/usu2081\/2020\/02\/52.jpg\"><img loading=\"lazy\" decoding=\"async\" src=\"https:\/\/agora.xtec.cat\/ceip-lesfalgueres\/wp-content\/uploads\/usu2081\/2020\/02\/52.jpg\" alt=\"\" width=\"360\" height=\"270\" \/><\/a><\/td>\n<td style=\"border-style: hidden; border-color: #ffffff; background-color: #ffffff;\"><a href=\"https:\/\/agora.xtec.cat\/ceip-lesfalgueres\/wp-content\/uploads\/usu2081\/2020\/02\/53.jpg\"><img loading=\"lazy\" decoding=\"async\" src=\"https:\/\/agora.xtec.cat\/ceip-lesfalgueres\/wp-content\/uploads\/usu2081\/2020\/02\/53.jpg\" alt=\"\" width=\"360\" height=\"270\" \/><\/a><\/td>\n<td style=\"border-style: hidden; border-color: #ffffff; background-color: #ffffff;\"><a href=\"https:\/\/agora.xtec.cat\/ceip-lesfalgueres\/wp-content\/uploads\/usu2081\/2020\/02\/44.jpg\"><img loading=\"lazy\" decoding=\"async\" src=\"https:\/\/agora.xtec.cat\/ceip-lesfalgueres\/wp-content\/uploads\/usu2081\/2020\/02\/44.jpg\" alt=\"\" width=\"360\" height=\"270\" \/><\/a><\/td>\n<td style=\"border-style: hidden; border-color: #ffffff; background-color: #ffffff;\"><a href=\"https:\/\/agora.xtec.cat\/ceip-lesfalgueres\/wp-content\/uploads\/usu2081\/2020\/02\/42.jpg\"><img loading=\"lazy\" decoding=\"async\" src=\"https:\/\/agora.xtec.cat\/ceip-lesfalgueres\/wp-content\/uploads\/usu2081\/2020\/02\/42.jpg\" alt=\"\" width=\"360\" height=\"270\" \/><\/a><\/td>\n<\/tr>\n<tr>\n<td style=\"border-style: hidden; border-color: #ffffff; background-color: #ffffff;\"><a href=\"https:\/\/agora.xtec.cat\/ceip-lesfalgueres\/wp-content\/uploads\/usu2081\/2020\/02\/43.jpg\"><img loading=\"lazy\" decoding=\"async\" src=\"https:\/\/agora.xtec.cat\/ceip-lesfalgueres\/wp-content\/uploads\/usu2081\/2020\/02\/43.jpg\" alt=\"\" width=\"360\" height=\"270\" \/><\/a><\/td>\n<td style=\"border-style: hidden; border-color: #ffffff; background-color: #ffffff;\"><a href=\"https:\/\/agora.xtec.cat\/ceip-lesfalgueres\/wp-content\/uploads\/usu2081\/2020\/02\/38.jpg\"><img loading=\"lazy\" decoding=\"async\" src=\"https:\/\/agora.xtec.cat\/ceip-lesfalgueres\/wp-content\/uploads\/usu2081\/2020\/02\/38.jpg\" alt=\"\" width=\"360\" height=\"270\" \/><\/a><\/td>\n<td style=\"border-style: hidden; border-color: #ffffff; background-color: #ffffff;\"><a href=\"https:\/\/agora.xtec.cat\/ceip-lesfalgueres\/wp-content\/uploads\/usu2081\/2020\/02\/39.jpg\"><img loading=\"lazy\" decoding=\"async\" src=\"https:\/\/agora.xtec.cat\/ceip-lesfalgueres\/wp-content\/uploads\/usu2081\/2020\/02\/39.jpg\" alt=\"\" width=\"360\" height=\"270\" \/><\/a><\/td>\n<td style=\"border-style: hidden; border-color: #ffffff; background-color: #ffffff;\"><a href=\"https:\/\/agora.xtec.cat\/ceip-lesfalgueres\/wp-content\/uploads\/usu2081\/2020\/02\/40.jpg\"><img loading=\"lazy\" decoding=\"async\" src=\"https:\/\/agora.xtec.cat\/ceip-lesfalgueres\/wp-content\/uploads\/usu2081\/2020\/02\/40.jpg\" alt=\"\" width=\"360\" height=\"270\" \/><\/a><\/td>\n<\/tr>\n<tr>\n<td style=\"border-style: hidden; border-color: #ffffff; background-color: #ffffff;\"><a href=\"https:\/\/agora.xtec.cat\/ceip-lesfalgueres\/wp-content\/uploads\/usu2081\/2020\/02\/30.jpg\"><img loading=\"lazy\" decoding=\"async\" class=\"aligncenter\" src=\"https:\/\/agora.xtec.cat\/ceip-lesfalgueres\/wp-content\/uploads\/usu2081\/2020\/02\/30.jpg\" alt=\"\" width=\"240\" height=\"360\" \/><\/a><\/td>\n<td style=\"border-style: hidden; border-color: #ffffff; background-color: #ffffff;\"><a href=\"https:\/\/agora.xtec.cat\/ceip-lesfalgueres\/wp-content\/uploads\/usu2081\/2020\/02\/36.jpg\"><img loading=\"lazy\" decoding=\"async\" src=\"https:\/\/agora.xtec.cat\/ceip-lesfalgueres\/wp-content\/uploads\/usu2081\/2020\/02\/36.jpg\" alt=\"\" width=\"360\" height=\"270\" \/><\/a><\/td>\n<td style=\"border-style: hidden; border-color: #ffffff; background-color: #ffffff;\"><a href=\"https:\/\/agora.xtec.cat\/ceip-lesfalgueres\/wp-content\/uploads\/usu2081\/2020\/02\/37.jpg\"><img loading=\"lazy\" decoding=\"async\" src=\"https:\/\/agora.xtec.cat\/ceip-lesfalgueres\/wp-content\/uploads\/usu2081\/2020\/02\/37.jpg\" alt=\"\" width=\"360\" height=\"270\" \/><\/a><\/td>\n<td style=\"border-style: hidden; border-color: #ffffff; background-color: #ffffff;\"><a href=\"https:\/\/agora.xtec.cat\/ceip-lesfalgueres\/wp-content\/uploads\/usu2081\/2020\/02\/31.jpg\"><img loading=\"lazy\" decoding=\"async\" class=\"aligncenter\" src=\"https:\/\/agora.xtec.cat\/ceip-lesfalgueres\/wp-content\/uploads\/usu2081\/2020\/02\/31.jpg\" alt=\"\" width=\"240\" height=\"360\" \/><\/a><\/td>\n<\/tr>\n<tr>\n<td style=\"border-style: hidden; border-color: #ffffff; background-color: #ffffff;\"><\/td>\n<td style=\"border-style: hidden; border-color: #ffffff; background-color: #ffffff;\"><\/td>\n<td style=\"border-style: hidden; border-color: #ffffff; background-color: #ffffff;\"><\/td>\n<td style=\"border-style: hidden; border-color: #ffffff; background-color: #ffffff;\"><\/td>\n<\/tr>\n<tr>\n<td style=\"border-style: hidden; border-color: #ffffff; background-color: #ffffff;\"><a href=\"https:\/\/agora.xtec.cat\/ceip-lesfalgueres\/wp-content\/uploads\/usu2081\/2020\/02\/34.jpg\"><img loading=\"lazy\" decoding=\"async\" src=\"https:\/\/agora.xtec.cat\/ceip-lesfalgueres\/wp-content\/uploads\/usu2081\/2020\/02\/34.jpg\" alt=\"\" width=\"360\" height=\"240\" \/><\/a><\/td>\n<td style=\"border-style: hidden; border-color: #ffffff; background-color: #ffffff;\"><a href=\"https:\/\/agora.xtec.cat\/ceip-lesfalgueres\/wp-content\/uploads\/usu2081\/2020\/02\/35.jpg\"><img loading=\"lazy\" decoding=\"async\" src=\"https:\/\/agora.xtec.cat\/ceip-lesfalgueres\/wp-content\/uploads\/usu2081\/2020\/02\/35.jpg\" alt=\"\" width=\"360\" height=\"240\" \/><\/a><\/td>\n<td style=\"border-style: hidden; border-color: #ffffff; background-color: #ffffff;\"><a href=\"https:\/\/agora.xtec.cat\/ceip-lesfalgueres\/wp-content\/uploads\/usu2081\/2020\/02\/32.jpg\"><img loading=\"lazy\" decoding=\"async\" class=\"aligncenter\" src=\"https:\/\/agora.xtec.cat\/ceip-lesfalgueres\/wp-content\/uploads\/usu2081\/2020\/02\/32.jpg\" alt=\"\" width=\"240\" height=\"360\" \/><\/a><\/td>\n<td style=\"border-style: hidden; border-color: #ffffff; background-color: #ffffff;\"><a href=\"https:\/\/agora.xtec.cat\/ceip-lesfalgueres\/wp-content\/uploads\/usu2081\/2020\/02\/33.jpg\"><img loading=\"lazy\" decoding=\"async\" src=\"https:\/\/agora.xtec.cat\/ceip-lesfalgueres\/wp-content\/uploads\/usu2081\/2020\/02\/33.jpg\" alt=\"\" width=\"360\" height=\"240\" \/><\/a><\/td>\n<\/tr>\n<\/tbody>\n<\/table>\n","protected":false},"excerpt":{"rendered":"<p>ACTIVITAT OBERTA A LES FAM\u00cdLIES<br \/>\nCada any organitzem com a m\u00ednim una activitat oberta a les fam\u00edlies. Aquestes activitats s\u00f3n: pessebre vivent, o cantada de nadales o castanyada. Es van realitzant c\u00edclicament, \u00e9s a dir, un any hi ha el pessebre vivent, el seg\u00fcent cantada de&hellip;  <a href=\"https:\/\/agora.xtec.cat\/ceip-lesfalgueres\/festes-descola\/nadal\/pessebre-vivent\/\" title=\"Read Pessebre vivent\">Llegeix m\u00e9s\u00bb<\/a><\/p>\n","protected":false},"author":1,"featured_media":0,"parent":529,"menu_order":10,"comment_status":"closed","ping_status":"closed","template":"page-templates\/side-menu.php","meta":{"_bbp_topic_count":0,"_bbp_reply_count":0,"_bbp_total_topic_count":0,"_bbp_total_reply_count":0,"_bbp_voice_count":0,"_bbp_anonymous_reply_count":0,"_bbp_topic_count_hidden":0,"_bbp_reply_count_hidden":0,"_bbp_forum_subforum_count":0,"footnotes":""},"class_list":["post-532","page","type-page","status-publish","hentry"],"post_mailing_queue_ids":[],"_links":{"self":[{"href":"https:\/\/agora.xtec.cat\/ceip-lesfalgueres\/wp-json\/wp\/v2\/pages\/532","targetHints":{"allow":["GET"]}}],"collection":[{"href":"https:\/\/agora.xtec.cat\/ceip-lesfalgueres\/wp-json\/wp\/v2\/pages"}],"about":[{"href":"https:\/\/agora.xtec.cat\/ceip-lesfalgueres\/wp-json\/wp\/v2\/types\/page"}],"author":[{"embeddable":true,"href":"https:\/\/agora.xtec.cat\/ceip-lesfalgueres\/wp-json\/wp\/v2\/users\/1"}],"replies":[{"embeddable":true,"href":"https:\/\/agora.xtec.cat\/ceip-lesfalgueres\/wp-json\/wp\/v2\/comments?post=532"}],"version-history":[{"count":4,"href":"https:\/\/agora.xtec.cat\/ceip-lesfalgueres\/wp-json\/wp\/v2\/pages\/532\/revisions"}],"predecessor-version":[{"id":2466,"href":"https:\/\/agora.xtec.cat\/ceip-lesfalgueres\/wp-json\/wp\/v2\/pages\/532\/revisions\/2466"}],"up":[{"embeddable":true,"href":"https:\/\/agora.xtec.cat\/ceip-lesfalgueres\/wp-json\/wp\/v2\/pages\/529"}],"wp:attachment":[{"href":"https:\/\/agora.xtec.cat\/ceip-lesfalgueres\/wp-json\/wp\/v2\/media?parent=532"}],"curies":[{"name":"wp","href":"https:\/\/api.w.org\/{rel}","templated":true}]}}