{"id":522,"date":"2020-02-10T10:27:05","date_gmt":"2020-02-10T09:27:05","guid":{"rendered":"https:\/\/agora.xtec.cat\/ceip-lesfalgueres\/?page_id=522"},"modified":"2023-05-15T14:42:49","modified_gmt":"2023-05-15T12:42:49","slug":"apadrinament","status":"publish","type":"page","link":"https:\/\/agora.xtec.cat\/ceip-lesfalgueres\/bones-practiques\/apadrinament\/","title":{"rendered":"Apadrinament"},"content":{"rendered":"<table style=\"width: 62.2302%; height: 227px;\">\n<tbody>\n<tr style=\"height: 135px;\">\n<td style=\"width: 57.8827%; border-style: hidden; height: 135px;\" colspan=\"2\">\n<h6>L&#8217;alumnat de 5\u00e8 apadrinen als nens i nenes de P5. Per tant, a 6\u00e8 encara s\u00f3n padrins dels mateixos alumnes que fan 1r.<\/h6>\n<h6>Es crea una relaci\u00f3 molt especial entre ells, de complicitat, i per aix\u00f2 donem continu\u00eftat a\u00a0 aquest apadrinament per part dels nens i nenes de 6\u00e8.<\/h6>\n<\/td>\n<td style=\"width: 27.2948%; border-style: hidden; height: 135px;\"><a href=\"https:\/\/agora.xtec.cat\/ceip-lesfalgueres\/wp-content\/uploads\/usu2081\/2021\/11\/descarga-1.jpg\"><img loading=\"lazy\" decoding=\"async\" class=\"wp-image-2152 aligncenter\" src=\"https:\/\/agora.xtec.cat\/ceip-lesfalgueres\/wp-content\/uploads\/usu2081\/2021\/11\/descarga-1.jpg\" alt=\"\" width=\"159\" height=\"150\" \/><\/a><\/td>\n<\/tr>\n<\/tbody>\n<\/table>\n","protected":false},"excerpt":{"rendered":"<p>L&#8217;alumnat de 5\u00e8 apadrinen als nens i nenes de P5. Per tant, a 6\u00e8 encara s\u00f3n padrins dels mateixos alumnes que fan 1r.<br \/>\nEs crea una relaci\u00f3 molt especial entre ells, de complicitat, i per aix\u00f2 donem continu\u00eftat a\u00a0 aquest apadrinament per part dels nens i&hellip;  <a href=\"https:\/\/agora.xtec.cat\/ceip-lesfalgueres\/bones-practiques\/apadrinament\/\" title=\"Read Apadrinament\">Llegeix m\u00e9s\u00bb<\/a><\/p>\n","protected":false},"author":1,"featured_media":0,"parent":521,"menu_order":10,"comment_status":"closed","ping_status":"closed","template":"page-templates\/side-menu.php","meta":{"_bbp_topic_count":0,"_bbp_reply_count":0,"_bbp_total_topic_count":0,"_bbp_total_reply_count":0,"_bbp_voice_count":0,"_bbp_anonymous_reply_count":0,"_bbp_topic_count_hidden":0,"_bbp_reply_count_hidden":0,"_bbp_forum_subforum_count":0,"footnotes":""},"class_list":["post-522","page","type-page","status-publish","hentry"],"post_mailing_queue_ids":[],"_links":{"self":[{"href":"https:\/\/agora.xtec.cat\/ceip-lesfalgueres\/wp-json\/wp\/v2\/pages\/522","targetHints":{"allow":["GET"]}}],"collection":[{"href":"https:\/\/agora.xtec.cat\/ceip-lesfalgueres\/wp-json\/wp\/v2\/pages"}],"about":[{"href":"https:\/\/agora.xtec.cat\/ceip-lesfalgueres\/wp-json\/wp\/v2\/types\/page"}],"author":[{"embeddable":true,"href":"https:\/\/agora.xtec.cat\/ceip-lesfalgueres\/wp-json\/wp\/v2\/users\/1"}],"replies":[{"embeddable":true,"href":"https:\/\/agora.xtec.cat\/ceip-lesfalgueres\/wp-json\/wp\/v2\/comments?post=522"}],"version-history":[{"count":4,"href":"https:\/\/agora.xtec.cat\/ceip-lesfalgueres\/wp-json\/wp\/v2\/pages\/522\/revisions"}],"predecessor-version":[{"id":2462,"href":"https:\/\/agora.xtec.cat\/ceip-lesfalgueres\/wp-json\/wp\/v2\/pages\/522\/revisions\/2462"}],"up":[{"embeddable":true,"href":"https:\/\/agora.xtec.cat\/ceip-lesfalgueres\/wp-json\/wp\/v2\/pages\/521"}],"wp:attachment":[{"href":"https:\/\/agora.xtec.cat\/ceip-lesfalgueres\/wp-json\/wp\/v2\/media?parent=522"}],"curies":[{"name":"wp","href":"https:\/\/api.w.org\/{rel}","templated":true}]}}