{"id":516,"date":"2020-02-10T10:27:04","date_gmt":"2020-02-10T09:27:04","guid":{"rendered":"https:\/\/agora.xtec.cat\/ceip-lesfalgueres\/?page_id=516"},"modified":"2021-04-19T13:31:46","modified_gmt":"2021-04-19T11:31:46","slug":"fem-ciencia","status":"publish","type":"page","link":"https:\/\/agora.xtec.cat\/ceip-lesfalgueres\/projectes\/fem-ciencia\/","title":{"rendered":"Fem ci\u00e8ncia"},"content":{"rendered":"<p><span style=\"text-decoration: underline;\"><strong><span style=\"font-size: 14px; text-align: -webkit-center;\">DESCRIPCI\u00d3 DEL PROJECTE:<\/span><\/strong><\/span><\/p>\n<p>Creiem que els experiments s\u00f3n la base de la ci\u00e8ncia moderna i el que pretenem \u00e9s que els nens i<br \/>\nnenes des de P5 aprenguin a fer hip\u00f2tesis i a confirmar-les i\/o rebatre-les mitjan\u00e7ant l&#8217;observaci\u00f3 i la manipulaci\u00f3.<br \/>\nA partir d&#8217;aqu\u00ed es podran crear noves hip\u00f2tesis i treure&#8217;n conclusions.<\/p>\n<p><span class=\"Estilo6\"><strong>OBJECTIUS :<\/strong><\/span><\/p>\n<ul class=\"Estilo6\">\n<li class=\"Estilo3\">Perdre la por a fer hip\u00f2tesis.<\/li>\n<li class=\"Estilo3\">Tenir la necessitat de fer comprovacions.<\/li>\n<li class=\"Estilo3\">Treure conclusions despr\u00e9s d&#8217;haver fet l&#8217;experimentaci\u00f3 i\/o observaci\u00f3.<\/li>\n<li class=\"Estilo3\">Comprendre que les coses passen per alguna ra\u00f3 cient\u00edfica i que totes tenen una explicaci\u00f3<\/li>\n<li class=\"Estilo3\">Con\u00e8ixer diferents estris i aparells que ens serveixen per a l&#8217;experimentaci\u00f3 (senzills i m\u00e9s complicats).<\/li>\n<li class=\"Estilo3\">Desenvolupar l&#8217;esperit cient\u00edfic i l&#8217;observaci\u00f3.<\/li>\n<\/ul>\n<p align=\"left\"><a href=\"https:\/\/agora.xtec.cat\/ceip-lesfalgueres\/wp-content\/uploads\/usu2081\/2021\/04\/4-1.jpg\"><img loading=\"lazy\" decoding=\"async\" class=\"alignnone size-full wp-image-1899\" src=\"https:\/\/agora.xtec.cat\/ceip-lesfalgueres\/wp-content\/uploads\/usu2081\/2021\/04\/4-1.jpg\" alt=\"\" width=\"360\" height=\"270\" srcset=\"https:\/\/agora.xtec.cat\/ceip-lesfalgueres\/wp-content\/uploads\/usu2081\/2021\/04\/4-1.jpg 360w, https:\/\/agora.xtec.cat\/ceip-lesfalgueres\/wp-content\/uploads\/usu2081\/2021\/04\/4-1-300x225.jpg 300w, https:\/\/agora.xtec.cat\/ceip-lesfalgueres\/wp-content\/uploads\/usu2081\/2021\/04\/4-1-200x150.jpg 200w\" sizes=\"auto, (max-width: 360px) 100vw, 360px\" \/><\/a><\/p>\n<p class=\"Estilo6\" align=\"left\"><strong>METODOLOGIA:<\/strong><\/p>\n<p class=\"Estilo5\" align=\"left\">La\u00a0idea<span style=\"font-family: inherit; font-size: 1em;\">\u00a0\u00e9s formular hip\u00f2tesis sense por abans de realitzar cap experiment.<\/span><\/p>\n<p class=\"Estilo5\" align=\"left\">Dep\u00e8n de l&#8217;objectiu, a vegades es presenta el material a utilitzar o no. Hi ha vegades que ells hauran de deduir o buscar quin material cal utilitzar, altres vegades hauran de pensar que poden fer amb un material determinat i altres qu\u00e8 \u00e9s el que passar\u00e0 quan s&#8217;utilitzi un material d&#8217;una manera determinada.<\/p>\n<p class=\"Estilo5\" align=\"left\">Un cop fet l&#8217;experiment observem qu\u00e8 passa i ho compararem amb la\/les hip\u00f2tesis plantejades.<\/p>\n<p class=\"Estilo5\" align=\"left\">Finalment s&#8217;intenta deduir, buscar la ra\u00f3, que ha fet que all\u00f2 succe\u00eds d&#8217;aquella manera.<\/p>\n<p class=\"Estilo5\" align=\"left\">A vegades ser\u00e0 de f\u00e0cil deducci\u00f3, o altres vegades caldr\u00e0 fer m\u00e9s experiments per deduir-ho.<\/p>\n<p class=\"Estilo5\" align=\"left\">Nosaltres els podrem guiar per\u00f2 mai donar-los la soluci\u00f3.<\/p>\n<p class=\"Estilo5\" align=\"left\">Tot aquest proc\u00e9s constar\u00e0 en una fitxa individual on queda reflectida tots aquests passos.<\/p>\n<table style=\"height: 271px;\" border=\"0\" width=\"886\" cellspacing=\"0\">\n<tbody>\n<tr style=\"height: 291px;\">\n<td style=\"border-style: hidden; width: 297px; height: 291px;\" height=\"292\"><a href=\"https:\/\/agora.xtec.cat\/ceip-lesfalgueres\/wp-content\/uploads\/usu2081\/2021\/04\/1-3.jpg\"><img loading=\"lazy\" decoding=\"async\" class=\"alignnone size-full wp-image-1900\" src=\"https:\/\/agora.xtec.cat\/ceip-lesfalgueres\/wp-content\/uploads\/usu2081\/2021\/04\/1-3.jpg\" alt=\"\" width=\"360\" height=\"270\" srcset=\"https:\/\/agora.xtec.cat\/ceip-lesfalgueres\/wp-content\/uploads\/usu2081\/2021\/04\/1-3.jpg 360w, https:\/\/agora.xtec.cat\/ceip-lesfalgueres\/wp-content\/uploads\/usu2081\/2021\/04\/1-3-300x225.jpg 300w, https:\/\/agora.xtec.cat\/ceip-lesfalgueres\/wp-content\/uploads\/usu2081\/2021\/04\/1-3-200x150.jpg 200w\" sizes=\"auto, (max-width: 360px) 100vw, 360px\" \/><\/a><\/td>\n<td style=\"border-style: hidden; width: 296px; height: 291px;\" height=\"292\"><a href=\"https:\/\/agora.xtec.cat\/ceip-lesfalgueres\/wp-content\/uploads\/usu2081\/2021\/04\/2-1.jpg\"><img loading=\"lazy\" decoding=\"async\" class=\"alignnone  wp-image-1907\" src=\"https:\/\/agora.xtec.cat\/ceip-lesfalgueres\/wp-content\/uploads\/usu2081\/2021\/04\/2-1.jpg\" alt=\"\" width=\"284\" height=\"213\" srcset=\"https:\/\/agora.xtec.cat\/ceip-lesfalgueres\/wp-content\/uploads\/usu2081\/2021\/04\/2-1.jpg 360w, https:\/\/agora.xtec.cat\/ceip-lesfalgueres\/wp-content\/uploads\/usu2081\/2021\/04\/2-1-300x225.jpg 300w, https:\/\/agora.xtec.cat\/ceip-lesfalgueres\/wp-content\/uploads\/usu2081\/2021\/04\/2-1-200x150.jpg 200w\" sizes=\"auto, (max-width: 284px) 100vw, 284px\" \/><\/a><\/td>\n<td style=\"border-style: hidden; width: 291px; height: 291px;\" height=\"292\"><a href=\"https:\/\/agora.xtec.cat\/ceip-lesfalgueres\/wp-content\/uploads\/usu2081\/2021\/04\/3.jpg\"><img loading=\"lazy\" decoding=\"async\" class=\"alignnone size-full wp-image-1908\" src=\"https:\/\/agora.xtec.cat\/ceip-lesfalgueres\/wp-content\/uploads\/usu2081\/2021\/04\/3.jpg\" alt=\"\" width=\"360\" height=\"270\" srcset=\"https:\/\/agora.xtec.cat\/ceip-lesfalgueres\/wp-content\/uploads\/usu2081\/2021\/04\/3.jpg 360w, https:\/\/agora.xtec.cat\/ceip-lesfalgueres\/wp-content\/uploads\/usu2081\/2021\/04\/3-300x225.jpg 300w, https:\/\/agora.xtec.cat\/ceip-lesfalgueres\/wp-content\/uploads\/usu2081\/2021\/04\/3-200x150.jpg 200w\" sizes=\"auto, (max-width: 360px) 100vw, 360px\" \/><\/a><\/td>\n<\/tr>\n<\/tbody>\n<\/table>\n","protected":false},"excerpt":{"rendered":"<p>DESCRIPCI\u00d3 DEL PROJECTE:<br \/>\nCreiem que els experiments s\u00f3n la base de la ci\u00e8ncia moderna i el que pretenem \u00e9s que els nens i<br \/>\nnenes des de P5 aprenguin a fer hip\u00f2tesis i a confirmar-les i\/o rebatre-les mitjan\u00e7ant l&#8217;observaci\u00f3 i la manipulaci\u00f3.<br \/>\nA partir d&#8217;aqu\u00ed es podran crear noves&hellip;  <a href=\"https:\/\/agora.xtec.cat\/ceip-lesfalgueres\/projectes\/fem-ciencia\/\" title=\"Read Fem ci\u00e8ncia\">Llegeix m\u00e9s\u00bb<\/a><\/p>\n","protected":false},"author":1,"featured_media":0,"parent":770,"menu_order":30,"comment_status":"closed","ping_status":"closed","template":"page-templates\/side-menu.php","meta":{"_bbp_topic_count":0,"_bbp_reply_count":0,"_bbp_total_topic_count":0,"_bbp_total_reply_count":0,"_bbp_voice_count":0,"_bbp_anonymous_reply_count":0,"_bbp_topic_count_hidden":0,"_bbp_reply_count_hidden":0,"_bbp_forum_subforum_count":0,"footnotes":""},"class_list":["post-516","page","type-page","status-publish","hentry"],"post_mailing_queue_ids":[],"_links":{"self":[{"href":"https:\/\/agora.xtec.cat\/ceip-lesfalgueres\/wp-json\/wp\/v2\/pages\/516","targetHints":{"allow":["GET"]}}],"collection":[{"href":"https:\/\/agora.xtec.cat\/ceip-lesfalgueres\/wp-json\/wp\/v2\/pages"}],"about":[{"href":"https:\/\/agora.xtec.cat\/ceip-lesfalgueres\/wp-json\/wp\/v2\/types\/page"}],"author":[{"embeddable":true,"href":"https:\/\/agora.xtec.cat\/ceip-lesfalgueres\/wp-json\/wp\/v2\/users\/1"}],"replies":[{"embeddable":true,"href":"https:\/\/agora.xtec.cat\/ceip-lesfalgueres\/wp-json\/wp\/v2\/comments?post=516"}],"version-history":[{"count":3,"href":"https:\/\/agora.xtec.cat\/ceip-lesfalgueres\/wp-json\/wp\/v2\/pages\/516\/revisions"}],"predecessor-version":[{"id":1910,"href":"https:\/\/agora.xtec.cat\/ceip-lesfalgueres\/wp-json\/wp\/v2\/pages\/516\/revisions\/1910"}],"up":[{"embeddable":true,"href":"https:\/\/agora.xtec.cat\/ceip-lesfalgueres\/wp-json\/wp\/v2\/pages\/770"}],"wp:attachment":[{"href":"https:\/\/agora.xtec.cat\/ceip-lesfalgueres\/wp-json\/wp\/v2\/media?parent=516"}],"curies":[{"name":"wp","href":"https:\/\/api.w.org\/{rel}","templated":true}]}}