{"id":38,"date":"2014-09-18T12:34:08","date_gmt":"2014-09-18T10:34:08","guid":{"rendered":"http:\/\/agora.xtec.cat\/ceip-leseres\/?page_id=38"},"modified":"2025-10-22T11:27:08","modified_gmt":"2025-10-22T09:27:08","slug":"equip-docent","status":"publish","type":"page","link":"https:\/\/agora.xtec.cat\/ceip-leseres\/lescola\/equip-docent\/","title":{"rendered":"Equip docent"},"content":{"rendered":"<h3><span id=\"Equip_directiu\">Equip directiu<\/span><\/h3>\n<p><strong>Directora:<\/strong>\u00a0Imma Serrano<\/p>\n<p><strong>Secret\u00e0ria: <\/strong>Sandra L\u00f3pez<\/p>\n<h3><\/h3>\n<h3><span id=\"Educacio_Infantil\">Educaci\u00f3 Infantil<\/span><\/h3>\n<p><strong>1r cicle d&#8217;Ed. Infantil (I1 i I2):<\/strong> Neus Gil (TEI), Emma Bargall\u00f3 (TEI), Meritxell Hern\u00e1ndez\/Lara<\/p>\n<p><strong>2n cicle d&#8217;Ed. Infantil (I3, I4 i I5): <\/strong>Paquita Badia<\/p>\n<h3><\/h3>\n<h3><span id=\"Educacio_Primaria\">Educaci\u00f3 Prim\u00e0ria<\/span><\/h3>\n<p><strong>Tutora de 1r i 2n: <\/strong>Sandra Navarro<\/p>\n<p><strong>Tutora de 3r i 4t: <\/strong>N\u00faria Encinas\/ Estrella Arasa<\/p>\n<p><strong>Tutora de <\/strong><strong>5\u00e8 i 6\u00e8: <\/strong>Imma Serrano<\/p>\n<h3><\/h3>\n<h3><span id=\"Altres\">Altres \u00e0rees i especialitats:<\/span><\/h3>\n<p><strong>Llengua anglesa:<\/strong> Sandra L\u00f3pez<\/p>\n<p><strong>Educaci\u00f3 musical: <\/strong>Rut Morgades<\/p>\n<p><strong>Educaci\u00f3 Especial: <\/strong>Judit Pino<\/p>\n<p><strong>Educaci\u00f3 F\u00edsica:<\/strong>\u00a0Otto Casanova<\/p>\n<p><strong>Religi\u00f3: <\/strong>Pili Cid<\/p>\n<p><strong>Coordinadora d\u2019inform\u00e0tica:<\/strong> Rut\u00a0 Morgades<\/p>\n<p><strong>Coordinador de Riscos Laborals: <\/strong>Otto Casanova<\/p>\n<p><strong>Coordinadora de Biblioteca:<\/strong>\u00a0Paquita Badia<\/p>\n<p>&nbsp;<\/p>\n<p>&nbsp;<\/p>\n<p>&nbsp;<\/p>\n<p>&nbsp;<\/p>\n","protected":false},"excerpt":{"rendered":"<p>Equip directiu Directora:\u00a0Imma Serrano Secret\u00e0ria: Sandra L\u00f3pez Educaci\u00f3 Infantil 1r cicle d&#8217;Ed. Infantil (I1 i I2): Neus Gil (TEI), Emma Bargall\u00f3 (TEI), Meritxell Hern\u00e1ndez\/Lara 2n cicle d&#8217;Ed. Infantil (I3, I4 i I5): Paquita Badia Educaci\u00f3 Prim\u00e0ria Tutora de 1r i 2n: Sandra Navarro Tutora de 3r i 4t: N\u00faria Encinas\/ Estrella Arasa Tutora de 5\u00e8 [&hellip;]<\/p>\n","protected":false},"author":1,"featured_media":0,"parent":22,"menu_order":35,"comment_status":"closed","ping_status":"closed","template":"page-templates\/side-menu.php","meta":{"_bbp_topic_count":0,"_bbp_reply_count":0,"_bbp_total_topic_count":0,"_bbp_total_reply_count":0,"_bbp_voice_count":0,"_bbp_anonymous_reply_count":0,"_bbp_topic_count_hidden":0,"_bbp_reply_count_hidden":0,"_bbp_forum_subforum_count":0,"site-sidebar-layout":"default","site-content-layout":"","ast-site-content-layout":"","site-content-style":"default","site-sidebar-style":"default","ast-global-header-display":"","ast-banner-title-visibility":"","ast-main-header-display":"","ast-hfb-above-header-display":"","ast-hfb-below-header-display":"","ast-hfb-mobile-header-display":"","site-post-title":"","ast-breadcrumbs-content":"","ast-featured-img":"","footer-sml-layout":"","theme-transparent-header-meta":"","adv-header-id-meta":"","stick-header-meta":"","header-above-stick-meta":"","header-main-stick-meta":"","header-below-stick-meta":"","astra-migrate-meta-layouts":"default","ast-page-background-enabled":"default","ast-page-background-meta":{"desktop":{"background-color":"var(--ast-global-color-4)","background-image":"","background-repeat":"repeat","background-position":"center center","background-size":"auto","background-attachment":"scroll","background-type":"","background-media":"","overlay-type":"","overlay-color":"","overlay-opacity":"","overlay-gradient":""},"tablet":{"background-color":"","background-image":"","background-repeat":"repeat","background-position":"center center","background-size":"auto","background-attachment":"scroll","background-type":"","background-media":"","overlay-type":"","overlay-color":"","overlay-opacity":"","overlay-gradient":""},"mobile":{"background-color":"","background-image":"","background-repeat":"repeat","background-position":"center center","background-size":"auto","background-attachment":"scroll","background-type":"","background-media":"","overlay-type":"","overlay-color":"","overlay-opacity":"","overlay-gradient":""}},"ast-content-background-meta":{"desktop":{"background-color":"var(--ast-global-color-5)","background-image":"","background-repeat":"repeat","background-position":"center center","background-size":"auto","background-attachment":"scroll","background-type":"","background-media":"","overlay-type":"","overlay-color":"","overlay-opacity":"","overlay-gradient":""},"tablet":{"background-color":"var(--ast-global-color-5)","background-image":"","background-repeat":"repeat","background-position":"center center","background-size":"auto","background-attachment":"scroll","background-type":"","background-media":"","overlay-type":"","overlay-color":"","overlay-opacity":"","overlay-gradient":""},"mobile":{"background-color":"var(--ast-global-color-5)","background-image":"","background-repeat":"repeat","background-position":"center center","background-size":"auto","background-attachment":"scroll","background-type":"","background-media":"","overlay-type":"","overlay-color":"","overlay-opacity":"","overlay-gradient":""}},"footnotes":""},"class_list":["post-38","page","type-page","status-publish","hentry"],"post_mailing_queue_ids":[],"_links":{"self":[{"href":"https:\/\/agora.xtec.cat\/ceip-leseres\/wp-json\/wp\/v2\/pages\/38","targetHints":{"allow":["GET"]}}],"collection":[{"href":"https:\/\/agora.xtec.cat\/ceip-leseres\/wp-json\/wp\/v2\/pages"}],"about":[{"href":"https:\/\/agora.xtec.cat\/ceip-leseres\/wp-json\/wp\/v2\/types\/page"}],"author":[{"embeddable":true,"href":"https:\/\/agora.xtec.cat\/ceip-leseres\/wp-json\/wp\/v2\/users\/1"}],"replies":[{"embeddable":true,"href":"https:\/\/agora.xtec.cat\/ceip-leseres\/wp-json\/wp\/v2\/comments?post=38"}],"version-history":[{"count":6,"href":"https:\/\/agora.xtec.cat\/ceip-leseres\/wp-json\/wp\/v2\/pages\/38\/revisions"}],"predecessor-version":[{"id":6312,"href":"https:\/\/agora.xtec.cat\/ceip-leseres\/wp-json\/wp\/v2\/pages\/38\/revisions\/6312"}],"up":[{"embeddable":true,"href":"https:\/\/agora.xtec.cat\/ceip-leseres\/wp-json\/wp\/v2\/pages\/22"}],"wp:attachment":[{"href":"https:\/\/agora.xtec.cat\/ceip-leseres\/wp-json\/wp\/v2\/media?parent=38"}],"curies":[{"name":"wp","href":"https:\/\/api.w.org\/{rel}","templated":true}]}}