{"id":30,"date":"2014-09-18T12:30:23","date_gmt":"2014-09-18T11:30:23","guid":{"rendered":"http:\/\/agora.xtec.cat\/ceip-leseres\/?page_id=30"},"modified":"2017-10-20T16:14:09","modified_gmt":"2017-10-20T14:14:09","slug":"instal%c2%b7lacions","status":"publish","type":"page","link":"https:\/\/agora.xtec.cat\/ceip-leseres\/lescola\/instal%c2%b7lacions\/","title":{"rendered":"Instal\u00b7lacions"},"content":{"rendered":"<p><span style=\"font-size: medium;\"><span style=\"font-family: Arial, Helvetica, sans-serif;\">L&#8217;arquitectura de l&#8217;escola mostra una conviv\u00e8ncia entre les quatre aules d&#8217;antiga construcci\u00f3, que formen un \u00fanic bloc, separades, per un passad\u00eds obert i d&#8217;unes quatre noves aules, a\u00efllades aquesta vegada, l&#8217;una de l&#8217;altra, per petits patis. En l&#8217;edifici principal trobem les aules de cicle mitj\u00e0, cicle inicial, i inform\u00e0tica, el despatx de direcci\u00f3, la biblioteca i la sala d&#8217;usos m\u00faltiples. Les quatre aules annexades corresponen a l&#8217;aula de p\u00e0rvuls, cicle mitj\u00e0, l&#8217;aula de desdoblament i la sala de professors\/es.<\/span><\/span><\/p>\n<p align=\"left\"><span style=\"font-size: medium;\"><span style=\"font-family: Arial, Helvetica, sans-serif;\">\u00a0Al baixar les escales que porten al nivell inferior\u00a0hi trobem els vestidors, la sala de material de educaci\u00f3 f\u00edsica, la zona d&#8217;esbarjo, formada per una pista esportiva i uns quants arbres, des d&#8217;on podem gaudir d&#8217;una magn\u00edfica vista de la nostra comarca: La Ribera d&#8217;Ebre.<\/span><\/span><\/p>\n<p align=\"left\"><span style=\"font-size: medium;\"><span style=\"font-family: Arial, Helvetica, sans-serif;\">Des d&#8217;aquest punt podem observar la Serra del Montsant, la Serra del Tormo, la Serra de Tivissa, la Serra de la Picossa, el castell de Miravet,&#8230;<\/span><\/span><\/p>\n","protected":false},"excerpt":{"rendered":"<p>L&#8217;arquitectura de l&#8217;escola mostra una conviv\u00e8ncia entre les quatre aules d&#8217;antiga construcci\u00f3, que formen un \u00fanic bloc, separades, per un passad\u00eds obert i d&#8217;unes quatre noves aules, a\u00efllades aquesta vegada, l&#8217;una de l&#8217;altra, per petits patis. En l&#8217;edifici principal trobem les aules de cicle mitj\u00e0, cicle inicial, i inform\u00e0tica, el despatx de direcci\u00f3, la biblioteca [&hellip;]<\/p>\n","protected":false},"author":1,"featured_media":0,"parent":22,"menu_order":40,"comment_status":"closed","ping_status":"closed","template":"page-templates\/side-menu.php","meta":{"_bbp_topic_count":0,"_bbp_reply_count":0,"_bbp_total_topic_count":0,"_bbp_total_reply_count":0,"_bbp_voice_count":0,"_bbp_anonymous_reply_count":0,"_bbp_topic_count_hidden":0,"_bbp_reply_count_hidden":0,"_bbp_forum_subforum_count":0,"site-sidebar-layout":"default","site-content-layout":"","ast-site-content-layout":"","site-content-style":"default","site-sidebar-style":"default","ast-global-header-display":"","ast-banner-title-visibility":"","ast-main-header-display":"","ast-hfb-above-header-display":"","ast-hfb-below-header-display":"","ast-hfb-mobile-header-display":"","site-post-title":"","ast-breadcrumbs-content":"","ast-featured-img":"","footer-sml-layout":"","theme-transparent-header-meta":"","adv-header-id-meta":"","stick-header-meta":"","header-above-stick-meta":"","header-main-stick-meta":"","header-below-stick-meta":"","astra-migrate-meta-layouts":"default","ast-page-background-enabled":"default","ast-page-background-meta":{"desktop":{"background-color":"var(--ast-global-color-4)","background-image":"","background-repeat":"repeat","background-position":"center center","background-size":"auto","background-attachment":"scroll","background-type":"","background-media":"","overlay-type":"","overlay-color":"","overlay-opacity":"","overlay-gradient":""},"tablet":{"background-color":"","background-image":"","background-repeat":"repeat","background-position":"center center","background-size":"auto","background-attachment":"scroll","background-type":"","background-media":"","overlay-type":"","overlay-color":"","overlay-opacity":"","overlay-gradient":""},"mobile":{"background-color":"","background-image":"","background-repeat":"repeat","background-position":"center center","background-size":"auto","background-attachment":"scroll","background-type":"","background-media":"","overlay-type":"","overlay-color":"","overlay-opacity":"","overlay-gradient":""}},"ast-content-background-meta":{"desktop":{"background-color":"var(--ast-global-color-5)","background-image":"","background-repeat":"repeat","background-position":"center center","background-size":"auto","background-attachment":"scroll","background-type":"","background-media":"","overlay-type":"","overlay-color":"","overlay-opacity":"","overlay-gradient":""},"tablet":{"background-color":"var(--ast-global-color-5)","background-image":"","background-repeat":"repeat","background-position":"center center","background-size":"auto","background-attachment":"scroll","background-type":"","background-media":"","overlay-type":"","overlay-color":"","overlay-opacity":"","overlay-gradient":""},"mobile":{"background-color":"var(--ast-global-color-5)","background-image":"","background-repeat":"repeat","background-position":"center center","background-size":"auto","background-attachment":"scroll","background-type":"","background-media":"","overlay-type":"","overlay-color":"","overlay-opacity":"","overlay-gradient":""}},"footnotes":""},"class_list":["post-30","page","type-page","status-publish","hentry"],"post_mailing_queue_ids":[],"_links":{"self":[{"href":"https:\/\/agora.xtec.cat\/ceip-leseres\/wp-json\/wp\/v2\/pages\/30","targetHints":{"allow":["GET"]}}],"collection":[{"href":"https:\/\/agora.xtec.cat\/ceip-leseres\/wp-json\/wp\/v2\/pages"}],"about":[{"href":"https:\/\/agora.xtec.cat\/ceip-leseres\/wp-json\/wp\/v2\/types\/page"}],"author":[{"embeddable":true,"href":"https:\/\/agora.xtec.cat\/ceip-leseres\/wp-json\/wp\/v2\/users\/1"}],"replies":[{"embeddable":true,"href":"https:\/\/agora.xtec.cat\/ceip-leseres\/wp-json\/wp\/v2\/comments?post=30"}],"version-history":[{"count":3,"href":"https:\/\/agora.xtec.cat\/ceip-leseres\/wp-json\/wp\/v2\/pages\/30\/revisions"}],"predecessor-version":[{"id":964,"href":"https:\/\/agora.xtec.cat\/ceip-leseres\/wp-json\/wp\/v2\/pages\/30\/revisions\/964"}],"up":[{"embeddable":true,"href":"https:\/\/agora.xtec.cat\/ceip-leseres\/wp-json\/wp\/v2\/pages\/22"}],"wp:attachment":[{"href":"https:\/\/agora.xtec.cat\/ceip-leseres\/wp-json\/wp\/v2\/media?parent=30"}],"curies":[{"name":"wp","href":"https:\/\/api.w.org\/{rel}","templated":true}]}}