{"id":26,"date":"2014-09-18T12:24:32","date_gmt":"2014-09-18T11:24:32","guid":{"rendered":"http:\/\/agora.xtec.cat\/ceip-leseres\/?page_id=26"},"modified":"2021-02-08T13:53:52","modified_gmt":"2021-02-08T12:53:52","slug":"historia","status":"publish","type":"page","link":"https:\/\/agora.xtec.cat\/ceip-leseres\/lescola\/historia\/","title":{"rendered":"Hist\u00f2ria"},"content":{"rendered":"<h4 align=\"left\">EL POBLE<\/h4>\n<p align=\"left\"><span style=\"font-family: Arial, Helvetica, sans-serif; font-size: medium;\">Rasquera \u00e9s el poble m\u00e9s meridional de la comarca de la Ribera d&#8217;Ebre. Es troba situada a la ribera esquerra de l&#8217;Ebre, una mica allunyada d&#8217;aquest, al peu de la Serra de Card\u00f3. Es troba situada a una altitud de 174 metres i a una dist\u00e0ncia del mar, en l\u00ednia recta, d&#8217;uns 25 quil\u00f2metres.<\/span><\/p>\n<p align=\"left\"><span style=\"font-size: medium;\"><span style=\"font-family: Arial, Helvetica, sans-serif;\">La seva poblaci\u00f3 \u00e9s majorit\u00e0riament agr\u00edcola-ramadera. Els principals conreus de sec\u00e0 s\u00f3n la vinya, l&#8217;oliver i els ametllers.<\/span><span style=\"font-family: Arial, Helvetica, sans-serif;\">\u00a0I a les zones de regadiu hi podem trobar presseguers i cirerers.<\/span><\/span><\/p>\n<p align=\"left\"><span style=\"font-size: medium;\"><span style=\"font-family: Arial, Helvetica, sans-serif;\">Encara podem gaudir de ramats de cabres, que, lliures, pasturen per la Serra de Card\u00f3 sota la vigil\u00e0ncia dels pastors i els gossos d&#8217;atura.<\/span><\/span><\/p>\n<p align=\"left\"><span style=\"font-size: medium;\"><span style=\"font-family: Arial, Helvetica, sans-serif;\">S\u00f3n tamb\u00e9 t\u00edpics els pastissets de Rasquera i altres dol\u00e7os com &#8220;mantecados&#8221;, capsetes, carquinyolis,&#8230;<\/span><\/span><\/p>\n<p align=\"left\"><span style=\"font-size: medium;\"><span style=\"font-family: Arial, Helvetica, sans-serif;\">L&#8217;artesania que es treballa \u00e9s la dels cabassos: s\u00e0rries, sitis, catifes,senalles, bufadors, bressols, callitores, senatxos&#8230; fets de &#8220;pauma&#8221;, ( amb la palmera mediterr\u00e0nia: el margall\u00f3, molt abundant en aquesta zona ).<\/span><\/span><\/p>\n<p align=\"left\"><span style=\"font-size: medium;\"><span style=\"font-family: Arial, Helvetica, sans-serif;\">El poble sobrepassa els vuit-cents habitants. \u00c9s un poble costerut, situat al vessant nord de la muntanya, amb un nucli \u00e0ntic \u00e0rab, situat al centre, des d&#8217;on el poble ha anat creixent cap a la perif\u00e8ria, en direcci\u00f3 a la ribera. Al capdemunt de tot hi trobem l&#8217;ermita de\u00a0Sant Domingo\u00a0visible des de lluny abans d&#8217;arribar al poble. I des d&#8217;ella una gran panor\u00e0mica.<\/span><\/span><\/p>\n<p align=\"left\"><span style=\"font-size: medium;\"><span style=\"font-family: Arial, Helvetica, sans-serif;\">Rasquera celebra la Festa Major en honor a Sant Domingo, el dia quatre d&#8217;agost. La vespra abans repiquen les campanes i el dia quatre, els nens i nenes es vesteixen amb el tratge t\u00edpic catal\u00e0 i van en romiatge a l&#8217;ermita. De baixada, a la pla\u00e7a de l&#8217;esgl\u00e9sia, ballen la jota rasquerana.<\/span><\/span><\/p>\n<h4 align=\"left\">LA ZER<\/h4>\n<p align=\"left\"><span style=\"font-family: Arial, Helvetica, sans-serif; font-size: medium;\">L&#8217;escola Les Eres de Rasquera, forma, juntament amb l&#8217;escola P\u00e0mies de Ginestar la ZER Font de l&#8217;Aiguad\u00ed. La\u00a0ZER \u00e9s de recent creaci\u00f3 i ambd\u00f3s pobles disten entre si set quil\u00f2metres. El nom de Font de l&#8217;Aiguad\u00ed es va escollir amb motiu de que aquesta font es troba a la partici\u00f3 real dels dos termes ve\u00efns.<\/span><\/p>\n<p align=\"left\"><span style=\"font-size: medium;\"><span style=\"font-family: Arial, Helvetica, sans-serif;\">La ZER disposa de quatre mestres itinerants, que comparteixen ambd\u00f3s pobles: els especialistes de m\u00fasica, educaci\u00f3 f\u00edsica i educaci\u00f3 especial.<\/span><\/span><\/p>\n","protected":false},"excerpt":{"rendered":"<p>EL POBLE Rasquera \u00e9s el poble m\u00e9s meridional de la comarca de la Ribera d&#8217;Ebre. Es troba situada a la ribera esquerra de l&#8217;Ebre, una mica allunyada d&#8217;aquest, al peu de la Serra de Card\u00f3. Es troba situada a una altitud de 174 metres i a una dist\u00e0ncia del mar, en l\u00ednia recta, d&#8217;uns 25 [&hellip;]<\/p>\n","protected":false},"author":1,"featured_media":0,"parent":22,"menu_order":20,"comment_status":"closed","ping_status":"closed","template":"page-templates\/side-menu.php","meta":{"_bbp_topic_count":0,"_bbp_reply_count":0,"_bbp_total_topic_count":0,"_bbp_total_reply_count":0,"_bbp_voice_count":0,"_bbp_anonymous_reply_count":0,"_bbp_topic_count_hidden":0,"_bbp_reply_count_hidden":0,"_bbp_forum_subforum_count":0,"site-sidebar-layout":"default","site-content-layout":"","ast-site-content-layout":"","site-content-style":"default","site-sidebar-style":"default","ast-global-header-display":"","ast-banner-title-visibility":"","ast-main-header-display":"","ast-hfb-above-header-display":"","ast-hfb-below-header-display":"","ast-hfb-mobile-header-display":"","site-post-title":"","ast-breadcrumbs-content":"","ast-featured-img":"","footer-sml-layout":"","theme-transparent-header-meta":"","adv-header-id-meta":"","stick-header-meta":"","header-above-stick-meta":"","header-main-stick-meta":"","header-below-stick-meta":"","astra-migrate-meta-layouts":"default","ast-page-background-enabled":"default","ast-page-background-meta":{"desktop":{"background-color":"var(--ast-global-color-4)","background-image":"","background-repeat":"repeat","background-position":"center center","background-size":"auto","background-attachment":"scroll","background-type":"","background-media":"","overlay-type":"","overlay-color":"","overlay-opacity":"","overlay-gradient":""},"tablet":{"background-color":"","background-image":"","background-repeat":"repeat","background-position":"center center","background-size":"auto","background-attachment":"scroll","background-type":"","background-media":"","overlay-type":"","overlay-color":"","overlay-opacity":"","overlay-gradient":""},"mobile":{"background-color":"","background-image":"","background-repeat":"repeat","background-position":"center center","background-size":"auto","background-attachment":"scroll","background-type":"","background-media":"","overlay-type":"","overlay-color":"","overlay-opacity":"","overlay-gradient":""}},"ast-content-background-meta":{"desktop":{"background-color":"var(--ast-global-color-5)","background-image":"","background-repeat":"repeat","background-position":"center center","background-size":"auto","background-attachment":"scroll","background-type":"","background-media":"","overlay-type":"","overlay-color":"","overlay-opacity":"","overlay-gradient":""},"tablet":{"background-color":"var(--ast-global-color-5)","background-image":"","background-repeat":"repeat","background-position":"center center","background-size":"auto","background-attachment":"scroll","background-type":"","background-media":"","overlay-type":"","overlay-color":"","overlay-opacity":"","overlay-gradient":""},"mobile":{"background-color":"var(--ast-global-color-5)","background-image":"","background-repeat":"repeat","background-position":"center center","background-size":"auto","background-attachment":"scroll","background-type":"","background-media":"","overlay-type":"","overlay-color":"","overlay-opacity":"","overlay-gradient":""}},"footnotes":""},"class_list":["post-26","page","type-page","status-publish","hentry"],"post_mailing_queue_ids":[],"_links":{"self":[{"href":"https:\/\/agora.xtec.cat\/ceip-leseres\/wp-json\/wp\/v2\/pages\/26","targetHints":{"allow":["GET"]}}],"collection":[{"href":"https:\/\/agora.xtec.cat\/ceip-leseres\/wp-json\/wp\/v2\/pages"}],"about":[{"href":"https:\/\/agora.xtec.cat\/ceip-leseres\/wp-json\/wp\/v2\/types\/page"}],"author":[{"embeddable":true,"href":"https:\/\/agora.xtec.cat\/ceip-leseres\/wp-json\/wp\/v2\/users\/1"}],"replies":[{"embeddable":true,"href":"https:\/\/agora.xtec.cat\/ceip-leseres\/wp-json\/wp\/v2\/comments?post=26"}],"version-history":[{"count":2,"href":"https:\/\/agora.xtec.cat\/ceip-leseres\/wp-json\/wp\/v2\/pages\/26\/revisions"}],"predecessor-version":[{"id":4022,"href":"https:\/\/agora.xtec.cat\/ceip-leseres\/wp-json\/wp\/v2\/pages\/26\/revisions\/4022"}],"up":[{"embeddable":true,"href":"https:\/\/agora.xtec.cat\/ceip-leseres\/wp-json\/wp\/v2\/pages\/22"}],"wp:attachment":[{"href":"https:\/\/agora.xtec.cat\/ceip-leseres\/wp-json\/wp\/v2\/media?parent=26"}],"curies":[{"name":"wp","href":"https:\/\/api.w.org\/{rel}","templated":true}]}}