{"id":695,"date":"2023-10-25T15:43:58","date_gmt":"2023-10-25T13:43:58","guid":{"rendered":"https:\/\/agora.xtec.cat\/ceip-lasedeta\/?page_id=695"},"modified":"2024-02-19T16:23:23","modified_gmt":"2024-02-19T15:23:23","slug":"afa","status":"publish","type":"page","link":"https:\/\/agora.xtec.cat\/ceip-lasedeta\/afa\/","title":{"rendered":"AFA"},"content":{"rendered":"<h5><a href=\"https:\/\/www.afaescolalasedeta.cat\/\" target=\"_blank\" rel=\"noopener\"><span style=\"color: #ff6600;\"><strong>L\u2019Associaci\u00f3 de Fam\u00edlies d\u2019Alumnes<\/strong><\/span><\/a><\/h5>\n<p>&nbsp;<\/p>\n<p><a href=\"https:\/\/agora.xtec.cat\/ceip-lasedeta\/wp-content\/uploads\/usu2430\/2024\/02\/IMG_9218.jpg\" target=\"_blank\" rel=\"noopener\"><img loading=\"lazy\" decoding=\"async\" class=\"aligncenter wp-image-1246\" src=\"https:\/\/agora.xtec.cat\/ceip-lasedeta\/wp-content\/uploads\/usu2430\/2024\/02\/IMG_9218-1024x567.jpg\" alt=\"\" width=\"529\" height=\"293\" srcset=\"https:\/\/agora.xtec.cat\/ceip-lasedeta\/wp-content\/uploads\/usu2430\/2024\/02\/IMG_9218-1024x567.jpg 1024w, https:\/\/agora.xtec.cat\/ceip-lasedeta\/wp-content\/uploads\/usu2430\/2024\/02\/IMG_9218-300x166.jpg 300w, https:\/\/agora.xtec.cat\/ceip-lasedeta\/wp-content\/uploads\/usu2430\/2024\/02\/IMG_9218-768x425.jpg 768w, https:\/\/agora.xtec.cat\/ceip-lasedeta\/wp-content\/uploads\/usu2430\/2024\/02\/IMG_9218.jpg 1417w\" sizes=\"auto, (max-width: 529px) 100vw, 529px\" \/><\/a><\/p>\n<p style=\"font-weight: 400;\"><span style=\"color: #ff6600;\"><strong>Qu\u00e8 \u00e9s l\u2019AFA?<\/strong><\/span><\/p>\n<p style=\"font-weight: 400;\">L\u2019AFA \u00e9s l\u2019<strong>Associaci\u00f3 de Fam\u00edlies d\u2019Alumnes\u00a0<\/strong>de l\u2019Escola La\u00a0Sedeta. T\u00e9 com a objectiu principal promoure la participaci\u00f3 de les fam\u00edlies en el control i gesti\u00f3 del centre i fer de nexe d\u2019uni\u00f3 entre fam\u00edlies i direcci\u00f3 de l\u2019escola.<\/p>\n<p style=\"font-weight: 400;\">L\u2019AFA t\u00e9 una junta directiva i s&#8217;estructura en comissions que aborden diferents tem\u00e0tiques, com la gesti\u00f3 de les activitats extraescolars, del servei d\u2019acollida, la socialitzaci\u00f3 de llibres escolars o l\u2019Espai Migdia (menjador), entre d\u2019altres.<\/p>\n<p style=\"font-weight: 400;\"><span style=\"color: #ff6600;\"><strong>Atenci\u00f3 a les fam\u00edlies<\/strong><\/span><\/p>\n<p style=\"font-weight: 400;\">L\u2019horari d\u2019atenci\u00f3 de l\u2019AFA a les fam\u00edlies \u00e9s dimarts, de 9 a 11 i dimecres de 15.30 a 17.30 (Despatx de l&#8217;AFA)<\/p>\n<p style=\"font-weight: 400;\"><span style=\"color: #ff6600;\"><strong>Contacta amb l\u2019AFA:<\/strong><\/span><\/p>\n<ul>\n<li style=\"font-weight: 400;\">Tel\u00e8fon:\u00a093.207.24.43<\/li>\n<li style=\"font-weight: 400;\">Correu electr\u00f2nic: <a href=\"mailto:ampaescola.lasedeta@gmail.com\">ampaescola.lasedeta@gmail.com<\/a><\/li>\n<li style=\"font-weight: 400;\">P\u00e0gina web:\u00a0<a href=\"https:\/\/www.afaescolalasedeta.cat\/\" data-saferedirecturl=\"https:\/\/www.google.com\/url?q=https:\/\/www.afaescolalasedeta.cat\/&amp;source=gmail&amp;ust=1708438351235000&amp;usg=AOvVaw1t5mDW1wVKqOeiUj-3F4tp\">https:\/\/www.afaescolalasedeta.cat\/<\/a><\/li>\n<\/ul>\n<p style=\"font-weight: 400;\"><span style=\"color: #ff6600;\"><strong>Segueix-nos:<\/strong><\/span><\/p>\n<ul>\n<li style=\"font-weight: 400;\">Twitter\u00a0(X):\u00a0<a href=\"https:\/\/twitter.com\/AFASedeta\" data-saferedirecturl=\"https:\/\/www.google.com\/url?q=https:\/\/twitter.com\/AFASedeta&amp;source=gmail&amp;ust=1708438351235000&amp;usg=AOvVaw2mQ12r33onbRqsqG7RL4Gl\">https:\/\/twitter.com\/AFASedeta<\/a><\/li>\n<li style=\"font-weight: 400;\">Instagram:\u00a0<a href=\"https:\/\/www.instagram.com\/afasedeta\/\" data-saferedirecturl=\"https:\/\/www.google.com\/url?q=https:\/\/www.instagram.com\/afasedeta\/&amp;source=gmail&amp;ust=1708438351235000&amp;usg=AOvVaw0SFZOelqAcAMUu7qoXqHj_\">https:\/\/www.instagram.com\/afasedeta\/<\/a><\/li>\n<\/ul>\n<p><span style=\"color: #ff6600;\"><strong style=\"font-family: inherit; font-size: 1em;\">\u00a0 \u00a0 \u00a0 \u00a0 \u00a0 \u00a0 \u00a0 \u00a0 \u00a0<\/strong><\/span><\/p>\n<p><span style=\"color: #ff6600;\"><strong>L\u2019Associaci\u00f3 t\u00e9 com a finalitats principals, entres d\u2019altres, les seg\u00fcents:<\/strong><\/span><\/p>\n<ul>\n<li>Promoure la participaci\u00f3 de les fam\u00edlies\u00a0en el control i gesti\u00f3 del Centre i, a tal efecte, proposar candidats al Consell Escolar.<\/li>\n<li>Gestionar la socialitzaci\u00f3 de llibres i material escolar.<\/li>\n<li>Cooperar amb el Centre establint criteris de participaci\u00f3 en activitats culturals, esportives i recreatives, i en aquelles accions assistencials que siguin necess\u00e0ries.<\/li>\n<li>Proposar al Consell Escolar els programes d\u2019activitats extraescolars i gestionar i controlar la seva realitzaci\u00f3.<\/li>\n<li>Informar els seus membres de les activitats i incid\u00e8ncies de l\u2019Associaci\u00f3 i del Centre.<\/li>\n<li>Fer de nexe d\u2019uni\u00f3 entre el Centre i el seu entorn, facilitant la participaci\u00f3 en els \u00e0mbits socials, culturals i esportius.<\/li>\n<\/ul>\n<p><span style=\"color: #ff6600;\"><strong>Sent soci de l\u2019AFA la quota anual est\u00e0 inclosa a la quota global i d\u00f3na dret a:<\/strong><\/span><\/p>\n<ul>\n<li>Participar en totes les activitats, usar els serveis i assistir a tots els actes que organitzi l\u2019Associaci\u00f3<\/li>\n<li>Tenir veu i vot en les Assemblees Generals.<\/li>\n<li>Elegir i ser elegit President o membre de la Junta Directiva,<\/li>\n<li>Ser proposat com a candidat per formar part dels \u00f2rgans col\u00b7legiats del Centre.<\/li>\n<\/ul>\n","protected":false},"excerpt":{"rendered":"<p><a href=\"https:\/\/www.afaescolalasedeta.cat\/\" target=\"_blank\" rel=\"noopener\">L\u2019Associaci\u00f3 de Fam\u00edlies d\u2019Alumnes<\/a><br \/>\n&nbsp;<br \/>\n<a href=\"https:\/\/agora.xtec.cat\/ceip-lasedeta\/wp-content\/uploads\/usu2430\/2024\/02\/IMG_9218.jpg\" target=\"_blank\" rel=\"noopener\"><\/a><br \/>\nQu\u00e8 \u00e9s l\u2019AFA?<br \/>\nL\u2019AFA \u00e9s l\u2019Associaci\u00f3 de Fam\u00edlies d\u2019Alumnes\u00a0de l\u2019Escola La\u00a0Sedeta. T\u00e9 com a objectiu principal promoure la participaci\u00f3 de les fam\u00edlies en el control i gesti\u00f3 del centre i fer de nexe d\u2019uni\u00f3 entre fam\u00edlies i&hellip;  <a href=\"https:\/\/agora.xtec.cat\/ceip-lasedeta\/afa\/\" title=\"Read AFA\">Llegeix m\u00e9s\u00bb<\/a><\/p>\n","protected":false},"author":1,"featured_media":0,"parent":0,"menu_order":0,"comment_status":"closed","ping_status":"closed","template":"page-templates\/side-menu.php","meta":{"_bbp_topic_count":0,"_bbp_reply_count":0,"_bbp_total_topic_count":0,"_bbp_total_reply_count":0,"_bbp_voice_count":0,"_bbp_anonymous_reply_count":0,"_bbp_topic_count_hidden":0,"_bbp_reply_count_hidden":0,"_bbp_forum_subforum_count":0,"footnotes":""},"class_list":["post-695","page","type-page","status-publish","hentry"],"post_mailing_queue_ids":[],"_links":{"self":[{"href":"https:\/\/agora.xtec.cat\/ceip-lasedeta\/wp-json\/wp\/v2\/pages\/695","targetHints":{"allow":["GET"]}}],"collection":[{"href":"https:\/\/agora.xtec.cat\/ceip-lasedeta\/wp-json\/wp\/v2\/pages"}],"about":[{"href":"https:\/\/agora.xtec.cat\/ceip-lasedeta\/wp-json\/wp\/v2\/types\/page"}],"author":[{"embeddable":true,"href":"https:\/\/agora.xtec.cat\/ceip-lasedeta\/wp-json\/wp\/v2\/users\/1"}],"replies":[{"embeddable":true,"href":"https:\/\/agora.xtec.cat\/ceip-lasedeta\/wp-json\/wp\/v2\/comments?post=695"}],"version-history":[{"count":6,"href":"https:\/\/agora.xtec.cat\/ceip-lasedeta\/wp-json\/wp\/v2\/pages\/695\/revisions"}],"predecessor-version":[{"id":1247,"href":"https:\/\/agora.xtec.cat\/ceip-lasedeta\/wp-json\/wp\/v2\/pages\/695\/revisions\/1247"}],"wp:attachment":[{"href":"https:\/\/agora.xtec.cat\/ceip-lasedeta\/wp-json\/wp\/v2\/media?parent=695"}],"curies":[{"name":"wp","href":"https:\/\/api.w.org\/{rel}","templated":true}]}}