{"id":617,"date":"2023-10-18T15:59:59","date_gmt":"2023-10-18T13:59:59","guid":{"rendered":"https:\/\/agora.xtec.cat\/ceip-lasedeta\/?page_id=617"},"modified":"2026-03-27T14:07:16","modified_gmt":"2026-03-27T13:07:16","slug":"menu","status":"publish","type":"page","link":"https:\/\/agora.xtec.cat\/ceip-lasedeta\/espai-migdia\/menu\/","title":{"rendered":"Men\u00fa"},"content":{"rendered":"<h6 style=\"text-align: center;\"><strong><span style=\"color: #ff6600;\">MEN\u00da ABRIL<\/span><\/strong><\/h6>\n<h6 style=\"text-align: center;\"><strong><span style=\"color: #ff6600;\"><a href=\"https:\/\/photos.app.goo.gl\/o7bCrixGUEuwxxAZ7\"><img loading=\"lazy\" decoding=\"async\" class=\"alignnone\" src=\"https:\/\/lh3.googleusercontent.com\/pw\/AP1GczPIYrr-FD5l07oo_VnWiaA0JrLGO9sv1rVcjPNqlXBmLYz9-b4NAyRkXt2691rjEpcLHlRRJ8bF0uv848_EFzAXuXZHpoXvdi9IAHy-wG9io_xYzqjUD6G7Kw5gpY825h3iQJ-4QNmMoaNTMeFJbao1yA=w424-h599-s-no-gm?authuser=0\" alt=\"\" width=\"424\" height=\"599\" \/><\/a><\/span><\/strong><\/h6>\n<h6 style=\"text-align: center;\"><\/h6>\n<p style=\"text-align: center;\"><strong>Resum dels aspectes positius o a millorar de la programaci\u00f3 de men\u00fas de la Sedeta. Curs 2024-25.<\/strong><\/p>\n<h6 style=\"text-align: center;\"><sub>Elaborat per l&#8217;Ag\u00e8ncia de Salut P\u00fablica de Barcelona, en el marc del Programa de Revisi\u00f3 de Men\u00fas Escolars (PReME)\u00a0<\/sub><\/h6>\n<h6 style=\"text-align: center;\"><sup>Data: 12\/11\/2024<\/sup><\/h6>\n<p style=\"text-align: center;\"><a href=\"https:\/\/drive.google.com\/file\/d\/1aVm-6r2X2O1GimZzb1q4LOQzuJzGllYu\/view?usp=sharing\"><img loading=\"lazy\" decoding=\"async\" class=\"aligncenter wp-image-1607\" src=\"https:\/\/agora.xtec.cat\/ceip-lasedeta\/wp-content\/uploads\/usu2430\/2024\/11\/20241112-Barcelona-Escola-La-Sedeta-REV-1-1024x1011.jpg\" alt=\"\" width=\"673\" height=\"664\" srcset=\"https:\/\/agora.xtec.cat\/ceip-lasedeta\/wp-content\/uploads\/usu2430\/2024\/11\/20241112-Barcelona-Escola-La-Sedeta-REV-1-1024x1011.jpg 1024w, https:\/\/agora.xtec.cat\/ceip-lasedeta\/wp-content\/uploads\/usu2430\/2024\/11\/20241112-Barcelona-Escola-La-Sedeta-REV-1-300x296.jpg 300w, https:\/\/agora.xtec.cat\/ceip-lasedeta\/wp-content\/uploads\/usu2430\/2024\/11\/20241112-Barcelona-Escola-La-Sedeta-REV-1-768x758.jpg 768w, https:\/\/agora.xtec.cat\/ceip-lasedeta\/wp-content\/uploads\/usu2430\/2024\/11\/20241112-Barcelona-Escola-La-Sedeta-REV-1-1536x1517.jpg 1536w, https:\/\/agora.xtec.cat\/ceip-lasedeta\/wp-content\/uploads\/usu2430\/2024\/11\/20241112-Barcelona-Escola-La-Sedeta-REV-1.jpg 1612w\" sizes=\"auto, (max-width: 673px) 100vw, 673px\" \/><sup>Cliqueu la imatge per veure l&#8217;informe complet.<\/sup><\/a><\/p>\n<p><sup>Nota a tenir en compte (que ja hem traslladat a PReME):<\/sup><\/p>\n<ul>\n<li><sup>La recomanaci\u00f3 de pres\u00e8ncia de llegums un m\u00ednim de 12 vegades al mes la veiem inviable per la dificultat dels infants a menjar-la. Nosaltres l&#8217;oferim sempre entre una i dues vegades per setmana.<\/sup><\/li>\n<\/ul>\n<p>&nbsp;<\/p>\n<p>&nbsp;<\/p>\n","protected":false},"excerpt":{"rendered":"<p>MEN\u00da ABRIL<br \/>\n<a href=\"https:\/\/photos.app.goo.gl\/o7bCrixGUEuwxxAZ7\"><\/a><\/p>\n<p>Resum dels aspectes positius o a millorar de la programaci\u00f3 de men\u00fas de la Sedeta. Curs 2024-25.<br \/>\nElaborat per l&#8217;Ag\u00e8ncia de Salut P\u00fablica de Barcelona, en el marc del Programa de Revisi\u00f3 de Men\u00fas Escolars (PReME)\u00a0<br \/>\nData: 12\/11\/2024<br \/>\n<a href=\"https:\/\/drive.google.com\/file\/d\/1aVm-6r2X2O1GimZzb1q4LOQzuJzGllYu\/view?usp=sharing\">Cliqueu la imatge per veure l&#8217;informe complet.<\/a><br \/>\nNota&hellip;  <a href=\"https:\/\/agora.xtec.cat\/ceip-lasedeta\/espai-migdia\/menu\/\" title=\"Read Men\u00fa\">Llegeix m\u00e9s\u00bb<\/a><\/p>\n","protected":false},"author":1,"featured_media":0,"parent":615,"menu_order":10,"comment_status":"closed","ping_status":"closed","template":"page-templates\/side-menu.php","meta":{"_bbp_topic_count":0,"_bbp_reply_count":0,"_bbp_total_topic_count":0,"_bbp_total_reply_count":0,"_bbp_voice_count":0,"_bbp_anonymous_reply_count":0,"_bbp_topic_count_hidden":0,"_bbp_reply_count_hidden":0,"_bbp_forum_subforum_count":0,"footnotes":""},"class_list":["post-617","page","type-page","status-publish","hentry"],"post_mailing_queue_ids":[],"_links":{"self":[{"href":"https:\/\/agora.xtec.cat\/ceip-lasedeta\/wp-json\/wp\/v2\/pages\/617","targetHints":{"allow":["GET"]}}],"collection":[{"href":"https:\/\/agora.xtec.cat\/ceip-lasedeta\/wp-json\/wp\/v2\/pages"}],"about":[{"href":"https:\/\/agora.xtec.cat\/ceip-lasedeta\/wp-json\/wp\/v2\/types\/page"}],"author":[{"embeddable":true,"href":"https:\/\/agora.xtec.cat\/ceip-lasedeta\/wp-json\/wp\/v2\/users\/1"}],"replies":[{"embeddable":true,"href":"https:\/\/agora.xtec.cat\/ceip-lasedeta\/wp-json\/wp\/v2\/comments?post=617"}],"version-history":[{"count":6,"href":"https:\/\/agora.xtec.cat\/ceip-lasedeta\/wp-json\/wp\/v2\/pages\/617\/revisions"}],"predecessor-version":[{"id":2445,"href":"https:\/\/agora.xtec.cat\/ceip-lasedeta\/wp-json\/wp\/v2\/pages\/617\/revisions\/2445"}],"up":[{"embeddable":true,"href":"https:\/\/agora.xtec.cat\/ceip-lasedeta\/wp-json\/wp\/v2\/pages\/615"}],"wp:attachment":[{"href":"https:\/\/agora.xtec.cat\/ceip-lasedeta\/wp-json\/wp\/v2\/media?parent=617"}],"curies":[{"name":"wp","href":"https:\/\/api.w.org\/{rel}","templated":true}]}}