{"id":615,"date":"2023-10-18T15:57:46","date_gmt":"2023-10-18T13:57:46","guid":{"rendered":"https:\/\/agora.xtec.cat\/ceip-lasedeta\/?page_id=615"},"modified":"2025-09-17T14:15:45","modified_gmt":"2025-09-17T12:15:45","slug":"espai-migdia","status":"publish","type":"page","link":"https:\/\/agora.xtec.cat\/ceip-lasedeta\/espai-migdia\/","title":{"rendered":"Espai migdia"},"content":{"rendered":"<h6><span style=\"color: #ff6600;\"><strong>COM CONTACTAR AMB NOSALTRES?<\/strong><\/span><\/h6>\n<ul>\n<li>De forma\u00a0<strong>presencial<\/strong>, a\u00a0l\u2019escola\u00a0<strong>de dilluns a divendres\u00a0<\/strong>entre<strong>\u00a0les 9h i les 10h<\/strong>\u00a0trobareu la N\u00faria o la Raquel. Tamb\u00e9\u00a0a trav\u00e9s del nostre\u00a0<strong>correu electr\u00f2nic<\/strong>, que \u00e9s\u00a0<strong>migdia.lasedeta@gmail.com<\/strong>\u00a0o per\u00a0<strong>Dinantia<\/strong>.\u00a0Aqu\u00ed podeu fer-nos qualsevol consulta i ens podeu escriure en qualsevol moment, nosaltres consultem el correu i responem cada dia entre les 9h i les 12h.<\/li>\n<\/ul>\n<h6><span style=\"color: #ff6600;\"><strong>DIETES<\/strong><\/span><\/h6>\n<ul>\n<li>Per demanar dieta cal\u00a0<strong>avisar directament a les coordinadores de migdia<\/strong>. O b\u00e9 \u00a0enviant un correu electr\u00f2nic o per Dinantia.<\/li>\n<li>Si arribeu abans de les 9h, podeu demanar un\u00a0<strong>full d\u2019avisos<\/strong>\u00a0a les monitores de l\u2019acollida de mat\u00ed i elles ens ho faran arribar.<\/li>\n<li>Cal demanar la dieta\u00a0<strong>abans de les 10h del mateix dia<\/strong>\u00a0per garantir que cuina la pugui preparar.<\/li>\n<\/ul>\n<h6><span style=\"color: #ff6600;\"><strong>ABS\u00c8NCIES<\/strong><\/span><\/h6>\n<ul>\n<li>Cal\u00a0<strong>avisar de les abs\u00e8ncies amb antelaci\u00f3<\/strong>\u00a0i directament a les coordinadores de migdia. O b\u00e9 enviant un correu electr\u00f2nic o Dinantia.<\/li>\n<li>Si l\u2019abs\u00e8ncia \u00e9s per al mateix dia, cal\u00a0<strong>notificar-la abans de les 10h<\/strong>, que \u00e9s quan passem els men\u00fas a cuina.<\/li>\n<li>Si l\u2019abs\u00e8ncia \u00e9s per malaltia, cal avisar cada dia que no vingui (sempre abans de les 10h) o be especificar que s\u2019avisar\u00e0 el dia que es torni a fer \u00fas del menjador.<\/li>\n<li>Sempre que l\u2019abs\u00e8ncia estigui\u00a0<strong>degudament<\/strong>\u00a0avisada, es\u00a0<strong>descomptar\u00e0 la part proporcional del menjar (3,70\u20ac) en el rebut del mes seg\u00fcent<\/strong>.<\/li>\n<\/ul>\n<h6><span style=\"color: #ff6600;\"><strong>RELACI\u00d3\u00a0PAGAMENTS<\/strong><\/span><\/h6>\n<p><span style=\"color: #99cc00;\"><strong>PREUS<\/strong><\/span><\/p>\n<table>\n<tbody>\n<tr>\n<td>Preu \u00e0pat fix<\/td>\n<td>7\u20ac<\/td>\n<\/tr>\n<tr>\n<td>Preu \u00e0pat espor\u00e0dic<\/td>\n<td>7,50\u20ac<\/td>\n<\/tr>\n<tr>\n<td>Preu \u00e0pat fam\u00edlia nombrosa (*)<\/td>\n<td>6\u20ac<\/td>\n<\/tr>\n<\/tbody>\n<\/table>\n<p><span style=\"color: #99cc00;\"><strong>QUOTES<\/strong><\/span><\/p>\n<table>\n<tbody>\n<tr>\n<td><\/td>\n<td>Total<\/p>\n<p>dies lectius<\/td>\n<td>Preu<\/p>\n<p>est\u00e0ndard<\/td>\n<td>Preu\u00a0\u00a0\u00a0\u00a0\u00a0\u00a0\u00a0\u00a0\u00a0\u00a0\u00a0\u00a0\u00a0\u00a0\u00a0\u00a0\u00a0\u00a0\u00a0\u00a0\u00a0\u00a0\u00a0\u00a0\u00a0\u00a0 Preu<\/p>\n<p>F.nombrosa (*)\u00a0\u00a0\u00a0\u00a0\u00a0\u00a0\u00a0\u00a0\u00a0\u00a0 becat<\/td>\n<\/tr>\n<tr>\n<td>SETEMBRE EI3<\/td>\n<td>11<\/td>\n<td>77\u20ac<\/td>\n<td>\u00a0 \u00a066\u20ac\u00a0 \u00a0 \u00a0 \u00a0 \u00a0 \u00a0 \u00a0 \u00a0 \u00a0 \u00a0 \u00a0 \u00a0 \u00a0 \u00a0 23,1\u20ac<\/td>\n<\/tr>\n<tr>\n<td>SETEMBRE EI4-6\u00e8.<\/td>\n<td>15<\/td>\n<td>115\u20ac<\/td>\n<td>\u00a0\u00a0 90\u20ac\u00a0 \u00a0 \u00a0 \u00a0 \u00a0 \u00a0 \u00a0 \u00a0 \u00a0 \u00a0 \u00a0 \u00a0 \u00a0 \u00a0 31,5\u20ac<\/td>\n<\/tr>\n<tr>\n<td>OCTUBRE<\/td>\n<td>22<\/td>\n<td>154\u20ac<\/td>\n<td>\u00a0 132\u20ac\u00a0 \u00a0 \u00a0 \u00a0 \u00a0 \u00a0 \u00a0 \u00a0 \u00a0 \u00a0 \u00a0 \u00a0 \u00a0 \u00a046,2\u20ac<\/td>\n<\/tr>\n<tr>\n<td>NOVEMBRE<\/td>\n<td>19<\/td>\n<td>133\u20ac<\/td>\n<td>\u00a0 114\u20ac\u00a0 \u00a0 \u00a0 \u00a0 \u00a0 \u00a0 \u00a0 \u00a0 \u00a0 \u00a0 \u00a0 \u00a0 \u00a0 \u00a039,9\u20ac<\/td>\n<\/tr>\n<tr>\n<td>DESEMBRE<\/td>\n<td>14<\/td>\n<td>98\u20ac<\/td>\n<td>\u00a0 84\u20ac\u00a0 \u00a0 \u00a0 \u00a0 \u00a0 \u00a0 \u00a0 \u00a0 \u00a0 \u00a0 \u00a0 \u00a0 \u00a0 \u00a0 \u00a029,4\u20ac<\/td>\n<\/tr>\n<tr>\n<td>GENER<\/td>\n<td>17<\/td>\n<td>119\u20ac<\/td>\n<td>\u00a0 102\u20ac\u00a0 \u00a0 \u00a0 \u00a0 \u00a0 \u00a0 \u00a0 \u00a0 \u00a0 \u00a0 \u00a0 \u00a0 \u00a0 \u00a0 35,7\u20ac<\/td>\n<\/tr>\n<tr>\n<td>FEBRER<\/td>\n<td>19<\/td>\n<td>133\u20ac<\/td>\n<td>\u00a0 114\u20ac\u00a0 \u00a0 \u00a0 \u00a0 \u00a0 \u00a0 \u00a0 \u00a0 \u00a0 \u00a0 \u00a0 \u00a0 \u00a0 \u00a0 39,9\u20ac<\/td>\n<\/tr>\n<tr>\n<td>MAR\u00c7<\/td>\n<td>20<\/td>\n<td>140\u20ac<\/td>\n<td>\u00a0\u00a0 120\u20ac\u00a0 \u00a0 \u00a0 \u00a0 \u00a0 \u00a0 \u00a0 \u00a0 \u00a0 \u00a0 \u00a0 \u00a0 \u00a0 42\u20ac<\/td>\n<\/tr>\n<tr>\n<td>ABRIL<\/td>\n<td>18<\/td>\n<td>126\u20ac<\/td>\n<td>\u00a0 108\u20ac\u00a0 \u00a0 \u00a0 \u00a0 \u00a0 \u00a0 \u00a0 \u00a0 \u00a0 \u00a0 \u00a0 \u00a0 \u00a0 37,8\u20ac<\/td>\n<\/tr>\n<tr>\n<td>MAIG<\/td>\n<td>18<\/td>\n<td>126\u20ac<\/td>\n<td>\u00a0 108\u20ac\u00a0 \u00a0 \u00a0 \u00a0 \u00a0 \u00a0 \u00a0 \u00a0 \u00a0 \u00a0 \u00a0 \u00a0 \u00a0 37,8\u20ac<\/td>\n<\/tr>\n<tr>\n<td>JUNY<\/td>\n<td>15<\/td>\n<td>115\u20ac<\/td>\n<td>\u00a0 90\u20ac\u00a0 \u00a0 \u00a0 \u00a0 \u00a0 \u00a0 \u00a0 \u00a0 \u00a0 \u00a0 \u00a0 \u00a0 \u00a0 \u00a0 31,5\u20ac<\/td>\n<\/tr>\n<\/tbody>\n<\/table>\n<p>* Fam\u00edlies amb carnet de fam\u00edlia nombrosa amb tres o m\u00e9s infants matriculats a l\u2019Escola o INS La Sedeta aquest curs 2025-26.<span class=\"Apple-converted-space\">\u00a0<\/span><\/p>\n<p><span style=\"color: #99cc00;\"><strong>CALENDARI PAGAMENTS<\/strong><\/span><\/p>\n<ul>\n<li><b>El rebut es girar\u00e0 a principi de mes, <\/b>tret del cas de<b> setembre que es girar\u00e0 a l&#8217;inici de curs (mitjans de setembre).<\/b><\/li>\n<li>Els rebuts vindran a nom de\u00a0<strong>Garbuix sccl<\/strong>.<\/li>\n<li>En cas que sigui\u00a0<b>retornat algun rebut<\/b>, es cobraran les despeses banc\u00e0ries (<strong>1,21\u20ac<\/strong>) d\u2019aquest retorn, sempre que no hagi estat un error en la tramesa.<\/li>\n<li>Els rebuts del servei de menjador en modalitat d\u2019<strong>espor\u00e0dic<\/strong>\u00a0es passaran a mes ven\u00e7ut.<\/li>\n<li>Tots els pagaments es faran \u00fanicament a trav\u00e9s de\u00a0<strong>domiciliaci\u00f3 o transfer\u00e8ncia banc\u00e0ria.<\/strong><\/li>\n<\/ul>\n","protected":false},"excerpt":{"rendered":"<p>COM CONTACTAR AMB NOSALTRES?<\/p>\n<ul>\n<li>De forma\u00a0presencial, a\u00a0l\u2019escola\u00a0de dilluns a divendres\u00a0entre\u00a0les 9h i les 10h\u00a0trobareu la N\u00faria o la Raquel. Tamb\u00e9\u00a0a trav\u00e9s del nostre\u00a0correu electr\u00f2nic, que \u00e9s\u00a0migdia.lasedeta@gmail.com\u00a0o per\u00a0Dinantia.\u00a0Aqu\u00ed podeu fer-nos qualsevol consulta i ens podeu escriure en qualsevol moment, nosaltres consultem el correu i responem cada dia&hellip;  <a href=\"https:\/\/agora.xtec.cat\/ceip-lasedeta\/espai-migdia\/\" title=\"Read Espai migdia\">Llegeix m\u00e9s\u00bb<\/a><br \/>\n","protected":false},"author":1,"featured_media":0,"parent":0,"menu_order":0,"comment_status":"closed","ping_status":"closed","template":"page-templates\/side-menu.php","meta":{"_bbp_topic_count":0,"_bbp_reply_count":0,"_bbp_total_topic_count":0,"_bbp_total_reply_count":0,"_bbp_voice_count":0,"_bbp_anonymous_reply_count":0,"_bbp_topic_count_hidden":0,"_bbp_reply_count_hidden":0,"_bbp_forum_subforum_count":0,"footnotes":""},"class_list":["post-615","page","type-page","status-publish","hentry"],"post_mailing_queue_ids":[],"_links":{"self":[{"href":"https:\/\/agora.xtec.cat\/ceip-lasedeta\/wp-json\/wp\/v2\/pages\/615","targetHints":{"allow":["GET"]}}],"collection":[{"href":"https:\/\/agora.xtec.cat\/ceip-lasedeta\/wp-json\/wp\/v2\/pages"}],"about":[{"href":"https:\/\/agora.xtec.cat\/ceip-lasedeta\/wp-json\/wp\/v2\/types\/page"}],"author":[{"embeddable":true,"href":"https:\/\/agora.xtec.cat\/ceip-lasedeta\/wp-json\/wp\/v2\/users\/1"}],"replies":[{"embeddable":true,"href":"https:\/\/agora.xtec.cat\/ceip-lasedeta\/wp-json\/wp\/v2\/comments?post=615"}],"version-history":[{"count":6,"href":"https:\/\/agora.xtec.cat\/ceip-lasedeta\/wp-json\/wp\/v2\/pages\/615\/revisions"}],"predecessor-version":[{"id":2203,"href":"https:\/\/agora.xtec.cat\/ceip-lasedeta\/wp-json\/wp\/v2\/pages\/615\/revisions\/2203"}],"wp:attachment":[{"href":"https:\/\/agora.xtec.cat\/ceip-lasedeta\/wp-json\/wp\/v2\/media?parent=615"}],"curies":[{"name":"wp","href":"https:\/\/api.w.org\/{rel}","templated":true}]}}