{"id":605,"date":"2023-10-18T15:47:34","date_gmt":"2023-10-18T13:47:34","guid":{"rendered":"https:\/\/agora.xtec.cat\/ceip-lasedeta\/?page_id=605"},"modified":"2025-01-27T15:12:31","modified_gmt":"2025-01-27T14:12:31","slug":"sortides-i-colonies","status":"publish","type":"page","link":"https:\/\/agora.xtec.cat\/ceip-lasedeta\/projecte-educatiu\/sortides-i-colonies\/","title":{"rendered":"Sortides i col\u00f2nies"},"content":{"rendered":"<h4 class=\"entry-title\"><strong><span style=\"color: #ff6600;\">Sortides escolars<\/span><\/strong><\/h4>\n<div class=\"entry-content\">\n<p>A l&#8217;escola realitzem diverses sortides al llarg de l&#8217;escolaritzaci\u00f3, durant l\u2019etapa infantil i la prim\u00e0ria, relacionades amb les diferents \u00e0rees de coneixement.<\/p>\n<p>Aquestes sortides ens permeten aprofundir sobre els continguts treballats a l\u2019aula i gaudir d\u2019experi\u00e8ncies de forma diferent de l\u2019entorn escolar.<\/p>\n<ul>\n<li>Relacionades amb la\u00a0<strong>llengua<\/strong>: teatre Regina, biblioteca Sagrada Fam\u00edlia, Centre C\u00edvic de la Sedeta per veure obres de teatre en angl\u00e8s\u2026<\/li>\n<\/ul>\n<p><a href=\"https:\/\/agora.xtec.cat\/ceip-lasedeta\/wp-content\/uploads\/usu2430\/2024\/12\/IMG_7009-scaled.jpg\"><img loading=\"lazy\" decoding=\"async\" class=\"alignnone wp-image-1686\" src=\"https:\/\/agora.xtec.cat\/ceip-lasedeta\/wp-content\/uploads\/usu2430\/2024\/12\/IMG_7009-1024x768.jpg\" alt=\"\" width=\"245\" height=\"184\" srcset=\"https:\/\/agora.xtec.cat\/ceip-lasedeta\/wp-content\/uploads\/usu2430\/2024\/12\/IMG_7009-1024x768.jpg 1024w, https:\/\/agora.xtec.cat\/ceip-lasedeta\/wp-content\/uploads\/usu2430\/2024\/12\/IMG_7009-300x225.jpg 300w, https:\/\/agora.xtec.cat\/ceip-lasedeta\/wp-content\/uploads\/usu2430\/2024\/12\/IMG_7009-768x576.jpg 768w, https:\/\/agora.xtec.cat\/ceip-lasedeta\/wp-content\/uploads\/usu2430\/2024\/12\/IMG_7009-1536x1152.jpg 1536w, https:\/\/agora.xtec.cat\/ceip-lasedeta\/wp-content\/uploads\/usu2430\/2024\/12\/IMG_7009-2048x1536.jpg 2048w, https:\/\/agora.xtec.cat\/ceip-lasedeta\/wp-content\/uploads\/usu2430\/2024\/12\/IMG_7009-200x150.jpg 200w\" sizes=\"auto, (max-width: 245px) 100vw, 245px\" \/><\/a> <a href=\"https:\/\/agora.xtec.cat\/ceip-lasedeta\/wp-content\/uploads\/usu2430\/2024\/12\/IMG_6219-scaled.jpg\"><img loading=\"lazy\" decoding=\"async\" class=\"alignnone wp-image-1677\" src=\"https:\/\/agora.xtec.cat\/ceip-lasedeta\/wp-content\/uploads\/usu2430\/2024\/12\/IMG_6219-1024x768.jpg\" alt=\"\" width=\"245\" height=\"184\" srcset=\"https:\/\/agora.xtec.cat\/ceip-lasedeta\/wp-content\/uploads\/usu2430\/2024\/12\/IMG_6219-1024x768.jpg 1024w, https:\/\/agora.xtec.cat\/ceip-lasedeta\/wp-content\/uploads\/usu2430\/2024\/12\/IMG_6219-300x225.jpg 300w, https:\/\/agora.xtec.cat\/ceip-lasedeta\/wp-content\/uploads\/usu2430\/2024\/12\/IMG_6219-768x576.jpg 768w, https:\/\/agora.xtec.cat\/ceip-lasedeta\/wp-content\/uploads\/usu2430\/2024\/12\/IMG_6219-1536x1152.jpg 1536w, https:\/\/agora.xtec.cat\/ceip-lasedeta\/wp-content\/uploads\/usu2430\/2024\/12\/IMG_6219-2048x1536.jpg 2048w, https:\/\/agora.xtec.cat\/ceip-lasedeta\/wp-content\/uploads\/usu2430\/2024\/12\/IMG_6219-200x150.jpg 200w\" sizes=\"auto, (max-width: 245px) 100vw, 245px\" \/><\/a><\/p>\n<\/div>\n<ul>\n<li>Relacionades amb l\u2019<strong>expressi\u00f3 pl\u00e0stica<\/strong>: cada any visitem museus relacionats amb l\u2019artista treballat: Fundaci\u00f3 T\u00e0pies, museu Mir\u00f3, museu Picasso, MNAC\u2026<\/li>\n<\/ul>\n<pre><\/pre>\n<ul>\n<li>Relacionades amb el\u00a0<strong>medi<\/strong>: CosmoCaixa, Caprabo, Parlament de Catalunya, museu egipci, museu d\u2019hist\u00f2ria, sortides a la muntanya per treballar la tardor, la verema, els animals de la granja, museu mol\u00ed paperer de Capellades\u2026<\/li>\n<\/ul>\n<p><a href=\"https:\/\/agora.xtec.cat\/ceip-lasedeta\/wp-content\/uploads\/usu2430\/2024\/06\/IMG_4702-scaled.jpg\"><img loading=\"lazy\" decoding=\"async\" class=\"alignnone wp-image-1505\" src=\"https:\/\/agora.xtec.cat\/ceip-lasedeta\/wp-content\/uploads\/usu2430\/2024\/06\/IMG_4702-1024x768.jpg\" alt=\"\" width=\"243\" height=\"183\" srcset=\"https:\/\/agora.xtec.cat\/ceip-lasedeta\/wp-content\/uploads\/usu2430\/2024\/06\/IMG_4702-1024x768.jpg 1024w, https:\/\/agora.xtec.cat\/ceip-lasedeta\/wp-content\/uploads\/usu2430\/2024\/06\/IMG_4702-300x225.jpg 300w, https:\/\/agora.xtec.cat\/ceip-lasedeta\/wp-content\/uploads\/usu2430\/2024\/06\/IMG_4702-768x576.jpg 768w, https:\/\/agora.xtec.cat\/ceip-lasedeta\/wp-content\/uploads\/usu2430\/2024\/06\/IMG_4702-1536x1152.jpg 1536w, https:\/\/agora.xtec.cat\/ceip-lasedeta\/wp-content\/uploads\/usu2430\/2024\/06\/IMG_4702-2048x1536.jpg 2048w, https:\/\/agora.xtec.cat\/ceip-lasedeta\/wp-content\/uploads\/usu2430\/2024\/06\/IMG_4702-200x150.jpg 200w\" sizes=\"auto, (max-width: 243px) 100vw, 243px\" \/><\/a> <a href=\"https:\/\/agora.xtec.cat\/ceip-lasedeta\/wp-content\/uploads\/usu2430\/2024\/06\/IMG_6521-1-scaled.jpg\"><img loading=\"lazy\" decoding=\"async\" class=\"alignnone wp-image-1487\" src=\"https:\/\/agora.xtec.cat\/ceip-lasedeta\/wp-content\/uploads\/usu2430\/2024\/06\/IMG_6521-1-1024x768.jpg\" alt=\"\" width=\"242\" height=\"182\" srcset=\"https:\/\/agora.xtec.cat\/ceip-lasedeta\/wp-content\/uploads\/usu2430\/2024\/06\/IMG_6521-1-1024x768.jpg 1024w, https:\/\/agora.xtec.cat\/ceip-lasedeta\/wp-content\/uploads\/usu2430\/2024\/06\/IMG_6521-1-300x225.jpg 300w, https:\/\/agora.xtec.cat\/ceip-lasedeta\/wp-content\/uploads\/usu2430\/2024\/06\/IMG_6521-1-768x576.jpg 768w, https:\/\/agora.xtec.cat\/ceip-lasedeta\/wp-content\/uploads\/usu2430\/2024\/06\/IMG_6521-1-1536x1152.jpg 1536w, https:\/\/agora.xtec.cat\/ceip-lasedeta\/wp-content\/uploads\/usu2430\/2024\/06\/IMG_6521-1-2048x1536.jpg 2048w, https:\/\/agora.xtec.cat\/ceip-lasedeta\/wp-content\/uploads\/usu2430\/2024\/06\/IMG_6521-1-200x150.jpg 200w\" sizes=\"auto, (max-width: 242px) 100vw, 242px\" \/><\/a> <a href=\"https:\/\/agora.xtec.cat\/ceip-lasedeta\/wp-content\/uploads\/usu2430\/2024\/06\/I3-granja-scaled.jpg\"><img loading=\"lazy\" decoding=\"async\" class=\"alignnone wp-image-1483\" src=\"https:\/\/agora.xtec.cat\/ceip-lasedeta\/wp-content\/uploads\/usu2430\/2024\/06\/I3-granja-1024x768.jpg\" alt=\"\" width=\"242\" height=\"182\" srcset=\"https:\/\/agora.xtec.cat\/ceip-lasedeta\/wp-content\/uploads\/usu2430\/2024\/06\/I3-granja-1024x768.jpg 1024w, https:\/\/agora.xtec.cat\/ceip-lasedeta\/wp-content\/uploads\/usu2430\/2024\/06\/I3-granja-300x225.jpg 300w, https:\/\/agora.xtec.cat\/ceip-lasedeta\/wp-content\/uploads\/usu2430\/2024\/06\/I3-granja-768x576.jpg 768w, https:\/\/agora.xtec.cat\/ceip-lasedeta\/wp-content\/uploads\/usu2430\/2024\/06\/I3-granja-1536x1152.jpg 1536w, https:\/\/agora.xtec.cat\/ceip-lasedeta\/wp-content\/uploads\/usu2430\/2024\/06\/I3-granja-2048x1536.jpg 2048w, https:\/\/agora.xtec.cat\/ceip-lasedeta\/wp-content\/uploads\/usu2430\/2024\/06\/I3-granja-200x150.jpg 200w\" sizes=\"auto, (max-width: 242px) 100vw, 242px\" \/><\/a><\/p>\n<ul>\n<li><span style=\"font-family: inherit; font-size: 1em;\">Relacionades amb l\u2019<\/span><strong style=\"font-family: inherit; font-size: 1em;\">educaci\u00f3 f\u00edsica<\/strong><span style=\"font-family: inherit; font-size: 1em;\">: nataci\u00f3 al Club esportiu Claror a 1r i 6\u00e8, el joc perdut, el biatl\u00f3, cursa d\u2019orientaci\u00f3, jocs cooperatius\u2026<\/span><\/li>\n<\/ul>\n<p><a href=\"https:\/\/agora.xtec.cat\/ceip-lasedeta\/wp-content\/uploads\/usu2430\/2023\/12\/1700231736909-scaled.jpg\"><img loading=\"lazy\" decoding=\"async\" class=\"alignnone wp-image-1015\" src=\"https:\/\/agora.xtec.cat\/ceip-lasedeta\/wp-content\/uploads\/usu2430\/2023\/12\/1700231736909-1024x768.jpg\" alt=\"\" width=\"243\" height=\"182\" srcset=\"https:\/\/agora.xtec.cat\/ceip-lasedeta\/wp-content\/uploads\/usu2430\/2023\/12\/1700231736909-1024x768.jpg 1024w, https:\/\/agora.xtec.cat\/ceip-lasedeta\/wp-content\/uploads\/usu2430\/2023\/12\/1700231736909-300x225.jpg 300w, https:\/\/agora.xtec.cat\/ceip-lasedeta\/wp-content\/uploads\/usu2430\/2023\/12\/1700231736909-768x576.jpg 768w, https:\/\/agora.xtec.cat\/ceip-lasedeta\/wp-content\/uploads\/usu2430\/2023\/12\/1700231736909-1536x1152.jpg 1536w, https:\/\/agora.xtec.cat\/ceip-lasedeta\/wp-content\/uploads\/usu2430\/2023\/12\/1700231736909-2048x1536.jpg 2048w, https:\/\/agora.xtec.cat\/ceip-lasedeta\/wp-content\/uploads\/usu2430\/2023\/12\/1700231736909-200x150.jpg 200w\" sizes=\"auto, (max-width: 243px) 100vw, 243px\" \/><\/a> <a href=\"https:\/\/agora.xtec.cat\/ceip-lasedeta\/wp-content\/uploads\/usu2430\/2024\/03\/81e120b9-269e-4c6b-b305-742e41f92be6-1.jpg\"><img loading=\"lazy\" decoding=\"async\" class=\"alignnone wp-image-1321\" src=\"https:\/\/agora.xtec.cat\/ceip-lasedeta\/wp-content\/uploads\/usu2430\/2024\/03\/81e120b9-269e-4c6b-b305-742e41f92be6-1-1024x768.jpg\" alt=\"\" width=\"243\" height=\"183\" srcset=\"https:\/\/agora.xtec.cat\/ceip-lasedeta\/wp-content\/uploads\/usu2430\/2024\/03\/81e120b9-269e-4c6b-b305-742e41f92be6-1-1024x768.jpg 1024w, https:\/\/agora.xtec.cat\/ceip-lasedeta\/wp-content\/uploads\/usu2430\/2024\/03\/81e120b9-269e-4c6b-b305-742e41f92be6-1-300x225.jpg 300w, https:\/\/agora.xtec.cat\/ceip-lasedeta\/wp-content\/uploads\/usu2430\/2024\/03\/81e120b9-269e-4c6b-b305-742e41f92be6-1-768x576.jpg 768w, https:\/\/agora.xtec.cat\/ceip-lasedeta\/wp-content\/uploads\/usu2430\/2024\/03\/81e120b9-269e-4c6b-b305-742e41f92be6-1-1536x1152.jpg 1536w, https:\/\/agora.xtec.cat\/ceip-lasedeta\/wp-content\/uploads\/usu2430\/2024\/03\/81e120b9-269e-4c6b-b305-742e41f92be6-1-200x150.jpg 200w, https:\/\/agora.xtec.cat\/ceip-lasedeta\/wp-content\/uploads\/usu2430\/2024\/03\/81e120b9-269e-4c6b-b305-742e41f92be6-1.jpg 2000w\" sizes=\"auto, (max-width: 243px) 100vw, 243px\" \/><\/a> <a href=\"https:\/\/agora.xtec.cat\/ceip-lasedeta\/wp-content\/uploads\/usu2430\/2024\/12\/IMG_20241205_110305-min-scaled.jpg\"><img loading=\"lazy\" decoding=\"async\" class=\"alignnone wp-image-1716\" src=\"https:\/\/agora.xtec.cat\/ceip-lasedeta\/wp-content\/uploads\/usu2430\/2024\/12\/IMG_20241205_110305-min-1024x578.jpg\" alt=\"\" width=\"321\" height=\"181\" srcset=\"https:\/\/agora.xtec.cat\/ceip-lasedeta\/wp-content\/uploads\/usu2430\/2024\/12\/IMG_20241205_110305-min-1024x578.jpg 1024w, https:\/\/agora.xtec.cat\/ceip-lasedeta\/wp-content\/uploads\/usu2430\/2024\/12\/IMG_20241205_110305-min-300x169.jpg 300w, https:\/\/agora.xtec.cat\/ceip-lasedeta\/wp-content\/uploads\/usu2430\/2024\/12\/IMG_20241205_110305-min-768x434.jpg 768w, https:\/\/agora.xtec.cat\/ceip-lasedeta\/wp-content\/uploads\/usu2430\/2024\/12\/IMG_20241205_110305-min-1536x867.jpg 1536w, https:\/\/agora.xtec.cat\/ceip-lasedeta\/wp-content\/uploads\/usu2430\/2024\/12\/IMG_20241205_110305-min-2048x1157.jpg 2048w\" sizes=\"auto, (max-width: 321px) 100vw, 321px\" \/><\/a><\/p>\n<ul>\n<li>Relacionades amb la\u00a0<strong>m\u00fasica<\/strong>: Dansa ARA, CANT\u00c0NIA, espectacles musicals al Kiddy M\u00fasics\u2026<\/li>\n<\/ul>\n<p><a href=\"https:\/\/agora.xtec.cat\/ceip-lasedeta\/wp-content\/uploads\/usu2430\/2025\/01\/IMG_20240313_101521-1-scaled.jpg\"><img loading=\"lazy\" decoding=\"async\" class=\"alignnone wp-image-1733\" src=\"https:\/\/agora.xtec.cat\/ceip-lasedeta\/wp-content\/uploads\/usu2430\/2025\/01\/IMG_20240313_101521-1-1024x659.jpg\" alt=\"\" width=\"268\" height=\"172\" srcset=\"https:\/\/agora.xtec.cat\/ceip-lasedeta\/wp-content\/uploads\/usu2430\/2025\/01\/IMG_20240313_101521-1-1024x659.jpg 1024w, https:\/\/agora.xtec.cat\/ceip-lasedeta\/wp-content\/uploads\/usu2430\/2025\/01\/IMG_20240313_101521-1-300x193.jpg 300w, https:\/\/agora.xtec.cat\/ceip-lasedeta\/wp-content\/uploads\/usu2430\/2025\/01\/IMG_20240313_101521-1-768x495.jpg 768w, https:\/\/agora.xtec.cat\/ceip-lasedeta\/wp-content\/uploads\/usu2430\/2025\/01\/IMG_20240313_101521-1-1536x989.jpg 1536w, https:\/\/agora.xtec.cat\/ceip-lasedeta\/wp-content\/uploads\/usu2430\/2025\/01\/IMG_20240313_101521-1-2048x1319.jpg 2048w\" sizes=\"auto, (max-width: 268px) 100vw, 268px\" \/><\/a><\/p>\n<h4 class=\"entry-title\"><strong><span style=\"color: #ff6600;\">Col\u00f2nies escolars<\/span><\/strong><\/h4>\n<p>Anem de col\u00f2nies cada dos anys.<\/p>\n","protected":false},"excerpt":{"rendered":"<p>Sortides escolars<\/p>\n<p>A l&#8217;escola realitzem diverses sortides al llarg de l&#8217;escolaritzaci\u00f3, durant l\u2019etapa infantil i la prim\u00e0ria, relacionades amb les diferents \u00e0rees de coneixement.<br \/>\nAquestes sortides ens permeten aprofundir sobre els continguts treballats a l\u2019aula i gaudir d\u2019experi\u00e8ncies de forma diferent de l\u2019entorn escolar.<\/p>\n<ul>\n<li>Relacionades amb la\u00a0llengua: teatre&hellip;  <a href=\"https:\/\/agora.xtec.cat\/ceip-lasedeta\/projecte-educatiu\/sortides-i-colonies\/\" title=\"Read Sortides i col\u00f2nies\">Llegeix m\u00e9s\u00bb<\/a><br \/>\n","protected":false},"author":1,"featured_media":0,"parent":64,"menu_order":20,"comment_status":"closed","ping_status":"closed","template":"page-templates\/side-menu.php","meta":{"_bbp_topic_count":0,"_bbp_reply_count":0,"_bbp_total_topic_count":0,"_bbp_total_reply_count":0,"_bbp_voice_count":0,"_bbp_anonymous_reply_count":0,"_bbp_topic_count_hidden":0,"_bbp_reply_count_hidden":0,"_bbp_forum_subforum_count":0,"footnotes":""},"class_list":["post-605","page","type-page","status-publish","hentry"],"post_mailing_queue_ids":[],"_links":{"self":[{"href":"https:\/\/agora.xtec.cat\/ceip-lasedeta\/wp-json\/wp\/v2\/pages\/605","targetHints":{"allow":["GET"]}}],"collection":[{"href":"https:\/\/agora.xtec.cat\/ceip-lasedeta\/wp-json\/wp\/v2\/pages"}],"about":[{"href":"https:\/\/agora.xtec.cat\/ceip-lasedeta\/wp-json\/wp\/v2\/types\/page"}],"author":[{"embeddable":true,"href":"https:\/\/agora.xtec.cat\/ceip-lasedeta\/wp-json\/wp\/v2\/users\/1"}],"replies":[{"embeddable":true,"href":"https:\/\/agora.xtec.cat\/ceip-lasedeta\/wp-json\/wp\/v2\/comments?post=605"}],"version-history":[{"count":6,"href":"https:\/\/agora.xtec.cat\/ceip-lasedeta\/wp-json\/wp\/v2\/pages\/605\/revisions"}],"predecessor-version":[{"id":1818,"href":"https:\/\/agora.xtec.cat\/ceip-lasedeta\/wp-json\/wp\/v2\/pages\/605\/revisions\/1818"}],"up":[{"embeddable":true,"href":"https:\/\/agora.xtec.cat\/ceip-lasedeta\/wp-json\/wp\/v2\/pages\/64"}],"wp:attachment":[{"href":"https:\/\/agora.xtec.cat\/ceip-lasedeta\/wp-json\/wp\/v2\/media?parent=605"}],"curies":[{"name":"wp","href":"https:\/\/api.w.org\/{rel}","templated":true}]}}