{"id":36,"date":"2014-09-18T12:33:11","date_gmt":"2014-09-18T11:33:11","guid":{"rendered":"http:\/\/agora.xtec.cat\/ceip-lasedeta\/?page_id=36"},"modified":"2025-02-04T13:44:13","modified_gmt":"2025-02-04T12:44:13","slug":"material-escolar","status":"publish","type":"page","link":"https:\/\/agora.xtec.cat\/ceip-lasedeta\/lescola\/material-escolar\/","title":{"rendered":"Com treballem"},"content":{"rendered":"<h4 class=\"entry-title\" style=\"padding-left: 280px;\"><a href=\"https:\/\/agora.xtec.cat\/ceip-lasedeta\/lescola\/material-escolar\/educacio-infantil\/\"><strong><span style=\"color: #ff6600;\">INFANTIL<\/span><\/strong><\/a><strong><span style=\"color: #ff6600;\">\u00a0 \u00a0 \u00a0 \u00a0 \u00a0 \u00a0 \u00a0 \u00a0 \u00a0 \u00a0 \u00a0 \u00a0 \u00a0 \u00a0 \u00a0 \u00a0 \u00a0 \u00a0 \u00a0 \u00a0 \u00a0 \u00a0 \u00a0 <\/span><\/strong><a href=\"https:\/\/agora.xtec.cat\/ceip-lasedeta\/lescola\/material-escolar\/educacio-primaria\/\"><strong><span style=\"color: #ff6600;\">PRIM\u00c0RIA<\/span><\/strong><\/a><\/h4>\n<h4 class=\"entry-title\" style=\"padding-left: 120px;\"><strong><span style=\"color: #ff6600;\">\u00a0 \u00a0 \u00a0\u00a0<\/span><\/strong><\/h4>\n<p>A la nostra escola duem a terme projectes comuns per tots els cursos i d&#8217;altres, m\u00e9s espec\u00edfics per cada etapa.<\/p>\n<p>Els seg\u00fcents s\u00f3n compartits amb tothom:<\/p>\n<ol>\n<li><strong>Treball cooperatiu<\/strong>: metodologia educativa on l&#8217;alumnat treballa per grups compartint responsabilitats per assolir una meta col\u00b7lectiva.<\/li>\n<li><strong>Espais d&#8217;aprenentatge<\/strong>: estrat\u00e8gia formativa que organitza l&#8217;aprenentatge en espais diferenciats on l&#8217;infant es relaciona amb alumnat del seu grup i tamb\u00e9 amb alumnat d&#8217;altres classes.<\/li>\n<li><strong>Projecte de l&#8217;artista<\/strong>: cada any l\u2019escola treballa de forma transversal algun tema o personatge hist\u00f2ric des d\u2019I3 fins a 6\u00e8: T\u00e0pies, Picasso, Frida Kahlo, les teixidores de La Sedeta, Yayoi Kusama\u2026<\/li>\n<li><strong>Consell d&#8217;infants<\/strong>: espai de participaci\u00f3 on una representaci\u00f3 de l&#8217;alumnat de cada grup es reuneix amb l&#8217;equip directiu per expressar idees, opinions i propostes que abans han parlat amb les companyes i companys del seu grup classe.<\/li>\n<li><strong>Biblioteca<\/strong>: els infants, com a petits exploradors, s&#8217;endinsen a la biblioteca de l&#8217;escola com un jard\u00ed m\u00e0gic on les p\u00e0gines dels llibres expliquen hist\u00f2ries fascinants. Cada lectura \u00e9s una aventura que els permet viatjar a mons llunyans, deixant que les seves ments volin lliures entre les paraules, descobrint sabers i somnis amagats en les lletres.<\/li>\n<li><strong>Apadrinament lector<\/strong>: els m\u00e9s petits s\u2019ajunten amb els m\u00e9s grans i gaudeixen plegats de temps junts i estones de lectura i activitats.<\/li>\n<li><strong>Hort<\/strong>: \u00e9s el nostre petit tresor verd, on cada any, l&#8217;alumnat de prim\u00e0ria i infantil, amb l&#8217;acompanyament de la comissi\u00f3, hi planta verdures i hortalisses de temporada fomentant el respecte per la natura i promovent la sostenibilitat.<\/li>\n<\/ol>\n<p><strong><span style=\"color: #ff6600;\">\u00a0 \u00a0 \u00a0 \u00a0 \u00a0 \u00a0 \u00a0 \u00a0 \u00a0 \u00a0 \u00a0 \u00a0 \u00a0 \u00a0 \u00a0 \u00a0 \u00a0 \u00a0 \u00a0 \u00a0 \u00a0 \u00a0 \u00a0 \u00a0 \u00a0 \u00a0 \u00a0 \u00a0 \u00a0 \u00a0 \u00a0 \u00a0 \u00a0 \u00a0<\/span><\/strong><\/p>\n","protected":false},"excerpt":{"rendered":"<p><a href=\"https:\/\/agora.xtec.cat\/ceip-lasedeta\/lescola\/material-escolar\/educacio-infantil\/\">INFANTIL<\/a>\u00a0 \u00a0 \u00a0 \u00a0 \u00a0 \u00a0 \u00a0 \u00a0 \u00a0 \u00a0 \u00a0 \u00a0 \u00a0 \u00a0 \u00a0 \u00a0 \u00a0 \u00a0 \u00a0 \u00a0 \u00a0 \u00a0 \u00a0 <a href=\"https:\/\/agora.xtec.cat\/ceip-lasedeta\/lescola\/material-escolar\/educacio-primaria\/\">PRIM\u00c0RIA<\/a><br \/>\n\u00a0 \u00a0 \u00a0\u00a0<br \/>\nA la nostra escola duem a terme projectes comuns per tots els cursos i d&#8217;altres, m\u00e9s espec\u00edfics per&hellip;  <a href=\"https:\/\/agora.xtec.cat\/ceip-lasedeta\/lescola\/material-escolar\/\" title=\"Read Com treballem\">Llegeix m\u00e9s\u00bb<\/a><\/p>\n","protected":false},"author":1,"featured_media":0,"parent":22,"menu_order":50,"comment_status":"closed","ping_status":"closed","template":"page-templates\/side-menu.php","meta":{"_bbp_topic_count":0,"_bbp_reply_count":0,"_bbp_total_topic_count":0,"_bbp_total_reply_count":0,"_bbp_voice_count":0,"_bbp_anonymous_reply_count":0,"_bbp_topic_count_hidden":0,"_bbp_reply_count_hidden":0,"_bbp_forum_subforum_count":0,"footnotes":""},"class_list":["post-36","page","type-page","status-publish","hentry"],"post_mailing_queue_ids":[],"_links":{"self":[{"href":"https:\/\/agora.xtec.cat\/ceip-lasedeta\/wp-json\/wp\/v2\/pages\/36","targetHints":{"allow":["GET"]}}],"collection":[{"href":"https:\/\/agora.xtec.cat\/ceip-lasedeta\/wp-json\/wp\/v2\/pages"}],"about":[{"href":"https:\/\/agora.xtec.cat\/ceip-lasedeta\/wp-json\/wp\/v2\/types\/page"}],"author":[{"embeddable":true,"href":"https:\/\/agora.xtec.cat\/ceip-lasedeta\/wp-json\/wp\/v2\/users\/1"}],"replies":[{"embeddable":true,"href":"https:\/\/agora.xtec.cat\/ceip-lasedeta\/wp-json\/wp\/v2\/comments?post=36"}],"version-history":[{"count":6,"href":"https:\/\/agora.xtec.cat\/ceip-lasedeta\/wp-json\/wp\/v2\/pages\/36\/revisions"}],"predecessor-version":[{"id":1857,"href":"https:\/\/agora.xtec.cat\/ceip-lasedeta\/wp-json\/wp\/v2\/pages\/36\/revisions\/1857"}],"up":[{"embeddable":true,"href":"https:\/\/agora.xtec.cat\/ceip-lasedeta\/wp-json\/wp\/v2\/pages\/22"}],"wp:attachment":[{"href":"https:\/\/agora.xtec.cat\/ceip-lasedeta\/wp-json\/wp\/v2\/media?parent=36"}],"curies":[{"name":"wp","href":"https:\/\/api.w.org\/{rel}","templated":true}]}}