{"id":28,"date":"2014-09-18T12:29:35","date_gmt":"2014-09-18T11:29:35","guid":{"rendered":"http:\/\/agora.xtec.cat\/ceip-lasedeta\/?page_id=28"},"modified":"2024-01-10T10:31:59","modified_gmt":"2024-01-10T09:31:59","slug":"consell-escolar","status":"publish","type":"page","link":"https:\/\/agora.xtec.cat\/ceip-lasedeta\/lescola\/consell-escolar\/","title":{"rendered":"Estructura organitzativa"},"content":{"rendered":"\t\t\t\t\t\t\t<h3 style=\"margin-bottom:20px ;display:block;width:100%;margin-top:10px\">Quins \u00f2rgans ho componen? <\/h3>\r\n\t\t\t\t\t\t\t\t<style>\r\n\t\t\t\t\r\n\t\t\t\t\t#tab_container_1051 {\r\n\toverflow:hidden;\r\n\tdisplay:block;\r\n\twidth:100%;\r\n\tborder:0px solid #ddd;\r\n\tmargin-bottom:30px;\r\n\t}\r\n\r\n#tab_container_1051 .tab-content{\r\n\tpadding:20px;\r\n\tborder: 1px solid #e6e6e6 !important;\r\n\tmargin-top: 0px;\r\n\tbackground-color:#ffffff !important;\r\n\tcolor: #000000 !important;\r\n\tfont-size:16px !important;\r\n\tfont-family: Helvetica !important;\r\n\t\r\n\t\tborder: 1px solid #e6e6e6 !important;\r\n\t}\r\n#tab_container_1051 .wpsm_nav-tabs {\r\n    border-bottom: 0px solid #ddd;\r\n}\r\n#tab_container_1051 .wpsm_nav-tabs > li.active > a, #tab_container_1051 .wpsm_nav-tabs > li.active > a:hover, #tab_container_1051 .wpsm_nav-tabs > li.active > a:focus {\r\n\tcolor: #000000 !important;\r\n\tcursor: default;\r\n\tbackground-color: #ffffff !important;\r\n\tborder: 1px solid #e6e6e6 !important;\r\n}\r\n\r\n#tab_container_1051 .wpsm_nav-tabs > li > a {\r\n    margin-right: 0px !important; \r\n    line-height: 1.42857143 !important;\r\n    border: 1px solid #d5d5d5 !important;\r\n    border-radius: 0px 0px 0 0 !important; \r\n\tbackground-color: #e8e8e8 !important;\r\n\tcolor: #000000 !important;\r\n\tpadding: 15px 18px 15px 18px !important;\r\n\ttext-decoration: none !important;\r\n\tfont-size: 14px !important;\r\n\ttext-align:center !important;\r\n\tfont-family: Helvetica !important;\r\n}\r\n#tab_container_1051 .wpsm_nav-tabs > li > a:focus {\r\noutline: 0px !important;\r\n}\r\n\r\n#tab_container_1051 .wpsm_nav-tabs > li > a:before {\r\n\tdisplay:none !important;\r\n}\r\n#tab_container_1051 .wpsm_nav-tabs > li > a:after {\r\n\tdisplay:none !important ;\r\n}\r\n#tab_container_1051 .wpsm_nav-tabs > li{\r\npadding:0px !important ;\r\nmargin:0px;\r\n}\r\n\r\n#tab_container_1051 .wpsm_nav-tabs > li > a:hover , #tab_container_1051 .wpsm_nav-tabs > li > a:focus {\r\n    color: #000000 !important;\r\n    background-color: #e8e8e8 !important;\r\n\tborder: 1px solid #d5d5d5 !important;\r\n\t\r\n}\r\n#tab_container_1051 .wpsm_nav-tabs > li > a .fa{\r\n\r\nmargin-right:5px !important;\r\n\r\nmargin-left:5px !important;\r\n\r\n\r\n}\r\n\r\n\t\t#tab_container_1051 .wpsm_nav-tabs a{\r\n\t\t\tbackground-image: none;\r\n\t\t\tbackground-position: 0 0;\r\n\t\t\tbackground-repeat: repeat-x;\r\n\t\t}\r\n\t\t\t\r\n\r\n\r\n#tab_container_1051 .wpsm_nav-tabs > li {\r\n    float: left;\r\n    margin-bottom: -1px !important;\r\n\tmargin-right:0px !important; \r\n}\r\n\r\n\r\n#tab_container_1051 .tab-content{\r\noverflow:hidden !important;\r\n}\r\n\r\n\r\n@media (min-width: 769px) {\r\n\r\n\t#tab_container_1051 .wpsm_nav-tabs > li{\r\n\t\tfloat:left !important ;\r\n\t\t\t\tmargin-right:-1px !important;\r\n\t\t\t\t\t}\r\n\t#tab_container_1051 .wpsm_nav-tabs{\r\n\t\tfloat:none !important;\r\n\t\tmargin:0px !important;\r\n\t}\r\n\r\n\t#tab_container_1051 .wpsm_nav-tabs > li {\r\n\t\t\t\t\r\n\t}\r\n\t#tab_container_1051 .wpsm_nav{\r\n\t\t\t}\r\n\r\n}\r\n\r\n\r\n\r\n@media (max-width: 768px) {\r\n\t#tab_container_1051 .wpsm_nav-tabs > li {\r\n\t\t\t\t\r\n\t}\r\n\t#tab_container_1051 .wpsm_nav{\r\n\t\t\t}\r\n}\r\n\r\n\r\n\t.wpsm_nav-tabs li:before{\r\n\t\tdisplay:none !important;\r\n\t}\r\n\r\n\t@media (max-width: 768px) {\r\n\t\t\t\t\r\n\t\t\t\t.wpsm_nav-tabs{\r\n\t\t\tmargin-left:0px !important;\r\n\t\t\tmargin-right:0px !important; \r\n\t\t\t\r\n\t\t}\r\n\t\t\t\t#tab_container_1051 .wpsm_nav-tabs > li{\r\n\t\t\tfloat:none !important;\r\n\t\t}\r\n\t\t\t\r\n\t}\t\t\t\t<\/style>\r\n\t\t\t\t<div id=\"tab_container_1051\" >\r\n\t \r\n\t\t\t\t\t<ul class=\"wpsm_nav wpsm_nav-tabs\" role=\"tablist\" id=\"myTab_1051\">\r\n\t\t\t\t\t\t\t\r\n\t\t\t\t\t\t\t<li role=\"presentation\"  class=\"active\"  onclick=\"do_resize()\">\r\n\r\n\t\t\t\t\t\t\t\t<!-- XTEC ************ MODIFICAT - Disable scrolling on tab change. Fixes error in option \"Tabs Description Animation\" -->\r\n\t\t\t\t\t\t\t\t<!-- 2021.12.01 @aginard -->\r\n\t\t\t\t\t\t\t\t<a href=\"javascript:void(0);\" aria-controls=\"tabs_desc_1051_1\" role=\"tab\" data-toggle=\"tab\" data-target=\"#tabs_desc_1051_1\">\r\n\t\t\t\t\t\t\t\t<!-- ORIGINAL\r\n\t\t\t\t\t\t\t\t<a href=\"#tabs_desc_1051_1\" aria-controls=\"tabs_desc_1051_1\" role=\"tab\" data-toggle=\"tab\">\r\n\t\t\t\t\t\t\t\t-->\r\n\t\t\t\t\t\t\t\t<!-- ************ FI -->\r\n\t\t\t\t\t\t\t\t\t\r\n\t\t\t\t\t\t\t\t\t\t\t\t\t\t\t\t\t\t\t\t\t\t\t\t\t\t\t\t\t\t\t<i class=\"fa fa-check-circle\"><\/i> \t\t\t\t\t\t\t\t\t\t\t\t\t\t\t\t\t\t\t\r\n\t\t\t\t\t\t\t\t\t\t\t\t\t\t\t\t\t\t\r\n\t\t\t\t\t\t\t\t\t<span>Claustre de mestres<\/span>\r\n\t\t\t\t\t\t\t\t\t\r\n\t\t\t\t\t\t\t\t\t\t\t\t\t\t\t\t\t\t\r\n\t\t\t\t\t\t\t\t\t\t\t\t\t\t\t\t\t\t\t\t\r\n\t\t\t\t\t\t\t\t\t\r\n\t\t\t\t\t\t\t\t<\/a>\r\n\t\t\t\t\t\t\t<\/li>\r\n\t\t\t\t\t\t\t\r\n\t\t\t\t\t\t\t<li role=\"presentation\"  onclick=\"do_resize()\">\r\n\r\n\t\t\t\t\t\t\t\t<!-- XTEC ************ MODIFICAT - Disable scrolling on tab change. Fixes error in option \"Tabs Description Animation\" -->\r\n\t\t\t\t\t\t\t\t<!-- 2021.12.01 @aginard -->\r\n\t\t\t\t\t\t\t\t<a href=\"javascript:void(0);\" aria-controls=\"tabs_desc_1051_2\" role=\"tab\" data-toggle=\"tab\" data-target=\"#tabs_desc_1051_2\">\r\n\t\t\t\t\t\t\t\t<!-- ORIGINAL\r\n\t\t\t\t\t\t\t\t<a href=\"#tabs_desc_1051_2\" aria-controls=\"tabs_desc_1051_2\" role=\"tab\" data-toggle=\"tab\">\r\n\t\t\t\t\t\t\t\t-->\r\n\t\t\t\t\t\t\t\t<!-- ************ FI -->\r\n\t\t\t\t\t\t\t\t\t\r\n\t\t\t\t\t\t\t\t\t\t\t\t\t\t\t\t\t\t\t\t\t\t\t\t\t\t\t\t\t\t\t<i class=\"fa fa-check-circle-o\"><\/i> \t\t\t\t\t\t\t\t\t\t\t\t\t\t\t\t\t\t\t\r\n\t\t\t\t\t\t\t\t\t\t\t\t\t\t\t\t\t\t\r\n\t\t\t\t\t\t\t\t\t<span>Consell escolar<\/span>\r\n\t\t\t\t\t\t\t\t\t\r\n\t\t\t\t\t\t\t\t\t\t\t\t\t\t\t\t\t\t\r\n\t\t\t\t\t\t\t\t\t\t\t\t\t\t\t\t\t\t\t\t\r\n\t\t\t\t\t\t\t\t\t\r\n\t\t\t\t\t\t\t\t<\/a>\r\n\t\t\t\t\t\t\t<\/li>\r\n\t\t\t\t\t\t\t\t\t\t\t <\/ul>\r\n\r\n\t\t\t\t\t  <!-- Tab panes -->\r\n\t\t\t\t\t  <div class=\"tab-content\" id=\"tab-content_1051\">\r\n\t\t\t\t\t\t\t\t\t\t\t\t <div role=\"tabpanel\" class=\"tab-pane  in active \" id=\"tabs_desc_1051_1\">\r\n\t\t\t\t\t\t\t\t<p><strong>Qu\u00e8 \u00e9s?<\/strong><\/p>\n<p>El Claustre de mestres \u00e9s l\u2019\u00f2rgan propi de participaci\u00f3 d\u2019aquests en la gesti\u00f3 i la planificaci\u00f3 educatives del centre. Actualment, est\u00e0 integrat pels mestres del centre i la T\u00e8cnica Especialista d\u2019Educaci\u00f3 infantil (TEEI). El presideix la directora.<\/p>\n<p><strong>Funcions del claustre de mestres<\/strong><\/p>\n<ul>\n<li>Participar en l\u2019elaboraci\u00f3 del Projecte Educatiu del Centre.<\/li>\n<li>Informar i aportar propostes al Consell Escolar del Centre i a l\u2019Equip Directiu sobre l\u2019organitzaci\u00f3 i la Programaci\u00f3 General Anual (PGA), i per al desenvolupament de les activitats escolars complement\u00e0ries.<\/li>\n<li>Elegir els seus representants al Consell Escolar del Centre.<\/li>\n<li>Informar del nomenament dels mestres.<\/li>\n<li>Emetre informe favorable sobre la proposta de creaci\u00f3 d\u2019altres \u00f2rgans de coordinaci\u00f3 abans que el Director no la presenti al Consell Escolar.<\/li>\n<li>Fixar i coordinar les funcions d\u2019orientaci\u00f3 i tutoria dels alumnes.<\/li>\n<li>Promoure iniciatives en l\u2019\u00e0mbit de l\u2019experimentaci\u00f3 i la investigaci\u00f3 pedag\u00f2giques, i en el de la formaci\u00f3 del professorat de l\u2019escola.<\/li>\n<li>Analitzar i valorar els resultats de l\u2019avaluaci\u00f3 dels alumnes i del Centre en general.<\/li>\n<li>Aportar al Consell Escolar criteris i propostes per a l\u2019elaboraci\u00f3 de les NOFC.<\/li>\n<li>Aportar a l\u2019Equip Directiu criteris pedag\u00f2gics sobre distribuci\u00f3 hor\u00e0ria del Pla d\u2019Estudis del Centre, la utilitzaci\u00f3 racional de l\u2019espai escolar com\u00fa i de l\u2019equipament did\u00e0ctic en general.<\/li>\n<\/ul>\n<p><strong>Funcionament del claustre<\/strong><\/p>\n<p>El Claustre es reuneix preceptivament una vegada per mes amb car\u00e0cter ordinari i sempre que el convoqui la Directora o ho sol\u00b7liciti un ter\u00e7, almenys, dels seus membres. \u00c9s preceptiu que es reuneixi al comen\u00e7ament i al final de cada curs escolar i l\u2019assist\u00e8ncia al Claustre \u00e9s obligat\u00f2ria per a tots els seus membres. La secret\u00e0ria del Centre est\u00e9n acta de cada sessi\u00f3 del Claustre, la qual, una vegada aprovada, passa a formar part de la documentaci\u00f3 general del Centre.<\/p>\n\t\t\t\t\t\t <\/div>\r\n\t\t\t\t\t\t\t\t\t\t\t\t <div role=\"tabpanel\" class=\"tab-pane \" id=\"tabs_desc_1051_2\">\r\n\t\t\t\t\t\t\t\t<p><strong>Qu\u00e8 \u00e9s el consell escolar?<\/strong><\/p>\n<p>El Consell Escolar \u00e9s la m\u00e0xima autoritat del centre i, al mateix temps, un organisme de participaci\u00f3 democr\u00e0tica en la gesti\u00f3 i presa de decisions.<\/p>\n<p>Al Consell Escolar s\u2019hi troben representats tots els estaments de la comunitat educativa (mestres, fam\u00edlies, personal no docent, representant de l\u2019ajuntament), que escullen els seus representants en un proc\u00e9s electoral que se celebra cada dos anys.<\/p>\n<p>Presideix el Consell Escolar la directora del centre i aixeca acta de les seves decisions la secret\u00e0ria.<\/p>\n<p><strong>Qu\u00e8 fa el consell escolar?<\/strong><\/p>\n<p>Entre les funcions dels Consell Escolar trobem:<\/p>\n<ul>\n<li>L\u2019aprovaci\u00f3 dels projectes i les normes del centre.<\/li>\n<li>L\u2019aprovaci\u00f3 de la Programaci\u00f3 General Anual del centre.<\/li>\n<li>L'aprovaci\u00f3 dels pressupostos de funcionament general d\u2019escola.<\/li>\n<li>L'aprovaci\u00f3 dels dies de lliure elecci\u00f3 de l\u2019escola i de l'adaptaci\u00f3 d'I3.<\/li>\n<\/ul>\n<p><strong>Qui en forma part?<\/strong><\/p>\n<ul>\n<li>La directora de l\u2019escola, que n\u2019\u00e9s la presidenta.<\/li>\n<li>La cap d\u2019estudis.<\/li>\n<li>La secret\u00e0ria de l\u2019equip directiu.<\/li>\n<li>Un representant de l\u2019administraci\u00f3 municipal.<\/li>\n<li>Un representant del personal d\u2019administraci\u00f3 i serveis (PAS).<\/li>\n<li>5 pares, mares o tutors d\u2019alumnes escollits entre el sector de pares i mares.<\/li>\n<li>6 mestres escollits pel claustre.<\/li>\n<li>Un representant assignat per l\u2019AFA.<\/li>\n<\/ul>\n<p><strong>Acords:<\/strong><\/p>\n<p><a href=\"https:\/\/drive.google.com\/file\/d\/16XpsN2NAlBoFshjjjZIhhxTkepattV20\/view?usp=sharing\" target=\"_blank\" rel=\"noopener\">ACORDS CONSELL ESCOLAR 28\/10\/2024<\/a><\/p>\n<p><a href=\"https:\/\/docs.google.com\/document\/d\/1giNQ3uI8XmRU1H3oMWIR8jM5gIoeigvQ\/edit?usp=sharing&amp;ouid=104844824671721719439&amp;rtpof=true&amp;sd=true\" target=\"_blank\">ACORDS CONSELL ESCOLAR 25\/02\/2025<\/a><\/p>\n<p><a href=\"https:\/\/docs.google.com\/document\/d\/113ZncFWl18DLPVE08rrLbR1Zhr65kFVK\/edit\" target=\"_blank\">ACORDS CONSELL ESCOLAR 25\/06\/2025<\/a><\/p>\n\t\t\t\t\t\t <\/div>\r\n\t\t\t\t\t\t\t\r\n\t\t\t\t\t <\/div>\r\n\t\t\t\t\t \r\n\t\t\t\t <\/div>\r\n <script>\r\n\t\tjQuery(function () {\r\n\t\t\tjQuery('#myTab_1051 a:first').tab('show')\r\n\t\t});\r\n\t\t\r\n\t\t\t\tjQuery(function(){\r\n\t\t\tvar b=\"fadeIn\";\r\n\t\t\tvar c;\r\n\t\t\tvar a;\r\n\t\t\td(jQuery(\"#myTab_1051 a\"),jQuery(\"#tab-content_1051\"));function d(e,f,g){\r\n\t\t\t\te.click(function(i){\r\n\t\t\t\t\ti.preventDefault();\r\n\t\t\t\t\tjQuery(this).tab(\"show\");\r\n\t\t\t\t\tvar h=jQuery(this).data(\"easein\");\r\n\t\t\t\t\tif(c){c.removeClass(a);}\r\n\t\t\t\t\tif(h){f.find(\"div.active\").addClass(\"animated \"+h);a=h;}\r\n\t\t\t\t\telse{if(g){f.find(\"div.active\").addClass(\"animated \"+g);a=g;}else{f.find(\"div.active\").addClass(\"animated \"+b);a=b;}}c=f.find(\"div.active\");\r\n\t\t\t\t});\r\n\t\t\t}\r\n\t\t});\r\n\t\t\r\n\r\n\t\tfunction do_resize(){\r\n\r\n\t\t\tvar width=jQuery( '.tab-content .tab-pane iframe' ).width();\r\n\t\t\tvar height=jQuery( '.tab-content .tab-pane iframe' ).height();\r\n\r\n\t\t\tvar toggleSize = true;\r\n\t\t\tjQuery('iframe').animate({\r\n\t\t\t    width: toggleSize ? width : 640,\r\n\t\t\t    height: toggleSize ? height : 360\r\n\t\t\t  }, 250);\r\n\r\n\t\t\t  toggleSize = !toggleSize;\r\n\t\t}\r\n\r\n\r\n\t<\/script>\r\n\t\t\t\t\r\n\t\t\t\n<p>&nbsp;<\/p>\n","protected":false},"excerpt":{"rendered":"","protected":false},"author":1,"featured_media":0,"parent":22,"menu_order":60,"comment_status":"closed","ping_status":"closed","template":"page-templates\/side-menu.php","meta":{"_bbp_topic_count":0,"_bbp_reply_count":0,"_bbp_total_topic_count":0,"_bbp_total_reply_count":0,"_bbp_voice_count":0,"_bbp_anonymous_reply_count":0,"_bbp_topic_count_hidden":0,"_bbp_reply_count_hidden":0,"_bbp_forum_subforum_count":0,"footnotes":""},"class_list":["post-28","page","type-page","status-publish","hentry"],"post_mailing_queue_ids":[],"_links":{"self":[{"href":"https:\/\/agora.xtec.cat\/ceip-lasedeta\/wp-json\/wp\/v2\/pages\/28","targetHints":{"allow":["GET"]}}],"collection":[{"href":"https:\/\/agora.xtec.cat\/ceip-lasedeta\/wp-json\/wp\/v2\/pages"}],"about":[{"href":"https:\/\/agora.xtec.cat\/ceip-lasedeta\/wp-json\/wp\/v2\/types\/page"}],"author":[{"embeddable":true,"href":"https:\/\/agora.xtec.cat\/ceip-lasedeta\/wp-json\/wp\/v2\/users\/1"}],"replies":[{"embeddable":true,"href":"https:\/\/agora.xtec.cat\/ceip-lasedeta\/wp-json\/wp\/v2\/comments?post=28"}],"version-history":[{"count":5,"href":"https:\/\/agora.xtec.cat\/ceip-lasedeta\/wp-json\/wp\/v2\/pages\/28\/revisions"}],"predecessor-version":[{"id":1054,"href":"https:\/\/agora.xtec.cat\/ceip-lasedeta\/wp-json\/wp\/v2\/pages\/28\/revisions\/1054"}],"up":[{"embeddable":true,"href":"https:\/\/agora.xtec.cat\/ceip-lasedeta\/wp-json\/wp\/v2\/pages\/22"}],"wp:attachment":[{"href":"https:\/\/agora.xtec.cat\/ceip-lasedeta\/wp-json\/wp\/v2\/media?parent=28"}],"curies":[{"name":"wp","href":"https:\/\/api.w.org\/{rel}","templated":true}]}}