{"id":24,"date":"2014-09-18T12:23:15","date_gmt":"2014-09-18T11:23:15","guid":{"rendered":"http:\/\/agora.xtec.cat\/ceip-lasedeta\/?page_id=24"},"modified":"2026-01-19T15:56:03","modified_gmt":"2026-01-19T14:56:03","slug":"on-som","status":"publish","type":"page","link":"https:\/\/agora.xtec.cat\/ceip-lasedeta\/lescola\/on-som\/","title":{"rendered":"On som"},"content":{"rendered":"<p>Entrada pel carrer Sic\u00edlia entre els carrers de la Ind\u00fastria i el carrer de Sant Antoni M. Claret, que desemboca en la pla\u00e7a La Sedeta a trav\u00e9s de la qual s&#8217;accedeix al centre.<\/p>\n<p style=\"text-align: center;\"><strong>C\/ Sic\u00edlia, 321<\/strong><br \/>\n<strong>08025 Barcelona<\/strong><\/p>\n<p>Com arribar-hi:<\/p>\n<p>TMB:\u00a0<a href=\"https:\/\/www.tmb.cat\/ca\/barcelona\/vull-anar\/inici\" target=\"_blank\" rel=\"noopener noreferrer\">https:\/\/www.tmb.cat\/ca\/barcelona\/vull-anar\/inici<\/a><\/p>\n<p>Google Maps:\u00a0<a href=\"https:\/\/goo.gl\/99RyqN\" target=\"_blank\" rel=\"noopener noreferrer\">https:\/\/goo.gl\/99RyqN<\/a><\/p>\n<p>&nbsp;<\/p>\n<p><iframe loading=\"lazy\" style=\"border: 0;\" src=\"https:\/\/www.google.com\/maps\/embed?pb=!1m18!1m12!1m3!1d748.1376097902537!2d2.167661286522326!3d41.40556852065377!2m3!1f0!2f0!3f0!3m2!1i1024!2i768!4f13.1!3m3!1m2!1s0x0%3A0x696a79ae6f46dcb!2sEscola+La+Sedeta!5e0!3m2!1ses!2ses!4v1495104742692\" width=\"600\" height=\"450\" frameborder=\"0\" allowfullscreen=\"allowfullscreen\"><\/iframe><\/p>\n","protected":false},"excerpt":{"rendered":"<p>Entrada pel carrer Sic\u00edlia entre els carrers de la Ind\u00fastria i el carrer de Sant Antoni M. Claret, que desemboca en la pla\u00e7a La Sedeta a trav\u00e9s de la qual s&#8217;accedeix al centre.<br \/>\nC\/ Sic\u00edlia, 321<br \/>\n08025 Barcelona<br \/>\nCom arribar-hi:<br \/>\nTMB:\u00a0<a href=\"https:\/\/www.tmb.cat\/ca\/barcelona\/vull-anar\/inici\" target=\"_blank\" rel=\"noopener noreferrer\">https:\/\/www.tmb.cat\/ca\/barcelona\/vull-anar\/inici<\/a><br \/>\nGoogle Maps:\u00a0<a href=\"https:\/\/goo.gl\/99RyqN\" target=\"_blank\" rel=\"noopener&hellip;  <a href=\"https:\/\/agora.xtec.cat\/ceip-lasedeta\/lescola\/on-som\/\" title=\"Read On som\">Llegeix m\u00e9s\u00bb<\/a><\/p>\n","protected":false},"author":1,"featured_media":0,"parent":22,"menu_order":20,"comment_status":"closed","ping_status":"closed","template":"page-templates\/side-menu.php","meta":{"_bbp_topic_count":0,"_bbp_reply_count":0,"_bbp_total_topic_count":0,"_bbp_total_reply_count":0,"_bbp_voice_count":0,"_bbp_anonymous_reply_count":0,"_bbp_topic_count_hidden":0,"_bbp_reply_count_hidden":0,"_bbp_forum_subforum_count":0,"footnotes":""},"class_list":["post-24","page","type-page","status-publish","hentry"],"post_mailing_queue_ids":[],"_links":{"self":[{"href":"https:\/\/agora.xtec.cat\/ceip-lasedeta\/wp-json\/wp\/v2\/pages\/24","targetHints":{"allow":["GET"]}}],"collection":[{"href":"https:\/\/agora.xtec.cat\/ceip-lasedeta\/wp-json\/wp\/v2\/pages"}],"about":[{"href":"https:\/\/agora.xtec.cat\/ceip-lasedeta\/wp-json\/wp\/v2\/types\/page"}],"author":[{"embeddable":true,"href":"https:\/\/agora.xtec.cat\/ceip-lasedeta\/wp-json\/wp\/v2\/users\/1"}],"replies":[{"embeddable":true,"href":"https:\/\/agora.xtec.cat\/ceip-lasedeta\/wp-json\/wp\/v2\/comments?post=24"}],"version-history":[{"count":5,"href":"https:\/\/agora.xtec.cat\/ceip-lasedeta\/wp-json\/wp\/v2\/pages\/24\/revisions"}],"predecessor-version":[{"id":2354,"href":"https:\/\/agora.xtec.cat\/ceip-lasedeta\/wp-json\/wp\/v2\/pages\/24\/revisions\/2354"}],"up":[{"embeddable":true,"href":"https:\/\/agora.xtec.cat\/ceip-lasedeta\/wp-json\/wp\/v2\/pages\/22"}],"wp:attachment":[{"href":"https:\/\/agora.xtec.cat\/ceip-lasedeta\/wp-json\/wp\/v2\/media?parent=24"}],"curies":[{"name":"wp","href":"https:\/\/api.w.org\/{rel}","templated":true}]}}