{"id":9138,"date":"2021-05-06T06:29:36","date_gmt":"2021-05-06T04:29:36","guid":{"rendered":"http:\/\/agora.xtec.cat\/ceip-lasardana\/?page_id=9138"},"modified":"2021-05-06T06:29:36","modified_gmt":"2021-05-06T04:29:36","slug":"admissio-al-llarg-del-curs","status":"publish","type":"page","link":"https:\/\/agora.xtec.cat\/ceip-lasardana\/admissio-al-llarg-del-curs\/","title":{"rendered":"Admissi\u00f3 al llarg del curs"},"content":{"rendered":"<h3 style=\"text-align: center;\"><\/h3>\n<p style=\"text-align: justify;\">Necessites canviar de centre i ha finalitzat el per\u00edode de preinscripci\u00f3 i matr\u00edcula? No pateixis, si compleixes els requisits, podr\u00e0s sol\u00b7licitar un canvi de centre fora del termini ordinari. Nom\u00e9s has d&#8217;omplir la <a href=\"https:\/\/agora.xtec.cat\/ceip-lasardana\/wp-content\/uploads\/usu659\/2021\/05\/A51.pdf\" target=\"_blank\" rel=\"noopener noreferrer\">sol\u00b7licitud<\/a>\u00a0i presentar-la al Servei d&#8217;Educaci\u00f3 de l&#8217;Ajuntament de Badia del Vall\u00e8s. Nosaltres t&#8217;ajudem a tramitar-ho!!!<\/p>\n<p><a href=\"https:\/\/agora.xtec.cat\/ceip-lasardana\/wp-content\/uploads\/usu659\/2021\/05\/requisits_admissio.png\"><img loading=\"lazy\" decoding=\"async\" class=\"aligncenter size-full wp-image-9134\" src=\"https:\/\/agora.xtec.cat\/ceip-lasardana\/wp-content\/uploads\/usu659\/2021\/05\/requisits_admissio.png\" alt=\"\" width=\"741\" height=\"338\" srcset=\"https:\/\/agora.xtec.cat\/ceip-lasardana\/wp-content\/uploads\/usu659\/2021\/05\/requisits_admissio.png 741w, https:\/\/agora.xtec.cat\/ceip-lasardana\/wp-content\/uploads\/usu659\/2021\/05\/requisits_admissio-300x137.png 300w\" sizes=\"auto, (max-width: 741px) 100vw, 741px\" \/><\/a><\/p>\n<p><a href=\"https:\/\/agora.xtec.cat\/ceip-lasardana\/wp-content\/uploads\/usu659\/2021\/05\/A51.pdf\" target=\"_blank\" rel=\"noopener noreferrer\">Sol\u00b7licitud d&#8217;admissi\u00f3 al llarg del curs (catal\u00e0)<\/a><\/p>\n<p><a href=\"https:\/\/agora.xtec.cat\/ceip-lasardana\/wp-content\/uploads\/usu659\/2021\/05\/B51.pdf\" target=\"_blank\" rel=\"noopener noreferrer\">Solicitud de admisi\u00f3n durante el curso (castellano)<\/a><\/p>\n<p>&nbsp;<\/p>\n","protected":false},"excerpt":{"rendered":"<p>Necessites canviar de centre i ha finalitzat el per\u00edode de preinscripci\u00f3 i matr\u00edcula? No pateixis, si compleixes els requisits, podr\u00e0s sol\u00b7licitar un canvi de centre fora del termini ordinari. Nom\u00e9s has d&#8217;omplir la <a href=\"https:\/\/agora.xtec.cat\/ceip-lasardana\/wp-content\/uploads\/usu659\/2021\/05\/A51.pdf\" target=\"_blank\" rel=\"noopener noreferrer\">sol\u00b7licitud<\/a>\u00a0i presentar-la al Servei d&#8217;Educaci\u00f3 de l&#8217;Ajuntament de&hellip;  <a href=\"https:\/\/agora.xtec.cat\/ceip-lasardana\/admissio-al-llarg-del-curs\/\" title=\"Read Admissi\u00f3 al llarg del curs\">Llegeix m\u00e9s\u00bb<\/a><\/p>\n","protected":false},"author":61,"featured_media":0,"parent":0,"menu_order":0,"comment_status":"closed","ping_status":"closed","template":"","meta":{"_bbp_topic_count":0,"_bbp_reply_count":0,"_bbp_total_topic_count":0,"_bbp_total_reply_count":0,"_bbp_voice_count":0,"_bbp_anonymous_reply_count":0,"_bbp_topic_count_hidden":0,"_bbp_reply_count_hidden":0,"_bbp_forum_subforum_count":0,"footnotes":""},"class_list":["post-9138","page","type-page","status-publish","hentry"],"post_mailing_queue_ids":[],"_links":{"self":[{"href":"https:\/\/agora.xtec.cat\/ceip-lasardana\/wp-json\/wp\/v2\/pages\/9138","targetHints":{"allow":["GET"]}}],"collection":[{"href":"https:\/\/agora.xtec.cat\/ceip-lasardana\/wp-json\/wp\/v2\/pages"}],"about":[{"href":"https:\/\/agora.xtec.cat\/ceip-lasardana\/wp-json\/wp\/v2\/types\/page"}],"author":[{"embeddable":true,"href":"https:\/\/agora.xtec.cat\/ceip-lasardana\/wp-json\/wp\/v2\/users\/61"}],"replies":[{"embeddable":true,"href":"https:\/\/agora.xtec.cat\/ceip-lasardana\/wp-json\/wp\/v2\/comments?post=9138"}],"version-history":[{"count":1,"href":"https:\/\/agora.xtec.cat\/ceip-lasardana\/wp-json\/wp\/v2\/pages\/9138\/revisions"}],"predecessor-version":[{"id":9139,"href":"https:\/\/agora.xtec.cat\/ceip-lasardana\/wp-json\/wp\/v2\/pages\/9138\/revisions\/9139"}],"wp:attachment":[{"href":"https:\/\/agora.xtec.cat\/ceip-lasardana\/wp-json\/wp\/v2\/media?parent=9138"}],"curies":[{"name":"wp","href":"https:\/\/api.w.org\/{rel}","templated":true}]}}