{"id":8133,"date":"2021-01-19T16:10:31","date_gmt":"2021-01-19T15:10:31","guid":{"rendered":"http:\/\/agora.xtec.cat\/ceip-lasardana\/?page_id=8133"},"modified":"2024-04-07T20:58:17","modified_gmt":"2024-04-07T18:58:17","slug":"decaleg-de-medi-ambient","status":"publish","type":"page","link":"https:\/\/agora.xtec.cat\/ceip-lasardana\/decaleg-de-medi-ambient\/","title":{"rendered":"Dec\u00e0leg de mediambient"},"content":{"rendered":"<p><b>DEC\u00c0LEG DEL MEDI AMBIENT <\/b><b>ESCOLA LA SARDANA<\/b><\/p>\n<ol>\n<li><b>Consumir nom\u00e9s les coses que necessito<\/b><span style=\"font-weight: 400;\">, no malbaratar\u00e9 ni usar\u00e9 m\u00e9s del compte.<\/span><\/li>\n<li><b>Reutilitzar tot el que pugui i fer servir embolcalls ecol\u00f2gics<\/b><span style=\"font-weight: 400;\"> per reduir el fem i les deixalles innecess\u00e0ries.<\/span><\/li>\n<li><b>Reciclar sempre<\/b> <span style=\"font-weight: 400;\">a casa i all\u00e0 on em trobi, i conv\u00e8ncer a la meva fam\u00edlia i amics perqu\u00e8 tamb\u00e9 ho facin.<\/span><\/li>\n<li><b>Cuidar el meu entorn<\/b><span style=\"font-weight: 400;\">: no llen\u00e7ar\u00e9 escombreries al terra i far\u00e9 servir les papereres i contenidors. Mantindr\u00e9 neta la ciutat, l\u2019escola i casa meva.<\/span><\/li>\n<li><b>Cuidar sempre la natura<\/b><span style=\"font-weight: 400;\">: les plantes i els animals.<\/span><\/li>\n<li><b>No malbaratar l\u2019energia<\/b><span style=\"font-weight: 400;\">: apagar\u00e9 les llums quan no les faci servir, nom\u00e9s posar\u00e9 la calefacci\u00f3 quan sigui necessari. Sempre pensar\u00e9 que l\u2019energia \u00e9s escassa.<\/span><\/li>\n<li><b>Estalviar aigua sempre que sigui possible<\/b><span style=\"font-weight: 400;\">, fins a l\u2019\u00faltima gota \u00e9s important.<\/span><\/li>\n<li><b>Tenir cura de la salut<\/b><span style=\"font-weight: 400;\">: vetllar\u00e9 per tenir una alimentaci\u00f3 saludable i far\u00e9 activitat f\u00edsica sempre que pugui, convencer\u00e9 la fam\u00edlia i amics per anar caminant, en bici i transport p\u00fablic.<\/span><\/li>\n<li><b> Procurar un ambient tranquil i relaxat<\/b><span style=\"font-weight: 400;\">, sense sorolls: utilitzar\u00e9 un to de veu adequat i reduir\u00e9 el volum dels aparells.<\/span><\/li>\n<li><b>Tenir cura de nosaltres mateixos i vetllar per gaudir d\u2019una bona conviv\u00e8ncia<\/b><span style=\"font-weight: 400;\"> entre tots: respecte, cooperaci\u00f3, toler\u00e0ncia, civisme.<\/span><\/li>\n<\/ol>\n","protected":false},"excerpt":{"rendered":"<p>DEC\u00c0LEG DEL MEDI AMBIENT ESCOLA LA SARDANA<\/p>\n<ol>\n<li>Consumir nom\u00e9s les coses que necessito, no malbaratar\u00e9 ni usar\u00e9 m\u00e9s del compte.<\/li>\n<li>Reutilitzar tot el que pugui i fer servir embolcalls ecol\u00f2gics per reduir el fem i les deixalles innecess\u00e0ries.<\/li>\n<li>Reciclar sempre a casa i all\u00e0 on em trobi, i&hellip;  <a href=\"https:\/\/agora.xtec.cat\/ceip-lasardana\/decaleg-de-medi-ambient\/\" title=\"Read Dec\u00e0leg de mediambient\">Llegeix m\u00e9s\u00bb<\/a><br \/>\n","protected":false},"author":8,"featured_media":0,"parent":0,"menu_order":0,"comment_status":"closed","ping_status":"closed","template":"","meta":{"_bbp_topic_count":0,"_bbp_reply_count":0,"_bbp_total_topic_count":0,"_bbp_total_reply_count":0,"_bbp_voice_count":0,"_bbp_anonymous_reply_count":0,"_bbp_topic_count_hidden":0,"_bbp_reply_count_hidden":0,"_bbp_forum_subforum_count":0,"footnotes":""},"class_list":["post-8133","page","type-page","status-publish","hentry"],"post_mailing_queue_ids":[],"_links":{"self":[{"href":"https:\/\/agora.xtec.cat\/ceip-lasardana\/wp-json\/wp\/v2\/pages\/8133","targetHints":{"allow":["GET"]}}],"collection":[{"href":"https:\/\/agora.xtec.cat\/ceip-lasardana\/wp-json\/wp\/v2\/pages"}],"about":[{"href":"https:\/\/agora.xtec.cat\/ceip-lasardana\/wp-json\/wp\/v2\/types\/page"}],"author":[{"embeddable":true,"href":"https:\/\/agora.xtec.cat\/ceip-lasardana\/wp-json\/wp\/v2\/users\/8"}],"replies":[{"embeddable":true,"href":"https:\/\/agora.xtec.cat\/ceip-lasardana\/wp-json\/wp\/v2\/comments?post=8133"}],"version-history":[{"count":3,"href":"https:\/\/agora.xtec.cat\/ceip-lasardana\/wp-json\/wp\/v2\/pages\/8133\/revisions"}],"predecessor-version":[{"id":12131,"href":"https:\/\/agora.xtec.cat\/ceip-lasardana\/wp-json\/wp\/v2\/pages\/8133\/revisions\/12131"}],"wp:attachment":[{"href":"https:\/\/agora.xtec.cat\/ceip-lasardana\/wp-json\/wp\/v2\/media?parent=8133"}],"curies":[{"name":"wp","href":"https:\/\/api.w.org\/{rel}","templated":true}]}}