{"id":7552,"date":"2020-07-07T20:34:47","date_gmt":"2020-07-07T18:34:47","guid":{"rendered":"http:\/\/agora.xtec.cat\/ceip-lasardana\/?page_id=7552"},"modified":"2023-06-15T12:23:13","modified_gmt":"2023-06-15T10:23:13","slug":"matriculacio","status":"publish","type":"page","link":"https:\/\/agora.xtec.cat\/ceip-lasardana\/matriculacio\/","title":{"rendered":"Matriculaci\u00f3 2022-2023"},"content":{"rendered":"<p style=\"text-align: center;\"><span style=\"color: #33cccc; font-size: 18pt;\">TROBAREU LA INFORMACI\u00d3 ACTUALITZADA SOBRE EL PROC\u00c9S DE <strong>MATRICULACI\u00d3<\/strong> PER AL <strong>CURS 2023-2024 <\/strong><\/span><span style=\"color: #33cccc; font-size: 18pt;\">AL WEB DE L&#8217;<a style=\"color: #33cccc;\" href=\"https:\/\/agora.xtec.cat\/esc-nova-de-badia\/alumnat-de-nova-incorporacio\/matriculacio\/\">ESCOLA NOVA DE BADIA<\/a><\/span><\/p>\n<p><img loading=\"lazy\" decoding=\"async\" class=\"wp-image-8678 size-full alignleft\" src=\"https:\/\/agora.xtec.cat\/ceip-lasardana\/wp-content\/uploads\/usu659\/2021\/02\/Imagen4.png\" alt=\"\" width=\"242\" height=\"333\" srcset=\"https:\/\/agora.xtec.cat\/ceip-lasardana\/wp-content\/uploads\/usu659\/2021\/02\/Imagen4.png 242w, https:\/\/agora.xtec.cat\/ceip-lasardana\/wp-content\/uploads\/usu659\/2021\/02\/Imagen4-218x300.png 218w\" sizes=\"auto, (max-width: 242px) 100vw, 242px\" \/><\/p>\n<p>&nbsp;<\/p>\n<p style=\"text-align: center;\">Per\u00edode de matriculaci\u00f3: Del <strong>20<\/strong><b>\u00a0<\/b>al <strong>28 de juny de 2023<\/strong><\/p>\n<p>Documentaci\u00f3 que cal aportar: <span style=\"color: #00ccff;\"><strong><em>Targeta sanit\u00e0ria individual<\/em><\/strong><\/span> (TIS),\u00a0<span style=\"color: #3366ff;\"><strong><em>Llibre de vacunacions<\/em><\/strong><\/span> al dia i <span style=\"color: #339966;\"><strong>fotografia<\/strong><\/span> (mida carnet)<\/p>\n<p><img loading=\"lazy\" decoding=\"async\" class=\"size-medium wp-image-7560 alignleft\" src=\"https:\/\/agora.xtec.cat\/ceip-lasardana\/wp-content\/uploads\/usu659\/2020\/07\/fotonoticia_20160313111551_800-300x202.png\" alt=\"\" width=\"300\" height=\"202\" srcset=\"https:\/\/agora.xtec.cat\/ceip-lasardana\/wp-content\/uploads\/usu659\/2020\/07\/fotonoticia_20160313111551_800-300x202.png 300w, https:\/\/agora.xtec.cat\/ceip-lasardana\/wp-content\/uploads\/usu659\/2020\/07\/fotonoticia_20160313111551_800.png 640w\" sizes=\"auto, (max-width: 300px) 100vw, 300px\" \/> <img loading=\"lazy\" decoding=\"async\" class=\"size-medium wp-image-7561 alignleft\" src=\"https:\/\/agora.xtec.cat\/ceip-lasardana\/wp-content\/uploads\/usu659\/2020\/07\/unnamed-2-200x300.jpg\" alt=\"\" width=\"200\" height=\"300\" srcset=\"https:\/\/agora.xtec.cat\/ceip-lasardana\/wp-content\/uploads\/usu659\/2020\/07\/unnamed-2-200x300.jpg 200w, https:\/\/agora.xtec.cat\/ceip-lasardana\/wp-content\/uploads\/usu659\/2020\/07\/unnamed-2.jpg 280w\" sizes=\"auto, (max-width: 200px) 100vw, 200px\" \/><\/p>\n<p>&nbsp;<\/p>\n<p>&nbsp;<\/p>\n<p>&nbsp;<\/p>\n<p>&nbsp;<\/p>\n<p>&nbsp;<\/p>\n<p>&nbsp;<\/p>\n<p>&nbsp;<\/p>\n<p>&nbsp;<\/p>\n<p><em><strong>Altres documents i autoritzacions que cal aportar:<\/strong><\/em><\/p>\n<p>Carta de comprom\u00eds educatiu (<a href=\"https:\/\/agora.xtec.cat\/ceip-lasardana\/wp-content\/uploads\/usu659\/2021\/06\/20210608_Carta-de-comprom\u00eds-educatiu_formulari-1.docx\" target=\"_blank\" rel=\"noopener noreferrer\">versi\u00f3 formulari<\/a> | <a href=\"https:\/\/agora.xtec.cat\/ceip-lasardana\/wp-content\/uploads\/usu659\/2021\/06\/20210608_Carta-de-comprom\u00eds-educatiu.pdf\" target=\"_blank\" rel=\"noopener noreferrer\">versi\u00f3 per imprimir<\/a>)<\/p>\n<p><a href=\"https:\/\/agora.xtec.cat\/ceip-lasardana\/wp-content\/uploads\/usu659\/2021\/06\/LS_Autoritzaci\u00f3-relativa-als-alumnes-us-de-serveis-i-recursos-digitals_A253.pdf\" target=\"_blank\" rel=\"noopener noreferrer\">Autoritzaci\u00f3 relativa als alumnes menors de 14 anys i l&#8217;\u00fas de serveis i recursos digitals<\/a><\/p>\n<p><a href=\"https:\/\/agora.xtec.cat\/ceip-lasardana\/wp-content\/uploads\/usu659\/2021\/06\/LS_Autoritzaci\u00f3-relativa-us-dimatges-publicaci\u00f3-de-dades-de-caracter-personal-i-material-que-elaboren_A251.pdf\" target=\"_blank\" rel=\"noopener noreferrer\">Autoritzaci\u00f3 relativa a l&#8217;\u00fas d&#8217;imatges, publicaci\u00f3 de dades de car\u00e0cter personal i material que elaboren els i les alumnes<\/a><\/p>\n<p><a href=\"https:\/\/agora.xtec.cat\/ceip-lasardana\/wp-content\/uploads\/usu659\/2020\/07\/LS_AUTORITZACIONS_Paracetamol_formulario.docx\" target=\"_blank\" rel=\"noopener noreferrer\">Autoritzaci\u00f3 per a l&#8217;administraci\u00f3 de Paracetamol<\/a><\/p>\n<p>TokApp. Autoritzaci\u00f3 per a l&#8217;enviament de comunicacions (<a href=\"https:\/\/agora.xtec.cat\/ceip-lasardana\/wp-content\/uploads\/usu659\/2020\/07\/LS_AUTORITZACIONS_TokApp_formulari.docx\" target=\"_blank\" rel=\"noopener noreferrer\">versi\u00f3 formulari<\/a> |<a href=\"https:\/\/agora.xtec.cat\/ceip-lasardana\/wp-content\/uploads\/usu659\/2020\/07\/LS_AUTORITZACIONS_TokApp.pdf\" target=\"_blank\" rel=\"noopener noreferrer\"> versi\u00f3 per imprimir<\/a>)<\/p>\n<p>Declaraci\u00f3 responsable per a les fam\u00edlies sobre salut en el marc de la pand\u00e8mia (<a href=\"https:\/\/agora.xtec.cat\/ceip-lasardana\/wp-content\/uploads\/usu659\/2021\/06\/EINF_Declaraci\u00f3-responsable-covid-19-A819.pdf\" target=\"_blank\" rel=\"noopener noreferrer\">educaci\u00f3 infantil<\/a> | <a href=\"https:\/\/agora.xtec.cat\/ceip-lasardana\/wp-content\/uploads\/usu659\/2021\/06\/EPRI_Declaraci\u00f3-responsable-covid-19-A818.pdf\" target=\"_blank\" rel=\"noopener noreferrer\">educaci\u00f3 prim\u00e0ria<\/a>)<\/p>\n<p>Full de dades personals de l&#8217;alumne i de contacte en cas d&#8217;urg\u00e8ncia (<a href=\"https:\/\/agora.xtec.cat\/ceip-lasardana\/wp-content\/uploads\/usu659\/2020\/07\/2021_Fitxa-de-dades-personals-de-lalumne_formulari.docx\" target=\"_blank\" rel=\"noopener noreferrer\">formulari<\/a>)<\/p>\n<p>La matriculaci\u00f3 es realitzar\u00e0 amb <a href=\"https:\/\/aplicacions.gestioeducativa.gencat.cat\/pls\/apex\/f?p=CITA_PREVIA:4::::4:P4_TIPUS_CALENDARI,P4_DOMINI:03_Oblig,08028941\" target=\"_blank\" rel=\"noopener noreferrer\">cita pr\u00e8via<\/a>, preferiblement.<\/p>\n<p>&nbsp;<\/p>\n","protected":false},"excerpt":{"rendered":"<p>TROBAREU LA INFORMACI\u00d3 ACTUALITZADA SOBRE EL PROC\u00c9S DE MATRICULACI\u00d3 PER AL CURS 2023-2024 AL WEB DE L&#8217;<a style=\"color: #33cccc;\" href=\"https:\/\/agora.xtec.cat\/esc-nova-de-badia\/alumnat-de-nova-incorporacio\/matriculacio\/\">ESCOLA NOVA DE BADIA<\/a><\/p>\n<p>&nbsp;<br \/>\nPer\u00edode de matriculaci\u00f3: Del 20\u00a0al 28 de juny de 2023<br \/>\nDocumentaci\u00f3 que cal aportar: Targeta sanit\u00e0ria individual (TIS),\u00a0Llibre de vacunacions al dia i fotografia&hellip;  <a href=\"https:\/\/agora.xtec.cat\/ceip-lasardana\/matriculacio\/\" title=\"Read Matriculaci\u00f3 2022-2023\">Llegeix m\u00e9s\u00bb<\/a><\/p>\n","protected":false},"author":61,"featured_media":0,"parent":0,"menu_order":0,"comment_status":"closed","ping_status":"closed","template":"","meta":{"_bbp_topic_count":0,"_bbp_reply_count":0,"_bbp_total_topic_count":0,"_bbp_total_reply_count":0,"_bbp_voice_count":0,"_bbp_anonymous_reply_count":0,"_bbp_topic_count_hidden":0,"_bbp_reply_count_hidden":0,"_bbp_forum_subforum_count":0,"footnotes":""},"class_list":["post-7552","page","type-page","status-publish","hentry"],"post_mailing_queue_ids":[],"_links":{"self":[{"href":"https:\/\/agora.xtec.cat\/ceip-lasardana\/wp-json\/wp\/v2\/pages\/7552","targetHints":{"allow":["GET"]}}],"collection":[{"href":"https:\/\/agora.xtec.cat\/ceip-lasardana\/wp-json\/wp\/v2\/pages"}],"about":[{"href":"https:\/\/agora.xtec.cat\/ceip-lasardana\/wp-json\/wp\/v2\/types\/page"}],"author":[{"embeddable":true,"href":"https:\/\/agora.xtec.cat\/ceip-lasardana\/wp-json\/wp\/v2\/users\/61"}],"replies":[{"embeddable":true,"href":"https:\/\/agora.xtec.cat\/ceip-lasardana\/wp-json\/wp\/v2\/comments?post=7552"}],"version-history":[{"count":4,"href":"https:\/\/agora.xtec.cat\/ceip-lasardana\/wp-json\/wp\/v2\/pages\/7552\/revisions"}],"predecessor-version":[{"id":12065,"href":"https:\/\/agora.xtec.cat\/ceip-lasardana\/wp-json\/wp\/v2\/pages\/7552\/revisions\/12065"}],"wp:attachment":[{"href":"https:\/\/agora.xtec.cat\/ceip-lasardana\/wp-json\/wp\/v2\/media?parent=7552"}],"curies":[{"name":"wp","href":"https:\/\/api.w.org\/{rel}","templated":true}]}}