{"id":7184,"date":"2020-05-15T09:02:01","date_gmt":"2020-05-15T07:02:01","guid":{"rendered":"http:\/\/agora.xtec.cat\/ceip-lasardana\/?page_id=7184"},"modified":"2020-05-15T09:02:36","modified_gmt":"2020-05-15T07:02:36","slug":"documents-academics-i-curriculars","status":"publish","type":"page","link":"https:\/\/agora.xtec.cat\/ceip-lasardana\/lescola\/documents-per-a-les-families\/documents-academics-i-curriculars\/","title":{"rendered":"Documents acad\u00e8mics i curriculars"},"content":{"rendered":"<h2><img loading=\"lazy\" decoding=\"async\" class=\"size-full wp-image-7185 alignleft\" src=\"https:\/\/agora.xtec.cat\/ceip-lasardana\/wp-content\/uploads\/usu659\/2020\/05\/documents256x256.png\" alt=\"\" width=\"248\" height=\"248\" srcset=\"https:\/\/agora.xtec.cat\/ceip-lasardana\/wp-content\/uploads\/usu659\/2020\/05\/documents256x256.png 248w, https:\/\/agora.xtec.cat\/ceip-lasardana\/wp-content\/uploads\/usu659\/2020\/05\/documents256x256-150x150.png 150w\" sizes=\"auto, (max-width: 248px) 100vw, 248px\" \/><\/h2>\n<h2><\/h2>\n<p><a href=\"https:\/\/agora.xtec.cat\/ceip-lasardana\/wp-content\/uploads\/usu659\/2020\/05\/20200514_EINF_AVALUACI\u00d3-DEL-TERCER-TRIMESTRE.pdf\" target=\"_blank\" rel=\"noopener noreferrer\">2019-2020 L&#8217;avaluci\u00f3 final a Educaci\u00f3 Infantil &#8211; Criteris d&#8217;avaluaci\u00f3<\/a><\/p>\n<p><a href=\"https:\/\/agora.xtec.cat\/ceip-lasardana\/wp-content\/uploads\/usu659\/2020\/05\/20200514_EPRI_AVALUACI\u00d3-DEL-TERCER-TRIMESTRE.pdf\" target=\"_blank\" rel=\"noopener noreferrer\">2019-2020 L&#8217;avaluaci\u00f3 del tercer trimestre i de final de curs a Educaci\u00f3 Prim\u00e0ria &#8211; Criteris d&#8217;avaluaci\u00f3<\/a><\/p>\n","protected":false},"excerpt":{"rendered":"<p><a href=\"https:\/\/agora.xtec.cat\/ceip-lasardana\/wp-content\/uploads\/usu659\/2020\/05\/20200514_EINF_AVALUACI\u00d3-DEL-TERCER-TRIMESTRE.pdf\" target=\"_blank\" rel=\"noopener noreferrer\">2019-2020 L&#8217;avaluci\u00f3 final a Educaci\u00f3 Infantil &#8211; Criteris d&#8217;avaluaci\u00f3<\/a><br \/>\n<a href=\"https:\/\/agora.xtec.cat\/ceip-lasardana\/wp-content\/uploads\/usu659\/2020\/05\/20200514_EPRI_AVALUACI\u00d3-DEL-TERCER-TRIMESTRE.pdf\" target=\"_blank\" rel=\"noopener noreferrer\">2019-2020 L&#8217;avaluaci\u00f3 del tercer trimestre i de final de curs a Educaci\u00f3 Prim\u00e0ria &#8211; Criteris d&#8217;avaluaci\u00f3<\/a><\/p>\n","protected":false},"author":61,"featured_media":0,"parent":6222,"menu_order":0,"comment_status":"closed","ping_status":"closed","template":"","meta":{"_bbp_topic_count":0,"_bbp_reply_count":0,"_bbp_total_topic_count":0,"_bbp_total_reply_count":0,"_bbp_voice_count":0,"_bbp_anonymous_reply_count":0,"_bbp_topic_count_hidden":0,"_bbp_reply_count_hidden":0,"_bbp_forum_subforum_count":0,"footnotes":""},"class_list":["post-7184","page","type-page","status-publish","hentry"],"post_mailing_queue_ids":[],"_links":{"self":[{"href":"https:\/\/agora.xtec.cat\/ceip-lasardana\/wp-json\/wp\/v2\/pages\/7184","targetHints":{"allow":["GET"]}}],"collection":[{"href":"https:\/\/agora.xtec.cat\/ceip-lasardana\/wp-json\/wp\/v2\/pages"}],"about":[{"href":"https:\/\/agora.xtec.cat\/ceip-lasardana\/wp-json\/wp\/v2\/types\/page"}],"author":[{"embeddable":true,"href":"https:\/\/agora.xtec.cat\/ceip-lasardana\/wp-json\/wp\/v2\/users\/61"}],"replies":[{"embeddable":true,"href":"https:\/\/agora.xtec.cat\/ceip-lasardana\/wp-json\/wp\/v2\/comments?post=7184"}],"version-history":[{"count":3,"href":"https:\/\/agora.xtec.cat\/ceip-lasardana\/wp-json\/wp\/v2\/pages\/7184\/revisions"}],"predecessor-version":[{"id":7190,"href":"https:\/\/agora.xtec.cat\/ceip-lasardana\/wp-json\/wp\/v2\/pages\/7184\/revisions\/7190"}],"up":[{"embeddable":true,"href":"https:\/\/agora.xtec.cat\/ceip-lasardana\/wp-json\/wp\/v2\/pages\/6222"}],"wp:attachment":[{"href":"https:\/\/agora.xtec.cat\/ceip-lasardana\/wp-json\/wp\/v2\/media?parent=7184"}],"curies":[{"name":"wp","href":"https:\/\/api.w.org\/{rel}","templated":true}]}}